{"id":2135,"date":"2025-01-15T12:19:02","date_gmt":"2025-01-15T12:19:02","guid":{"rendered":"https:\/\/spacetech.pt\/site\/?post_type=product&#038;p=2135"},"modified":"2026-03-12T17:31:42","modified_gmt":"2026-03-12T17:31:42","slug":"xiaomi-redmi-pad-se-11-8gb-256gb-grey","status":"publish","type":"product","link":"https:\/\/spacetech.pt\/site\/product\/xiaomi-redmi-pad-se-11-8gb-256gb-grey\/","title":{"rendered":"Xiaomi Redmi Pad SE 11&#8243; 8GB 256GB Grey"},"content":{"rendered":"<h1 class=\"c-gEIijh\">Xiaomi Redmi Pad SE 11&#8243; 8GB 256GB Grey<\/h1>\n","protected":false},"excerpt":{"rendered":"<h2 class=\"c-kzxGrr\">Detalhes do Produto<\/h2>\n<div class=\"c-fkoqBN\">\n<div>\n<p><strong>Processador<\/strong><\/p>\n<ul>\n<li>Fabricante do processador: Qualcomm<\/li>\n<li>Fam\u00edlia de processador: Qualcomm Snapdragon<\/li>\n<li>Modelo de processador: 680<\/li>\n<li>N\u00famero de cores de processador: 8<\/li>\n<li>Frequ\u00eancia turbo (max) do processador: 2,4 GHz<\/li>\n<\/ul>\n<p><strong>Mem\u00f3ria<\/strong><\/p>\n<ul>\n<li>Capacidade da mem\u00f3ria incorporada: 8 GB<\/li>\n<li>Tipo de mem\u00f3ria interna: LPDDR4x-SDRAM<\/li>\n<\/ul>\n<p><strong>Monitores<\/strong><\/p>\n<ul>\n<li>Tamanho do ecr\u00e3 na diagonal: 27,9 cm (11&#8243;)<\/li>\n<li>Resolu\u00e7\u00e3o: 1920 x 1200 pixels<\/li>\n<li>Tecnologia de apresenta\u00e7\u00e3o: LCD<\/li>\n<li>Luminosidade: 400 cd\/m\u00b2<\/li>\n<li>Densidade de p\u00edxeis: 207 ppi<\/li>\n<li>Propor\u00e7\u00e3o de imagem nativa: 16:10<\/li>\n<li>Cores do ecr\u00e3: 16,7 milh\u00f5es de cores<\/li>\n<\/ul>\n<p><strong>\u00c1udio<\/strong><\/p>\n<ul>\n<li>N\u00famero de altifalantes incorporados: 4<\/li>\n<li>Sistema de som: Dolby Atmos<\/li>\n<\/ul>\n<p><strong>Rede<\/strong><\/p>\n<ul>\n<li>Conex\u00e3o rede m\u00f3vel: N\u00e3o<\/li>\n<li>Bluetooth: Sim<\/li>\n<li>Vers\u00e3o Bluetooth: 5.0<\/li>\n<\/ul>\n<p><strong>M\u00eddia de armazenamento<\/strong><\/p>\n<ul>\n<li>Capacidade de armazenamento interno: 256 GB<\/li>\n<li>Leitor de cart\u00f5es integrado: Sim<\/li>\n<li>Armazenamento: eMMC<\/li>\n<li>Tamanho m\u00e1ximo de cart\u00e3o de mem\u00f3ria: 1 TB<\/li>\n<\/ul>\n<p><strong>Seguran\u00e7a<\/strong><\/p>\n<ul>\n<li>Reconhecimento facial: Sim<\/li>\n<\/ul>\n<\/div>\n<\/div>\n","protected":false},"featured_media":2136,"comment_status":"open","ping_status":"closed","template":"","meta":[],"product_brand":[],"product_cat":[86],"product_tag":[216,215,210,212,214,217,218,219,220,213,127,211],"class_list":{"0":"post-2135","1":"product","2":"type-product","3":"status-publish","4":"has-post-thumbnail","6":"product_cat-xiaomi","7":"product_tag-256gb-armazenamento","8":"product_tag-8gb-ram","9":"product_tag-pad-redmi","10":"product_tag-redmi-pad-se","11":"product_tag-tablet-11-polegadas","12":"product_tag-tablet-cinza","13":"product_tag-tablet-de-alto-desempenho","14":"product_tag-tablet-para-entretenimento","15":"product_tag-tablet-para-produtividade","16":"product_tag-tablet-xiaomi","17":"product_tag-xiaomi","18":"product_tag-xiaomi-se-11","20":"first","21":"onbackorder","22":"taxable","23":"shipping-taxable","24":"purchasable","25":"product-type-simple"},"yoast_head":"<!-- This site is optimized with the Yoast SEO plugin v27.0 - https:\/\/yoast.com\/product\/yoast-seo-wordpress\/ -->\n<title>Xiaomi Redmi Pad SE 11&quot; 8GB 256GB Grey | SpaceTech<\/title>\n<meta name=\"description\" content=\"A Xiaomi Redmi Pad SE 11&quot; oferece uma experi\u00eancia incr\u00edvel com tela de 11 polegadas, 8GB de RAM e 256GB de armazenamento, ideal para entretenimento\" \/>\n<meta name=\"robots\" content=\"index, follow, max-snippet:-1, max-image-preview:large, max-video-preview:-1\" \/>\n<link rel=\"canonical\" href=\"https:\/\/spacetech.pt\/site\/product\/xiaomi-redmi-pad-se-11-8gb-256gb-grey\/\" \/>\n<meta property=\"og:locale\" content=\"pt_BR\" \/>\n<meta property=\"og:type\" content=\"article\" \/>\n<meta property=\"og:title\" content=\"Xiaomi Redmi Pad SE 11&quot; 8GB 256GB Grey | SpaceTech\" \/>\n<meta property=\"og:description\" content=\"A Xiaomi Redmi Pad SE 11&quot; oferece uma experi\u00eancia incr\u00edvel com tela de 11 polegadas, 8GB de RAM e 256GB de armazenamento, ideal para entretenimento\" \/>\n<meta property=\"og:url\" content=\"https:\/\/spacetech.pt\/site\/product\/xiaomi-redmi-pad-se-11-8gb-256gb-grey\/\" \/>\n<meta property=\"og:site_name\" content=\"SpaceTech\" \/>\n<meta property=\"article:publisher\" content=\"https:\/\/www.facebook.com\/SpaceTech-104699978252826\" \/>\n<meta property=\"article:modified_time\" content=\"2026-03-12T17:31:42+00:00\" \/>\n<meta property=\"og:image\" content=\"https:\/\/spacetech.pt\/site\/wp-content\/uploads\/2025\/01\/Xiaomi-Redmi-Pad-SE-11-8GB-256GB-Grey.jpg\" \/>\n\t<meta property=\"og:image:width\" content=\"800\" \/>\n\t<meta property=\"og:image:height\" content=\"800\" \/>\n\t<meta property=\"og:image:type\" content=\"image\/jpeg\" \/>\n<meta name=\"twitter:card\" content=\"summary_large_image\" \/>\n<meta name=\"twitter:label1\" content=\"Est. tempo de leitura\" \/>\n\t<meta name=\"twitter:data1\" content=\"1 minuto\" \/>\n<script type=\"application\/ld+json\" class=\"yoast-schema-graph\">{\"@context\":\"https:\/\/schema.org\",\"@graph\":[{\"@type\":\"WebPage\",\"@id\":\"https:\/\/spacetech.pt\/site\/product\/xiaomi-redmi-pad-se-11-8gb-256gb-grey\/\",\"url\":\"https:\/\/spacetech.pt\/site\/product\/xiaomi-redmi-pad-se-11-8gb-256gb-grey\/\",\"name\":\"Xiaomi Redmi Pad SE 11\\\" 8GB 256GB Grey | SpaceTech\",\"isPartOf\":{\"@id\":\"https:\/\/spacetech.pt\/site\/#website\"},\"primaryImageOfPage\":{\"@id\":\"https:\/\/spacetech.pt\/site\/product\/xiaomi-redmi-pad-se-11-8gb-256gb-grey\/#primaryimage\"},\"image\":{\"@id\":\"https:\/\/spacetech.pt\/site\/product\/xiaomi-redmi-pad-se-11-8gb-256gb-grey\/#primaryimage\"},\"thumbnailUrl\":\"https:\/\/spacetech.pt\/site\/wp-content\/uploads\/2025\/01\/Xiaomi-Redmi-Pad-SE-11-8GB-256GB-Grey.jpg\",\"datePublished\":\"2025-01-15T12:19:02+00:00\",\"dateModified\":\"2026-03-12T17:31:42+00:00\",\"description\":\"A Xiaomi Redmi Pad SE 11\\\" oferece uma experi\u00eancia incr\u00edvel com tela de 11 polegadas, 8GB de RAM e 256GB de armazenamento, ideal para entretenimento\",\"breadcrumb\":{\"@id\":\"https:\/\/spacetech.pt\/site\/product\/xiaomi-redmi-pad-se-11-8gb-256gb-grey\/#breadcrumb\"},\"inLanguage\":\"pt-BR\",\"potentialAction\":[{\"@type\":\"ReadAction\",\"target\":[\"https:\/\/spacetech.pt\/site\/product\/xiaomi-redmi-pad-se-11-8gb-256gb-grey\/\"]}]},{\"@type\":\"ImageObject\",\"inLanguage\":\"pt-BR\",\"@id\":\"https:\/\/spacetech.pt\/site\/product\/xiaomi-redmi-pad-se-11-8gb-256gb-grey\/#primaryimage\",\"url\":\"https:\/\/spacetech.pt\/site\/wp-content\/uploads\/2025\/01\/Xiaomi-Redmi-Pad-SE-11-8GB-256GB-Grey.jpg\",\"contentUrl\":\"https:\/\/spacetech.pt\/site\/wp-content\/uploads\/2025\/01\/Xiaomi-Redmi-Pad-SE-11-8GB-256GB-Grey.jpg\",\"width\":800,\"height\":800,\"caption\":\"Xiaomi Redmi Pad SE 11\\\" 8GB 256GB Grey\"},{\"@type\":\"BreadcrumbList\",\"@id\":\"https:\/\/spacetech.pt\/site\/product\/xiaomi-redmi-pad-se-11-8gb-256gb-grey\/#breadcrumb\",\"itemListElement\":[{\"@type\":\"ListItem\",\"position\":1,\"name\":\"In\u00edcio\",\"item\":\"https:\/\/spacetech.pt\/site\/\"},{\"@type\":\"ListItem\",\"position\":2,\"name\":\"Loja de Telem\u00f3veis\",\"item\":\"https:\/\/spacetech.pt\/site\/\"},{\"@type\":\"ListItem\",\"position\":3,\"name\":\"Xiaomi Redmi Pad SE 11&#8243; 8GB 256GB Grey\"}]},{\"@type\":\"WebSite\",\"@id\":\"https:\/\/spacetech.pt\/site\/#website\",\"url\":\"https:\/\/spacetech.pt\/site\/\",\"name\":\"SpaceTech\",\"description\":\"Gadgets de Qualidade\",\"publisher\":{\"@id\":\"https:\/\/spacetech.pt\/site\/#organization\"},\"potentialAction\":[{\"@type\":\"SearchAction\",\"target\":{\"@type\":\"EntryPoint\",\"urlTemplate\":\"https:\/\/spacetech.pt\/site\/?s={search_term_string}\"},\"query-input\":{\"@type\":\"PropertyValueSpecification\",\"valueRequired\":true,\"valueName\":\"search_term_string\"}}],\"inLanguage\":\"pt-BR\"},{\"@type\":\"Organization\",\"@id\":\"https:\/\/spacetech.pt\/site\/#organization\",\"name\":\"SpaceTech\",\"url\":\"https:\/\/spacetech.pt\/site\/\",\"logo\":{\"@type\":\"ImageObject\",\"inLanguage\":\"pt-BR\",\"@id\":\"https:\/\/spacetech.pt\/site\/#\/schema\/logo\/image\/\",\"url\":\"https:\/\/spacetech.pt\/site\/wp-content\/uploads\/2021\/01\/cropped-logo-spacetech-quadrado.jpg\",\"contentUrl\":\"https:\/\/spacetech.pt\/site\/wp-content\/uploads\/2021\/01\/cropped-logo-spacetech-quadrado.jpg\",\"width\":512,\"height\":512,\"caption\":\"SpaceTech\"},\"image\":{\"@id\":\"https:\/\/spacetech.pt\/site\/#\/schema\/logo\/image\/\"},\"sameAs\":[\"https:\/\/www.facebook.com\/SpaceTech-104699978252826\",\"https:\/\/www.instagram.com\/spacetech.pt\/\"]}]}<\/script>\n<!-- \/ Yoast SEO plugin. -->","yoast_head_json":{"title":"Xiaomi Redmi Pad SE 11\" 8GB 256GB Grey | SpaceTech","description":"A Xiaomi Redmi Pad SE 11\" oferece uma experi\u00eancia incr\u00edvel com tela de 11 polegadas, 8GB de RAM e 256GB de armazenamento, ideal para entretenimento","robots":{"index":"index","follow":"follow","max-snippet":"max-snippet:-1","max-image-preview":"max-image-preview:large","max-video-preview":"max-video-preview:-1"},"canonical":"https:\/\/spacetech.pt\/site\/product\/xiaomi-redmi-pad-se-11-8gb-256gb-grey\/","og_locale":"pt_BR","og_type":"article","og_title":"Xiaomi Redmi Pad SE 11\" 8GB 256GB Grey | SpaceTech","og_description":"A Xiaomi Redmi Pad SE 11\" oferece uma experi\u00eancia incr\u00edvel com tela de 11 polegadas, 8GB de RAM e 256GB de armazenamento, ideal para entretenimento","og_url":"https:\/\/spacetech.pt\/site\/product\/xiaomi-redmi-pad-se-11-8gb-256gb-grey\/","og_site_name":"SpaceTech","article_publisher":"https:\/\/www.facebook.com\/SpaceTech-104699978252826","article_modified_time":"2026-03-12T17:31:42+00:00","og_image":[{"width":800,"height":800,"url":"https:\/\/spacetech.pt\/site\/wp-content\/uploads\/2025\/01\/Xiaomi-Redmi-Pad-SE-11-8GB-256GB-Grey.jpg","type":"image\/jpeg"}],"twitter_card":"summary_large_image","twitter_misc":{"Est. tempo de leitura":"1 minuto"},"schema":{"@context":"https:\/\/schema.org","@graph":[{"@type":"WebPage","@id":"https:\/\/spacetech.pt\/site\/product\/xiaomi-redmi-pad-se-11-8gb-256gb-grey\/","url":"https:\/\/spacetech.pt\/site\/product\/xiaomi-redmi-pad-se-11-8gb-256gb-grey\/","name":"Xiaomi Redmi Pad SE 11\" 8GB 256GB Grey | SpaceTech","isPartOf":{"@id":"https:\/\/spacetech.pt\/site\/#website"},"primaryImageOfPage":{"@id":"https:\/\/spacetech.pt\/site\/product\/xiaomi-redmi-pad-se-11-8gb-256gb-grey\/#primaryimage"},"image":{"@id":"https:\/\/spacetech.pt\/site\/product\/xiaomi-redmi-pad-se-11-8gb-256gb-grey\/#primaryimage"},"thumbnailUrl":"https:\/\/spacetech.pt\/site\/wp-content\/uploads\/2025\/01\/Xiaomi-Redmi-Pad-SE-11-8GB-256GB-Grey.jpg","datePublished":"2025-01-15T12:19:02+00:00","dateModified":"2026-03-12T17:31:42+00:00","description":"A Xiaomi Redmi Pad SE 11\" oferece uma experi\u00eancia incr\u00edvel com tela de 11 polegadas, 8GB de RAM e 256GB de armazenamento, ideal para entretenimento","breadcrumb":{"@id":"https:\/\/spacetech.pt\/site\/product\/xiaomi-redmi-pad-se-11-8gb-256gb-grey\/#breadcrumb"},"inLanguage":"pt-BR","potentialAction":[{"@type":"ReadAction","target":["https:\/\/spacetech.pt\/site\/product\/xiaomi-redmi-pad-se-11-8gb-256gb-grey\/"]}]},{"@type":"ImageObject","inLanguage":"pt-BR","@id":"https:\/\/spacetech.pt\/site\/product\/xiaomi-redmi-pad-se-11-8gb-256gb-grey\/#primaryimage","url":"https:\/\/spacetech.pt\/site\/wp-content\/uploads\/2025\/01\/Xiaomi-Redmi-Pad-SE-11-8GB-256GB-Grey.jpg","contentUrl":"https:\/\/spacetech.pt\/site\/wp-content\/uploads\/2025\/01\/Xiaomi-Redmi-Pad-SE-11-8GB-256GB-Grey.jpg","width":800,"height":800,"caption":"Xiaomi Redmi Pad SE 11\" 8GB 256GB Grey"},{"@type":"BreadcrumbList","@id":"https:\/\/spacetech.pt\/site\/product\/xiaomi-redmi-pad-se-11-8gb-256gb-grey\/#breadcrumb","itemListElement":[{"@type":"ListItem","position":1,"name":"In\u00edcio","item":"https:\/\/spacetech.pt\/site\/"},{"@type":"ListItem","position":2,"name":"Loja de Telem\u00f3veis","item":"https:\/\/spacetech.pt\/site\/"},{"@type":"ListItem","position":3,"name":"Xiaomi Redmi Pad SE 11&#8243; 8GB 256GB Grey"}]},{"@type":"WebSite","@id":"https:\/\/spacetech.pt\/site\/#website","url":"https:\/\/spacetech.pt\/site\/","name":"SpaceTech","description":"Gadgets de Qualidade","publisher":{"@id":"https:\/\/spacetech.pt\/site\/#organization"},"potentialAction":[{"@type":"SearchAction","target":{"@type":"EntryPoint","urlTemplate":"https:\/\/spacetech.pt\/site\/?s={search_term_string}"},"query-input":{"@type":"PropertyValueSpecification","valueRequired":true,"valueName":"search_term_string"}}],"inLanguage":"pt-BR"},{"@type":"Organization","@id":"https:\/\/spacetech.pt\/site\/#organization","name":"SpaceTech","url":"https:\/\/spacetech.pt\/site\/","logo":{"@type":"ImageObject","inLanguage":"pt-BR","@id":"https:\/\/spacetech.pt\/site\/#\/schema\/logo\/image\/","url":"https:\/\/spacetech.pt\/site\/wp-content\/uploads\/2021\/01\/cropped-logo-spacetech-quadrado.jpg","contentUrl":"https:\/\/spacetech.pt\/site\/wp-content\/uploads\/2021\/01\/cropped-logo-spacetech-quadrado.jpg","width":512,"height":512,"caption":"SpaceTech"},"image":{"@id":"https:\/\/spacetech.pt\/site\/#\/schema\/logo\/image\/"},"sameAs":["https:\/\/www.facebook.com\/SpaceTech-104699978252826","https:\/\/www.instagram.com\/spacetech.pt\/"]}]}},"jetpack_sharing_enabled":true,"_links":{"self":[{"href":"https:\/\/spacetech.pt\/site\/wp-json\/wp\/v2\/product\/2135","targetHints":{"allow":["GET"]}}],"collection":[{"href":"https:\/\/spacetech.pt\/site\/wp-json\/wp\/v2\/product"}],"about":[{"href":"https:\/\/spacetech.pt\/site\/wp-json\/wp\/v2\/types\/product"}],"replies":[{"embeddable":true,"href":"https:\/\/spacetech.pt\/site\/wp-json\/wp\/v2\/comments?post=2135"}],"wp:featuredmedia":[{"embeddable":true,"href":"https:\/\/spacetech.pt\/site\/wp-json\/wp\/v2\/media\/2136"}],"wp:attachment":[{"href":"https:\/\/spacetech.pt\/site\/wp-json\/wp\/v2\/media?parent=2135"}],"wp:term":[{"taxonomy":"product_brand","embeddable":true,"href":"https:\/\/spacetech.pt\/site\/wp-json\/wp\/v2\/product_brand?post=2135"},{"taxonomy":"product_cat","embeddable":true,"href":"https:\/\/spacetech.pt\/site\/wp-json\/wp\/v2\/product_cat?post=2135"},{"taxonomy":"product_tag","embeddable":true,"href":"https:\/\/spacetech.pt\/site\/wp-json\/wp\/v2\/product_tag?post=2135"}],"curies":[{"name":"wp","href":"https:\/\/api.w.org\/{rel}","templated":true}]}}