{"id":2130,"date":"2025-01-15T12:02:25","date_gmt":"2025-01-15T12:02:25","guid":{"rendered":"https:\/\/spacetech.pt\/site\/?post_type=product&#038;p=2130"},"modified":"2026-01-28T17:15:17","modified_gmt":"2026-01-28T17:15:17","slug":"xiaomi-redmi-note-13-5g-6-67-dual-sim-8gb-256gb-graphite-black","status":"publish","type":"product","link":"https:\/\/spacetech.pt\/site\/product\/xiaomi-redmi-note-13-5g-6-67-dual-sim-8gb-256gb-graphite-black\/","title":{"rendered":"Xiaomi Redmi Note 13 5G 6.67&#8243; Dual SIM 8GB\/256GB Graphite Black"},"content":{"rendered":"<p>Xiaomi Redmi Note 13 5G 6.67&#8243; Dual SIM 8GB\/256GB Graphite Black<\/p>\n","protected":false},"excerpt":{"rendered":"<h2 class=\"c-kzxGrr\">Detalhes do Produto<\/h2>\n<div class=\"c-fkoqBN\">\n<div>\n<p>Xiaomi Redmi Note 13 5G.<\/p>\n<p>Tamanho do ecr\u00e3 na diagonal: 16,9 cm (6.67&#8243;), Resolu\u00e7\u00e3o: 2400 x 1080 pixels.<\/p>\n<p>Fam\u00edlia de processador: MediaTek Dimensity, Modelo de processador: 6080. Capacidade RAM: 8 GB, Tipo de RAM: LPDDR4X,<\/p>\n<p>Capacidade de armazenamento interno: 256 GB.<\/p>\n<p>Resolu\u00e7\u00e3o da c\u00e2mara traseira (num\u00e9rico): 108 MP, Tipo de c\u00e2mara traseira: C\u00e2mara tripla. Capacidade cart\u00e3o SIM: Dual SIM h\u00edbrido.<\/p>\n<p>Capacidade da bateria: 5000 mAh. Cor do produto: Preto. Peso: 173,5 g<\/p>\n<\/div>\n<\/div>\n","protected":false},"featured_media":2131,"comment_status":"open","ping_status":"closed","template":"","meta":[],"product_brand":[],"product_cat":[86],"product_tag":[121,208],"class_list":{"0":"post-2130","1":"product","2":"type-product","3":"status-publish","4":"has-post-thumbnail","6":"product_cat-xiaomi","7":"product_tag-5g","8":"product_tag-note-13","10":"first","11":"outofstock","12":"taxable","13":"shipping-taxable","14":"purchasable","15":"product-type-simple"},"yoast_head":"<!-- This site is optimized with the Yoast SEO plugin v27.0 - https:\/\/yoast.com\/product\/yoast-seo-wordpress\/ -->\n<title>Xiaomi Redmi Note 13 5G 6.67&quot; Dual SIM 8GB\/256GB Graphite Black | SpaceTech<\/title>\n<meta name=\"description\" content=\"Fam\u00edlia de processador: MediaTek Dimensity, Modelo de processador: 6080. Capacidade RAM: 8 GB Capacidade de armazenamento interno: 256 GB.\" \/>\n<meta name=\"robots\" content=\"index, follow, max-snippet:-1, max-image-preview:large, max-video-preview:-1\" \/>\n<link rel=\"canonical\" href=\"https:\/\/spacetech.pt\/site\/product\/xiaomi-redmi-note-13-5g-6-67-dual-sim-8gb-256gb-graphite-black\/\" \/>\n<meta property=\"og:locale\" content=\"pt_BR\" \/>\n<meta property=\"og:type\" content=\"article\" \/>\n<meta property=\"og:title\" content=\"Xiaomi Redmi Note 13 5G 6.67&quot; Dual SIM 8GB\/256GB Graphite Black | SpaceTech\" \/>\n<meta property=\"og:description\" content=\"Fam\u00edlia de processador: MediaTek Dimensity, Modelo de processador: 6080. Capacidade RAM: 8 GB Capacidade de armazenamento interno: 256 GB.\" \/>\n<meta property=\"og:url\" content=\"https:\/\/spacetech.pt\/site\/product\/xiaomi-redmi-note-13-5g-6-67-dual-sim-8gb-256gb-graphite-black\/\" \/>\n<meta property=\"og:site_name\" content=\"SpaceTech\" \/>\n<meta property=\"article:publisher\" content=\"https:\/\/www.facebook.com\/SpaceTech-104699978252826\" \/>\n<meta property=\"article:modified_time\" content=\"2026-01-28T17:15:17+00:00\" \/>\n<meta property=\"og:image\" content=\"https:\/\/spacetech.pt\/site\/wp-content\/uploads\/2025\/01\/note-13-5G.jpg\" \/>\n\t<meta property=\"og:image:width\" content=\"810\" \/>\n\t<meta property=\"og:image:height\" content=\"590\" \/>\n\t<meta property=\"og:image:type\" content=\"image\/jpeg\" \/>\n<meta name=\"twitter:card\" content=\"summary_large_image\" \/>\n<meta name=\"twitter:label1\" content=\"Est. tempo de leitura\" \/>\n\t<meta name=\"twitter:data1\" content=\"1 minuto\" \/>\n<script type=\"application\/ld+json\" class=\"yoast-schema-graph\">{\"@context\":\"https:\/\/schema.org\",\"@graph\":[{\"@type\":\"WebPage\",\"@id\":\"https:\/\/spacetech.pt\/site\/product\/xiaomi-redmi-note-13-5g-6-67-dual-sim-8gb-256gb-graphite-black\/\",\"url\":\"https:\/\/spacetech.pt\/site\/product\/xiaomi-redmi-note-13-5g-6-67-dual-sim-8gb-256gb-graphite-black\/\",\"name\":\"Xiaomi Redmi Note 13 5G 6.67\\\" Dual SIM 8GB\/256GB Graphite Black | SpaceTech\",\"isPartOf\":{\"@id\":\"https:\/\/spacetech.pt\/site\/#website\"},\"primaryImageOfPage\":{\"@id\":\"https:\/\/spacetech.pt\/site\/product\/xiaomi-redmi-note-13-5g-6-67-dual-sim-8gb-256gb-graphite-black\/#primaryimage\"},\"image\":{\"@id\":\"https:\/\/spacetech.pt\/site\/product\/xiaomi-redmi-note-13-5g-6-67-dual-sim-8gb-256gb-graphite-black\/#primaryimage\"},\"thumbnailUrl\":\"https:\/\/spacetech.pt\/site\/wp-content\/uploads\/2025\/01\/note-13-5G.jpg\",\"datePublished\":\"2025-01-15T12:02:25+00:00\",\"dateModified\":\"2026-01-28T17:15:17+00:00\",\"description\":\"Fam\u00edlia de processador: MediaTek Dimensity, Modelo de processador: 6080. Capacidade RAM: 8 GB Capacidade de armazenamento interno: 256 GB.\",\"breadcrumb\":{\"@id\":\"https:\/\/spacetech.pt\/site\/product\/xiaomi-redmi-note-13-5g-6-67-dual-sim-8gb-256gb-graphite-black\/#breadcrumb\"},\"inLanguage\":\"pt-BR\",\"potentialAction\":[{\"@type\":\"ReadAction\",\"target\":[\"https:\/\/spacetech.pt\/site\/product\/xiaomi-redmi-note-13-5g-6-67-dual-sim-8gb-256gb-graphite-black\/\"]}]},{\"@type\":\"ImageObject\",\"inLanguage\":\"pt-BR\",\"@id\":\"https:\/\/spacetech.pt\/site\/product\/xiaomi-redmi-note-13-5g-6-67-dual-sim-8gb-256gb-graphite-black\/#primaryimage\",\"url\":\"https:\/\/spacetech.pt\/site\/wp-content\/uploads\/2025\/01\/note-13-5G.jpg\",\"contentUrl\":\"https:\/\/spacetech.pt\/site\/wp-content\/uploads\/2025\/01\/note-13-5G.jpg\",\"width\":810,\"height\":590,\"caption\":\"Xiaomi Redmi Note 13 5G 6.67\\\" Dual SIM 8GB\/256GB Graphite Black\"},{\"@type\":\"BreadcrumbList\",\"@id\":\"https:\/\/spacetech.pt\/site\/product\/xiaomi-redmi-note-13-5g-6-67-dual-sim-8gb-256gb-graphite-black\/#breadcrumb\",\"itemListElement\":[{\"@type\":\"ListItem\",\"position\":1,\"name\":\"In\u00edcio\",\"item\":\"https:\/\/spacetech.pt\/site\/\"},{\"@type\":\"ListItem\",\"position\":2,\"name\":\"Loja de Telem\u00f3veis\",\"item\":\"https:\/\/spacetech.pt\/site\/\"},{\"@type\":\"ListItem\",\"position\":3,\"name\":\"Xiaomi Redmi Note 13 5G 6.67&#8243; Dual SIM 8GB\/256GB Graphite Black\"}]},{\"@type\":\"WebSite\",\"@id\":\"https:\/\/spacetech.pt\/site\/#website\",\"url\":\"https:\/\/spacetech.pt\/site\/\",\"name\":\"SpaceTech\",\"description\":\"Gadgets de Qualidade\",\"publisher\":{\"@id\":\"https:\/\/spacetech.pt\/site\/#organization\"},\"potentialAction\":[{\"@type\":\"SearchAction\",\"target\":{\"@type\":\"EntryPoint\",\"urlTemplate\":\"https:\/\/spacetech.pt\/site\/?s={search_term_string}\"},\"query-input\":{\"@type\":\"PropertyValueSpecification\",\"valueRequired\":true,\"valueName\":\"search_term_string\"}}],\"inLanguage\":\"pt-BR\"},{\"@type\":\"Organization\",\"@id\":\"https:\/\/spacetech.pt\/site\/#organization\",\"name\":\"SpaceTech\",\"url\":\"https:\/\/spacetech.pt\/site\/\",\"logo\":{\"@type\":\"ImageObject\",\"inLanguage\":\"pt-BR\",\"@id\":\"https:\/\/spacetech.pt\/site\/#\/schema\/logo\/image\/\",\"url\":\"https:\/\/spacetech.pt\/site\/wp-content\/uploads\/2021\/01\/cropped-logo-spacetech-quadrado.jpg\",\"contentUrl\":\"https:\/\/spacetech.pt\/site\/wp-content\/uploads\/2021\/01\/cropped-logo-spacetech-quadrado.jpg\",\"width\":512,\"height\":512,\"caption\":\"SpaceTech\"},\"image\":{\"@id\":\"https:\/\/spacetech.pt\/site\/#\/schema\/logo\/image\/\"},\"sameAs\":[\"https:\/\/www.facebook.com\/SpaceTech-104699978252826\",\"https:\/\/www.instagram.com\/spacetech.pt\/\"]}]}<\/script>\n<!-- \/ Yoast SEO plugin. -->","yoast_head_json":{"title":"Xiaomi Redmi Note 13 5G 6.67\" Dual SIM 8GB\/256GB Graphite Black | SpaceTech","description":"Fam\u00edlia de processador: MediaTek Dimensity, Modelo de processador: 6080. Capacidade RAM: 8 GB Capacidade de armazenamento interno: 256 GB.","robots":{"index":"index","follow":"follow","max-snippet":"max-snippet:-1","max-image-preview":"max-image-preview:large","max-video-preview":"max-video-preview:-1"},"canonical":"https:\/\/spacetech.pt\/site\/product\/xiaomi-redmi-note-13-5g-6-67-dual-sim-8gb-256gb-graphite-black\/","og_locale":"pt_BR","og_type":"article","og_title":"Xiaomi Redmi Note 13 5G 6.67\" Dual SIM 8GB\/256GB Graphite Black | SpaceTech","og_description":"Fam\u00edlia de processador: MediaTek Dimensity, Modelo de processador: 6080. Capacidade RAM: 8 GB Capacidade de armazenamento interno: 256 GB.","og_url":"https:\/\/spacetech.pt\/site\/product\/xiaomi-redmi-note-13-5g-6-67-dual-sim-8gb-256gb-graphite-black\/","og_site_name":"SpaceTech","article_publisher":"https:\/\/www.facebook.com\/SpaceTech-104699978252826","article_modified_time":"2026-01-28T17:15:17+00:00","og_image":[{"width":810,"height":590,"url":"https:\/\/spacetech.pt\/site\/wp-content\/uploads\/2025\/01\/note-13-5G.jpg","type":"image\/jpeg"}],"twitter_card":"summary_large_image","twitter_misc":{"Est. tempo de leitura":"1 minuto"},"schema":{"@context":"https:\/\/schema.org","@graph":[{"@type":"WebPage","@id":"https:\/\/spacetech.pt\/site\/product\/xiaomi-redmi-note-13-5g-6-67-dual-sim-8gb-256gb-graphite-black\/","url":"https:\/\/spacetech.pt\/site\/product\/xiaomi-redmi-note-13-5g-6-67-dual-sim-8gb-256gb-graphite-black\/","name":"Xiaomi Redmi Note 13 5G 6.67\" Dual SIM 8GB\/256GB Graphite Black | SpaceTech","isPartOf":{"@id":"https:\/\/spacetech.pt\/site\/#website"},"primaryImageOfPage":{"@id":"https:\/\/spacetech.pt\/site\/product\/xiaomi-redmi-note-13-5g-6-67-dual-sim-8gb-256gb-graphite-black\/#primaryimage"},"image":{"@id":"https:\/\/spacetech.pt\/site\/product\/xiaomi-redmi-note-13-5g-6-67-dual-sim-8gb-256gb-graphite-black\/#primaryimage"},"thumbnailUrl":"https:\/\/spacetech.pt\/site\/wp-content\/uploads\/2025\/01\/note-13-5G.jpg","datePublished":"2025-01-15T12:02:25+00:00","dateModified":"2026-01-28T17:15:17+00:00","description":"Fam\u00edlia de processador: MediaTek Dimensity, Modelo de processador: 6080. Capacidade RAM: 8 GB Capacidade de armazenamento interno: 256 GB.","breadcrumb":{"@id":"https:\/\/spacetech.pt\/site\/product\/xiaomi-redmi-note-13-5g-6-67-dual-sim-8gb-256gb-graphite-black\/#breadcrumb"},"inLanguage":"pt-BR","potentialAction":[{"@type":"ReadAction","target":["https:\/\/spacetech.pt\/site\/product\/xiaomi-redmi-note-13-5g-6-67-dual-sim-8gb-256gb-graphite-black\/"]}]},{"@type":"ImageObject","inLanguage":"pt-BR","@id":"https:\/\/spacetech.pt\/site\/product\/xiaomi-redmi-note-13-5g-6-67-dual-sim-8gb-256gb-graphite-black\/#primaryimage","url":"https:\/\/spacetech.pt\/site\/wp-content\/uploads\/2025\/01\/note-13-5G.jpg","contentUrl":"https:\/\/spacetech.pt\/site\/wp-content\/uploads\/2025\/01\/note-13-5G.jpg","width":810,"height":590,"caption":"Xiaomi Redmi Note 13 5G 6.67\" Dual SIM 8GB\/256GB Graphite Black"},{"@type":"BreadcrumbList","@id":"https:\/\/spacetech.pt\/site\/product\/xiaomi-redmi-note-13-5g-6-67-dual-sim-8gb-256gb-graphite-black\/#breadcrumb","itemListElement":[{"@type":"ListItem","position":1,"name":"In\u00edcio","item":"https:\/\/spacetech.pt\/site\/"},{"@type":"ListItem","position":2,"name":"Loja de Telem\u00f3veis","item":"https:\/\/spacetech.pt\/site\/"},{"@type":"ListItem","position":3,"name":"Xiaomi Redmi Note 13 5G 6.67&#8243; Dual SIM 8GB\/256GB Graphite Black"}]},{"@type":"WebSite","@id":"https:\/\/spacetech.pt\/site\/#website","url":"https:\/\/spacetech.pt\/site\/","name":"SpaceTech","description":"Gadgets de Qualidade","publisher":{"@id":"https:\/\/spacetech.pt\/site\/#organization"},"potentialAction":[{"@type":"SearchAction","target":{"@type":"EntryPoint","urlTemplate":"https:\/\/spacetech.pt\/site\/?s={search_term_string}"},"query-input":{"@type":"PropertyValueSpecification","valueRequired":true,"valueName":"search_term_string"}}],"inLanguage":"pt-BR"},{"@type":"Organization","@id":"https:\/\/spacetech.pt\/site\/#organization","name":"SpaceTech","url":"https:\/\/spacetech.pt\/site\/","logo":{"@type":"ImageObject","inLanguage":"pt-BR","@id":"https:\/\/spacetech.pt\/site\/#\/schema\/logo\/image\/","url":"https:\/\/spacetech.pt\/site\/wp-content\/uploads\/2021\/01\/cropped-logo-spacetech-quadrado.jpg","contentUrl":"https:\/\/spacetech.pt\/site\/wp-content\/uploads\/2021\/01\/cropped-logo-spacetech-quadrado.jpg","width":512,"height":512,"caption":"SpaceTech"},"image":{"@id":"https:\/\/spacetech.pt\/site\/#\/schema\/logo\/image\/"},"sameAs":["https:\/\/www.facebook.com\/SpaceTech-104699978252826","https:\/\/www.instagram.com\/spacetech.pt\/"]}]}},"jetpack_sharing_enabled":true,"_links":{"self":[{"href":"https:\/\/spacetech.pt\/site\/wp-json\/wp\/v2\/product\/2130","targetHints":{"allow":["GET"]}}],"collection":[{"href":"https:\/\/spacetech.pt\/site\/wp-json\/wp\/v2\/product"}],"about":[{"href":"https:\/\/spacetech.pt\/site\/wp-json\/wp\/v2\/types\/product"}],"replies":[{"embeddable":true,"href":"https:\/\/spacetech.pt\/site\/wp-json\/wp\/v2\/comments?post=2130"}],"wp:featuredmedia":[{"embeddable":true,"href":"https:\/\/spacetech.pt\/site\/wp-json\/wp\/v2\/media\/2131"}],"wp:attachment":[{"href":"https:\/\/spacetech.pt\/site\/wp-json\/wp\/v2\/media?parent=2130"}],"wp:term":[{"taxonomy":"product_brand","embeddable":true,"href":"https:\/\/spacetech.pt\/site\/wp-json\/wp\/v2\/product_brand?post=2130"},{"taxonomy":"product_cat","embeddable":true,"href":"https:\/\/spacetech.pt\/site\/wp-json\/wp\/v2\/product_cat?post=2130"},{"taxonomy":"product_tag","embeddable":true,"href":"https:\/\/spacetech.pt\/site\/wp-json\/wp\/v2\/product_tag?post=2130"}],"curies":[{"name":"wp","href":"https:\/\/api.w.org\/{rel}","templated":true}]}}