{"id":2111,"date":"2024-05-31T19:17:52","date_gmt":"2024-05-31T19:17:52","guid":{"rendered":"https:\/\/spacetech.pt\/site\/?post_type=product&#038;p=2111"},"modified":"2026-01-28T17:16:17","modified_gmt":"2026-01-28T17:16:17","slug":"xiaomi-redmi-13c-6-74-dual-sim-8gb-256gb-midnight-black","status":"publish","type":"product","link":"https:\/\/spacetech.pt\/site\/product\/xiaomi-redmi-13c-6-74-dual-sim-8gb-256gb-midnight-black\/","title":{"rendered":"Xiaomi Redmi 13C 6.74&#8243; Dual SIM 8GB\/256GB Midnight Black"},"content":{"rendered":"<p>Xiaomi Redmi 13C 6.74&#8243; Dual SIM 8GB\/256GB Midnight Black<\/p>\n","protected":false},"excerpt":{"rendered":"<p>Xiaomi Redmi 13C 6.74&#8243; Dual SIM 8GB\/256GB Midnight Black<\/p>\n","protected":false},"featured_media":2112,"comment_status":"open","ping_status":"closed","template":"","meta":[],"product_brand":[],"product_cat":[86],"product_tag":[],"class_list":{"0":"post-2111","1":"product","2":"type-product","3":"status-publish","4":"has-post-thumbnail","6":"product_cat-xiaomi","8":"first","9":"outofstock","10":"taxable","11":"shipping-taxable","12":"purchasable","13":"product-type-simple"},"yoast_head":"<!-- This site is optimized with the Yoast SEO plugin v27.0 - https:\/\/yoast.com\/product\/yoast-seo-wordpress\/ -->\n<title>Xiaomi Redmi 13C 6.74&quot; Dual SIM 8GB\/256GB Midnight Black | SpaceTech<\/title>\n<meta name=\"description\" content=\"ECR\u00c3 FANT\u00c1STICO PARA UMA VISUALIZA\u00c7\u00c3O ENVOLVENTE Com o seu grande ecr\u00e3 de 6,74&quot;, o Redmi 13C proporciona uma experi\u00eancia visual imersiva e fluida\" \/>\n<meta name=\"robots\" content=\"index, follow, max-snippet:-1, max-image-preview:large, max-video-preview:-1\" \/>\n<link rel=\"canonical\" href=\"https:\/\/spacetech.pt\/site\/product\/xiaomi-redmi-13c-6-74-dual-sim-8gb-256gb-midnight-black\/\" \/>\n<meta property=\"og:locale\" content=\"pt_BR\" \/>\n<meta property=\"og:type\" content=\"article\" \/>\n<meta property=\"og:title\" content=\"Xiaomi Redmi 13C 6.74&quot; Dual SIM 8GB\/256GB Midnight Black | SpaceTech\" \/>\n<meta property=\"og:description\" content=\"ECR\u00c3 FANT\u00c1STICO PARA UMA VISUALIZA\u00c7\u00c3O ENVOLVENTE Com o seu grande ecr\u00e3 de 6,74&quot;, o Redmi 13C proporciona uma experi\u00eancia visual imersiva e fluida\" \/>\n<meta property=\"og:url\" content=\"https:\/\/spacetech.pt\/site\/product\/xiaomi-redmi-13c-6-74-dual-sim-8gb-256gb-midnight-black\/\" \/>\n<meta property=\"og:site_name\" content=\"SpaceTech\" \/>\n<meta property=\"article:publisher\" content=\"https:\/\/www.facebook.com\/SpaceTech-104699978252826\" \/>\n<meta property=\"article:modified_time\" content=\"2026-01-28T17:16:17+00:00\" \/>\n<meta property=\"og:image\" content=\"https:\/\/spacetech.pt\/site\/wp-content\/uploads\/2024\/05\/Xiaomi-Redmi-13C-674-Dual-SIM-8GB256GB-Midnight-Black.webp\" \/>\n\t<meta property=\"og:image:width\" content=\"1000\" \/>\n\t<meta property=\"og:image:height\" content=\"1000\" \/>\n\t<meta property=\"og:image:type\" content=\"image\/webp\" \/>\n<meta name=\"twitter:card\" content=\"summary_large_image\" \/>\n<meta name=\"twitter:label1\" content=\"Est. tempo de leitura\" \/>\n\t<meta name=\"twitter:data1\" content=\"1 minuto\" \/>\n<script type=\"application\/ld+json\" class=\"yoast-schema-graph\">{\"@context\":\"https:\/\/schema.org\",\"@graph\":[{\"@type\":\"WebPage\",\"@id\":\"https:\/\/spacetech.pt\/site\/product\/xiaomi-redmi-13c-6-74-dual-sim-8gb-256gb-midnight-black\/\",\"url\":\"https:\/\/spacetech.pt\/site\/product\/xiaomi-redmi-13c-6-74-dual-sim-8gb-256gb-midnight-black\/\",\"name\":\"Xiaomi Redmi 13C 6.74\\\" Dual SIM 8GB\/256GB Midnight Black | SpaceTech\",\"isPartOf\":{\"@id\":\"https:\/\/spacetech.pt\/site\/#website\"},\"primaryImageOfPage\":{\"@id\":\"https:\/\/spacetech.pt\/site\/product\/xiaomi-redmi-13c-6-74-dual-sim-8gb-256gb-midnight-black\/#primaryimage\"},\"image\":{\"@id\":\"https:\/\/spacetech.pt\/site\/product\/xiaomi-redmi-13c-6-74-dual-sim-8gb-256gb-midnight-black\/#primaryimage\"},\"thumbnailUrl\":\"https:\/\/spacetech.pt\/site\/wp-content\/uploads\/2024\/05\/Xiaomi-Redmi-13C-674-Dual-SIM-8GB256GB-Midnight-Black.webp\",\"datePublished\":\"2024-05-31T19:17:52+00:00\",\"dateModified\":\"2026-01-28T17:16:17+00:00\",\"description\":\"ECR\u00c3 FANT\u00c1STICO PARA UMA VISUALIZA\u00c7\u00c3O ENVOLVENTE Com o seu grande ecr\u00e3 de 6,74\\\", o Redmi 13C proporciona uma experi\u00eancia visual imersiva e fluida\",\"breadcrumb\":{\"@id\":\"https:\/\/spacetech.pt\/site\/product\/xiaomi-redmi-13c-6-74-dual-sim-8gb-256gb-midnight-black\/#breadcrumb\"},\"inLanguage\":\"pt-BR\",\"potentialAction\":[{\"@type\":\"ReadAction\",\"target\":[\"https:\/\/spacetech.pt\/site\/product\/xiaomi-redmi-13c-6-74-dual-sim-8gb-256gb-midnight-black\/\"]}]},{\"@type\":\"ImageObject\",\"inLanguage\":\"pt-BR\",\"@id\":\"https:\/\/spacetech.pt\/site\/product\/xiaomi-redmi-13c-6-74-dual-sim-8gb-256gb-midnight-black\/#primaryimage\",\"url\":\"https:\/\/spacetech.pt\/site\/wp-content\/uploads\/2024\/05\/Xiaomi-Redmi-13C-674-Dual-SIM-8GB256GB-Midnight-Black.webp\",\"contentUrl\":\"https:\/\/spacetech.pt\/site\/wp-content\/uploads\/2024\/05\/Xiaomi-Redmi-13C-674-Dual-SIM-8GB256GB-Midnight-Black.webp\",\"width\":1000,\"height\":1000,\"caption\":\"Xiaomi Redmi 13C 6.74\\\" Dual SIM 8GB\/256GB Midnight Black\"},{\"@type\":\"BreadcrumbList\",\"@id\":\"https:\/\/spacetech.pt\/site\/product\/xiaomi-redmi-13c-6-74-dual-sim-8gb-256gb-midnight-black\/#breadcrumb\",\"itemListElement\":[{\"@type\":\"ListItem\",\"position\":1,\"name\":\"In\u00edcio\",\"item\":\"https:\/\/spacetech.pt\/site\/\"},{\"@type\":\"ListItem\",\"position\":2,\"name\":\"Loja de Telem\u00f3veis\",\"item\":\"https:\/\/spacetech.pt\/site\/\"},{\"@type\":\"ListItem\",\"position\":3,\"name\":\"Xiaomi Redmi 13C 6.74&#8243; Dual SIM 8GB\/256GB Midnight Black\"}]},{\"@type\":\"WebSite\",\"@id\":\"https:\/\/spacetech.pt\/site\/#website\",\"url\":\"https:\/\/spacetech.pt\/site\/\",\"name\":\"SpaceTech\",\"description\":\"Gadgets de Qualidade\",\"publisher\":{\"@id\":\"https:\/\/spacetech.pt\/site\/#organization\"},\"potentialAction\":[{\"@type\":\"SearchAction\",\"target\":{\"@type\":\"EntryPoint\",\"urlTemplate\":\"https:\/\/spacetech.pt\/site\/?s={search_term_string}\"},\"query-input\":{\"@type\":\"PropertyValueSpecification\",\"valueRequired\":true,\"valueName\":\"search_term_string\"}}],\"inLanguage\":\"pt-BR\"},{\"@type\":\"Organization\",\"@id\":\"https:\/\/spacetech.pt\/site\/#organization\",\"name\":\"SpaceTech\",\"url\":\"https:\/\/spacetech.pt\/site\/\",\"logo\":{\"@type\":\"ImageObject\",\"inLanguage\":\"pt-BR\",\"@id\":\"https:\/\/spacetech.pt\/site\/#\/schema\/logo\/image\/\",\"url\":\"https:\/\/spacetech.pt\/site\/wp-content\/uploads\/2021\/01\/cropped-logo-spacetech-quadrado.jpg\",\"contentUrl\":\"https:\/\/spacetech.pt\/site\/wp-content\/uploads\/2021\/01\/cropped-logo-spacetech-quadrado.jpg\",\"width\":512,\"height\":512,\"caption\":\"SpaceTech\"},\"image\":{\"@id\":\"https:\/\/spacetech.pt\/site\/#\/schema\/logo\/image\/\"},\"sameAs\":[\"https:\/\/www.facebook.com\/SpaceTech-104699978252826\",\"https:\/\/www.instagram.com\/spacetech.pt\/\"]}]}<\/script>\n<!-- \/ Yoast SEO plugin. -->","yoast_head_json":{"title":"Xiaomi Redmi 13C 6.74\" Dual SIM 8GB\/256GB Midnight Black | SpaceTech","description":"ECR\u00c3 FANT\u00c1STICO PARA UMA VISUALIZA\u00c7\u00c3O ENVOLVENTE Com o seu grande ecr\u00e3 de 6,74\", o Redmi 13C proporciona uma experi\u00eancia visual imersiva e fluida","robots":{"index":"index","follow":"follow","max-snippet":"max-snippet:-1","max-image-preview":"max-image-preview:large","max-video-preview":"max-video-preview:-1"},"canonical":"https:\/\/spacetech.pt\/site\/product\/xiaomi-redmi-13c-6-74-dual-sim-8gb-256gb-midnight-black\/","og_locale":"pt_BR","og_type":"article","og_title":"Xiaomi Redmi 13C 6.74\" Dual SIM 8GB\/256GB Midnight Black | SpaceTech","og_description":"ECR\u00c3 FANT\u00c1STICO PARA UMA VISUALIZA\u00c7\u00c3O ENVOLVENTE Com o seu grande ecr\u00e3 de 6,74\", o Redmi 13C proporciona uma experi\u00eancia visual imersiva e fluida","og_url":"https:\/\/spacetech.pt\/site\/product\/xiaomi-redmi-13c-6-74-dual-sim-8gb-256gb-midnight-black\/","og_site_name":"SpaceTech","article_publisher":"https:\/\/www.facebook.com\/SpaceTech-104699978252826","article_modified_time":"2026-01-28T17:16:17+00:00","og_image":[{"width":1000,"height":1000,"url":"https:\/\/spacetech.pt\/site\/wp-content\/uploads\/2024\/05\/Xiaomi-Redmi-13C-674-Dual-SIM-8GB256GB-Midnight-Black.webp","type":"image\/webp"}],"twitter_card":"summary_large_image","twitter_misc":{"Est. tempo de leitura":"1 minuto"},"schema":{"@context":"https:\/\/schema.org","@graph":[{"@type":"WebPage","@id":"https:\/\/spacetech.pt\/site\/product\/xiaomi-redmi-13c-6-74-dual-sim-8gb-256gb-midnight-black\/","url":"https:\/\/spacetech.pt\/site\/product\/xiaomi-redmi-13c-6-74-dual-sim-8gb-256gb-midnight-black\/","name":"Xiaomi Redmi 13C 6.74\" Dual SIM 8GB\/256GB Midnight Black | SpaceTech","isPartOf":{"@id":"https:\/\/spacetech.pt\/site\/#website"},"primaryImageOfPage":{"@id":"https:\/\/spacetech.pt\/site\/product\/xiaomi-redmi-13c-6-74-dual-sim-8gb-256gb-midnight-black\/#primaryimage"},"image":{"@id":"https:\/\/spacetech.pt\/site\/product\/xiaomi-redmi-13c-6-74-dual-sim-8gb-256gb-midnight-black\/#primaryimage"},"thumbnailUrl":"https:\/\/spacetech.pt\/site\/wp-content\/uploads\/2024\/05\/Xiaomi-Redmi-13C-674-Dual-SIM-8GB256GB-Midnight-Black.webp","datePublished":"2024-05-31T19:17:52+00:00","dateModified":"2026-01-28T17:16:17+00:00","description":"ECR\u00c3 FANT\u00c1STICO PARA UMA VISUALIZA\u00c7\u00c3O ENVOLVENTE Com o seu grande ecr\u00e3 de 6,74\", o Redmi 13C proporciona uma experi\u00eancia visual imersiva e fluida","breadcrumb":{"@id":"https:\/\/spacetech.pt\/site\/product\/xiaomi-redmi-13c-6-74-dual-sim-8gb-256gb-midnight-black\/#breadcrumb"},"inLanguage":"pt-BR","potentialAction":[{"@type":"ReadAction","target":["https:\/\/spacetech.pt\/site\/product\/xiaomi-redmi-13c-6-74-dual-sim-8gb-256gb-midnight-black\/"]}]},{"@type":"ImageObject","inLanguage":"pt-BR","@id":"https:\/\/spacetech.pt\/site\/product\/xiaomi-redmi-13c-6-74-dual-sim-8gb-256gb-midnight-black\/#primaryimage","url":"https:\/\/spacetech.pt\/site\/wp-content\/uploads\/2024\/05\/Xiaomi-Redmi-13C-674-Dual-SIM-8GB256GB-Midnight-Black.webp","contentUrl":"https:\/\/spacetech.pt\/site\/wp-content\/uploads\/2024\/05\/Xiaomi-Redmi-13C-674-Dual-SIM-8GB256GB-Midnight-Black.webp","width":1000,"height":1000,"caption":"Xiaomi Redmi 13C 6.74\" Dual SIM 8GB\/256GB Midnight Black"},{"@type":"BreadcrumbList","@id":"https:\/\/spacetech.pt\/site\/product\/xiaomi-redmi-13c-6-74-dual-sim-8gb-256gb-midnight-black\/#breadcrumb","itemListElement":[{"@type":"ListItem","position":1,"name":"In\u00edcio","item":"https:\/\/spacetech.pt\/site\/"},{"@type":"ListItem","position":2,"name":"Loja de Telem\u00f3veis","item":"https:\/\/spacetech.pt\/site\/"},{"@type":"ListItem","position":3,"name":"Xiaomi Redmi 13C 6.74&#8243; Dual SIM 8GB\/256GB Midnight Black"}]},{"@type":"WebSite","@id":"https:\/\/spacetech.pt\/site\/#website","url":"https:\/\/spacetech.pt\/site\/","name":"SpaceTech","description":"Gadgets de Qualidade","publisher":{"@id":"https:\/\/spacetech.pt\/site\/#organization"},"potentialAction":[{"@type":"SearchAction","target":{"@type":"EntryPoint","urlTemplate":"https:\/\/spacetech.pt\/site\/?s={search_term_string}"},"query-input":{"@type":"PropertyValueSpecification","valueRequired":true,"valueName":"search_term_string"}}],"inLanguage":"pt-BR"},{"@type":"Organization","@id":"https:\/\/spacetech.pt\/site\/#organization","name":"SpaceTech","url":"https:\/\/spacetech.pt\/site\/","logo":{"@type":"ImageObject","inLanguage":"pt-BR","@id":"https:\/\/spacetech.pt\/site\/#\/schema\/logo\/image\/","url":"https:\/\/spacetech.pt\/site\/wp-content\/uploads\/2021\/01\/cropped-logo-spacetech-quadrado.jpg","contentUrl":"https:\/\/spacetech.pt\/site\/wp-content\/uploads\/2021\/01\/cropped-logo-spacetech-quadrado.jpg","width":512,"height":512,"caption":"SpaceTech"},"image":{"@id":"https:\/\/spacetech.pt\/site\/#\/schema\/logo\/image\/"},"sameAs":["https:\/\/www.facebook.com\/SpaceTech-104699978252826","https:\/\/www.instagram.com\/spacetech.pt\/"]}]}},"jetpack_sharing_enabled":true,"_links":{"self":[{"href":"https:\/\/spacetech.pt\/site\/wp-json\/wp\/v2\/product\/2111","targetHints":{"allow":["GET"]}}],"collection":[{"href":"https:\/\/spacetech.pt\/site\/wp-json\/wp\/v2\/product"}],"about":[{"href":"https:\/\/spacetech.pt\/site\/wp-json\/wp\/v2\/types\/product"}],"replies":[{"embeddable":true,"href":"https:\/\/spacetech.pt\/site\/wp-json\/wp\/v2\/comments?post=2111"}],"wp:featuredmedia":[{"embeddable":true,"href":"https:\/\/spacetech.pt\/site\/wp-json\/wp\/v2\/media\/2112"}],"wp:attachment":[{"href":"https:\/\/spacetech.pt\/site\/wp-json\/wp\/v2\/media?parent=2111"}],"wp:term":[{"taxonomy":"product_brand","embeddable":true,"href":"https:\/\/spacetech.pt\/site\/wp-json\/wp\/v2\/product_brand?post=2111"},{"taxonomy":"product_cat","embeddable":true,"href":"https:\/\/spacetech.pt\/site\/wp-json\/wp\/v2\/product_cat?post=2111"},{"taxonomy":"product_tag","embeddable":true,"href":"https:\/\/spacetech.pt\/site\/wp-json\/wp\/v2\/product_tag?post=2111"}],"curies":[{"name":"wp","href":"https:\/\/api.w.org\/{rel}","templated":true}]}}