{"id":1990,"date":"2023-10-10T14:27:53","date_gmt":"2023-10-10T14:27:53","guid":{"rendered":"https:\/\/spacetech.pt\/site\/?post_type=product&#038;p=1990"},"modified":"2023-11-02T20:17:52","modified_gmt":"2023-11-02T20:17:52","slug":"apple-iphone-15-pro-max-6-7-512gb-white-titanium","status":"publish","type":"product","link":"https:\/\/spacetech.pt\/site\/product\/apple-iphone-15-pro-max-6-7-512gb-white-titanium\/","title":{"rendered":"Apple iPhone 15 Pro Max 6.7&#8243; 512GB White Titanium"},"content":{"rendered":"<h1 class=\"c-gEIijh\">Apple iPhone 15 Pro Max 6.7&#8243; 512GB White Titanium<\/h1>\n","protected":false},"excerpt":{"rendered":"<h1 class=\"c-gEIijh\">Apple iPhone 15 Pro Max 6.7&#8243; 512GB White Titanium<\/h1>\n","protected":false},"featured_media":1991,"comment_status":"open","ping_status":"closed","template":"","meta":[],"product_brand":[],"product_cat":[83],"product_tag":[],"class_list":{"0":"post-1990","1":"product","2":"type-product","3":"status-publish","4":"has-post-thumbnail","6":"product_cat-apple","8":"first","9":"onbackorder","10":"taxable","11":"shipping-taxable","12":"purchasable","13":"product-type-simple"},"yoast_head":"<!-- This site is optimized with the Yoast SEO plugin v27.0 - https:\/\/yoast.com\/product\/yoast-seo-wordpress\/ -->\n<title>Apple iPhone 15 Pro Max 6.7&quot; 512GB White Titanium | SpaceTech<\/title>\n<meta name=\"description\" content=\"O bot\u00e3o A\u00e7\u00e3o \u00e9 a forma mais r\u00e1pida de aceder \u00e0 sua funcionalidade favorita: Modo sem som, C\u00e2mara, Dictafone, Atalho e muito mais.\" \/>\n<meta name=\"robots\" content=\"index, follow, max-snippet:-1, max-image-preview:large, max-video-preview:-1\" \/>\n<link rel=\"canonical\" href=\"https:\/\/spacetech.pt\/site\/product\/apple-iphone-15-pro-max-6-7-512gb-white-titanium\/\" \/>\n<meta property=\"og:locale\" content=\"pt_BR\" \/>\n<meta property=\"og:type\" content=\"article\" \/>\n<meta property=\"og:title\" content=\"Apple iPhone 15 Pro Max 6.7&quot; 512GB White Titanium | SpaceTech\" \/>\n<meta property=\"og:description\" content=\"O bot\u00e3o A\u00e7\u00e3o \u00e9 a forma mais r\u00e1pida de aceder \u00e0 sua funcionalidade favorita: Modo sem som, C\u00e2mara, Dictafone, Atalho e muito mais.\" \/>\n<meta property=\"og:url\" content=\"https:\/\/spacetech.pt\/site\/product\/apple-iphone-15-pro-max-6-7-512gb-white-titanium\/\" \/>\n<meta property=\"og:site_name\" content=\"SpaceTech\" \/>\n<meta property=\"article:publisher\" content=\"https:\/\/www.facebook.com\/SpaceTech-104699978252826\" \/>\n<meta property=\"article:modified_time\" content=\"2023-11-02T20:17:52+00:00\" \/>\n<meta property=\"og:image\" content=\"https:\/\/spacetech.pt\/site\/wp-content\/uploads\/2023\/10\/Apple-iPhone-15-Pro-Max-6.7-512GB-White-Titanium.webp\" \/>\n\t<meta property=\"og:image:width\" content=\"1200\" \/>\n\t<meta property=\"og:image:height\" content=\"1200\" \/>\n\t<meta property=\"og:image:type\" content=\"image\/webp\" \/>\n<meta name=\"twitter:card\" content=\"summary_large_image\" \/>\n<meta name=\"twitter:label1\" content=\"Est. tempo de leitura\" \/>\n\t<meta name=\"twitter:data1\" content=\"1 minuto\" \/>\n<script type=\"application\/ld+json\" class=\"yoast-schema-graph\">{\"@context\":\"https:\/\/schema.org\",\"@graph\":[{\"@type\":\"WebPage\",\"@id\":\"https:\/\/spacetech.pt\/site\/product\/apple-iphone-15-pro-max-6-7-512gb-white-titanium\/\",\"url\":\"https:\/\/spacetech.pt\/site\/product\/apple-iphone-15-pro-max-6-7-512gb-white-titanium\/\",\"name\":\"Apple iPhone 15 Pro Max 6.7\\\" 512GB White Titanium | SpaceTech\",\"isPartOf\":{\"@id\":\"https:\/\/spacetech.pt\/site\/#website\"},\"primaryImageOfPage\":{\"@id\":\"https:\/\/spacetech.pt\/site\/product\/apple-iphone-15-pro-max-6-7-512gb-white-titanium\/#primaryimage\"},\"image\":{\"@id\":\"https:\/\/spacetech.pt\/site\/product\/apple-iphone-15-pro-max-6-7-512gb-white-titanium\/#primaryimage\"},\"thumbnailUrl\":\"https:\/\/spacetech.pt\/site\/wp-content\/uploads\/2023\/10\/Apple-iPhone-15-Pro-Max-6.7-512GB-White-Titanium.webp\",\"datePublished\":\"2023-10-10T14:27:53+00:00\",\"dateModified\":\"2023-11-02T20:17:52+00:00\",\"description\":\"O bot\u00e3o A\u00e7\u00e3o \u00e9 a forma mais r\u00e1pida de aceder \u00e0 sua funcionalidade favorita: Modo sem som, C\u00e2mara, Dictafone, Atalho e muito mais.\",\"breadcrumb\":{\"@id\":\"https:\/\/spacetech.pt\/site\/product\/apple-iphone-15-pro-max-6-7-512gb-white-titanium\/#breadcrumb\"},\"inLanguage\":\"pt-BR\",\"potentialAction\":[{\"@type\":\"ReadAction\",\"target\":[\"https:\/\/spacetech.pt\/site\/product\/apple-iphone-15-pro-max-6-7-512gb-white-titanium\/\"]}]},{\"@type\":\"ImageObject\",\"inLanguage\":\"pt-BR\",\"@id\":\"https:\/\/spacetech.pt\/site\/product\/apple-iphone-15-pro-max-6-7-512gb-white-titanium\/#primaryimage\",\"url\":\"https:\/\/spacetech.pt\/site\/wp-content\/uploads\/2023\/10\/Apple-iPhone-15-Pro-Max-6.7-512GB-White-Titanium.webp\",\"contentUrl\":\"https:\/\/spacetech.pt\/site\/wp-content\/uploads\/2023\/10\/Apple-iPhone-15-Pro-Max-6.7-512GB-White-Titanium.webp\",\"width\":1200,\"height\":1200,\"caption\":\"Apple iPhone 15 Pro Max 6.7\\\" 512GB White Titanium\"},{\"@type\":\"BreadcrumbList\",\"@id\":\"https:\/\/spacetech.pt\/site\/product\/apple-iphone-15-pro-max-6-7-512gb-white-titanium\/#breadcrumb\",\"itemListElement\":[{\"@type\":\"ListItem\",\"position\":1,\"name\":\"In\u00edcio\",\"item\":\"https:\/\/spacetech.pt\/site\/\"},{\"@type\":\"ListItem\",\"position\":2,\"name\":\"Loja de Telem\u00f3veis\",\"item\":\"https:\/\/spacetech.pt\/site\/\"},{\"@type\":\"ListItem\",\"position\":3,\"name\":\"Apple iPhone 15 Pro Max 6.7&#8243; 512GB White Titanium\"}]},{\"@type\":\"WebSite\",\"@id\":\"https:\/\/spacetech.pt\/site\/#website\",\"url\":\"https:\/\/spacetech.pt\/site\/\",\"name\":\"SpaceTech\",\"description\":\"Gadgets de Qualidade\",\"publisher\":{\"@id\":\"https:\/\/spacetech.pt\/site\/#organization\"},\"potentialAction\":[{\"@type\":\"SearchAction\",\"target\":{\"@type\":\"EntryPoint\",\"urlTemplate\":\"https:\/\/spacetech.pt\/site\/?s={search_term_string}\"},\"query-input\":{\"@type\":\"PropertyValueSpecification\",\"valueRequired\":true,\"valueName\":\"search_term_string\"}}],\"inLanguage\":\"pt-BR\"},{\"@type\":\"Organization\",\"@id\":\"https:\/\/spacetech.pt\/site\/#organization\",\"name\":\"SpaceTech\",\"url\":\"https:\/\/spacetech.pt\/site\/\",\"logo\":{\"@type\":\"ImageObject\",\"inLanguage\":\"pt-BR\",\"@id\":\"https:\/\/spacetech.pt\/site\/#\/schema\/logo\/image\/\",\"url\":\"https:\/\/spacetech.pt\/site\/wp-content\/uploads\/2021\/01\/cropped-logo-spacetech-quadrado.jpg\",\"contentUrl\":\"https:\/\/spacetech.pt\/site\/wp-content\/uploads\/2021\/01\/cropped-logo-spacetech-quadrado.jpg\",\"width\":512,\"height\":512,\"caption\":\"SpaceTech\"},\"image\":{\"@id\":\"https:\/\/spacetech.pt\/site\/#\/schema\/logo\/image\/\"},\"sameAs\":[\"https:\/\/www.facebook.com\/SpaceTech-104699978252826\",\"https:\/\/www.instagram.com\/spacetech.pt\/\"]}]}<\/script>\n<!-- \/ Yoast SEO plugin. -->","yoast_head_json":{"title":"Apple iPhone 15 Pro Max 6.7\" 512GB White Titanium | SpaceTech","description":"O bot\u00e3o A\u00e7\u00e3o \u00e9 a forma mais r\u00e1pida de aceder \u00e0 sua funcionalidade favorita: Modo sem som, C\u00e2mara, Dictafone, Atalho e muito mais.","robots":{"index":"index","follow":"follow","max-snippet":"max-snippet:-1","max-image-preview":"max-image-preview:large","max-video-preview":"max-video-preview:-1"},"canonical":"https:\/\/spacetech.pt\/site\/product\/apple-iphone-15-pro-max-6-7-512gb-white-titanium\/","og_locale":"pt_BR","og_type":"article","og_title":"Apple iPhone 15 Pro Max 6.7\" 512GB White Titanium | SpaceTech","og_description":"O bot\u00e3o A\u00e7\u00e3o \u00e9 a forma mais r\u00e1pida de aceder \u00e0 sua funcionalidade favorita: Modo sem som, C\u00e2mara, Dictafone, Atalho e muito mais.","og_url":"https:\/\/spacetech.pt\/site\/product\/apple-iphone-15-pro-max-6-7-512gb-white-titanium\/","og_site_name":"SpaceTech","article_publisher":"https:\/\/www.facebook.com\/SpaceTech-104699978252826","article_modified_time":"2023-11-02T20:17:52+00:00","og_image":[{"width":1200,"height":1200,"url":"https:\/\/spacetech.pt\/site\/wp-content\/uploads\/2023\/10\/Apple-iPhone-15-Pro-Max-6.7-512GB-White-Titanium.webp","type":"image\/webp"}],"twitter_card":"summary_large_image","twitter_misc":{"Est. tempo de leitura":"1 minuto"},"schema":{"@context":"https:\/\/schema.org","@graph":[{"@type":"WebPage","@id":"https:\/\/spacetech.pt\/site\/product\/apple-iphone-15-pro-max-6-7-512gb-white-titanium\/","url":"https:\/\/spacetech.pt\/site\/product\/apple-iphone-15-pro-max-6-7-512gb-white-titanium\/","name":"Apple iPhone 15 Pro Max 6.7\" 512GB White Titanium | SpaceTech","isPartOf":{"@id":"https:\/\/spacetech.pt\/site\/#website"},"primaryImageOfPage":{"@id":"https:\/\/spacetech.pt\/site\/product\/apple-iphone-15-pro-max-6-7-512gb-white-titanium\/#primaryimage"},"image":{"@id":"https:\/\/spacetech.pt\/site\/product\/apple-iphone-15-pro-max-6-7-512gb-white-titanium\/#primaryimage"},"thumbnailUrl":"https:\/\/spacetech.pt\/site\/wp-content\/uploads\/2023\/10\/Apple-iPhone-15-Pro-Max-6.7-512GB-White-Titanium.webp","datePublished":"2023-10-10T14:27:53+00:00","dateModified":"2023-11-02T20:17:52+00:00","description":"O bot\u00e3o A\u00e7\u00e3o \u00e9 a forma mais r\u00e1pida de aceder \u00e0 sua funcionalidade favorita: Modo sem som, C\u00e2mara, Dictafone, Atalho e muito mais.","breadcrumb":{"@id":"https:\/\/spacetech.pt\/site\/product\/apple-iphone-15-pro-max-6-7-512gb-white-titanium\/#breadcrumb"},"inLanguage":"pt-BR","potentialAction":[{"@type":"ReadAction","target":["https:\/\/spacetech.pt\/site\/product\/apple-iphone-15-pro-max-6-7-512gb-white-titanium\/"]}]},{"@type":"ImageObject","inLanguage":"pt-BR","@id":"https:\/\/spacetech.pt\/site\/product\/apple-iphone-15-pro-max-6-7-512gb-white-titanium\/#primaryimage","url":"https:\/\/spacetech.pt\/site\/wp-content\/uploads\/2023\/10\/Apple-iPhone-15-Pro-Max-6.7-512GB-White-Titanium.webp","contentUrl":"https:\/\/spacetech.pt\/site\/wp-content\/uploads\/2023\/10\/Apple-iPhone-15-Pro-Max-6.7-512GB-White-Titanium.webp","width":1200,"height":1200,"caption":"Apple iPhone 15 Pro Max 6.7\" 512GB White Titanium"},{"@type":"BreadcrumbList","@id":"https:\/\/spacetech.pt\/site\/product\/apple-iphone-15-pro-max-6-7-512gb-white-titanium\/#breadcrumb","itemListElement":[{"@type":"ListItem","position":1,"name":"In\u00edcio","item":"https:\/\/spacetech.pt\/site\/"},{"@type":"ListItem","position":2,"name":"Loja de Telem\u00f3veis","item":"https:\/\/spacetech.pt\/site\/"},{"@type":"ListItem","position":3,"name":"Apple iPhone 15 Pro Max 6.7&#8243; 512GB White Titanium"}]},{"@type":"WebSite","@id":"https:\/\/spacetech.pt\/site\/#website","url":"https:\/\/spacetech.pt\/site\/","name":"SpaceTech","description":"Gadgets de Qualidade","publisher":{"@id":"https:\/\/spacetech.pt\/site\/#organization"},"potentialAction":[{"@type":"SearchAction","target":{"@type":"EntryPoint","urlTemplate":"https:\/\/spacetech.pt\/site\/?s={search_term_string}"},"query-input":{"@type":"PropertyValueSpecification","valueRequired":true,"valueName":"search_term_string"}}],"inLanguage":"pt-BR"},{"@type":"Organization","@id":"https:\/\/spacetech.pt\/site\/#organization","name":"SpaceTech","url":"https:\/\/spacetech.pt\/site\/","logo":{"@type":"ImageObject","inLanguage":"pt-BR","@id":"https:\/\/spacetech.pt\/site\/#\/schema\/logo\/image\/","url":"https:\/\/spacetech.pt\/site\/wp-content\/uploads\/2021\/01\/cropped-logo-spacetech-quadrado.jpg","contentUrl":"https:\/\/spacetech.pt\/site\/wp-content\/uploads\/2021\/01\/cropped-logo-spacetech-quadrado.jpg","width":512,"height":512,"caption":"SpaceTech"},"image":{"@id":"https:\/\/spacetech.pt\/site\/#\/schema\/logo\/image\/"},"sameAs":["https:\/\/www.facebook.com\/SpaceTech-104699978252826","https:\/\/www.instagram.com\/spacetech.pt\/"]}]}},"jetpack_sharing_enabled":true,"_links":{"self":[{"href":"https:\/\/spacetech.pt\/site\/wp-json\/wp\/v2\/product\/1990","targetHints":{"allow":["GET"]}}],"collection":[{"href":"https:\/\/spacetech.pt\/site\/wp-json\/wp\/v2\/product"}],"about":[{"href":"https:\/\/spacetech.pt\/site\/wp-json\/wp\/v2\/types\/product"}],"replies":[{"embeddable":true,"href":"https:\/\/spacetech.pt\/site\/wp-json\/wp\/v2\/comments?post=1990"}],"wp:featuredmedia":[{"embeddable":true,"href":"https:\/\/spacetech.pt\/site\/wp-json\/wp\/v2\/media\/1991"}],"wp:attachment":[{"href":"https:\/\/spacetech.pt\/site\/wp-json\/wp\/v2\/media?parent=1990"}],"wp:term":[{"taxonomy":"product_brand","embeddable":true,"href":"https:\/\/spacetech.pt\/site\/wp-json\/wp\/v2\/product_brand?post=1990"},{"taxonomy":"product_cat","embeddable":true,"href":"https:\/\/spacetech.pt\/site\/wp-json\/wp\/v2\/product_cat?post=1990"},{"taxonomy":"product_tag","embeddable":true,"href":"https:\/\/spacetech.pt\/site\/wp-json\/wp\/v2\/product_tag?post=1990"}],"curies":[{"name":"wp","href":"https:\/\/api.w.org\/{rel}","templated":true}]}}