{"id":1951,"date":"2023-10-10T13:21:35","date_gmt":"2023-10-10T13:21:35","guid":{"rendered":"https:\/\/spacetech.pt\/site\/?post_type=product&#038;p=1951"},"modified":"2023-11-02T20:51:18","modified_gmt":"2023-11-02T20:51:18","slug":"samsung-galaxy-s23-ultra-5g-6-8-dual-sim-8gb-256gb-green","status":"publish","type":"product","link":"https:\/\/spacetech.pt\/site\/product\/samsung-galaxy-s23-ultra-5g-6-8-dual-sim-8gb-256gb-green\/","title":{"rendered":"Samsung Galaxy S23 Ultra 5G 6.8&#8221; Dual SIM 8GB\/256GB Green"},"content":{"rendered":"<h1 class=\"c-gEIijh\">Samsung Galaxy S23 Ultra 5G 6.8&#8221; Dual SIM 8GB\/256GB Green<\/h1>\n","protected":false},"excerpt":{"rendered":"<div class=\"c-fxyIaD\">\n<div class=\"c-gbBGZW\">\n<h1 class=\"c-gEIijh\">Samsung Galaxy S23 Ultra 5G 6.8&#8221; Dual SIM 8GB\/256GB Green<\/h1>\n<\/div>\n<\/div>\n<div class=\"c-hmAmmA\">\n<div>\n<div class=\"c-cjuRbG\" aria-label=\"share\">\n<div class=\"c-gtWDsx c-gtWDsx-iPJLV-css\">\n<div class=\"c-gtWDsx c-gtWDsx-iPJLV-css\"><\/div>\n<\/div>\n<\/div>\n<\/div>\n<\/div>\n","protected":false},"featured_media":1953,"comment_status":"open","ping_status":"closed","template":"","meta":[],"product_brand":[],"product_cat":[84],"product_tag":[],"class_list":{"0":"post-1951","1":"product","2":"type-product","3":"status-publish","4":"has-post-thumbnail","6":"product_cat-samsung","8":"first","9":"onbackorder","10":"taxable","11":"shipping-taxable","12":"purchasable","13":"product-type-simple"},"yoast_head":"<!-- This site is optimized with the Yoast SEO plugin v27.0 - https:\/\/yoast.com\/product\/yoast-seo-wordpress\/ -->\n<title>Samsung Galaxy S23 Ultra 5G 6.8&#039;&#039; Dual SIM 8GB\/256GB Green | SpaceTech<\/title>\n<meta name=\"description\" content=\"O sistema de c\u00e2maras mais avan\u00e7ado de sempre num Galaxy Eterniza qualquer momento, desde o anoitecer ao amanhecer. Com sensores de \u00faltima gera\u00e7\u00e3o...\" \/>\n<meta name=\"robots\" content=\"index, follow, max-snippet:-1, max-image-preview:large, max-video-preview:-1\" \/>\n<link rel=\"canonical\" href=\"https:\/\/spacetech.pt\/site\/product\/samsung-galaxy-s23-ultra-5g-6-8-dual-sim-8gb-256gb-green\/\" \/>\n<meta property=\"og:locale\" content=\"pt_BR\" \/>\n<meta property=\"og:type\" content=\"article\" \/>\n<meta property=\"og:title\" content=\"Samsung Galaxy S23 Ultra 5G 6.8&#039;&#039; Dual SIM 8GB\/256GB Green | SpaceTech\" \/>\n<meta property=\"og:description\" content=\"O sistema de c\u00e2maras mais avan\u00e7ado de sempre num Galaxy Eterniza qualquer momento, desde o anoitecer ao amanhecer. Com sensores de \u00faltima gera\u00e7\u00e3o...\" \/>\n<meta property=\"og:url\" content=\"https:\/\/spacetech.pt\/site\/product\/samsung-galaxy-s23-ultra-5g-6-8-dual-sim-8gb-256gb-green\/\" \/>\n<meta property=\"og:site_name\" content=\"SpaceTech\" \/>\n<meta property=\"article:publisher\" content=\"https:\/\/www.facebook.com\/SpaceTech-104699978252826\" \/>\n<meta property=\"article:modified_time\" content=\"2023-11-02T20:51:18+00:00\" \/>\n<meta property=\"og:image\" content=\"https:\/\/spacetech.pt\/site\/wp-content\/uploads\/2023\/10\/s23-ultra-green.jpg\" \/>\n\t<meta property=\"og:image:width\" content=\"1200\" \/>\n\t<meta property=\"og:image:height\" content=\"1200\" \/>\n\t<meta property=\"og:image:type\" content=\"image\/jpeg\" \/>\n<meta name=\"twitter:card\" content=\"summary_large_image\" \/>\n<meta name=\"twitter:label1\" content=\"Est. tempo de leitura\" \/>\n\t<meta name=\"twitter:data1\" content=\"1 minuto\" \/>\n<script type=\"application\/ld+json\" class=\"yoast-schema-graph\">{\"@context\":\"https:\/\/schema.org\",\"@graph\":[{\"@type\":\"WebPage\",\"@id\":\"https:\/\/spacetech.pt\/site\/product\/samsung-galaxy-s23-ultra-5g-6-8-dual-sim-8gb-256gb-green\/\",\"url\":\"https:\/\/spacetech.pt\/site\/product\/samsung-galaxy-s23-ultra-5g-6-8-dual-sim-8gb-256gb-green\/\",\"name\":\"Samsung Galaxy S23 Ultra 5G 6.8'' Dual SIM 8GB\/256GB Green | SpaceTech\",\"isPartOf\":{\"@id\":\"https:\/\/spacetech.pt\/site\/#website\"},\"primaryImageOfPage\":{\"@id\":\"https:\/\/spacetech.pt\/site\/product\/samsung-galaxy-s23-ultra-5g-6-8-dual-sim-8gb-256gb-green\/#primaryimage\"},\"image\":{\"@id\":\"https:\/\/spacetech.pt\/site\/product\/samsung-galaxy-s23-ultra-5g-6-8-dual-sim-8gb-256gb-green\/#primaryimage\"},\"thumbnailUrl\":\"https:\/\/spacetech.pt\/site\/wp-content\/uploads\/2023\/10\/s23-ultra-green.jpg\",\"datePublished\":\"2023-10-10T13:21:35+00:00\",\"dateModified\":\"2023-11-02T20:51:18+00:00\",\"description\":\"O sistema de c\u00e2maras mais avan\u00e7ado de sempre num Galaxy Eterniza qualquer momento, desde o anoitecer ao amanhecer. Com sensores de \u00faltima gera\u00e7\u00e3o...\",\"breadcrumb\":{\"@id\":\"https:\/\/spacetech.pt\/site\/product\/samsung-galaxy-s23-ultra-5g-6-8-dual-sim-8gb-256gb-green\/#breadcrumb\"},\"inLanguage\":\"pt-BR\",\"potentialAction\":[{\"@type\":\"ReadAction\",\"target\":[\"https:\/\/spacetech.pt\/site\/product\/samsung-galaxy-s23-ultra-5g-6-8-dual-sim-8gb-256gb-green\/\"]}]},{\"@type\":\"ImageObject\",\"inLanguage\":\"pt-BR\",\"@id\":\"https:\/\/spacetech.pt\/site\/product\/samsung-galaxy-s23-ultra-5g-6-8-dual-sim-8gb-256gb-green\/#primaryimage\",\"url\":\"https:\/\/spacetech.pt\/site\/wp-content\/uploads\/2023\/10\/s23-ultra-green.jpg\",\"contentUrl\":\"https:\/\/spacetech.pt\/site\/wp-content\/uploads\/2023\/10\/s23-ultra-green.jpg\",\"width\":1200,\"height\":1200},{\"@type\":\"BreadcrumbList\",\"@id\":\"https:\/\/spacetech.pt\/site\/product\/samsung-galaxy-s23-ultra-5g-6-8-dual-sim-8gb-256gb-green\/#breadcrumb\",\"itemListElement\":[{\"@type\":\"ListItem\",\"position\":1,\"name\":\"In\u00edcio\",\"item\":\"https:\/\/spacetech.pt\/site\/\"},{\"@type\":\"ListItem\",\"position\":2,\"name\":\"Loja de Telem\u00f3veis\",\"item\":\"https:\/\/spacetech.pt\/site\/\"},{\"@type\":\"ListItem\",\"position\":3,\"name\":\"Samsung Galaxy S23 Ultra 5G 6.8&#8221; Dual SIM 8GB\/256GB Green\"}]},{\"@type\":\"WebSite\",\"@id\":\"https:\/\/spacetech.pt\/site\/#website\",\"url\":\"https:\/\/spacetech.pt\/site\/\",\"name\":\"SpaceTech\",\"description\":\"Gadgets de Qualidade\",\"publisher\":{\"@id\":\"https:\/\/spacetech.pt\/site\/#organization\"},\"potentialAction\":[{\"@type\":\"SearchAction\",\"target\":{\"@type\":\"EntryPoint\",\"urlTemplate\":\"https:\/\/spacetech.pt\/site\/?s={search_term_string}\"},\"query-input\":{\"@type\":\"PropertyValueSpecification\",\"valueRequired\":true,\"valueName\":\"search_term_string\"}}],\"inLanguage\":\"pt-BR\"},{\"@type\":\"Organization\",\"@id\":\"https:\/\/spacetech.pt\/site\/#organization\",\"name\":\"SpaceTech\",\"url\":\"https:\/\/spacetech.pt\/site\/\",\"logo\":{\"@type\":\"ImageObject\",\"inLanguage\":\"pt-BR\",\"@id\":\"https:\/\/spacetech.pt\/site\/#\/schema\/logo\/image\/\",\"url\":\"https:\/\/spacetech.pt\/site\/wp-content\/uploads\/2021\/01\/cropped-logo-spacetech-quadrado.jpg\",\"contentUrl\":\"https:\/\/spacetech.pt\/site\/wp-content\/uploads\/2021\/01\/cropped-logo-spacetech-quadrado.jpg\",\"width\":512,\"height\":512,\"caption\":\"SpaceTech\"},\"image\":{\"@id\":\"https:\/\/spacetech.pt\/site\/#\/schema\/logo\/image\/\"},\"sameAs\":[\"https:\/\/www.facebook.com\/SpaceTech-104699978252826\",\"https:\/\/www.instagram.com\/spacetech.pt\/\"]}]}<\/script>\n<!-- \/ Yoast SEO plugin. -->","yoast_head_json":{"title":"Samsung Galaxy S23 Ultra 5G 6.8'' Dual SIM 8GB\/256GB Green | SpaceTech","description":"O sistema de c\u00e2maras mais avan\u00e7ado de sempre num Galaxy Eterniza qualquer momento, desde o anoitecer ao amanhecer. Com sensores de \u00faltima gera\u00e7\u00e3o...","robots":{"index":"index","follow":"follow","max-snippet":"max-snippet:-1","max-image-preview":"max-image-preview:large","max-video-preview":"max-video-preview:-1"},"canonical":"https:\/\/spacetech.pt\/site\/product\/samsung-galaxy-s23-ultra-5g-6-8-dual-sim-8gb-256gb-green\/","og_locale":"pt_BR","og_type":"article","og_title":"Samsung Galaxy S23 Ultra 5G 6.8'' Dual SIM 8GB\/256GB Green | SpaceTech","og_description":"O sistema de c\u00e2maras mais avan\u00e7ado de sempre num Galaxy Eterniza qualquer momento, desde o anoitecer ao amanhecer. Com sensores de \u00faltima gera\u00e7\u00e3o...","og_url":"https:\/\/spacetech.pt\/site\/product\/samsung-galaxy-s23-ultra-5g-6-8-dual-sim-8gb-256gb-green\/","og_site_name":"SpaceTech","article_publisher":"https:\/\/www.facebook.com\/SpaceTech-104699978252826","article_modified_time":"2023-11-02T20:51:18+00:00","og_image":[{"width":1200,"height":1200,"url":"https:\/\/spacetech.pt\/site\/wp-content\/uploads\/2023\/10\/s23-ultra-green.jpg","type":"image\/jpeg"}],"twitter_card":"summary_large_image","twitter_misc":{"Est. tempo de leitura":"1 minuto"},"schema":{"@context":"https:\/\/schema.org","@graph":[{"@type":"WebPage","@id":"https:\/\/spacetech.pt\/site\/product\/samsung-galaxy-s23-ultra-5g-6-8-dual-sim-8gb-256gb-green\/","url":"https:\/\/spacetech.pt\/site\/product\/samsung-galaxy-s23-ultra-5g-6-8-dual-sim-8gb-256gb-green\/","name":"Samsung Galaxy S23 Ultra 5G 6.8'' Dual SIM 8GB\/256GB Green | SpaceTech","isPartOf":{"@id":"https:\/\/spacetech.pt\/site\/#website"},"primaryImageOfPage":{"@id":"https:\/\/spacetech.pt\/site\/product\/samsung-galaxy-s23-ultra-5g-6-8-dual-sim-8gb-256gb-green\/#primaryimage"},"image":{"@id":"https:\/\/spacetech.pt\/site\/product\/samsung-galaxy-s23-ultra-5g-6-8-dual-sim-8gb-256gb-green\/#primaryimage"},"thumbnailUrl":"https:\/\/spacetech.pt\/site\/wp-content\/uploads\/2023\/10\/s23-ultra-green.jpg","datePublished":"2023-10-10T13:21:35+00:00","dateModified":"2023-11-02T20:51:18+00:00","description":"O sistema de c\u00e2maras mais avan\u00e7ado de sempre num Galaxy Eterniza qualquer momento, desde o anoitecer ao amanhecer. Com sensores de \u00faltima gera\u00e7\u00e3o...","breadcrumb":{"@id":"https:\/\/spacetech.pt\/site\/product\/samsung-galaxy-s23-ultra-5g-6-8-dual-sim-8gb-256gb-green\/#breadcrumb"},"inLanguage":"pt-BR","potentialAction":[{"@type":"ReadAction","target":["https:\/\/spacetech.pt\/site\/product\/samsung-galaxy-s23-ultra-5g-6-8-dual-sim-8gb-256gb-green\/"]}]},{"@type":"ImageObject","inLanguage":"pt-BR","@id":"https:\/\/spacetech.pt\/site\/product\/samsung-galaxy-s23-ultra-5g-6-8-dual-sim-8gb-256gb-green\/#primaryimage","url":"https:\/\/spacetech.pt\/site\/wp-content\/uploads\/2023\/10\/s23-ultra-green.jpg","contentUrl":"https:\/\/spacetech.pt\/site\/wp-content\/uploads\/2023\/10\/s23-ultra-green.jpg","width":1200,"height":1200},{"@type":"BreadcrumbList","@id":"https:\/\/spacetech.pt\/site\/product\/samsung-galaxy-s23-ultra-5g-6-8-dual-sim-8gb-256gb-green\/#breadcrumb","itemListElement":[{"@type":"ListItem","position":1,"name":"In\u00edcio","item":"https:\/\/spacetech.pt\/site\/"},{"@type":"ListItem","position":2,"name":"Loja de Telem\u00f3veis","item":"https:\/\/spacetech.pt\/site\/"},{"@type":"ListItem","position":3,"name":"Samsung Galaxy S23 Ultra 5G 6.8&#8221; Dual SIM 8GB\/256GB Green"}]},{"@type":"WebSite","@id":"https:\/\/spacetech.pt\/site\/#website","url":"https:\/\/spacetech.pt\/site\/","name":"SpaceTech","description":"Gadgets de Qualidade","publisher":{"@id":"https:\/\/spacetech.pt\/site\/#organization"},"potentialAction":[{"@type":"SearchAction","target":{"@type":"EntryPoint","urlTemplate":"https:\/\/spacetech.pt\/site\/?s={search_term_string}"},"query-input":{"@type":"PropertyValueSpecification","valueRequired":true,"valueName":"search_term_string"}}],"inLanguage":"pt-BR"},{"@type":"Organization","@id":"https:\/\/spacetech.pt\/site\/#organization","name":"SpaceTech","url":"https:\/\/spacetech.pt\/site\/","logo":{"@type":"ImageObject","inLanguage":"pt-BR","@id":"https:\/\/spacetech.pt\/site\/#\/schema\/logo\/image\/","url":"https:\/\/spacetech.pt\/site\/wp-content\/uploads\/2021\/01\/cropped-logo-spacetech-quadrado.jpg","contentUrl":"https:\/\/spacetech.pt\/site\/wp-content\/uploads\/2021\/01\/cropped-logo-spacetech-quadrado.jpg","width":512,"height":512,"caption":"SpaceTech"},"image":{"@id":"https:\/\/spacetech.pt\/site\/#\/schema\/logo\/image\/"},"sameAs":["https:\/\/www.facebook.com\/SpaceTech-104699978252826","https:\/\/www.instagram.com\/spacetech.pt\/"]}]}},"jetpack_sharing_enabled":true,"_links":{"self":[{"href":"https:\/\/spacetech.pt\/site\/wp-json\/wp\/v2\/product\/1951","targetHints":{"allow":["GET"]}}],"collection":[{"href":"https:\/\/spacetech.pt\/site\/wp-json\/wp\/v2\/product"}],"about":[{"href":"https:\/\/spacetech.pt\/site\/wp-json\/wp\/v2\/types\/product"}],"replies":[{"embeddable":true,"href":"https:\/\/spacetech.pt\/site\/wp-json\/wp\/v2\/comments?post=1951"}],"wp:featuredmedia":[{"embeddable":true,"href":"https:\/\/spacetech.pt\/site\/wp-json\/wp\/v2\/media\/1953"}],"wp:attachment":[{"href":"https:\/\/spacetech.pt\/site\/wp-json\/wp\/v2\/media?parent=1951"}],"wp:term":[{"taxonomy":"product_brand","embeddable":true,"href":"https:\/\/spacetech.pt\/site\/wp-json\/wp\/v2\/product_brand?post=1951"},{"taxonomy":"product_cat","embeddable":true,"href":"https:\/\/spacetech.pt\/site\/wp-json\/wp\/v2\/product_cat?post=1951"},{"taxonomy":"product_tag","embeddable":true,"href":"https:\/\/spacetech.pt\/site\/wp-json\/wp\/v2\/product_tag?post=1951"}],"curies":[{"name":"wp","href":"https:\/\/api.w.org\/{rel}","templated":true}]}}