{"id":1937,"date":"2023-09-13T17:43:47","date_gmt":"2023-09-13T17:43:47","guid":{"rendered":"https:\/\/spacetech.pt\/site\/?post_type=product&#038;p=1937"},"modified":"2024-12-17T17:19:33","modified_gmt":"2024-12-17T17:19:33","slug":"iphone-13-recondicionado-grade-b-6-1-128gb-midnight","status":"publish","type":"product","link":"https:\/\/spacetech.pt\/site\/product\/iphone-13-recondicionado-grade-b-6-1-128gb-midnight\/","title":{"rendered":"iPhone 13 Recondicionado (Grade B) 6.1&#8243; 128GB Midnight"},"content":{"rendered":"<p>iPhone 13 Recondicionado (Grade B) 6.1&#8243; 128GB Midnight<\/p>\n<p>&nbsp;<\/p>\n<h2 class=\"c-kzxGrr\">Caracter\u00edsticas<\/h2>\n<div class=\"c-dJQpeH\">\n<div class=\"c-hZcBnW\">\n<div class=\"c-bPAdAq\">\n<h3 class=\"c-cjxfUp\">Design e Caracter\u00edsticas F\u00edsicas<\/h3>\n<ul class=\"c-gRdNIr\">\n<li class=\"c-eHqchX\"><span class=\"c-khNXFk\">Cor Midnight<\/span><\/li>\n<\/ul>\n<\/div>\n<div class=\"c-bPAdAq\">\n<h3 class=\"c-cjxfUp\">Grade<\/h3>\n<ul class=\"c-gRdNIr\">\n<li class=\"c-eHqchX\"><span class=\"c-gNXYgk\">Grade B<\/span><\/li>\n<\/ul>\n<\/div>\n<\/div>\n<div class=\"c-hZcBnW\">\n<div class=\"c-bPAdAq\">\n<h3 class=\"c-cjxfUp\">Caracter\u00edsticas<\/h3>\n<ul class=\"c-gRdNIr\">\n<li class=\"c-eHqchX\"><span class=\"c-khNXFk\">Operadora <\/span><span class=\"c-gNXYgk\">Desbloqueados<\/span><\/li>\n<\/ul>\n<\/div>\n<div class=\"c-bPAdAq\">\n<h3 class=\"c-cjxfUp\">M\u00eddia de armazenamento<\/h3>\n<ul class=\"c-gRdNIr\">\n<li class=\"c-eHqchX\"><span class=\"c-khNXFk\">Mem\u00f3ria Interna <\/span><span class=\"c-gNXYgk\">128 GB<\/span><\/li>\n<\/ul>\n<\/div>\n<\/div>\n<\/div>\n","protected":false},"excerpt":{"rendered":"<p>iPhone 13 128GB Midnight Grade BO equipamento no estado indicado no titulo do produto n\u00e3o \u00e9 acompanhado por quaisquer acess\u00f3rios. Apenas est\u00e1 inclu\u00eddo o equipamento<\/p>\n<p>&nbsp;<\/p>\n<p>O\u00a0<strong>Apple iPhone 13<\/strong>\u00a0incorpora o processador mais r\u00e1pido de sempre num smartphone, o A15 Bionic. Este processador eleva a velocidade, aperfei\u00e7oa a c\u00e2mara, otimiza a energia, protege a privacidade e muito mais.<\/p>\n<p>Redesenhado com toda uma nova arquitetura, com objetivas a 45\u00ba, possui o sistema de c\u00e2mara dupla mais avan\u00e7ado de sempre. Com o Modo Cinematogr\u00e1fico \u00e9 poss\u00edvel a grava\u00e7\u00e3o de aut\u00eanticas obras de arte gra\u00e7as ao HDR com Dolby Vision. E possui, ainda, um ecr\u00e3 Super Retina XDR que real\u00e7a todos os detalhes de fotografias e v\u00eddeos, e que torna o texto ainda mais n\u00edtido.<\/p>\n<p>&nbsp;<\/p>\n<p><strong>iPhone 13: Pensado na diagonal.<\/strong><br \/>\nRedesenhado com toda uma nova arquitetura, com objetivas a 45\u00ba, possui o sistema de c\u00e2mara dupla mais avan\u00e7ado de sempre. Tamb\u00e9m para a inclus\u00e3o do sensor da Grande Angular, que \u00e9 agora maior. Tamb\u00e9m integrada, a tecnologia de estabiliza\u00e7\u00e3o \u00f3tica de imagem por movimento do sensor e um sensor mais r\u00e1pido na c\u00e2mara Ultra Grande Angular.<\/p>\n<p><strong>Modo Cinematogr\u00e1fico grava em HDR com Dolby Vision.<\/strong><br \/>\nOs grandes mestres do cinema usam o foco seletivo nos seus filmes para concentrar a aten\u00e7\u00e3o do p\u00fablico numa pessoa ou a\u00e7\u00e3o espec\u00edfica. O modo Cinematogr\u00e1fico cria automaticamente efeitos de profundidade e transi\u00e7\u00f5es de foco. Assim que der in\u00edcio \u00e0 grava\u00e7\u00e3o, este modo vai focar o principal e desfocar o fundo para criar um efeito de profundidade de campo na imagem. O HDR inteligente reconhece at\u00e9 quatro pessoas e melhora o contraste, a ilumina\u00e7\u00e3o e at\u00e9 o tom de pele de cada uma.<\/p>\n<p><strong>O processador A15 Bionic.<\/strong><br \/>\nO super-r\u00e1pido A15 Bionic d\u00e1-lhe o modo Cinematogr\u00e1fico, os Estilos fotogr\u00e1ficos, o Texto detect\u00e1vel e muito mais. O Secure Enclave protege a sua informa\u00e7\u00e3o pessoal, como os dados do Face ID e os contactos. E \u00e9 mais eficiente, aumentando a autonomia da bateria.<\/p>\n<p><strong>Ecr\u00e3 Super Retina XDR com tecnologia OLED.<\/strong><br \/>\nO ecr\u00e3 OLED \u00e9 28% mais luminoso e tem at\u00e9 800 nits, permitindo-lhe assim uma visualiza\u00e7\u00e3o n\u00edtida \u00e0 luz do sol. E atinge os 1200 nits se estiver a ver conte\u00fados HDR. Os brancos brilhantes, os negros profundos e todos os outros tons v\u00e3o saltar \u00e0 vista, sem sequer afetar a bateria. O ecr\u00e3 Super Retina XDR tem uma grande densidade de p\u00edxeis que real\u00e7a os detalhes das fotografias e v\u00eddeos, e torna o texto ainda mais n\u00edtido.<\/p>\n<p><strong>Mantenha-se em contacto. Mantenha-se concentrado.<\/strong><br \/>\nCom o iOS 15 pode partilhar conte\u00fado multim\u00e9dia ou o seu ecr\u00e3 durante uma chamada FaceTime, filtrar as notifica\u00e7\u00f5es para n\u00e3o se distrair daquilo que requer a sua aten\u00e7\u00e3o e pode interagir com o texto de imagens para enviar emails, fazer chamadas, obter dire\u00e7\u00f5es e muito mais.<\/p>\n<p><strong>Privacidade de s\u00e9rie.<\/strong><br \/>\nO iPhone d\u00e1-lhe o controlo dos seus dados pessoais. Por exemplo, as etiquetas de privacidade permitem saber de que forma as apps usam os seus dados. As apps t\u00eam de ter a sua autoriza\u00e7\u00e3o para monitorizarem a sua atividade em sites e apps de outras empresas. E muito mais.<\/p>\n","protected":false},"featured_media":1938,"comment_status":"open","ping_status":"closed","template":"","meta":[],"product_brand":[],"product_cat":[15],"product_tag":[],"class_list":{"0":"post-1937","1":"product","2":"type-product","3":"status-publish","4":"has-post-thumbnail","6":"product_cat-usados","8":"first","9":"outofstock","10":"taxable","11":"shipping-taxable","12":"purchasable","13":"product-type-simple"},"yoast_head":"<!-- This site is optimized with the Yoast SEO plugin v27.0 - https:\/\/yoast.com\/product\/yoast-seo-wordpress\/ -->\n<title>iPhone 13 Recondicionado (Grade B) 6.1&quot; 128GB Midnight | SpaceTech<\/title>\n<meta name=\"description\" content=\"iPhone 13 Recondicionado (Grade B) 6.1&quot; 128GB Midnight o melhor pre\u00e7o est\u00e1 na Spacetech.pt, todas as marcas e diversificadas gamas\" \/>\n<meta name=\"robots\" content=\"index, follow, max-snippet:-1, max-image-preview:large, max-video-preview:-1\" \/>\n<link rel=\"canonical\" href=\"https:\/\/spacetech.pt\/site\/product\/iphone-13-recondicionado-grade-b-6-1-128gb-midnight\/\" \/>\n<meta property=\"og:locale\" content=\"pt_BR\" \/>\n<meta property=\"og:type\" content=\"article\" \/>\n<meta property=\"og:title\" content=\"iPhone 13 Recondicionado (Grade B) 6.1&quot; 128GB Midnight | SpaceTech\" \/>\n<meta property=\"og:description\" content=\"iPhone 13 Recondicionado (Grade B) 6.1&quot; 128GB Midnight o melhor pre\u00e7o est\u00e1 na Spacetech.pt, todas as marcas e diversificadas gamas\" \/>\n<meta property=\"og:url\" content=\"https:\/\/spacetech.pt\/site\/product\/iphone-13-recondicionado-grade-b-6-1-128gb-midnight\/\" \/>\n<meta property=\"og:site_name\" content=\"SpaceTech\" \/>\n<meta property=\"article:publisher\" content=\"https:\/\/www.facebook.com\/SpaceTech-104699978252826\" \/>\n<meta property=\"article:modified_time\" content=\"2024-12-17T17:19:33+00:00\" \/>\n<meta property=\"og:image\" content=\"https:\/\/spacetech.pt\/site\/wp-content\/uploads\/2023\/09\/iPhone-13-Recondicionado-Grade-B-6.1-128GB-Midnight.jpg\" \/>\n\t<meta property=\"og:image:width\" content=\"600\" \/>\n\t<meta property=\"og:image:height\" content=\"600\" \/>\n\t<meta property=\"og:image:type\" content=\"image\/jpeg\" \/>\n<meta name=\"twitter:card\" content=\"summary_large_image\" \/>\n<meta name=\"twitter:label1\" content=\"Est. tempo de leitura\" \/>\n\t<meta name=\"twitter:data1\" content=\"1 minuto\" \/>\n<script type=\"application\/ld+json\" class=\"yoast-schema-graph\">{\"@context\":\"https:\/\/schema.org\",\"@graph\":[{\"@type\":\"WebPage\",\"@id\":\"https:\/\/spacetech.pt\/site\/product\/iphone-13-recondicionado-grade-b-6-1-128gb-midnight\/\",\"url\":\"https:\/\/spacetech.pt\/site\/product\/iphone-13-recondicionado-grade-b-6-1-128gb-midnight\/\",\"name\":\"iPhone 13 Recondicionado (Grade B) 6.1\\\" 128GB Midnight | SpaceTech\",\"isPartOf\":{\"@id\":\"https:\/\/spacetech.pt\/site\/#website\"},\"primaryImageOfPage\":{\"@id\":\"https:\/\/spacetech.pt\/site\/product\/iphone-13-recondicionado-grade-b-6-1-128gb-midnight\/#primaryimage\"},\"image\":{\"@id\":\"https:\/\/spacetech.pt\/site\/product\/iphone-13-recondicionado-grade-b-6-1-128gb-midnight\/#primaryimage\"},\"thumbnailUrl\":\"https:\/\/spacetech.pt\/site\/wp-content\/uploads\/2023\/09\/iPhone-13-Recondicionado-Grade-B-6.1-128GB-Midnight.jpg\",\"datePublished\":\"2023-09-13T17:43:47+00:00\",\"dateModified\":\"2024-12-17T17:19:33+00:00\",\"description\":\"iPhone 13 Recondicionado (Grade B) 6.1\\\" 128GB Midnight o melhor pre\u00e7o est\u00e1 na Spacetech.pt, todas as marcas e diversificadas gamas\",\"breadcrumb\":{\"@id\":\"https:\/\/spacetech.pt\/site\/product\/iphone-13-recondicionado-grade-b-6-1-128gb-midnight\/#breadcrumb\"},\"inLanguage\":\"pt-BR\",\"potentialAction\":[{\"@type\":\"ReadAction\",\"target\":[\"https:\/\/spacetech.pt\/site\/product\/iphone-13-recondicionado-grade-b-6-1-128gb-midnight\/\"]}]},{\"@type\":\"ImageObject\",\"inLanguage\":\"pt-BR\",\"@id\":\"https:\/\/spacetech.pt\/site\/product\/iphone-13-recondicionado-grade-b-6-1-128gb-midnight\/#primaryimage\",\"url\":\"https:\/\/spacetech.pt\/site\/wp-content\/uploads\/2023\/09\/iPhone-13-Recondicionado-Grade-B-6.1-128GB-Midnight.jpg\",\"contentUrl\":\"https:\/\/spacetech.pt\/site\/wp-content\/uploads\/2023\/09\/iPhone-13-Recondicionado-Grade-B-6.1-128GB-Midnight.jpg\",\"width\":600,\"height\":600,\"caption\":\"iPhone 13 Recondicionado (Grade B) 6.1\\\" 128GB Midnight\"},{\"@type\":\"BreadcrumbList\",\"@id\":\"https:\/\/spacetech.pt\/site\/product\/iphone-13-recondicionado-grade-b-6-1-128gb-midnight\/#breadcrumb\",\"itemListElement\":[{\"@type\":\"ListItem\",\"position\":1,\"name\":\"In\u00edcio\",\"item\":\"https:\/\/spacetech.pt\/site\/\"},{\"@type\":\"ListItem\",\"position\":2,\"name\":\"Loja de Telem\u00f3veis\",\"item\":\"https:\/\/spacetech.pt\/site\/\"},{\"@type\":\"ListItem\",\"position\":3,\"name\":\"iPhone 13 Recondicionado (Grade B) 6.1&#8243; 128GB Midnight\"}]},{\"@type\":\"WebSite\",\"@id\":\"https:\/\/spacetech.pt\/site\/#website\",\"url\":\"https:\/\/spacetech.pt\/site\/\",\"name\":\"SpaceTech\",\"description\":\"Gadgets de Qualidade\",\"publisher\":{\"@id\":\"https:\/\/spacetech.pt\/site\/#organization\"},\"potentialAction\":[{\"@type\":\"SearchAction\",\"target\":{\"@type\":\"EntryPoint\",\"urlTemplate\":\"https:\/\/spacetech.pt\/site\/?s={search_term_string}\"},\"query-input\":{\"@type\":\"PropertyValueSpecification\",\"valueRequired\":true,\"valueName\":\"search_term_string\"}}],\"inLanguage\":\"pt-BR\"},{\"@type\":\"Organization\",\"@id\":\"https:\/\/spacetech.pt\/site\/#organization\",\"name\":\"SpaceTech\",\"url\":\"https:\/\/spacetech.pt\/site\/\",\"logo\":{\"@type\":\"ImageObject\",\"inLanguage\":\"pt-BR\",\"@id\":\"https:\/\/spacetech.pt\/site\/#\/schema\/logo\/image\/\",\"url\":\"https:\/\/spacetech.pt\/site\/wp-content\/uploads\/2021\/01\/cropped-logo-spacetech-quadrado.jpg\",\"contentUrl\":\"https:\/\/spacetech.pt\/site\/wp-content\/uploads\/2021\/01\/cropped-logo-spacetech-quadrado.jpg\",\"width\":512,\"height\":512,\"caption\":\"SpaceTech\"},\"image\":{\"@id\":\"https:\/\/spacetech.pt\/site\/#\/schema\/logo\/image\/\"},\"sameAs\":[\"https:\/\/www.facebook.com\/SpaceTech-104699978252826\",\"https:\/\/www.instagram.com\/spacetech.pt\/\"]}]}<\/script>\n<!-- \/ Yoast SEO plugin. -->","yoast_head_json":{"title":"iPhone 13 Recondicionado (Grade B) 6.1\" 128GB Midnight | SpaceTech","description":"iPhone 13 Recondicionado (Grade B) 6.1\" 128GB Midnight o melhor pre\u00e7o est\u00e1 na Spacetech.pt, todas as marcas e diversificadas gamas","robots":{"index":"index","follow":"follow","max-snippet":"max-snippet:-1","max-image-preview":"max-image-preview:large","max-video-preview":"max-video-preview:-1"},"canonical":"https:\/\/spacetech.pt\/site\/product\/iphone-13-recondicionado-grade-b-6-1-128gb-midnight\/","og_locale":"pt_BR","og_type":"article","og_title":"iPhone 13 Recondicionado (Grade B) 6.1\" 128GB Midnight | SpaceTech","og_description":"iPhone 13 Recondicionado (Grade B) 6.1\" 128GB Midnight o melhor pre\u00e7o est\u00e1 na Spacetech.pt, todas as marcas e diversificadas gamas","og_url":"https:\/\/spacetech.pt\/site\/product\/iphone-13-recondicionado-grade-b-6-1-128gb-midnight\/","og_site_name":"SpaceTech","article_publisher":"https:\/\/www.facebook.com\/SpaceTech-104699978252826","article_modified_time":"2024-12-17T17:19:33+00:00","og_image":[{"width":600,"height":600,"url":"https:\/\/spacetech.pt\/site\/wp-content\/uploads\/2023\/09\/iPhone-13-Recondicionado-Grade-B-6.1-128GB-Midnight.jpg","type":"image\/jpeg"}],"twitter_card":"summary_large_image","twitter_misc":{"Est. tempo de leitura":"1 minuto"},"schema":{"@context":"https:\/\/schema.org","@graph":[{"@type":"WebPage","@id":"https:\/\/spacetech.pt\/site\/product\/iphone-13-recondicionado-grade-b-6-1-128gb-midnight\/","url":"https:\/\/spacetech.pt\/site\/product\/iphone-13-recondicionado-grade-b-6-1-128gb-midnight\/","name":"iPhone 13 Recondicionado (Grade B) 6.1\" 128GB Midnight | SpaceTech","isPartOf":{"@id":"https:\/\/spacetech.pt\/site\/#website"},"primaryImageOfPage":{"@id":"https:\/\/spacetech.pt\/site\/product\/iphone-13-recondicionado-grade-b-6-1-128gb-midnight\/#primaryimage"},"image":{"@id":"https:\/\/spacetech.pt\/site\/product\/iphone-13-recondicionado-grade-b-6-1-128gb-midnight\/#primaryimage"},"thumbnailUrl":"https:\/\/spacetech.pt\/site\/wp-content\/uploads\/2023\/09\/iPhone-13-Recondicionado-Grade-B-6.1-128GB-Midnight.jpg","datePublished":"2023-09-13T17:43:47+00:00","dateModified":"2024-12-17T17:19:33+00:00","description":"iPhone 13 Recondicionado (Grade B) 6.1\" 128GB Midnight o melhor pre\u00e7o est\u00e1 na Spacetech.pt, todas as marcas e diversificadas gamas","breadcrumb":{"@id":"https:\/\/spacetech.pt\/site\/product\/iphone-13-recondicionado-grade-b-6-1-128gb-midnight\/#breadcrumb"},"inLanguage":"pt-BR","potentialAction":[{"@type":"ReadAction","target":["https:\/\/spacetech.pt\/site\/product\/iphone-13-recondicionado-grade-b-6-1-128gb-midnight\/"]}]},{"@type":"ImageObject","inLanguage":"pt-BR","@id":"https:\/\/spacetech.pt\/site\/product\/iphone-13-recondicionado-grade-b-6-1-128gb-midnight\/#primaryimage","url":"https:\/\/spacetech.pt\/site\/wp-content\/uploads\/2023\/09\/iPhone-13-Recondicionado-Grade-B-6.1-128GB-Midnight.jpg","contentUrl":"https:\/\/spacetech.pt\/site\/wp-content\/uploads\/2023\/09\/iPhone-13-Recondicionado-Grade-B-6.1-128GB-Midnight.jpg","width":600,"height":600,"caption":"iPhone 13 Recondicionado (Grade B) 6.1\" 128GB Midnight"},{"@type":"BreadcrumbList","@id":"https:\/\/spacetech.pt\/site\/product\/iphone-13-recondicionado-grade-b-6-1-128gb-midnight\/#breadcrumb","itemListElement":[{"@type":"ListItem","position":1,"name":"In\u00edcio","item":"https:\/\/spacetech.pt\/site\/"},{"@type":"ListItem","position":2,"name":"Loja de Telem\u00f3veis","item":"https:\/\/spacetech.pt\/site\/"},{"@type":"ListItem","position":3,"name":"iPhone 13 Recondicionado (Grade B) 6.1&#8243; 128GB Midnight"}]},{"@type":"WebSite","@id":"https:\/\/spacetech.pt\/site\/#website","url":"https:\/\/spacetech.pt\/site\/","name":"SpaceTech","description":"Gadgets de Qualidade","publisher":{"@id":"https:\/\/spacetech.pt\/site\/#organization"},"potentialAction":[{"@type":"SearchAction","target":{"@type":"EntryPoint","urlTemplate":"https:\/\/spacetech.pt\/site\/?s={search_term_string}"},"query-input":{"@type":"PropertyValueSpecification","valueRequired":true,"valueName":"search_term_string"}}],"inLanguage":"pt-BR"},{"@type":"Organization","@id":"https:\/\/spacetech.pt\/site\/#organization","name":"SpaceTech","url":"https:\/\/spacetech.pt\/site\/","logo":{"@type":"ImageObject","inLanguage":"pt-BR","@id":"https:\/\/spacetech.pt\/site\/#\/schema\/logo\/image\/","url":"https:\/\/spacetech.pt\/site\/wp-content\/uploads\/2021\/01\/cropped-logo-spacetech-quadrado.jpg","contentUrl":"https:\/\/spacetech.pt\/site\/wp-content\/uploads\/2021\/01\/cropped-logo-spacetech-quadrado.jpg","width":512,"height":512,"caption":"SpaceTech"},"image":{"@id":"https:\/\/spacetech.pt\/site\/#\/schema\/logo\/image\/"},"sameAs":["https:\/\/www.facebook.com\/SpaceTech-104699978252826","https:\/\/www.instagram.com\/spacetech.pt\/"]}]}},"jetpack_sharing_enabled":true,"_links":{"self":[{"href":"https:\/\/spacetech.pt\/site\/wp-json\/wp\/v2\/product\/1937","targetHints":{"allow":["GET"]}}],"collection":[{"href":"https:\/\/spacetech.pt\/site\/wp-json\/wp\/v2\/product"}],"about":[{"href":"https:\/\/spacetech.pt\/site\/wp-json\/wp\/v2\/types\/product"}],"replies":[{"embeddable":true,"href":"https:\/\/spacetech.pt\/site\/wp-json\/wp\/v2\/comments?post=1937"}],"wp:featuredmedia":[{"embeddable":true,"href":"https:\/\/spacetech.pt\/site\/wp-json\/wp\/v2\/media\/1938"}],"wp:attachment":[{"href":"https:\/\/spacetech.pt\/site\/wp-json\/wp\/v2\/media?parent=1937"}],"wp:term":[{"taxonomy":"product_brand","embeddable":true,"href":"https:\/\/spacetech.pt\/site\/wp-json\/wp\/v2\/product_brand?post=1937"},{"taxonomy":"product_cat","embeddable":true,"href":"https:\/\/spacetech.pt\/site\/wp-json\/wp\/v2\/product_cat?post=1937"},{"taxonomy":"product_tag","embeddable":true,"href":"https:\/\/spacetech.pt\/site\/wp-json\/wp\/v2\/product_tag?post=1937"}],"curies":[{"name":"wp","href":"https:\/\/api.w.org\/{rel}","templated":true}]}}