{"id":1885,"date":"2023-06-22T20:44:50","date_gmt":"2023-06-22T20:44:50","guid":{"rendered":"https:\/\/spacetech.pt\/site\/?post_type=product&#038;p=1885"},"modified":"2023-06-27T08:17:44","modified_gmt":"2023-06-27T08:17:44","slug":"samsung-galaxy-watch-5-pro-45mm-gray-titanium-sm-r920nztaeub","status":"publish","type":"product","link":"https:\/\/spacetech.pt\/site\/product\/samsung-galaxy-watch-5-pro-45mm-gray-titanium-sm-r920nztaeub\/","title":{"rendered":"Samsung Galaxy Watch 5 Pro 45mm Gray Titanium &#8211; SM-R920NZTAEUB"},"content":{"rendered":"<div class=\"c-fxyIaD\">\n<div class=\"c-gbBGZW\">\n<h1 class=\"c-gEIijh\">Samsung Galaxy Watch 5 Pro 45mm Gray Titanium &#8211; SM-R920NZTAEUB<\/h1>\n<\/div>\n<\/div>\n<div class=\"c-hmAmmA\">\n<div>\n<div class=\"c-cjuRbG\" aria-label=\"share\">\n<div class=\"c-gtWDsx c-gtWDsx-iPJLV-css\">\n<div class=\"c-gtWDsx c-gtWDsx-iPJLV-css\">\n<section class=\"c-gYBZre c-PJLV\">\n<h2 class=\"c-kzxGrr\">Caracter\u00edsticas<\/h2>\n<div class=\"c-dJQpeH\">\n<div class=\"c-hZcBnW\">\n<div class=\"c-bPAdAq\">\n<h3 class=\"c-cjxfUp\">Desempenho<\/h3>\n<ul class=\"c-gRdNIr\">\n<li class=\"c-eHqchX\"><span class=\"c-khNXFk\">Fabricante do processador <\/span><span class=\"c-gNXYgk\">Samsung<\/span><\/li>\n<li class=\"c-eHqchX\"><span class=\"c-khNXFk\">Sistema Operativo <\/span><span class=\"c-gNXYgk\">Wear OS<\/span><\/li>\n<li class=\"c-eHqchX\"><span class=\"c-khNXFk\">Modelo de processador <\/span><span class=\"c-gNXYgk\">Exynos W920<\/span><\/li>\n<li class=\"c-eHqchX\"><span class=\"c-khNXFk\">Frequ\u00eancia do processador <\/span><span class=\"c-gNXYgk\">1180 MHz<\/span><\/li>\n<li class=\"c-eHqchX\"><span class=\"c-khNXFk\">N\u00facleos <\/span><span class=\"c-gNXYgk\">2<\/span><\/li>\n<li class=\"c-eHqchX\"><span class=\"c-khNXFk\">Mem\u00f3ria flash <\/span><span class=\"c-gNXYgk\">16 GB<\/span><\/li>\n<li class=\"c-eHqchX\"><span class=\"c-khNXFk\">Capacidade RAM <\/span><span class=\"c-gNXYgk\">1500 MB<\/span><\/li>\n<\/ul>\n<\/div>\n<div class=\"c-bPAdAq\">\n<h3 class=\"c-cjxfUp\">Rede<\/h3>\n<ul class=\"c-gRdNIr\">\n<li class=\"c-eHqchX\"><span class=\"c-khNXFk\">GLONASS<\/span>\n<div class=\"c-gtWDsx c-gtWDsx-iPJLV-css\"><\/div>\n<\/li>\n<li class=\"c-eHqchX\"><span class=\"c-khNXFk\">Conex\u00e3o rede m\u00f3vel<\/span>\n<div class=\"c-gtWDsx c-gtWDsx-idHCNva-css\"><\/div>\n<\/li>\n<li class=\"c-eHqchX\"><span class=\"c-khNXFk\">BeiDou<\/span>\n<div class=\"c-gtWDsx c-gtWDsx-iPJLV-css\"><\/div>\n<\/li>\n<li class=\"c-eHqchX\"><span class=\"c-khNXFk\">GPS Inclu\u00eddo<\/span>\n<div class=\"c-gtWDsx c-gtWDsx-iPJLV-css\"><\/div>\n<\/li>\n<li class=\"c-eHqchX\"><span class=\"c-khNXFk\">Galileo<\/span>\n<div class=\"c-gtWDsx c-gtWDsx-iPJLV-css\"><\/div>\n<\/li>\n<\/ul>\n<\/div>\n<div class=\"c-bPAdAq\">\n<h3 class=\"c-cjxfUp\">Pesos e dimens\u00f5es<\/h3>\n<ul class=\"c-gRdNIr\">\n<li class=\"c-eHqchX\"><span class=\"c-khNXFk\">Largura <\/span><span class=\"c-gNXYgk\">45,4 mm<\/span><\/li>\n<li class=\"c-eHqchX\"><span class=\"c-khNXFk\">Profundidade <\/span><span class=\"c-gNXYgk\">45,4 mm<\/span><\/li>\n<li class=\"c-eHqchX\"><span class=\"c-khNXFk\">Peso <\/span><span class=\"c-gNXYgk\">46,5 g<\/span><\/li>\n<\/ul>\n<\/div>\n<div class=\"c-bPAdAq\">\n<h3 class=\"c-cjxfUp\">Caracter\u00edsticas<\/h3>\n<ul class=\"c-gRdNIr\">\n<li class=\"c-eHqchX\"><span class=\"c-khNXFk\">Controlo de m\u00fasica<\/span>\n<div class=\"c-gtWDsx c-gtWDsx-iPJLV-css\"><\/div>\n<\/li>\n<li class=\"c-eHqchX\"><span class=\"c-khNXFk\">Com Medidor de Calorias<\/span>\n<div class=\"c-gtWDsx c-gtWDsx-iPJLV-css\"><\/div>\n<\/li>\n<li class=\"c-eHqchX\"><span class=\"c-khNXFk\">Objetivos pessoais<\/span>\n<div class=\"c-gtWDsx c-gtWDsx-iPJLV-css\"><\/div>\n<\/li>\n<li class=\"c-eHqchX\"><span class=\"c-khNXFk\">Com Monitor de Sono<\/span>\n<div class=\"c-gtWDsx c-gtWDsx-iPJLV-css\"><\/div>\n<\/li>\n<li class=\"c-eHqchX\"><span class=\"c-khNXFk\">Com Temporizador<\/span>\n<div class=\"c-gtWDsx c-gtWDsx-iPJLV-css\"><\/div>\n<\/li>\n<li class=\"c-eHqchX\"><span class=\"c-khNXFk\">Ecossistema <\/span><span class=\"c-gNXYgk\">Samsung Bixby<\/span><\/li>\n<li class=\"c-eHqchX\"><span class=\"c-khNXFk\">Sensores de contacto de frequ\u00eancia card\u00edaca<\/span>\n<div class=\"c-gtWDsx c-gtWDsx-iPJLV-css\"><\/div>\n<\/li>\n<li class=\"c-eHqchX\"><span class=\"c-khNXFk\">Padr\u00e3o militar <\/span><span class=\"c-gNXYgk\">MIL-STD-810H<\/span><\/li>\n<li class=\"c-eHqchX\"><span class=\"c-khNXFk\">Medidor de tens\u00e3o arterial<\/span>\n<div class=\"c-gtWDsx c-gtWDsx-iPJLV-css\"><\/div>\n<\/li>\n<li class=\"c-eHqchX\"><span class=\"c-khNXFk\">Registo de atividade<\/span>\n<div class=\"c-gtWDsx c-gtWDsx-iPJLV-css\"><\/div>\n<\/li>\n<li class=\"c-eHqchX\"><span class=\"c-khNXFk\">Tipo de sensor de frequ\u00eancia card\u00edaca <\/span><span class=\"c-gNXYgk\">\u00d3tico<\/span><\/li>\n<li class=\"c-eHqchX\"><span class=\"c-khNXFk\">Sensor de n\u00edveis de oxig\u00e9nio no sangue<\/span>\n<div class=\"c-gtWDsx c-gtWDsx-iPJLV-css\"><\/div>\n<\/li>\n<li class=\"c-eHqchX\"><span class=\"c-khNXFk\">Com Monitor Card\u00edaco<\/span>\n<div class=\"c-gtWDsx c-gtWDsx-iPJLV-css\"><\/div>\n<\/li>\n<li class=\"c-eHqchX\"><span class=\"c-khNXFk\">Aceler\u00f3metro<\/span>\n<div class=\"c-gtWDsx c-gtWDsx-iPJLV-css\"><\/div>\n<\/li>\n<li class=\"c-eHqchX\"><span class=\"c-khNXFk\">Girosc\u00f3pio<\/span>\n<div class=\"c-gtWDsx c-gtWDsx-iPJLV-css\"><\/div>\n<\/li>\n<li class=\"c-eHqchX\"><span class=\"c-khNXFk\">Utiliza\u00e7\u00e3o <\/span><span class=\"c-gNXYgk\">Smartwatch<\/span><\/li>\n<\/ul>\n<\/div>\n<div class=\"c-bPAdAq\">\n<h3 class=\"c-cjxfUp\">Requisitos do sistema<\/h3>\n<ul class=\"c-gRdNIr\">\n<li class=\"c-eHqchX\"><span class=\"c-khNXFk\">Sistema Operativo <\/span><span class=\"c-gNXYgk\">Para V\u00e1rios OS<\/span><\/li>\n<\/ul>\n<\/div>\n<\/div>\n<div class=\"c-hZcBnW\">\n<div class=\"c-bPAdAq\">\n<h3 class=\"c-cjxfUp\">Conectividade<\/h3>\n<ul class=\"c-gRdNIr\">\n<li class=\"c-eHqchX\"><span class=\"c-khNXFk\">NFC (Near Field Communication)<\/span>\n<div class=\"c-gtWDsx c-gtWDsx-iPJLV-css\"><\/div>\n<\/li>\n<li class=\"c-eHqchX\"><span class=\"c-khNXFk\">Vers\u00e3o Bluetooth <\/span><span class=\"c-gNXYgk\">5.2<\/span><\/li>\n<li class=\"c-eHqchX\"><span class=\"c-khNXFk\">Conectividade com App<\/span>\n<div class=\"c-gtWDsx c-gtWDsx-iPJLV-css\"><\/div>\n<\/li>\n<li class=\"c-eHqchX\"><span class=\"c-khNXFk\">USB<\/span>\n<div class=\"c-gtWDsx c-gtWDsx-idHCNva-css\"><\/div>\n<\/li>\n<li class=\"c-eHqchX\"><span class=\"c-khNXFk\">Com Wi-Fi<\/span>\n<div class=\"c-gtWDsx c-gtWDsx-iPJLV-css\"><\/div>\n<\/li>\n<li class=\"c-eHqchX\"><span class=\"c-khNXFk\">Entradas de Auscultadores <\/span><span class=\"c-gNXYgk\">Bluetooth<\/span><\/li>\n<li class=\"c-eHqchX\"><span class=\"c-khNXFk\">Padr\u00f5es Wi-Fi<\/span><span class=\"c-gNXYgk\">802.11a, 802.11b, 802.11g, Wi-Fi 4 (802.11n)<\/span><\/li>\n<\/ul>\n<\/div>\n<div class=\"c-bPAdAq\">\n<h3 class=\"c-cjxfUp\">Monitores<\/h3>\n<ul class=\"c-gRdNIr\">\n<li class=\"c-eHqchX\"><span class=\"c-khNXFk\">Resolu\u00e7\u00e3o de Ecr\u00e3 <\/span><span class=\"c-gNXYgk\">450 x 450 pixels<\/span><\/li>\n<li class=\"c-eHqchX\"><span class=\"c-khNXFk\">Visor a cores<\/span>\n<div class=\"c-gtWDsx c-gtWDsx-iPJLV-css\"><\/div>\n<\/li>\n<li class=\"c-eHqchX\"><span class=\"c-khNXFk\">Ecr\u00e3 Always-on<\/span>\n<div class=\"c-gtWDsx c-gtWDsx-iPJLV-css\"><\/div>\n<\/li>\n<li class=\"c-eHqchX\"><span class=\"c-khNXFk\">Touch Screen<\/span>\n<div class=\"c-gtWDsx c-gtWDsx-iPJLV-css\"><\/div>\n<\/li>\n<li class=\"c-eHqchX\"><span class=\"c-khNXFk\">Tecnologia do Ecr\u00e3 <\/span><span class=\"c-gNXYgk\">Digital<\/span><\/li>\n<li class=\"c-eHqchX\"><span class=\"c-khNXFk\">Tecnologia <\/span><span class=\"c-gNXYgk\">Super AMOLED<\/span><\/li>\n<\/ul>\n<\/div>\n<div class=\"c-bPAdAq\">\n<h3 class=\"c-cjxfUp\">Design<\/h3>\n<ul class=\"c-gRdNIr\">\n<li class=\"c-eHqchX\"><span class=\"c-khNXFk\">Resistente \u00e0 \u00e1gua <\/span><span class=\"c-gNXYgk\">5 ATM<\/span><\/li>\n<li class=\"c-eHqchX\"><span class=\"c-khNXFk\">Tamanho do estojo de rel\u00f3gio <\/span><span class=\"c-gNXYgk\">45 mm<\/span><\/li>\n<li class=\"c-eHqchX\"><span class=\"c-khNXFk\">Cor do estojo de rel\u00f3gio <\/span><span class=\"c-gNXYgk\">Tit\u00e2nio<\/span><\/li>\n<li class=\"c-eHqchX\"><span class=\"c-khNXFk\">Material do estojo de rel\u00f3gio <\/span><span class=\"c-gNXYgk\">Tit\u00e2nio<\/span><\/li>\n<li class=\"c-eHqchX\"><span class=\"c-khNXFk\">Humidade: \u00c0 prova de \u00e1gua at\u00e9 <\/span><span class=\"c-gNXYgk\">50 m<\/span><\/li>\n<li class=\"c-eHqchX\"><span class=\"c-khNXFk\">\u00c0 Prova de \u00c1gua<\/span>\n<div class=\"c-gtWDsx c-gtWDsx-iPJLV-css\"><\/div>\n<\/li>\n<li class=\"c-eHqchX\"><span class=\"c-khNXFk\">C\u00f3digo de protec\u00e3o internacional (IP) <\/span><span class=\"c-gNXYgk\">IP68<\/span><\/li>\n<li class=\"c-eHqchX\"><span class=\"c-khNXFk\">Funcionalidades de prote\u00e7\u00e3o <\/span><span class=\"c-gNXYgk\">Resistente ao p\u00f3, \u00c0 prova de \u00e1gua<\/span><\/li>\n<li class=\"c-eHqchX\"><span class=\"c-khNXFk\">Tipologia*<\/span><span class=\"c-gNXYgk\">Smartwatch<\/span><\/li>\n<li class=\"c-eHqchX\"><span class=\"c-khNXFk\">Forma <\/span><span class=\"c-gNXYgk\">Redondo<\/span><\/li>\n<li class=\"c-eHqchX\"><span class=\"c-khNXFk\">Cor<\/span><span class=\"c-gNXYgk\">grey titanium<\/span><\/li>\n<li class=\"c-eHqchX\"><span class=\"c-khNXFk\">Idade <\/span><span class=\"c-gNXYgk\">Unissexo<\/span><\/li>\n<li class=\"c-eHqchX\"><span class=\"c-khNXFk\">Bracelete <\/span><span class=\"c-gNXYgk\">Borracha<\/span><\/li>\n<li class=\"c-eHqchX\"><span class=\"c-khNXFk\">Utiliza\u00e7\u00e3o <\/span><span class=\"c-gNXYgk\">Lifestyle<\/span><\/li>\n<\/ul>\n<\/div>\n<div class=\"c-bPAdAq\">\n<h3 class=\"c-cjxfUp\">Gest\u00e3o de energia<\/h3>\n<ul class=\"c-gRdNIr\">\n<li class=\"c-eHqchX\"><span class=\"c-khNXFk\">Capacidade <\/span><span class=\"c-gNXYgk\">590 mAh<\/span><\/li>\n<\/ul>\n<\/div>\n<\/div>\n<\/div>\n<\/section>\n<div class=\"c-gOYXKZ\"><span class=\"c-cUnbMK\">C\u00f3digo de barras:<\/span><span class=\"c-ijYvwD\">8806094490701 | 8806094491760 | 8806094495621<\/span><\/div>\n<div class=\"c-gOYXKZ\"><span class=\"c-cUnbMK\">Refer\u00eancia:<\/span><span class=\"c-ijYvwD\">SM-R920NZTAEUB | SM-R920NZTAPHE<\/span><\/div>\n<\/div>\n<\/div>\n<\/div>\n<\/div>\n<\/div>\n","protected":false},"excerpt":{"rendered":"<h2>Equipamentos Galaxy Watch5 n\u00e3o s\u00e3o compat\u00edveis com iPhone e Huawei (requer GoogleServices e pelo menos Android 8.0)<\/h2>\n<h2><\/h2>\n<h2><\/h2>\n<h2>Desperta o aventureiro que h\u00e1 em ti<\/h2>\n<h3>Faz do teu smartwatch um guia tur\u00edstico<\/h3>\n<p>Com o Galaxy Watch5 Pro, podes utilizar a funcionalidade Treino com Rotas para transferir facilmente as tuas rotas de treino em formato GPX do teu smartphone para o teu rel\u00f3gio, permitindo que sincronizes a tua lista de rotas com facilidade e praticidade.<\/p>\n<h3>N\u00e3o te percas no caminho de volta<\/h3>\n<p>Ap\u00f3s terminares o teu percurso, utiliza a fun\u00e7\u00e3o do Track Back para regressares ao ponto de partida. Manter-te no caminho certo \u00e9 f\u00e1cil gra\u00e7as \u00e0 navega\u00e7\u00e3o curva a curva guiada por voz ou vibra\u00e7\u00e3o para ciclistas e caminhantes.<\/p>\n<p>&nbsp;<\/p>\n<h2>Nascido para durar<\/h2>\n<h3>Aguenta o treino mais dif\u00edcil<\/h3>\n<p>Com um design sofisticado e uma estrutura robusta, agora o expositor frontal \u00e9 duas vezes mais resistente gra\u00e7as ao Cristal Safira. Com a estrutura em tit\u00e2nio preto ou tit\u00e2nio cinzento que suporta treinos \u00e1rduos, este smartwatch parece inquebr\u00e1vel.<\/p>\n<h3>Resistente \u00e0 \u00e1gua<\/h3>\n<p>O Galaxy Watch5 Pro tem uma classifica\u00e7\u00e3o de resist\u00eancia \u00e0 \u00e1gua de 50 metros sob a norma ISO 22810:2010, at\u00e9 30 minutos.<\/p>\n<h2>Cuida da tua sa\u00fade, sem comprometer o teu estilo de vida<\/h2>\n<p>O Galaxy Watch5 Pro \u00e9 o teu parceiro de sa\u00fade ideal. Com recursos de monitoriza\u00e7\u00e3o de sa\u00fade avan\u00e7ados, podes ficar de olho na tua sa\u00fade sem interromper as tuas atividades di\u00e1rias.<\/p>\n<h3>Sensor de Bioatividade<\/h3>\n<p>O sensor Samsung BioActive 3 em 1 \u00e9 uma tecnologia inovadora que permite monitorizar tr\u00eas par\u00e2metros de sa\u00fade essenciais num \u00fanico dispositivo compacto: a frequ\u00eancia card\u00edaca \u00f3tica, o sensor de ritmo card\u00edaco el\u00e9trico e a an\u00e1lise de imped\u00e2ncia bioel\u00e9trica.<\/p>\n<p>Com o BioActive 3 em 1 podes obter uma vis\u00e3o abrangente de como o teu corpo est\u00e1 a responder a diferentes atividades e estilos de vida e, desta forma, acompanhar e tomar medidas de preven\u00e7\u00e3o para a tua sa\u00fade.<\/p>\n","protected":false},"featured_media":1886,"comment_status":"open","ping_status":"closed","template":"","meta":[],"product_brand":[],"product_cat":[84],"product_tag":[],"class_list":{"0":"post-1885","1":"product","2":"type-product","3":"status-publish","4":"has-post-thumbnail","6":"product_cat-samsung","8":"first","9":"outofstock","10":"taxable","11":"shipping-taxable","12":"purchasable","13":"product-type-simple"},"yoast_head":"<!-- This site is optimized with the Yoast SEO plugin v27.0 - https:\/\/yoast.com\/product\/yoast-seo-wordpress\/ -->\n<title>Samsung Galaxy Watch 5 Pro 45mm Gray Titanium - SM-R920NZTAEUB | SpaceTech<\/title>\n<meta name=\"description\" content=\"Faz do teu smartwatch um guia tur\u00edstico Com o Galaxy Watch5 Pro, podes utilizar a funcionalidade Treino com Rotas para transferir facilmente as tuas rotas\" \/>\n<meta name=\"robots\" content=\"index, follow, max-snippet:-1, max-image-preview:large, max-video-preview:-1\" \/>\n<link rel=\"canonical\" href=\"https:\/\/spacetech.pt\/site\/product\/samsung-galaxy-watch-5-pro-45mm-gray-titanium-sm-r920nztaeub\/\" \/>\n<meta property=\"og:locale\" content=\"pt_BR\" \/>\n<meta property=\"og:type\" content=\"article\" \/>\n<meta property=\"og:title\" content=\"Samsung Galaxy Watch 5 Pro 45mm Gray Titanium - SM-R920NZTAEUB | SpaceTech\" \/>\n<meta property=\"og:description\" content=\"Faz do teu smartwatch um guia tur\u00edstico Com o Galaxy Watch5 Pro, podes utilizar a funcionalidade Treino com Rotas para transferir facilmente as tuas rotas\" \/>\n<meta property=\"og:url\" content=\"https:\/\/spacetech.pt\/site\/product\/samsung-galaxy-watch-5-pro-45mm-gray-titanium-sm-r920nztaeub\/\" \/>\n<meta property=\"og:site_name\" content=\"SpaceTech\" \/>\n<meta property=\"article:publisher\" content=\"https:\/\/www.facebook.com\/SpaceTech-104699978252826\" \/>\n<meta property=\"article:modified_time\" content=\"2023-06-27T08:17:44+00:00\" \/>\n<meta property=\"og:image\" content=\"https:\/\/spacetech.pt\/site\/wp-content\/uploads\/2023\/06\/Samsung-Galaxy-Watch-5-Pro-45mm-Gray-Titanium-SM-R920NZTAEUB.jpg\" \/>\n\t<meta property=\"og:image:width\" content=\"600\" \/>\n\t<meta property=\"og:image:height\" content=\"600\" \/>\n\t<meta property=\"og:image:type\" content=\"image\/jpeg\" \/>\n<meta name=\"twitter:card\" content=\"summary_large_image\" \/>\n<meta name=\"twitter:label1\" content=\"Est. tempo de leitura\" \/>\n\t<meta name=\"twitter:data1\" content=\"2 minutos\" \/>\n<script type=\"application\/ld+json\" class=\"yoast-schema-graph\">{\"@context\":\"https:\/\/schema.org\",\"@graph\":[{\"@type\":\"WebPage\",\"@id\":\"https:\/\/spacetech.pt\/site\/product\/samsung-galaxy-watch-5-pro-45mm-gray-titanium-sm-r920nztaeub\/\",\"url\":\"https:\/\/spacetech.pt\/site\/product\/samsung-galaxy-watch-5-pro-45mm-gray-titanium-sm-r920nztaeub\/\",\"name\":\"Samsung Galaxy Watch 5 Pro 45mm Gray Titanium - SM-R920NZTAEUB | SpaceTech\",\"isPartOf\":{\"@id\":\"https:\/\/spacetech.pt\/site\/#website\"},\"primaryImageOfPage\":{\"@id\":\"https:\/\/spacetech.pt\/site\/product\/samsung-galaxy-watch-5-pro-45mm-gray-titanium-sm-r920nztaeub\/#primaryimage\"},\"image\":{\"@id\":\"https:\/\/spacetech.pt\/site\/product\/samsung-galaxy-watch-5-pro-45mm-gray-titanium-sm-r920nztaeub\/#primaryimage\"},\"thumbnailUrl\":\"https:\/\/spacetech.pt\/site\/wp-content\/uploads\/2023\/06\/Samsung-Galaxy-Watch-5-Pro-45mm-Gray-Titanium-SM-R920NZTAEUB.jpg\",\"datePublished\":\"2023-06-22T20:44:50+00:00\",\"dateModified\":\"2023-06-27T08:17:44+00:00\",\"description\":\"Faz do teu smartwatch um guia tur\u00edstico Com o Galaxy Watch5 Pro, podes utilizar a funcionalidade Treino com Rotas para transferir facilmente as tuas rotas\",\"breadcrumb\":{\"@id\":\"https:\/\/spacetech.pt\/site\/product\/samsung-galaxy-watch-5-pro-45mm-gray-titanium-sm-r920nztaeub\/#breadcrumb\"},\"inLanguage\":\"pt-BR\",\"potentialAction\":[{\"@type\":\"ReadAction\",\"target\":[\"https:\/\/spacetech.pt\/site\/product\/samsung-galaxy-watch-5-pro-45mm-gray-titanium-sm-r920nztaeub\/\"]}]},{\"@type\":\"ImageObject\",\"inLanguage\":\"pt-BR\",\"@id\":\"https:\/\/spacetech.pt\/site\/product\/samsung-galaxy-watch-5-pro-45mm-gray-titanium-sm-r920nztaeub\/#primaryimage\",\"url\":\"https:\/\/spacetech.pt\/site\/wp-content\/uploads\/2023\/06\/Samsung-Galaxy-Watch-5-Pro-45mm-Gray-Titanium-SM-R920NZTAEUB.jpg\",\"contentUrl\":\"https:\/\/spacetech.pt\/site\/wp-content\/uploads\/2023\/06\/Samsung-Galaxy-Watch-5-Pro-45mm-Gray-Titanium-SM-R920NZTAEUB.jpg\",\"width\":600,\"height\":600,\"caption\":\"Samsung Galaxy Watch 5 Pro 45mm Gray Titanium - SM-R920NZTAEUB\"},{\"@type\":\"BreadcrumbList\",\"@id\":\"https:\/\/spacetech.pt\/site\/product\/samsung-galaxy-watch-5-pro-45mm-gray-titanium-sm-r920nztaeub\/#breadcrumb\",\"itemListElement\":[{\"@type\":\"ListItem\",\"position\":1,\"name\":\"In\u00edcio\",\"item\":\"https:\/\/spacetech.pt\/site\/\"},{\"@type\":\"ListItem\",\"position\":2,\"name\":\"Loja de Telem\u00f3veis\",\"item\":\"https:\/\/spacetech.pt\/site\/\"},{\"@type\":\"ListItem\",\"position\":3,\"name\":\"Samsung Galaxy Watch 5 Pro 45mm Gray Titanium &#8211; SM-R920NZTAEUB\"}]},{\"@type\":\"WebSite\",\"@id\":\"https:\/\/spacetech.pt\/site\/#website\",\"url\":\"https:\/\/spacetech.pt\/site\/\",\"name\":\"SpaceTech\",\"description\":\"Gadgets de Qualidade\",\"publisher\":{\"@id\":\"https:\/\/spacetech.pt\/site\/#organization\"},\"potentialAction\":[{\"@type\":\"SearchAction\",\"target\":{\"@type\":\"EntryPoint\",\"urlTemplate\":\"https:\/\/spacetech.pt\/site\/?s={search_term_string}\"},\"query-input\":{\"@type\":\"PropertyValueSpecification\",\"valueRequired\":true,\"valueName\":\"search_term_string\"}}],\"inLanguage\":\"pt-BR\"},{\"@type\":\"Organization\",\"@id\":\"https:\/\/spacetech.pt\/site\/#organization\",\"name\":\"SpaceTech\",\"url\":\"https:\/\/spacetech.pt\/site\/\",\"logo\":{\"@type\":\"ImageObject\",\"inLanguage\":\"pt-BR\",\"@id\":\"https:\/\/spacetech.pt\/site\/#\/schema\/logo\/image\/\",\"url\":\"https:\/\/spacetech.pt\/site\/wp-content\/uploads\/2021\/01\/cropped-logo-spacetech-quadrado.jpg\",\"contentUrl\":\"https:\/\/spacetech.pt\/site\/wp-content\/uploads\/2021\/01\/cropped-logo-spacetech-quadrado.jpg\",\"width\":512,\"height\":512,\"caption\":\"SpaceTech\"},\"image\":{\"@id\":\"https:\/\/spacetech.pt\/site\/#\/schema\/logo\/image\/\"},\"sameAs\":[\"https:\/\/www.facebook.com\/SpaceTech-104699978252826\",\"https:\/\/www.instagram.com\/spacetech.pt\/\"]}]}<\/script>\n<!-- \/ Yoast SEO plugin. -->","yoast_head_json":{"title":"Samsung Galaxy Watch 5 Pro 45mm Gray Titanium - SM-R920NZTAEUB | SpaceTech","description":"Faz do teu smartwatch um guia tur\u00edstico Com o Galaxy Watch5 Pro, podes utilizar a funcionalidade Treino com Rotas para transferir facilmente as tuas rotas","robots":{"index":"index","follow":"follow","max-snippet":"max-snippet:-1","max-image-preview":"max-image-preview:large","max-video-preview":"max-video-preview:-1"},"canonical":"https:\/\/spacetech.pt\/site\/product\/samsung-galaxy-watch-5-pro-45mm-gray-titanium-sm-r920nztaeub\/","og_locale":"pt_BR","og_type":"article","og_title":"Samsung Galaxy Watch 5 Pro 45mm Gray Titanium - SM-R920NZTAEUB | SpaceTech","og_description":"Faz do teu smartwatch um guia tur\u00edstico Com o Galaxy Watch5 Pro, podes utilizar a funcionalidade Treino com Rotas para transferir facilmente as tuas rotas","og_url":"https:\/\/spacetech.pt\/site\/product\/samsung-galaxy-watch-5-pro-45mm-gray-titanium-sm-r920nztaeub\/","og_site_name":"SpaceTech","article_publisher":"https:\/\/www.facebook.com\/SpaceTech-104699978252826","article_modified_time":"2023-06-27T08:17:44+00:00","og_image":[{"width":600,"height":600,"url":"https:\/\/spacetech.pt\/site\/wp-content\/uploads\/2023\/06\/Samsung-Galaxy-Watch-5-Pro-45mm-Gray-Titanium-SM-R920NZTAEUB.jpg","type":"image\/jpeg"}],"twitter_card":"summary_large_image","twitter_misc":{"Est. tempo de leitura":"2 minutos"},"schema":{"@context":"https:\/\/schema.org","@graph":[{"@type":"WebPage","@id":"https:\/\/spacetech.pt\/site\/product\/samsung-galaxy-watch-5-pro-45mm-gray-titanium-sm-r920nztaeub\/","url":"https:\/\/spacetech.pt\/site\/product\/samsung-galaxy-watch-5-pro-45mm-gray-titanium-sm-r920nztaeub\/","name":"Samsung Galaxy Watch 5 Pro 45mm Gray Titanium - SM-R920NZTAEUB | SpaceTech","isPartOf":{"@id":"https:\/\/spacetech.pt\/site\/#website"},"primaryImageOfPage":{"@id":"https:\/\/spacetech.pt\/site\/product\/samsung-galaxy-watch-5-pro-45mm-gray-titanium-sm-r920nztaeub\/#primaryimage"},"image":{"@id":"https:\/\/spacetech.pt\/site\/product\/samsung-galaxy-watch-5-pro-45mm-gray-titanium-sm-r920nztaeub\/#primaryimage"},"thumbnailUrl":"https:\/\/spacetech.pt\/site\/wp-content\/uploads\/2023\/06\/Samsung-Galaxy-Watch-5-Pro-45mm-Gray-Titanium-SM-R920NZTAEUB.jpg","datePublished":"2023-06-22T20:44:50+00:00","dateModified":"2023-06-27T08:17:44+00:00","description":"Faz do teu smartwatch um guia tur\u00edstico Com o Galaxy Watch5 Pro, podes utilizar a funcionalidade Treino com Rotas para transferir facilmente as tuas rotas","breadcrumb":{"@id":"https:\/\/spacetech.pt\/site\/product\/samsung-galaxy-watch-5-pro-45mm-gray-titanium-sm-r920nztaeub\/#breadcrumb"},"inLanguage":"pt-BR","potentialAction":[{"@type":"ReadAction","target":["https:\/\/spacetech.pt\/site\/product\/samsung-galaxy-watch-5-pro-45mm-gray-titanium-sm-r920nztaeub\/"]}]},{"@type":"ImageObject","inLanguage":"pt-BR","@id":"https:\/\/spacetech.pt\/site\/product\/samsung-galaxy-watch-5-pro-45mm-gray-titanium-sm-r920nztaeub\/#primaryimage","url":"https:\/\/spacetech.pt\/site\/wp-content\/uploads\/2023\/06\/Samsung-Galaxy-Watch-5-Pro-45mm-Gray-Titanium-SM-R920NZTAEUB.jpg","contentUrl":"https:\/\/spacetech.pt\/site\/wp-content\/uploads\/2023\/06\/Samsung-Galaxy-Watch-5-Pro-45mm-Gray-Titanium-SM-R920NZTAEUB.jpg","width":600,"height":600,"caption":"Samsung Galaxy Watch 5 Pro 45mm Gray Titanium - SM-R920NZTAEUB"},{"@type":"BreadcrumbList","@id":"https:\/\/spacetech.pt\/site\/product\/samsung-galaxy-watch-5-pro-45mm-gray-titanium-sm-r920nztaeub\/#breadcrumb","itemListElement":[{"@type":"ListItem","position":1,"name":"In\u00edcio","item":"https:\/\/spacetech.pt\/site\/"},{"@type":"ListItem","position":2,"name":"Loja de Telem\u00f3veis","item":"https:\/\/spacetech.pt\/site\/"},{"@type":"ListItem","position":3,"name":"Samsung Galaxy Watch 5 Pro 45mm Gray Titanium &#8211; SM-R920NZTAEUB"}]},{"@type":"WebSite","@id":"https:\/\/spacetech.pt\/site\/#website","url":"https:\/\/spacetech.pt\/site\/","name":"SpaceTech","description":"Gadgets de Qualidade","publisher":{"@id":"https:\/\/spacetech.pt\/site\/#organization"},"potentialAction":[{"@type":"SearchAction","target":{"@type":"EntryPoint","urlTemplate":"https:\/\/spacetech.pt\/site\/?s={search_term_string}"},"query-input":{"@type":"PropertyValueSpecification","valueRequired":true,"valueName":"search_term_string"}}],"inLanguage":"pt-BR"},{"@type":"Organization","@id":"https:\/\/spacetech.pt\/site\/#organization","name":"SpaceTech","url":"https:\/\/spacetech.pt\/site\/","logo":{"@type":"ImageObject","inLanguage":"pt-BR","@id":"https:\/\/spacetech.pt\/site\/#\/schema\/logo\/image\/","url":"https:\/\/spacetech.pt\/site\/wp-content\/uploads\/2021\/01\/cropped-logo-spacetech-quadrado.jpg","contentUrl":"https:\/\/spacetech.pt\/site\/wp-content\/uploads\/2021\/01\/cropped-logo-spacetech-quadrado.jpg","width":512,"height":512,"caption":"SpaceTech"},"image":{"@id":"https:\/\/spacetech.pt\/site\/#\/schema\/logo\/image\/"},"sameAs":["https:\/\/www.facebook.com\/SpaceTech-104699978252826","https:\/\/www.instagram.com\/spacetech.pt\/"]}]}},"jetpack_sharing_enabled":true,"_links":{"self":[{"href":"https:\/\/spacetech.pt\/site\/wp-json\/wp\/v2\/product\/1885","targetHints":{"allow":["GET"]}}],"collection":[{"href":"https:\/\/spacetech.pt\/site\/wp-json\/wp\/v2\/product"}],"about":[{"href":"https:\/\/spacetech.pt\/site\/wp-json\/wp\/v2\/types\/product"}],"replies":[{"embeddable":true,"href":"https:\/\/spacetech.pt\/site\/wp-json\/wp\/v2\/comments?post=1885"}],"wp:featuredmedia":[{"embeddable":true,"href":"https:\/\/spacetech.pt\/site\/wp-json\/wp\/v2\/media\/1886"}],"wp:attachment":[{"href":"https:\/\/spacetech.pt\/site\/wp-json\/wp\/v2\/media?parent=1885"}],"wp:term":[{"taxonomy":"product_brand","embeddable":true,"href":"https:\/\/spacetech.pt\/site\/wp-json\/wp\/v2\/product_brand?post=1885"},{"taxonomy":"product_cat","embeddable":true,"href":"https:\/\/spacetech.pt\/site\/wp-json\/wp\/v2\/product_cat?post=1885"},{"taxonomy":"product_tag","embeddable":true,"href":"https:\/\/spacetech.pt\/site\/wp-json\/wp\/v2\/product_tag?post=1885"}],"curies":[{"name":"wp","href":"https:\/\/api.w.org\/{rel}","templated":true}]}}