{"id":1875,"date":"2023-06-14T20:55:55","date_gmt":"2023-06-14T20:55:55","guid":{"rendered":"https:\/\/spacetech.pt\/site\/?post_type=product&#038;p=1875"},"modified":"2023-06-15T11:05:30","modified_gmt":"2023-06-15T11:05:30","slug":"disco-externo-toshiba-1tb-canvio-basics-2-5-usb-3-0-black-hdtb410ek3aa","status":"publish","type":"product","link":"https:\/\/spacetech.pt\/site\/product\/disco-externo-toshiba-1tb-canvio-basics-2-5-usb-3-0-black-hdtb410ek3aa\/","title":{"rendered":"Disco Externo Toshiba 1TB Canvio Basics 2.5 USB 3.0 Black &#8211; HDTB410EK3AA"},"content":{"rendered":"<h1 class=\"c-gEIijh\">Disco Externo Toshiba 1TB Canvio Basics 2.5 USB 3.0 Black &#8211; HDTB410EK3AA<\/h1>\n<p>&nbsp;<\/p>\n<section class=\"c-gYBZre c-PJLV\">\n<h2 class=\"c-kzxGrr\">Caracter\u00edsticas<\/h2>\n<div class=\"c-dJQpeH\">\n<div class=\"c-hZcBnW\">\n<div class=\"c-bPAdAq\">\n<h3 class=\"c-cjxfUp\">Conectividade<\/h3>\n<ul class=\"c-gRdNIr\">\n<li class=\"c-eHqchX\"><span class=\"c-khNXFk\">Velocidade M\u00e1xima<\/span><span class=\"c-gNXYgk\">5000 Mbit\/s<\/span><\/li>\n<li class=\"c-eHqchX\"><span class=\"c-khNXFk\">Ethernet LAN<\/span>\n<div class=\"c-gtWDsx c-gtWDsx-idHCNva-css\"><\/div>\n<\/li>\n<li class=\"c-eHqchX\"><span class=\"c-khNXFk\">Teconologia Thunderbolt<\/span>\n<div class=\"c-gtWDsx c-gtWDsx-idHCNva-css\"><\/div>\n<\/li>\n<li class=\"c-eHqchX\"><span class=\"c-khNXFk\">Conetor USB <\/span><span class=\"c-gNXYgk\">Micro-USB B<\/span><\/li>\n<li class=\"c-eHqchX\"><span class=\"c-khNXFk\">Com Wi-Fi<\/span>\n<div class=\"c-gtWDsx c-gtWDsx-idHCNva-css\"><\/div>\n<\/li>\n<li class=\"c-eHqchX\"><span class=\"c-khNXFk\">Conectividade <\/span><span class=\"c-gNXYgk\">3.2 Gen 1 (3.1 Gen 1)<\/span><\/li>\n<\/ul>\n<\/div>\n<div class=\"c-bPAdAq\">\n<h3 class=\"c-cjxfUp\">Caracter\u00edsticas<\/h3>\n<ul class=\"c-gRdNIr\">\n<li class=\"c-eHqchX\"><span class=\"c-khNXFk\">Cor <\/span><span class=\"c-gNXYgk\">Preto<\/span><\/li>\n<li class=\"c-eHqchX\"><span class=\"c-khNXFk\">Plug and Play<\/span>\n<div class=\"c-gtWDsx c-gtWDsx-iPJLV-css\"><\/div>\n<\/li>\n<li class=\"c-eHqchX\"><span class=\"c-khNXFk\">Sistema operativo Windows compat\u00edvel <\/span><span class=\"c-gNXYgk\">Windows 10, Windows 10 Education, Windows 10 Education x64, Windows 10 Enterprise, Windows 10 Enterprise x64, Windows 10 Home, Windows 10 Home x64, Windows 10 IOT Core, Windows 10 Pro, Windows 10 Pro x64, Windows 10 x64, Windows 7, Windows 7 Enterprise, Windows 7 Enterprise x64, Windows 7 Home Basic, Windows 7 Home Basic x64, Windows 7 Home Premium, Windows 7 Home Premium x64, Windows 7 Professional, Windows 7 Professional x64, Windows 7 Starter, Windows 7 Starter x64, Windows 7 Ultimate, Windows 7 Ultimate x64, Windows 7 x64, Windows 8.1, Windows 8.1 Enterprise, Windows 8.1 Enterprise x64, Windows 8.1 Pro, Windows 8.1 Pro x64, Windows 8.1 x64<\/span><\/li>\n<li class=\"c-eHqchX\"><span class=\"c-khNXFk\">Sistema operativo Mac compat\u00edvel <\/span><span class=\"c-gNXYgk\">Mac OS X 10.11 El Capitan, Mac OS X 10.12 Sierra, Mac OS X 10.13 High Sierra<\/span><\/li>\n<\/ul>\n<\/div>\n<div class=\"c-bPAdAq\">\n<h3 class=\"c-cjxfUp\">Dados log\u00edsticos<\/h3>\n<ul class=\"c-gRdNIr\">\n<li class=\"c-eHqchX\"><span class=\"c-khNXFk\">Peso da caixa de cart\u00e3o principal exterior <\/span><span class=\"c-gNXYgk\">1,4 kg<\/span><\/li>\n<li class=\"c-eHqchX\"><span class=\"c-khNXFk\">Peso da palete <\/span><span class=\"c-gNXYgk\">23 kg<\/span><\/li>\n<li class=\"c-eHqchX\"><span class=\"c-khNXFk\">Largura da palete <\/span><span class=\"c-gNXYgk\">115 cm<\/span><\/li>\n<li class=\"c-eHqchX\"><span class=\"c-khNXFk\">Comprimento da palete <\/span><span class=\"c-gNXYgk\">115 cm<\/span><\/li>\n<li class=\"c-eHqchX\"><span class=\"c-khNXFk\">Altura da palete <\/span><span class=\"c-gNXYgk\">13 cm<\/span><\/li>\n<li class=\"c-eHqchX\"><span class=\"c-khNXFk\">Comprimento da embalagem principal exterior<\/span><span class=\"c-gNXYgk\">134 mm<\/span><\/li>\n<li class=\"c-eHqchX\"><span class=\"c-khNXFk\">Quantidade por embalagem principal <\/span><span class=\"c-gNXYgk\">5 unidade(s)<\/span><\/li>\n<li class=\"c-eHqchX\"><span class=\"c-khNXFk\">Peso bruto da caixa <\/span><span class=\"c-gNXYgk\">1,4 kg<\/span><\/li>\n<li class=\"c-eHqchX\"><span class=\"c-khNXFk\">C\u00f3digo de Sistema Harmonizado (HS) <\/span><span class=\"c-gNXYgk\">84717050<\/span><\/li>\n<li class=\"c-eHqchX\"><span class=\"c-khNXFk\">Altura da caixa principal exterior <\/span><span class=\"c-gNXYgk\">153 mm<\/span><\/li>\n<li class=\"c-eHqchX\"><span class=\"c-khNXFk\">Largura da caixa principal exterior <\/span><span class=\"c-gNXYgk\">212 mm<\/span><\/li>\n<li class=\"c-eHqchX\"><span class=\"c-khNXFk\">Quantidade por palete <\/span><span class=\"c-gNXYgk\">1200 unidade(s)<\/span><\/li>\n<\/ul>\n<\/div>\n<div class=\"c-bPAdAq\">\n<h3 class=\"c-cjxfUp\">Gest\u00e3o de energia<\/h3>\n<ul class=\"c-gRdNIr\">\n<li class=\"c-eHqchX\"><span class=\"c-khNXFk\">Corrente (m\u00e1x.) <\/span><span class=\"c-gNXYgk\">0,9 A<\/span><\/li>\n<li class=\"c-eHqchX\"><span class=\"c-khNXFk\">Alimentado por barramento <\/span><span class=\"c-gNXYgk\">USB<\/span><\/li>\n<\/ul>\n<\/div>\n<\/div>\n<div class=\"c-hZcBnW\">\n<div class=\"c-bPAdAq\">\n<h3 class=\"c-cjxfUp\">Pesos e dimens\u00f5es<\/h3>\n<ul class=\"c-gRdNIr\">\n<li class=\"c-eHqchX\"><span class=\"c-khNXFk\">Altura <\/span><span class=\"c-gNXYgk\">14 mm<\/span><\/li>\n<li class=\"c-eHqchX\"><span class=\"c-khNXFk\">Largura <\/span><span class=\"c-gNXYgk\">78 mm<\/span><\/li>\n<li class=\"c-eHqchX\"><span class=\"c-khNXFk\">Profundidade <\/span><span class=\"c-gNXYgk\">109 mm<\/span><\/li>\n<li class=\"c-eHqchX\"><span class=\"c-khNXFk\">Peso <\/span><span class=\"c-gNXYgk\">149 g<\/span><\/li>\n<\/ul>\n<\/div>\n<div class=\"c-bPAdAq\">\n<h3 class=\"c-cjxfUp\">Embalagem<\/h3>\n<ul class=\"c-gRdNIr\">\n<li class=\"c-eHqchX\"><span class=\"c-khNXFk\">Conectividade <\/span><span class=\"c-gNXYgk\">Micro-USB<\/span><\/li>\n<li class=\"c-eHqchX\"><span class=\"c-khNXFk\">Profundidade da embalagem <\/span><span class=\"c-gNXYgk\">40 mm<\/span><\/li>\n<li class=\"c-eHqchX\"><span class=\"c-khNXFk\">Altura da embalagem <\/span><span class=\"c-gNXYgk\">140 mm<\/span><\/li>\n<li class=\"c-eHqchX\"><span class=\"c-khNXFk\">Comprimento da embalagem <\/span><span class=\"c-gNXYgk\">128 mm<\/span><\/li>\n<li class=\"c-eHqchX\"><span class=\"c-khNXFk\">Peso da embalagem <\/span><span class=\"c-gNXYgk\">249 g<\/span><\/li>\n<li class=\"c-eHqchX\"><span class=\"c-khNXFk\">Guia de utilizador<\/span>\n<div class=\"c-gtWDsx c-gtWDsx-iPJLV-css\"><\/div>\n<\/li>\n<\/ul>\n<\/div>\n<div class=\"c-bPAdAq\">\n<h3 class=\"c-cjxfUp\">Unidade de disco<\/h3>\n<ul class=\"c-gRdNIr\">\n<li class=\"c-eHqchX\"><span class=\"c-khNXFk\">Formato <\/span><span class=\"c-gNXYgk\">2.5 &#8220;<\/span><\/li>\n<li class=\"c-eHqchX\"><span class=\"c-khNXFk\">Capacidade <\/span><span class=\"c-gNXYgk\">1000 GB<\/span><\/li>\n<li class=\"c-eHqchX\"><span class=\"c-khNXFk\">Sistema de formato de ficheiro <\/span><span class=\"c-gNXYgk\">NTFS<\/span><\/li>\n<\/ul>\n<\/div>\n<div class=\"c-bPAdAq\">\n<h3 class=\"c-cjxfUp\">M\u00eddia de armazenamento<\/h3>\n<ul class=\"c-gRdNIr\">\n<li class=\"c-eHqchX\"><span class=\"c-khNXFk\">Capacidade total de armazenamento<\/span><span class=\"c-gNXYgk\">1 TB<\/span><\/li>\n<\/ul>\n<\/div>\n<\/div>\n<\/div>\n<\/section>\n<div class=\"c-gOYXKZ\"><span class=\"c-cUnbMK\">C\u00f3digo de barras:<\/span><span class=\"c-ijYvwD\">4260557510018 | 4260557510247<\/span><\/div>\n<div class=\"c-gOYXKZ\"><span class=\"c-cUnbMK\">Refer\u00eancia:<\/span><span class=\"c-ijYvwD\">HDTB410EK3AA | HSTOSHDTB410EK3AA | S0214774<\/span><\/div>\n","protected":false},"excerpt":{"rendered":"<h2 class=\"c-kzxGrr\">Detalhes do Produto<\/h2>\n<div class=\"c-fkoqBN\">\n<div>\n<p>Transfira ficheiros rapidamente com a\u00a0tecnologia SuperSpeed USB 3.0\u00a0e\u00a0armazene at\u00e9 1TB\u00a0de dados no<strong>\u00a0Disco R\u00edgido Externo Canvio Basics<\/strong><strong>\u00a0<\/strong>da\u00a0<strong>Toshiba<\/strong>.<\/p>\n<p>Para al\u00e9m do facilitismo no armazenamento de ficheiros, fornece uma apar\u00eancia incr\u00edvel tanto na sua secret\u00e1ria de trabalho, como em qualquer outro lugar.<\/p>\n<p>Pronto para ser utilizado em sistemas Microsoft Windows e n\u00e3o requer a instala\u00e7\u00e3o de nenhum software.<\/p>\n<p>&nbsp;<\/p>\n<p><strong>O seu companheiro compacto<\/strong><br \/>\nO Canvio Basics foca-se no perfil e no design cl\u00e1ssico. A estrutura fina e compacta e a parte superior plana tornam o Canvio Basics uma verdadeira unidade de disco r\u00edgido port\u00e1til: f\u00e1cil de transportar e armazenar em qualquer bolso ou saco.<\/p>\n<p><strong>Velocidades de transfer\u00eancia elevadas<\/strong><br \/>\nCom a tecnologia USB 3.0, estas unidades de disco r\u00edgido port\u00e1teis s\u00e3o muito mais r\u00e1pidas que os dispositivos USB 2.0 (ainda que tamb\u00e9m compat\u00edveis com estes), permitindo uma transfer\u00eancia r\u00e1pida enquanto organiza os seus ficheiros.<\/p>\n<p><strong>Opera\u00e7\u00e3o plug-and-play f\u00e1cil<\/strong><br \/>\nProntos a serem utilizados com o Microsoft Windows e sem a necessidade de instala\u00e7\u00e3o de software. Arraste e largue os ficheiros intuitivamente do disco r\u00edgido para o seu PC ou port\u00e1til.<\/p>\n<p><strong>Os seus dados est\u00e3o em boas m\u00e3os<\/strong><br \/>\nCom mais de 50 anos de experi\u00eancia na \u00e1rea da tecnologia de unidades de disco r\u00edgido e com padr\u00f5es de qualidade incompar\u00e1veis, as unidades de disco r\u00edgido port\u00e1teis Toshiba representam um local seguro e fi\u00e1vel para guardar os seus ficheiros, para onde quer que v\u00e1.<\/p>\n<\/div>\n<\/div>\n","protected":false},"featured_media":1876,"comment_status":"open","ping_status":"closed","template":"","meta":[],"product_brand":[],"product_cat":[200],"product_tag":[],"class_list":{"0":"post-1875","1":"product","2":"type-product","3":"status-publish","4":"has-post-thumbnail","6":"product_cat-toshiba","8":"first","9":"outofstock","10":"taxable","11":"shipping-taxable","12":"purchasable","13":"product-type-simple"},"yoast_head":"<!-- This site is optimized with the Yoast SEO plugin v27.0 - https:\/\/yoast.com\/product\/yoast-seo-wordpress\/ -->\n<title>Disco Externo Toshiba 1TB Canvio Basics 2.5 USB 3.0 Black - HDTB410EK3AA | SpaceTech<\/title>\n<meta name=\"description\" content=\"Velocidades de transfer\u00eancia elevadas Com a tecnologia USB 3.0, estas unidades de disco r\u00edgido port\u00e1teis s\u00e3o muito mais r\u00e1pidas que os dispositivos USB 2.0\" \/>\n<meta name=\"robots\" content=\"index, follow, max-snippet:-1, max-image-preview:large, max-video-preview:-1\" \/>\n<link rel=\"canonical\" href=\"https:\/\/spacetech.pt\/site\/product\/disco-externo-toshiba-1tb-canvio-basics-2-5-usb-3-0-black-hdtb410ek3aa\/\" \/>\n<meta property=\"og:locale\" content=\"pt_BR\" \/>\n<meta property=\"og:type\" content=\"article\" \/>\n<meta property=\"og:title\" content=\"Disco Externo Toshiba 1TB Canvio Basics 2.5 USB 3.0 Black - HDTB410EK3AA | SpaceTech\" \/>\n<meta property=\"og:description\" content=\"Velocidades de transfer\u00eancia elevadas Com a tecnologia USB 3.0, estas unidades de disco r\u00edgido port\u00e1teis s\u00e3o muito mais r\u00e1pidas que os dispositivos USB 2.0\" \/>\n<meta property=\"og:url\" content=\"https:\/\/spacetech.pt\/site\/product\/disco-externo-toshiba-1tb-canvio-basics-2-5-usb-3-0-black-hdtb410ek3aa\/\" \/>\n<meta property=\"og:site_name\" content=\"SpaceTech\" \/>\n<meta property=\"article:publisher\" content=\"https:\/\/www.facebook.com\/SpaceTech-104699978252826\" \/>\n<meta property=\"article:modified_time\" content=\"2023-06-15T11:05:30+00:00\" \/>\n<meta property=\"og:image\" content=\"https:\/\/spacetech.pt\/site\/wp-content\/uploads\/2023\/06\/Disco-Externo-Toshiba-1TB-Canvio-Basics-2.5-USB-3.0-Black-HDTB410EK3AA.jpg\" \/>\n\t<meta property=\"og:image:width\" content=\"600\" \/>\n\t<meta property=\"og:image:height\" content=\"600\" \/>\n\t<meta property=\"og:image:type\" content=\"image\/jpeg\" \/>\n<meta name=\"twitter:card\" content=\"summary_large_image\" \/>\n<meta name=\"twitter:label1\" content=\"Est. tempo de leitura\" \/>\n\t<meta name=\"twitter:data1\" content=\"2 minutos\" \/>\n<script type=\"application\/ld+json\" class=\"yoast-schema-graph\">{\"@context\":\"https:\/\/schema.org\",\"@graph\":[{\"@type\":\"WebPage\",\"@id\":\"https:\/\/spacetech.pt\/site\/product\/disco-externo-toshiba-1tb-canvio-basics-2-5-usb-3-0-black-hdtb410ek3aa\/\",\"url\":\"https:\/\/spacetech.pt\/site\/product\/disco-externo-toshiba-1tb-canvio-basics-2-5-usb-3-0-black-hdtb410ek3aa\/\",\"name\":\"Disco Externo Toshiba 1TB Canvio Basics 2.5 USB 3.0 Black - HDTB410EK3AA | SpaceTech\",\"isPartOf\":{\"@id\":\"https:\/\/spacetech.pt\/site\/#website\"},\"primaryImageOfPage\":{\"@id\":\"https:\/\/spacetech.pt\/site\/product\/disco-externo-toshiba-1tb-canvio-basics-2-5-usb-3-0-black-hdtb410ek3aa\/#primaryimage\"},\"image\":{\"@id\":\"https:\/\/spacetech.pt\/site\/product\/disco-externo-toshiba-1tb-canvio-basics-2-5-usb-3-0-black-hdtb410ek3aa\/#primaryimage\"},\"thumbnailUrl\":\"https:\/\/spacetech.pt\/site\/wp-content\/uploads\/2023\/06\/Disco-Externo-Toshiba-1TB-Canvio-Basics-2.5-USB-3.0-Black-HDTB410EK3AA.jpg\",\"datePublished\":\"2023-06-14T20:55:55+00:00\",\"dateModified\":\"2023-06-15T11:05:30+00:00\",\"description\":\"Velocidades de transfer\u00eancia elevadas Com a tecnologia USB 3.0, estas unidades de disco r\u00edgido port\u00e1teis s\u00e3o muito mais r\u00e1pidas que os dispositivos USB 2.0\",\"breadcrumb\":{\"@id\":\"https:\/\/spacetech.pt\/site\/product\/disco-externo-toshiba-1tb-canvio-basics-2-5-usb-3-0-black-hdtb410ek3aa\/#breadcrumb\"},\"inLanguage\":\"pt-BR\",\"potentialAction\":[{\"@type\":\"ReadAction\",\"target\":[\"https:\/\/spacetech.pt\/site\/product\/disco-externo-toshiba-1tb-canvio-basics-2-5-usb-3-0-black-hdtb410ek3aa\/\"]}]},{\"@type\":\"ImageObject\",\"inLanguage\":\"pt-BR\",\"@id\":\"https:\/\/spacetech.pt\/site\/product\/disco-externo-toshiba-1tb-canvio-basics-2-5-usb-3-0-black-hdtb410ek3aa\/#primaryimage\",\"url\":\"https:\/\/spacetech.pt\/site\/wp-content\/uploads\/2023\/06\/Disco-Externo-Toshiba-1TB-Canvio-Basics-2.5-USB-3.0-Black-HDTB410EK3AA.jpg\",\"contentUrl\":\"https:\/\/spacetech.pt\/site\/wp-content\/uploads\/2023\/06\/Disco-Externo-Toshiba-1TB-Canvio-Basics-2.5-USB-3.0-Black-HDTB410EK3AA.jpg\",\"width\":600,\"height\":600,\"caption\":\"Disco Externo Toshiba 1TB Canvio Basics 2.5 USB 3.0 Black - HDTB410EK3AA\"},{\"@type\":\"BreadcrumbList\",\"@id\":\"https:\/\/spacetech.pt\/site\/product\/disco-externo-toshiba-1tb-canvio-basics-2-5-usb-3-0-black-hdtb410ek3aa\/#breadcrumb\",\"itemListElement\":[{\"@type\":\"ListItem\",\"position\":1,\"name\":\"In\u00edcio\",\"item\":\"https:\/\/spacetech.pt\/site\/\"},{\"@type\":\"ListItem\",\"position\":2,\"name\":\"Loja de Telem\u00f3veis\",\"item\":\"https:\/\/spacetech.pt\/site\/\"},{\"@type\":\"ListItem\",\"position\":3,\"name\":\"Disco Externo Toshiba 1TB Canvio Basics 2.5 USB 3.0 Black &#8211; HDTB410EK3AA\"}]},{\"@type\":\"WebSite\",\"@id\":\"https:\/\/spacetech.pt\/site\/#website\",\"url\":\"https:\/\/spacetech.pt\/site\/\",\"name\":\"SpaceTech\",\"description\":\"Gadgets de Qualidade\",\"publisher\":{\"@id\":\"https:\/\/spacetech.pt\/site\/#organization\"},\"potentialAction\":[{\"@type\":\"SearchAction\",\"target\":{\"@type\":\"EntryPoint\",\"urlTemplate\":\"https:\/\/spacetech.pt\/site\/?s={search_term_string}\"},\"query-input\":{\"@type\":\"PropertyValueSpecification\",\"valueRequired\":true,\"valueName\":\"search_term_string\"}}],\"inLanguage\":\"pt-BR\"},{\"@type\":\"Organization\",\"@id\":\"https:\/\/spacetech.pt\/site\/#organization\",\"name\":\"SpaceTech\",\"url\":\"https:\/\/spacetech.pt\/site\/\",\"logo\":{\"@type\":\"ImageObject\",\"inLanguage\":\"pt-BR\",\"@id\":\"https:\/\/spacetech.pt\/site\/#\/schema\/logo\/image\/\",\"url\":\"https:\/\/spacetech.pt\/site\/wp-content\/uploads\/2021\/01\/cropped-logo-spacetech-quadrado.jpg\",\"contentUrl\":\"https:\/\/spacetech.pt\/site\/wp-content\/uploads\/2021\/01\/cropped-logo-spacetech-quadrado.jpg\",\"width\":512,\"height\":512,\"caption\":\"SpaceTech\"},\"image\":{\"@id\":\"https:\/\/spacetech.pt\/site\/#\/schema\/logo\/image\/\"},\"sameAs\":[\"https:\/\/www.facebook.com\/SpaceTech-104699978252826\",\"https:\/\/www.instagram.com\/spacetech.pt\/\"]}]}<\/script>\n<!-- \/ Yoast SEO plugin. -->","yoast_head_json":{"title":"Disco Externo Toshiba 1TB Canvio Basics 2.5 USB 3.0 Black - HDTB410EK3AA | SpaceTech","description":"Velocidades de transfer\u00eancia elevadas Com a tecnologia USB 3.0, estas unidades de disco r\u00edgido port\u00e1teis s\u00e3o muito mais r\u00e1pidas que os dispositivos USB 2.0","robots":{"index":"index","follow":"follow","max-snippet":"max-snippet:-1","max-image-preview":"max-image-preview:large","max-video-preview":"max-video-preview:-1"},"canonical":"https:\/\/spacetech.pt\/site\/product\/disco-externo-toshiba-1tb-canvio-basics-2-5-usb-3-0-black-hdtb410ek3aa\/","og_locale":"pt_BR","og_type":"article","og_title":"Disco Externo Toshiba 1TB Canvio Basics 2.5 USB 3.0 Black - HDTB410EK3AA | SpaceTech","og_description":"Velocidades de transfer\u00eancia elevadas Com a tecnologia USB 3.0, estas unidades de disco r\u00edgido port\u00e1teis s\u00e3o muito mais r\u00e1pidas que os dispositivos USB 2.0","og_url":"https:\/\/spacetech.pt\/site\/product\/disco-externo-toshiba-1tb-canvio-basics-2-5-usb-3-0-black-hdtb410ek3aa\/","og_site_name":"SpaceTech","article_publisher":"https:\/\/www.facebook.com\/SpaceTech-104699978252826","article_modified_time":"2023-06-15T11:05:30+00:00","og_image":[{"width":600,"height":600,"url":"https:\/\/spacetech.pt\/site\/wp-content\/uploads\/2023\/06\/Disco-Externo-Toshiba-1TB-Canvio-Basics-2.5-USB-3.0-Black-HDTB410EK3AA.jpg","type":"image\/jpeg"}],"twitter_card":"summary_large_image","twitter_misc":{"Est. tempo de leitura":"2 minutos"},"schema":{"@context":"https:\/\/schema.org","@graph":[{"@type":"WebPage","@id":"https:\/\/spacetech.pt\/site\/product\/disco-externo-toshiba-1tb-canvio-basics-2-5-usb-3-0-black-hdtb410ek3aa\/","url":"https:\/\/spacetech.pt\/site\/product\/disco-externo-toshiba-1tb-canvio-basics-2-5-usb-3-0-black-hdtb410ek3aa\/","name":"Disco Externo Toshiba 1TB Canvio Basics 2.5 USB 3.0 Black - HDTB410EK3AA | SpaceTech","isPartOf":{"@id":"https:\/\/spacetech.pt\/site\/#website"},"primaryImageOfPage":{"@id":"https:\/\/spacetech.pt\/site\/product\/disco-externo-toshiba-1tb-canvio-basics-2-5-usb-3-0-black-hdtb410ek3aa\/#primaryimage"},"image":{"@id":"https:\/\/spacetech.pt\/site\/product\/disco-externo-toshiba-1tb-canvio-basics-2-5-usb-3-0-black-hdtb410ek3aa\/#primaryimage"},"thumbnailUrl":"https:\/\/spacetech.pt\/site\/wp-content\/uploads\/2023\/06\/Disco-Externo-Toshiba-1TB-Canvio-Basics-2.5-USB-3.0-Black-HDTB410EK3AA.jpg","datePublished":"2023-06-14T20:55:55+00:00","dateModified":"2023-06-15T11:05:30+00:00","description":"Velocidades de transfer\u00eancia elevadas Com a tecnologia USB 3.0, estas unidades de disco r\u00edgido port\u00e1teis s\u00e3o muito mais r\u00e1pidas que os dispositivos USB 2.0","breadcrumb":{"@id":"https:\/\/spacetech.pt\/site\/product\/disco-externo-toshiba-1tb-canvio-basics-2-5-usb-3-0-black-hdtb410ek3aa\/#breadcrumb"},"inLanguage":"pt-BR","potentialAction":[{"@type":"ReadAction","target":["https:\/\/spacetech.pt\/site\/product\/disco-externo-toshiba-1tb-canvio-basics-2-5-usb-3-0-black-hdtb410ek3aa\/"]}]},{"@type":"ImageObject","inLanguage":"pt-BR","@id":"https:\/\/spacetech.pt\/site\/product\/disco-externo-toshiba-1tb-canvio-basics-2-5-usb-3-0-black-hdtb410ek3aa\/#primaryimage","url":"https:\/\/spacetech.pt\/site\/wp-content\/uploads\/2023\/06\/Disco-Externo-Toshiba-1TB-Canvio-Basics-2.5-USB-3.0-Black-HDTB410EK3AA.jpg","contentUrl":"https:\/\/spacetech.pt\/site\/wp-content\/uploads\/2023\/06\/Disco-Externo-Toshiba-1TB-Canvio-Basics-2.5-USB-3.0-Black-HDTB410EK3AA.jpg","width":600,"height":600,"caption":"Disco Externo Toshiba 1TB Canvio Basics 2.5 USB 3.0 Black - HDTB410EK3AA"},{"@type":"BreadcrumbList","@id":"https:\/\/spacetech.pt\/site\/product\/disco-externo-toshiba-1tb-canvio-basics-2-5-usb-3-0-black-hdtb410ek3aa\/#breadcrumb","itemListElement":[{"@type":"ListItem","position":1,"name":"In\u00edcio","item":"https:\/\/spacetech.pt\/site\/"},{"@type":"ListItem","position":2,"name":"Loja de Telem\u00f3veis","item":"https:\/\/spacetech.pt\/site\/"},{"@type":"ListItem","position":3,"name":"Disco Externo Toshiba 1TB Canvio Basics 2.5 USB 3.0 Black &#8211; HDTB410EK3AA"}]},{"@type":"WebSite","@id":"https:\/\/spacetech.pt\/site\/#website","url":"https:\/\/spacetech.pt\/site\/","name":"SpaceTech","description":"Gadgets de Qualidade","publisher":{"@id":"https:\/\/spacetech.pt\/site\/#organization"},"potentialAction":[{"@type":"SearchAction","target":{"@type":"EntryPoint","urlTemplate":"https:\/\/spacetech.pt\/site\/?s={search_term_string}"},"query-input":{"@type":"PropertyValueSpecification","valueRequired":true,"valueName":"search_term_string"}}],"inLanguage":"pt-BR"},{"@type":"Organization","@id":"https:\/\/spacetech.pt\/site\/#organization","name":"SpaceTech","url":"https:\/\/spacetech.pt\/site\/","logo":{"@type":"ImageObject","inLanguage":"pt-BR","@id":"https:\/\/spacetech.pt\/site\/#\/schema\/logo\/image\/","url":"https:\/\/spacetech.pt\/site\/wp-content\/uploads\/2021\/01\/cropped-logo-spacetech-quadrado.jpg","contentUrl":"https:\/\/spacetech.pt\/site\/wp-content\/uploads\/2021\/01\/cropped-logo-spacetech-quadrado.jpg","width":512,"height":512,"caption":"SpaceTech"},"image":{"@id":"https:\/\/spacetech.pt\/site\/#\/schema\/logo\/image\/"},"sameAs":["https:\/\/www.facebook.com\/SpaceTech-104699978252826","https:\/\/www.instagram.com\/spacetech.pt\/"]}]}},"jetpack_sharing_enabled":true,"_links":{"self":[{"href":"https:\/\/spacetech.pt\/site\/wp-json\/wp\/v2\/product\/1875","targetHints":{"allow":["GET"]}}],"collection":[{"href":"https:\/\/spacetech.pt\/site\/wp-json\/wp\/v2\/product"}],"about":[{"href":"https:\/\/spacetech.pt\/site\/wp-json\/wp\/v2\/types\/product"}],"replies":[{"embeddable":true,"href":"https:\/\/spacetech.pt\/site\/wp-json\/wp\/v2\/comments?post=1875"}],"wp:featuredmedia":[{"embeddable":true,"href":"https:\/\/spacetech.pt\/site\/wp-json\/wp\/v2\/media\/1876"}],"wp:attachment":[{"href":"https:\/\/spacetech.pt\/site\/wp-json\/wp\/v2\/media?parent=1875"}],"wp:term":[{"taxonomy":"product_brand","embeddable":true,"href":"https:\/\/spacetech.pt\/site\/wp-json\/wp\/v2\/product_brand?post=1875"},{"taxonomy":"product_cat","embeddable":true,"href":"https:\/\/spacetech.pt\/site\/wp-json\/wp\/v2\/product_cat?post=1875"},{"taxonomy":"product_tag","embeddable":true,"href":"https:\/\/spacetech.pt\/site\/wp-json\/wp\/v2\/product_tag?post=1875"}],"curies":[{"name":"wp","href":"https:\/\/api.w.org\/{rel}","templated":true}]}}