{"id":1852,"date":"2023-05-15T14:12:16","date_gmt":"2023-05-15T14:12:16","guid":{"rendered":"https:\/\/spacetech.pt\/site\/?post_type=product&#038;p=1852"},"modified":"2023-06-28T08:16:34","modified_gmt":"2023-06-28T08:16:34","slug":"iphone-14-pro-max-6-7-256gb-space-black","status":"publish","type":"product","link":"https:\/\/spacetech.pt\/site\/product\/iphone-14-pro-max-6-7-256gb-space-black\/","title":{"rendered":"iPhone 14 Pro Max 6.7&#8243; 256GB Space Black"},"content":{"rendered":"<h1 class=\"c-gEIijh\">iPhone 14 Pro Max 6.7&#8243; 256GB Space Black<\/h1>\n<p>&nbsp;<\/p>\n<section class=\"c-gYBZre c-PJLV\">\n<h2 class=\"c-kzxGrr\">Caracter\u00edsticas<\/h2>\n<div class=\"c-dJQpeH\">\n<div class=\"c-hZcBnW\">\n<div class=\"c-bPAdAq\">\n<h3 class=\"c-cjxfUp\">Rede<\/h3>\n<ul class=\"c-gRdNIr\">\n<li class=\"c-eHqchX\"><span class=\"c-khNXFk\">NFC ( Near Field Communication)<\/span>\n<div class=\"c-gtWDsx c-gtWDsx-iPJLV-css\"><\/div>\n<\/li>\n<li class=\"c-eHqchX\"><span class=\"c-khNXFk\">Vers\u00e3o Bluetooth<\/span><span class=\"c-gNXYgk\">5.3<\/span><\/li>\n<li class=\"c-eHqchX\"><span class=\"c-khNXFk\">Rede<\/span><span class=\"c-gNXYgk\">5G<\/span><\/li>\n<li class=\"c-eHqchX\"><span class=\"c-khNXFk\">Operadora <\/span><span class=\"c-gNXYgk\">Desbloqueados<\/span><\/li>\n<\/ul>\n<\/div>\n<div class=\"c-bPAdAq\">\n<h3 class=\"c-cjxfUp\">C\u00e2mera<\/h3>\n<ul class=\"c-gRdNIr\">\n<li class=\"c-eHqchX\"><span class=\"c-khNXFk\">Resolu\u00e7\u00e3o da c\u00e2mara traseira (num\u00e9rico)<\/span><span class=\"c-gNXYgk\">48 MP<\/span><\/li>\n<li class=\"c-eHqchX\"><span class=\"c-khNXFk\">Corre\u00e7\u00e3o &amp; nbsp; de olhos vermelhos <\/span><span class=\"c-gNXYgk\">Y<\/span><\/li>\n<li class=\"c-eHqchX\"><span class=\"c-khNXFk\">Resolu\u00e7\u00e3o de v\u00eddeo<\/span><span class=\"c-gNXYgk\">3840 x 2160 pixels<\/span><\/li>\n<li class=\"c-eHqchX\"><span class=\"c-khNXFk\">Modo de retrato<\/span>\n<div class=\"c-gtWDsx c-gtWDsx-iPJLV-css\"><\/div>\n<\/li>\n<li class=\"c-eHqchX\"><span class=\"c-khNXFk\">Modo noturno<\/span>\n<div class=\"c-gtWDsx c-gtWDsx-iPJLV-css\"><\/div>\n<\/li>\n<li class=\"c-eHqchX\"><span class=\"c-khNXFk\">Tipo de c\u00e2mara traseira <\/span><span class=\"c-gNXYgk\">C\u00e2mara tripla<\/span><\/li>\n<li class=\"c-eHqchX\"><span class=\"c-khNXFk\">Resolu\u00e7\u00e3o da segunda c\u00e2mara traseira (num\u00e9rica)<\/span><span class=\"c-gNXYgk\">12 MP<\/span><\/li>\n<li class=\"c-eHqchX\"><span class=\"c-khNXFk\">N\u00famero da abertura da c\u00e2mara traseira<\/span><span class=\"c-gNXYgk\">1,78<\/span><\/li>\n<li class=\"c-eHqchX\"><span class=\"c-khNXFk\">Resolu\u00e7\u00e3o a velocidade de captura<\/span><span class=\"c-gNXYgk\">1280&#215;720@30fps, 1920&#215;1080@25fps, 1920&#215;1080@30fps, 1920&#215;1080@60fps, 3840&#215;2160@24fps, 3840&#215;2160@25fps, 3840&#215;2160@30fps, 3840&#215;2160@60fps<\/span><\/li>\n<li class=\"c-eHqchX\"><span class=\"c-khNXFk\">Resolu\u00e7\u00e3o da terceira c\u00e2mara traseira (num\u00e9rico)<\/span><span class=\"c-gNXYgk\">12 MP<\/span><\/li>\n<li class=\"c-eHqchX\"><span class=\"c-khNXFk\">Flash da c\u00e2mara traseira<\/span>\n<div class=\"c-gtWDsx c-gtWDsx-iPJLV-css\"><\/div>\n<\/li>\n<li class=\"c-eHqchX\"><span class=\"c-khNXFk\">Panorama<\/span>\n<div class=\"c-gtWDsx c-gtWDsx-iPJLV-css\"><\/div>\n<\/li>\n<li class=\"c-eHqchX\"><span class=\"c-khNXFk\">Elementos das lentes da terceira c\u00e2mara traseira<\/span><span class=\"c-gNXYgk\">Lente de 6 elementos<\/span><\/li>\n<li class=\"c-eHqchX\"><span class=\"c-khNXFk\">Redu\u00e7\u00e3o de imagem \u00f3tica<\/span><span class=\"c-gNXYgk\">2 x<\/span><\/li>\n<li class=\"c-eHqchX\"><span class=\"c-khNXFk\">Aumento de imagem \u00f3tica<\/span><span class=\"c-gNXYgk\">3 x<\/span><\/li>\n<li class=\"c-eHqchX\"><span class=\"c-khNXFk\">Material da tampa de prote\u00e7\u00e3o para lente <\/span><span class=\"c-gNXYgk\">Cristal de safira<\/span><\/li>\n<li class=\"c-eHqchX\"><span class=\"c-khNXFk\">Macro fotografia<\/span>\n<div class=\"c-gtWDsx c-gtWDsx-iPJLV-css\"><\/div>\n<\/li>\n<li class=\"c-eHqchX\"><span class=\"c-khNXFk\">Formatos de imagem da c\u00e2mera suportados <\/span><span class=\"c-gNXYgk\">DNG, HEIF, JPEG<\/span><\/li>\n<li class=\"c-eHqchX\"><span class=\"c-khNXFk\">Zoom \u00e1udio<\/span>\n<div class=\"c-gtWDsx c-gtWDsx-iPJLV-css\"><\/div>\n<\/li>\n<li class=\"c-eHqchX\"><span class=\"c-khNXFk\">Elementos da lente da c\u00e2mera frontal <\/span><span class=\"c-gNXYgk\">Lente de 6 elementos<\/span><\/li>\n<li class=\"c-eHqchX\"><span class=\"c-khNXFk\">Formatos de v\u00eddeo da c\u00e2mera suportados<\/span><span class=\"c-gNXYgk\">H.264, HEVC, Pro Res<\/span><\/li>\n<li class=\"c-eHqchX\"><span class=\"c-khNXFk\">Zoom digital<\/span><span class=\"c-gNXYgk\">15 x<\/span><\/li>\n<li class=\"c-eHqchX\"><span class=\"c-khNXFk\">Zoom \u00f3ptico<\/span><span class=\"c-gNXYgk\">6 x<\/span><\/li>\n<li class=\"c-eHqchX\"><span class=\"c-khNXFk\">Modo de disparo cont\u00ednuo<\/span>\n<div class=\"c-gtWDsx c-gtWDsx-iPJLV-css\"><\/div>\n<\/li>\n<\/ul>\n<\/div>\n<div class=\"c-bPAdAq\">\n<h3 class=\"c-cjxfUp\">Pesos e Dimens\u00f5es<\/h3>\n<ul class=\"c-gRdNIr\">\n<li class=\"c-eHqchX\"><span class=\"c-khNXFk\">Altura<\/span><span class=\"c-gNXYgk\">160,7 mm<\/span><\/li>\n<li class=\"c-eHqchX\"><span class=\"c-khNXFk\">Largura<\/span><span class=\"c-gNXYgk\">77,6 mm<\/span><\/li>\n<li class=\"c-eHqchX\"><span class=\"c-khNXFk\">Profundidade<\/span><span class=\"c-gNXYgk\">7,85 mm<\/span><\/li>\n<li class=\"c-eHqchX\"><span class=\"c-khNXFk\">Peso<\/span><span class=\"c-gNXYgk\">240 g<\/span><\/li>\n<\/ul>\n<\/div>\n<div class=\"c-bPAdAq\">\n<h3 class=\"c-cjxfUp\">Ecr\u00e3<\/h3>\n<ul class=\"c-gRdNIr\">\n<li class=\"c-eHqchX\"><span class=\"c-khNXFk\">Resolu\u00e7\u00e3o de Ecr\u00e3<\/span><span class=\"c-gNXYgk\">2796 x 1290 pixels<\/span><\/li>\n<li class=\"c-eHqchX\"><span class=\"c-khNXFk\">Brilho de visualiza\u00e7\u00e3o m\u00e1ximo (Exterior)<\/span><span class=\"c-gNXYgk\">2000 cd\/m\u00b2<\/span><\/li>\n<li class=\"c-eHqchX\"><span class=\"c-khNXFk\">Tecnologia do Ecr\u00e3 <\/span><span class=\"c-gNXYgk\">OLED<\/span><\/li>\n<li class=\"c-eHqchX\"><span class=\"c-khNXFk\">Tamanho de Ecr\u00e3<\/span><span class=\"c-gNXYgk\">6.7 &#8220;<\/span><\/li>\n<\/ul>\n<\/div>\n<div class=\"c-bPAdAq\">\n<h3 class=\"c-cjxfUp\">Processador<\/h3>\n<ul class=\"c-gRdNIr\">\n<li class=\"c-eHqchX\"><span class=\"c-khNXFk\">Processador <\/span><span class=\"c-gNXYgk\">Apple<\/span><\/li>\n<li class=\"c-eHqchX\"><span class=\"c-khNXFk\">Modelo de processador<\/span><span class=\"c-gNXYgk\">A16<\/span><\/li>\n<\/ul>\n<\/div>\n<div class=\"c-bPAdAq\">\n<h3 class=\"c-cjxfUp\">Sensores<\/h3>\n<ul class=\"c-gRdNIr\">\n<li class=\"c-eHqchX\"><span class=\"c-khNXFk\">Sensor LiDAR<\/span>\n<div class=\"c-gtWDsx c-gtWDsx-iPJLV-css\"><\/div>\n<\/li>\n<li class=\"c-eHqchX\"><span class=\"c-khNXFk\">Bar\u00f3metro<\/span>\n<div class=\"c-gtWDsx c-gtWDsx-iPJLV-css\"><\/div>\n<\/li>\n<li class=\"c-eHqchX\"><span class=\"c-khNXFk\">Sensor de proximidade<\/span>\n<div class=\"c-gtWDsx c-gtWDsx-iPJLV-css\"><\/div>\n<\/li>\n<li class=\"c-eHqchX\"><span class=\"c-khNXFk\">Sensor de luz ambiente<\/span>\n<div class=\"c-gtWDsx c-gtWDsx-iPJLV-css\"><\/div>\n<\/li>\n<li class=\"c-eHqchX\"><span class=\"c-khNXFk\">Aceler\u00f3metro<\/span>\n<div class=\"c-gtWDsx c-gtWDsx-iPJLV-css\"><\/div>\n<\/li>\n<li class=\"c-eHqchX\"><span class=\"c-khNXFk\">Girosc\u00f3pio<\/span>\n<div class=\"c-gtWDsx c-gtWDsx-iPJLV-css\"><\/div>\n<\/li>\n<\/ul>\n<\/div>\n<div class=\"c-bPAdAq\">\n<h3 class=\"c-cjxfUp\">M\u00eddia de armazenamento<\/h3>\n<ul class=\"c-gRdNIr\">\n<li class=\"c-eHqchX\"><span class=\"c-khNXFk\">Tipos de cart\u00e3o de mem\u00f3ria compat\u00edveis <\/span><span class=\"c-gNXYgk\">N\u00e3o suportado<\/span><\/li>\n<li class=\"c-eHqchX\"><span class=\"c-khNXFk\">Mem\u00f3ria Interna<\/span><span class=\"c-gNXYgk\">256 GB<\/span><\/li>\n<li class=\"c-eHqchX\"><span class=\"c-khNXFk\">Mem\u00f3ria RAM<\/span><span class=\"c-gNXYgk\">6GB<\/span><\/li>\n<\/ul>\n<\/div>\n<div class=\"c-bPAdAq\">\n<h3 class=\"c-cjxfUp\">Capacidade do Cart\u00e3o SIM<\/h3>\n<ul class=\"c-gRdNIr\">\n<li class=\"c-eHqchX\"><span class=\"c-khNXFk\">Dual SIM<\/span>\n<div class=\"c-gtWDsx c-gtWDsx-iPJLV-css\"><\/div>\n<\/li>\n<\/ul>\n<\/div>\n<\/div>\n<div class=\"c-hZcBnW\">\n<div class=\"c-bPAdAq\">\n<h3 class=\"c-cjxfUp\">Conectividade<\/h3>\n<ul class=\"c-gRdNIr\">\n<li class=\"c-eHqchX\"><span class=\"c-khNXFk\">Conetor Lightning<\/span>\n<div class=\"c-gtWDsx c-gtWDsx-iPJLV-css\"><\/div>\n<\/li>\n<li class=\"c-eHqchX\"><span class=\"c-khNXFk\">Entradas de Auscultadores <\/span><span class=\"c-gNXYgk\">Lightning<\/span><\/li>\n<\/ul>\n<\/div>\n<div class=\"c-bPAdAq\">\n<h3 class=\"c-cjxfUp\">Monitores<\/h3>\n<ul class=\"c-gRdNIr\">\n<li class=\"c-eHqchX\"><span class=\"c-khNXFk\">Densidade de p\u00edxeis<\/span><span class=\"c-gNXYgk\">460 ppi<\/span><\/li>\n<li class=\"c-eHqchX\"><span class=\"c-khNXFk\">Luminosidade<\/span><span class=\"c-gNXYgk\">1000 cd\/m\u00b2<\/span><\/li>\n<li class=\"c-eHqchX\"><span class=\"c-khNXFk\">Resolu\u00e7\u00e3o de Ecr\u00e3<\/span><span class=\"c-gNXYgk\">2796 x 1290 pixels<\/span><\/li>\n<li class=\"c-eHqchX\"><span class=\"c-khNXFk\">Formato <\/span><span class=\"c-gNXYgk\">Plano<\/span><\/li>\n<li class=\"c-eHqchX\"><span class=\"c-khNXFk\">R\u00e1cio de contraste (t\u00edpico)<\/span><span class=\"c-gNXYgk\">2000000:1<\/span><\/li>\n<li class=\"c-eHqchX\"><span class=\"c-khNXFk\">Tipo de vidro do ecr\u00e3 <\/span><span class=\"c-gNXYgk\">Ceramic Shield<\/span><\/li>\n<li class=\"c-eHqchX\"><span class=\"c-khNXFk\">Compat\u00edvel com HDR<\/span>\n<div class=\"c-gtWDsx c-gtWDsx-iPJLV-css\"><\/div>\n<\/li>\n<li class=\"c-eHqchX\"><span class=\"c-khNXFk\">Tecnologia High Dynamic Range (HDR)<\/span><span class=\"c-gNXYgk\">Extreme Dynamic Range (XDR)<\/span><\/li>\n<li class=\"c-eHqchX\"><span class=\"c-khNXFk\">Luminosidade m\u00e1xima do ecr\u00e3 (HDR)<\/span><span class=\"c-gNXYgk\">1600 cd\/m\u00b2<\/span><\/li>\n<li class=\"c-eHqchX\"><span class=\"c-khNXFk\">Brilho de visualiza\u00e7\u00e3o m\u00e1ximo (Exterior)<\/span><span class=\"c-gNXYgk\">2000 cd\/m\u00b2<\/span><\/li>\n<li class=\"c-eHqchX\"><span class=\"c-khNXFk\">Taxa de Atualiza\u00e7\u00e3o<\/span><span class=\"c-gNXYgk\">120 Hz<\/span><\/li>\n<li class=\"c-eHqchX\"><span class=\"c-khNXFk\">Tecnologia do Ecr\u00e3 <\/span><span class=\"c-gNXYgk\">OLED<\/span><\/li>\n<\/ul>\n<\/div>\n<div class=\"c-bPAdAq\">\n<h3 class=\"c-cjxfUp\">Navega\u00e7\u00e3o<\/h3>\n<ul class=\"c-gRdNIr\">\n<li class=\"c-eHqchX\"><span class=\"c-khNXFk\">GLONASS<\/span>\n<div class=\"c-gtWDsx c-gtWDsx-iPJLV-css\"><\/div>\n<\/li>\n<li class=\"c-eHqchX\"><span class=\"c-khNXFk\">B\u00fassola eletr\u00f4nica<\/span>\n<div class=\"c-gtWDsx c-gtWDsx-iPJLV-css\"><\/div>\n<\/li>\n<li class=\"c-eHqchX\"><span class=\"c-khNXFk\">Localiza\u00e7\u00e3o<\/span>\n<div class=\"c-gtWDsx c-gtWDsx-iPJLV-css\"><\/div>\n<\/li>\n<li class=\"c-eHqchX\"><span class=\"c-khNXFk\">Bei Dou<\/span>\n<div class=\"c-gtWDsx c-gtWDsx-iPJLV-css\"><\/div>\n<\/li>\n<li class=\"c-eHqchX\"><span class=\"c-khNXFk\">GPS Inclu\u00eddo<\/span>\n<div class=\"c-gtWDsx c-gtWDsx-iPJLV-css\"><\/div>\n<\/li>\n<li class=\"c-eHqchX\"><span class=\"c-khNXFk\">Galileo<\/span>\n<div class=\"c-gtWDsx c-gtWDsx-iPJLV-css\"><\/div>\n<\/li>\n<li class=\"c-eHqchX\"><span class=\"c-khNXFk\">Sistema de sat\u00e9lite Quasi-Zenith (QZSS)<\/span>\n<div class=\"c-gtWDsx c-gtWDsx-iPJLV-css\"><\/div>\n<\/li>\n<li class=\"c-eHqchX\"><span class=\"c-khNXFk\">Posicionamento Wi-Fi<\/span>\n<div class=\"c-gtWDsx c-gtWDsx-iPJLV-css\"><\/div>\n<\/li>\n<\/ul>\n<\/div>\n<div class=\"c-bPAdAq\">\n<h3 class=\"c-cjxfUp\">Design e Caracter\u00edsticas F\u00edsicas<\/h3>\n<ul class=\"c-gRdNIr\">\n<li class=\"c-eHqchX\"><span class=\"c-khNXFk\">Cor <\/span><span class=\"c-gNXYgk\">Black<\/span><\/li>\n<li class=\"c-eHqchX\"><span class=\"c-khNXFk\">Humidade: \u00c0 prova de \u00e1gua at\u00e9<\/span><span class=\"c-gNXYgk\">6 m<\/span><\/li>\n<\/ul>\n<\/div>\n<div class=\"c-bPAdAq\">\n<h3 class=\"c-cjxfUp\">Software<\/h3>\n<ul class=\"c-gRdNIr\">\n<li class=\"c-eHqchX\"><span class=\"c-khNXFk\">Sistema Operativo<\/span><span class=\"c-gNXYgk\">iOS 16<\/span><\/li>\n<\/ul>\n<\/div>\n<div class=\"c-bPAdAq\">\n<h3 class=\"c-cjxfUp\">Desempenho<\/h3>\n<ul class=\"c-gRdNIr\">\n<li class=\"c-eHqchX\"><span class=\"c-khNXFk\">Funcionalidades de acessibilidade <\/span><span class=\"c-gNXYgk\">Assistive Touch, Back Tap, Legendas Ocultas, Lupa, Real-time text (RTT), Siri and Dictation, Conte\u00fado Falado, Switch Control, Teletype (TTY), Type to Siri, Controlo por Voz, Voice Over, Zoom<\/span><\/li>\n<li class=\"c-eHqchX\"><span class=\"c-khNXFk\">Detec\u00e7\u00e3o de colis\u00f5es<\/span>\n<div class=\"c-gtWDsx c-gtWDsx-iPJLV-css\"><\/div>\n<\/li>\n<li class=\"c-eHqchX\"><span class=\"c-khNXFk\">SOS de emerg\u00eancia (sat\u00e9lite)<\/span>\n<div class=\"c-gtWDsx c-gtWDsx-iPJLV-css\"><\/div>\n<\/li>\n<\/ul>\n<\/div>\n<div class=\"c-bPAdAq\">\n<h3 class=\"c-cjxfUp\">M\u00eddia de armazenamento<\/h3>\n<ul class=\"c-gRdNIr\">\n<li class=\"c-eHqchX\"><span class=\"c-khNXFk\">Capacidade <\/span><span class=\"c-gNXYgk\">128 a 256 GB<\/span><\/li>\n<\/ul>\n<\/div>\n<\/div>\n<\/div>\n<\/section>\n<div class=\"c-gOYXKZ\"><span class=\"c-cUnbMK\">C\u00f3digo de barras:<\/span><span class=\"c-ijYvwD\">0194253380764 | 0194253380863<\/span><\/div>\n<div class=\"c-gOYXKZ\"><span class=\"c-cUnbMK\">Refer\u00eancia:<\/span><span class=\"c-ijYvwD\">194253380764 | MQ9U3QL\/A | TIC7758721<\/span><\/div>\n","protected":false},"excerpt":{"rendered":"<h3>Dynamic Island<\/h3>\n<p>A nova forma intuitiva de interagires com o iPhone 14 Pro Max.<\/p>\n<p>A Dynamic Island foi concebida a pensar no conforto e na melhor experi\u00eancia de utiliza\u00e7\u00e3o poss\u00edvel alguma vez vista num smartphone. Esta funcionalidade \u00e9\u00a0<strong>exclusiva da Apple<\/strong>\u00a0e vai mostrar tudo o que interessa sem interrup\u00e7\u00f5es.<\/p>\n<p>As notifica\u00e7\u00f5es v\u00e3o ganhar vida e forma de modo a estares sempre a par de tudo.<\/p>\n","protected":false},"featured_media":1853,"comment_status":"open","ping_status":"closed","template":"","meta":[],"product_brand":[],"product_cat":[83],"product_tag":[],"class_list":{"0":"post-1852","1":"product","2":"type-product","3":"status-publish","4":"has-post-thumbnail","6":"product_cat-apple","8":"first","9":"onbackorder","10":"taxable","11":"shipping-taxable","12":"purchasable","13":"product-type-simple"},"yoast_head":"<!-- This site is optimized with the Yoast SEO plugin v27.0 - https:\/\/yoast.com\/product\/yoast-seo-wordpress\/ -->\n<title>iPhone 14 Pro Max 6.7&quot; 256GB Space Black | SpaceTech<\/title>\n<meta name=\"description\" content=\"O mais Pro de todos,j\u00e1 era hora de ir mais al\u00e9m.O maior upgrade de sempre no sistema de c\u00e2maras de um iPhone. 48MP capazes de registar fotografias incr\u00edveis\" \/>\n<meta name=\"robots\" content=\"index, follow, max-snippet:-1, max-image-preview:large, max-video-preview:-1\" \/>\n<link rel=\"canonical\" href=\"https:\/\/spacetech.pt\/site\/product\/iphone-14-pro-max-6-7-256gb-space-black\/\" \/>\n<meta property=\"og:locale\" content=\"pt_BR\" \/>\n<meta property=\"og:type\" content=\"article\" \/>\n<meta property=\"og:title\" content=\"iPhone 14 Pro Max 6.7&quot; 256GB Space Black | SpaceTech\" \/>\n<meta property=\"og:description\" content=\"O mais Pro de todos,j\u00e1 era hora de ir mais al\u00e9m.O maior upgrade de sempre no sistema de c\u00e2maras de um iPhone. 48MP capazes de registar fotografias incr\u00edveis\" \/>\n<meta property=\"og:url\" content=\"https:\/\/spacetech.pt\/site\/product\/iphone-14-pro-max-6-7-256gb-space-black\/\" \/>\n<meta property=\"og:site_name\" content=\"SpaceTech\" \/>\n<meta property=\"article:publisher\" content=\"https:\/\/www.facebook.com\/SpaceTech-104699978252826\" \/>\n<meta property=\"article:modified_time\" content=\"2023-06-28T08:16:34+00:00\" \/>\n<meta property=\"og:image\" content=\"https:\/\/spacetech.pt\/site\/wp-content\/uploads\/2023\/05\/iPhone-14-Pro-Max-6.7-256GB-Space-Black.jpg\" \/>\n\t<meta property=\"og:image:width\" content=\"600\" \/>\n\t<meta property=\"og:image:height\" content=\"600\" \/>\n\t<meta property=\"og:image:type\" content=\"image\/jpeg\" \/>\n<meta name=\"twitter:card\" content=\"summary_large_image\" \/>\n<meta name=\"twitter:label1\" content=\"Est. tempo de leitura\" \/>\n\t<meta name=\"twitter:data1\" content=\"3 minutos\" \/>\n<script type=\"application\/ld+json\" class=\"yoast-schema-graph\">{\"@context\":\"https:\/\/schema.org\",\"@graph\":[{\"@type\":\"WebPage\",\"@id\":\"https:\/\/spacetech.pt\/site\/product\/iphone-14-pro-max-6-7-256gb-space-black\/\",\"url\":\"https:\/\/spacetech.pt\/site\/product\/iphone-14-pro-max-6-7-256gb-space-black\/\",\"name\":\"iPhone 14 Pro Max 6.7\\\" 256GB Space Black | SpaceTech\",\"isPartOf\":{\"@id\":\"https:\/\/spacetech.pt\/site\/#website\"},\"primaryImageOfPage\":{\"@id\":\"https:\/\/spacetech.pt\/site\/product\/iphone-14-pro-max-6-7-256gb-space-black\/#primaryimage\"},\"image\":{\"@id\":\"https:\/\/spacetech.pt\/site\/product\/iphone-14-pro-max-6-7-256gb-space-black\/#primaryimage\"},\"thumbnailUrl\":\"https:\/\/spacetech.pt\/site\/wp-content\/uploads\/2023\/05\/iPhone-14-Pro-Max-6.7-256GB-Space-Black.jpg\",\"datePublished\":\"2023-05-15T14:12:16+00:00\",\"dateModified\":\"2023-06-28T08:16:34+00:00\",\"description\":\"O mais Pro de todos,j\u00e1 era hora de ir mais al\u00e9m.O maior upgrade de sempre no sistema de c\u00e2maras de um iPhone. 48MP capazes de registar fotografias incr\u00edveis\",\"breadcrumb\":{\"@id\":\"https:\/\/spacetech.pt\/site\/product\/iphone-14-pro-max-6-7-256gb-space-black\/#breadcrumb\"},\"inLanguage\":\"pt-BR\",\"potentialAction\":[{\"@type\":\"ReadAction\",\"target\":[\"https:\/\/spacetech.pt\/site\/product\/iphone-14-pro-max-6-7-256gb-space-black\/\"]}]},{\"@type\":\"ImageObject\",\"inLanguage\":\"pt-BR\",\"@id\":\"https:\/\/spacetech.pt\/site\/product\/iphone-14-pro-max-6-7-256gb-space-black\/#primaryimage\",\"url\":\"https:\/\/spacetech.pt\/site\/wp-content\/uploads\/2023\/05\/iPhone-14-Pro-Max-6.7-256GB-Space-Black.jpg\",\"contentUrl\":\"https:\/\/spacetech.pt\/site\/wp-content\/uploads\/2023\/05\/iPhone-14-Pro-Max-6.7-256GB-Space-Black.jpg\",\"width\":600,\"height\":600,\"caption\":\"iPhone 14 Pro Max 6.7\\\" 256GB Space Black\"},{\"@type\":\"BreadcrumbList\",\"@id\":\"https:\/\/spacetech.pt\/site\/product\/iphone-14-pro-max-6-7-256gb-space-black\/#breadcrumb\",\"itemListElement\":[{\"@type\":\"ListItem\",\"position\":1,\"name\":\"In\u00edcio\",\"item\":\"https:\/\/spacetech.pt\/site\/\"},{\"@type\":\"ListItem\",\"position\":2,\"name\":\"Loja de Telem\u00f3veis\",\"item\":\"https:\/\/spacetech.pt\/site\/\"},{\"@type\":\"ListItem\",\"position\":3,\"name\":\"iPhone 14 Pro Max 6.7&#8243; 256GB Space Black\"}]},{\"@type\":\"WebSite\",\"@id\":\"https:\/\/spacetech.pt\/site\/#website\",\"url\":\"https:\/\/spacetech.pt\/site\/\",\"name\":\"SpaceTech\",\"description\":\"Gadgets de Qualidade\",\"publisher\":{\"@id\":\"https:\/\/spacetech.pt\/site\/#organization\"},\"potentialAction\":[{\"@type\":\"SearchAction\",\"target\":{\"@type\":\"EntryPoint\",\"urlTemplate\":\"https:\/\/spacetech.pt\/site\/?s={search_term_string}\"},\"query-input\":{\"@type\":\"PropertyValueSpecification\",\"valueRequired\":true,\"valueName\":\"search_term_string\"}}],\"inLanguage\":\"pt-BR\"},{\"@type\":\"Organization\",\"@id\":\"https:\/\/spacetech.pt\/site\/#organization\",\"name\":\"SpaceTech\",\"url\":\"https:\/\/spacetech.pt\/site\/\",\"logo\":{\"@type\":\"ImageObject\",\"inLanguage\":\"pt-BR\",\"@id\":\"https:\/\/spacetech.pt\/site\/#\/schema\/logo\/image\/\",\"url\":\"https:\/\/spacetech.pt\/site\/wp-content\/uploads\/2021\/01\/cropped-logo-spacetech-quadrado.jpg\",\"contentUrl\":\"https:\/\/spacetech.pt\/site\/wp-content\/uploads\/2021\/01\/cropped-logo-spacetech-quadrado.jpg\",\"width\":512,\"height\":512,\"caption\":\"SpaceTech\"},\"image\":{\"@id\":\"https:\/\/spacetech.pt\/site\/#\/schema\/logo\/image\/\"},\"sameAs\":[\"https:\/\/www.facebook.com\/SpaceTech-104699978252826\",\"https:\/\/www.instagram.com\/spacetech.pt\/\"]}]}<\/script>\n<!-- \/ Yoast SEO plugin. -->","yoast_head_json":{"title":"iPhone 14 Pro Max 6.7\" 256GB Space Black | SpaceTech","description":"O mais Pro de todos,j\u00e1 era hora de ir mais al\u00e9m.O maior upgrade de sempre no sistema de c\u00e2maras de um iPhone. 48MP capazes de registar fotografias incr\u00edveis","robots":{"index":"index","follow":"follow","max-snippet":"max-snippet:-1","max-image-preview":"max-image-preview:large","max-video-preview":"max-video-preview:-1"},"canonical":"https:\/\/spacetech.pt\/site\/product\/iphone-14-pro-max-6-7-256gb-space-black\/","og_locale":"pt_BR","og_type":"article","og_title":"iPhone 14 Pro Max 6.7\" 256GB Space Black | SpaceTech","og_description":"O mais Pro de todos,j\u00e1 era hora de ir mais al\u00e9m.O maior upgrade de sempre no sistema de c\u00e2maras de um iPhone. 48MP capazes de registar fotografias incr\u00edveis","og_url":"https:\/\/spacetech.pt\/site\/product\/iphone-14-pro-max-6-7-256gb-space-black\/","og_site_name":"SpaceTech","article_publisher":"https:\/\/www.facebook.com\/SpaceTech-104699978252826","article_modified_time":"2023-06-28T08:16:34+00:00","og_image":[{"width":600,"height":600,"url":"https:\/\/spacetech.pt\/site\/wp-content\/uploads\/2023\/05\/iPhone-14-Pro-Max-6.7-256GB-Space-Black.jpg","type":"image\/jpeg"}],"twitter_card":"summary_large_image","twitter_misc":{"Est. tempo de leitura":"3 minutos"},"schema":{"@context":"https:\/\/schema.org","@graph":[{"@type":"WebPage","@id":"https:\/\/spacetech.pt\/site\/product\/iphone-14-pro-max-6-7-256gb-space-black\/","url":"https:\/\/spacetech.pt\/site\/product\/iphone-14-pro-max-6-7-256gb-space-black\/","name":"iPhone 14 Pro Max 6.7\" 256GB Space Black | SpaceTech","isPartOf":{"@id":"https:\/\/spacetech.pt\/site\/#website"},"primaryImageOfPage":{"@id":"https:\/\/spacetech.pt\/site\/product\/iphone-14-pro-max-6-7-256gb-space-black\/#primaryimage"},"image":{"@id":"https:\/\/spacetech.pt\/site\/product\/iphone-14-pro-max-6-7-256gb-space-black\/#primaryimage"},"thumbnailUrl":"https:\/\/spacetech.pt\/site\/wp-content\/uploads\/2023\/05\/iPhone-14-Pro-Max-6.7-256GB-Space-Black.jpg","datePublished":"2023-05-15T14:12:16+00:00","dateModified":"2023-06-28T08:16:34+00:00","description":"O mais Pro de todos,j\u00e1 era hora de ir mais al\u00e9m.O maior upgrade de sempre no sistema de c\u00e2maras de um iPhone. 48MP capazes de registar fotografias incr\u00edveis","breadcrumb":{"@id":"https:\/\/spacetech.pt\/site\/product\/iphone-14-pro-max-6-7-256gb-space-black\/#breadcrumb"},"inLanguage":"pt-BR","potentialAction":[{"@type":"ReadAction","target":["https:\/\/spacetech.pt\/site\/product\/iphone-14-pro-max-6-7-256gb-space-black\/"]}]},{"@type":"ImageObject","inLanguage":"pt-BR","@id":"https:\/\/spacetech.pt\/site\/product\/iphone-14-pro-max-6-7-256gb-space-black\/#primaryimage","url":"https:\/\/spacetech.pt\/site\/wp-content\/uploads\/2023\/05\/iPhone-14-Pro-Max-6.7-256GB-Space-Black.jpg","contentUrl":"https:\/\/spacetech.pt\/site\/wp-content\/uploads\/2023\/05\/iPhone-14-Pro-Max-6.7-256GB-Space-Black.jpg","width":600,"height":600,"caption":"iPhone 14 Pro Max 6.7\" 256GB Space Black"},{"@type":"BreadcrumbList","@id":"https:\/\/spacetech.pt\/site\/product\/iphone-14-pro-max-6-7-256gb-space-black\/#breadcrumb","itemListElement":[{"@type":"ListItem","position":1,"name":"In\u00edcio","item":"https:\/\/spacetech.pt\/site\/"},{"@type":"ListItem","position":2,"name":"Loja de Telem\u00f3veis","item":"https:\/\/spacetech.pt\/site\/"},{"@type":"ListItem","position":3,"name":"iPhone 14 Pro Max 6.7&#8243; 256GB Space Black"}]},{"@type":"WebSite","@id":"https:\/\/spacetech.pt\/site\/#website","url":"https:\/\/spacetech.pt\/site\/","name":"SpaceTech","description":"Gadgets de Qualidade","publisher":{"@id":"https:\/\/spacetech.pt\/site\/#organization"},"potentialAction":[{"@type":"SearchAction","target":{"@type":"EntryPoint","urlTemplate":"https:\/\/spacetech.pt\/site\/?s={search_term_string}"},"query-input":{"@type":"PropertyValueSpecification","valueRequired":true,"valueName":"search_term_string"}}],"inLanguage":"pt-BR"},{"@type":"Organization","@id":"https:\/\/spacetech.pt\/site\/#organization","name":"SpaceTech","url":"https:\/\/spacetech.pt\/site\/","logo":{"@type":"ImageObject","inLanguage":"pt-BR","@id":"https:\/\/spacetech.pt\/site\/#\/schema\/logo\/image\/","url":"https:\/\/spacetech.pt\/site\/wp-content\/uploads\/2021\/01\/cropped-logo-spacetech-quadrado.jpg","contentUrl":"https:\/\/spacetech.pt\/site\/wp-content\/uploads\/2021\/01\/cropped-logo-spacetech-quadrado.jpg","width":512,"height":512,"caption":"SpaceTech"},"image":{"@id":"https:\/\/spacetech.pt\/site\/#\/schema\/logo\/image\/"},"sameAs":["https:\/\/www.facebook.com\/SpaceTech-104699978252826","https:\/\/www.instagram.com\/spacetech.pt\/"]}]}},"jetpack_sharing_enabled":true,"_links":{"self":[{"href":"https:\/\/spacetech.pt\/site\/wp-json\/wp\/v2\/product\/1852","targetHints":{"allow":["GET"]}}],"collection":[{"href":"https:\/\/spacetech.pt\/site\/wp-json\/wp\/v2\/product"}],"about":[{"href":"https:\/\/spacetech.pt\/site\/wp-json\/wp\/v2\/types\/product"}],"replies":[{"embeddable":true,"href":"https:\/\/spacetech.pt\/site\/wp-json\/wp\/v2\/comments?post=1852"}],"wp:featuredmedia":[{"embeddable":true,"href":"https:\/\/spacetech.pt\/site\/wp-json\/wp\/v2\/media\/1853"}],"wp:attachment":[{"href":"https:\/\/spacetech.pt\/site\/wp-json\/wp\/v2\/media?parent=1852"}],"wp:term":[{"taxonomy":"product_brand","embeddable":true,"href":"https:\/\/spacetech.pt\/site\/wp-json\/wp\/v2\/product_brand?post=1852"},{"taxonomy":"product_cat","embeddable":true,"href":"https:\/\/spacetech.pt\/site\/wp-json\/wp\/v2\/product_cat?post=1852"},{"taxonomy":"product_tag","embeddable":true,"href":"https:\/\/spacetech.pt\/site\/wp-json\/wp\/v2\/product_tag?post=1852"}],"curies":[{"name":"wp","href":"https:\/\/api.w.org\/{rel}","templated":true}]}}