{"id":1816,"date":"2023-04-01T22:52:04","date_gmt":"2023-04-01T22:52:04","guid":{"rendered":"https:\/\/spacetech.pt\/site\/?post_type=product&#038;p=1816"},"modified":"2023-04-13T13:46:12","modified_gmt":"2023-04-13T13:46:12","slug":"iphone-11-recondicionado-grade-a-6-1-64gb-white","status":"publish","type":"product","link":"https:\/\/spacetech.pt\/site\/product\/iphone-11-recondicionado-grade-a-6-1-64gb-white\/","title":{"rendered":"iPhone 11 Recondicionado (Grade A) 6.1&#8243; 64GB White"},"content":{"rendered":"<div class=\"c-fxyIaD\">\n<div class=\"c-gbBGZW\">\n<h1 class=\"c-gEIijh\">iPhone 11 Recondicionado (Grade A) 6.1&#8243; 64GB White<\/h1>\n<\/div>\n<\/div>\n<div class=\"c-hmAmmA\">\n<div>\n<div class=\"c-cjuRbG\" aria-label=\"share\">\n<div class=\"c-gtWDsx c-gtWDsx-iPJLV-css\">\n<div class=\"c-gtWDsx c-gtWDsx-iPJLV-css\">\n<h2 class=\"c-kzxGrr\">Caracter\u00edsticas<\/h2>\n<div class=\"c-dJQpeH\">\n<div class=\"c-hZcBnW\">\n<div class=\"c-bPAdAq\">\n<h3 class=\"c-cjxfUp\">Design e Caracter\u00edsticas F\u00edsicas<\/h3>\n<ul class=\"c-gRdNIr\">\n<li class=\"c-eHqchX\"><span class=\"c-khNXFk\">Cor <\/span><span class=\"c-gNXYgk\">White<\/span><\/li>\n<\/ul>\n<\/div>\n<div class=\"c-bPAdAq\">\n<h3 class=\"c-cjxfUp\">Grade<\/h3>\n<ul class=\"c-gRdNIr\">\n<li class=\"c-eHqchX\"><span class=\"c-khNXFk\">Grade <\/span><span class=\"c-gNXYgk\">A<\/span><\/li>\n<\/ul>\n<\/div>\n<div class=\"c-bPAdAq\">\n<h3 class=\"c-cjxfUp\">Ecr\u00e3<\/h3>\n<ul class=\"c-gRdNIr\">\n<li class=\"c-eHqchX\"><span class=\"c-khNXFk\">Tamanho de Ecr\u00e3 <\/span><span class=\"c-gNXYgk\">6&#8243; a 6.4&#8243;<\/span><\/li>\n<\/ul>\n<\/div>\n<\/div>\n<div class=\"c-hZcBnW\">\n<div class=\"c-bPAdAq\">\n<h3 class=\"c-cjxfUp\">Caracter\u00edsticas<\/h3>\n<ul class=\"c-gRdNIr\">\n<li class=\"c-eHqchX\"><span class=\"c-khNXFk\">Sistema Operativo <\/span><span class=\"c-gNXYgk\">IOS<\/span><\/li>\n<li class=\"c-eHqchX\"><span class=\"c-khNXFk\">Operadora <\/span><span class=\"c-gNXYgk\">Desbloqueados<\/span><\/li>\n<li class=\"c-eHqchX\"><span class=\"c-khNXFk\">Rede <\/span><span class=\"c-gNXYgk\">5G<\/span><\/li>\n<li class=\"c-eHqchX\"><span class=\"c-khNXFk\">Dual SIM<\/span>\n<div class=\"c-gtWDsx c-gtWDsx-idHCNva-css\"><\/div>\n<\/li>\n<\/ul>\n<\/div>\n<div class=\"c-bPAdAq\">\n<h3 class=\"c-cjxfUp\">M\u00eddia de armazenamento<\/h3>\n<ul class=\"c-gRdNIr\">\n<li class=\"c-eHqchX\"><span class=\"c-khNXFk\">Mem\u00f3ria RAM <\/span><span class=\"c-gNXYgk\">4 GB<\/span><\/li>\n<li class=\"c-eHqchX\"><span class=\"c-khNXFk\">Mem\u00f3ria Interna <\/span><span class=\"c-gNXYgk\">64 GB<\/span><\/li>\n<\/ul>\n<\/div>\n<\/div>\n<\/div>\n<\/div>\n<\/div>\n<\/div>\n<\/div>\n<\/div>\n","protected":false},"excerpt":{"rendered":"<h2 class=\"c-kzxGrr\">Detalhes do Produto<\/h2>\n<div class=\"c-fkoqBN\">\n<div>\n<p><strong>Equipamento Grade A Usado.<\/strong><\/p>\n<p>Todos os equipamentos usados s\u00e3o rigorosamente testados por profissionais treinados num ambiente t\u00e9cnico controlado e com ferramentas de \u00faltima gera\u00e7\u00e3o.<\/p>\n<p>Os equipamentos s\u00e3o submetidos a testes rigorosos e verifica\u00e7\u00e3o de componentes para garantir a m\u00e1xima qualidade e seguran\u00e7a. Com marcas m\u00ednimas, de utiliza\u00e7\u00e3o residuais.<\/p>\n<p>N\u00e3o inclui acess\u00f3rios, pode n\u00e3o incluir carregador.<\/p>\n<p>&nbsp;<\/p>\n<p>O\u00a0<strong>Apple iPhone 11<\/strong>\u00a0incorpora um dos chips mais r\u00e1pidos de sempre num smartphone, o A13 Bionic. Grava v\u00eddeos em qualidade 4K, permite captar fotografias fant\u00e1sticas em condi\u00e7\u00f5es de pouca luz com o Modo Noite e no Ecr\u00e3 Retina L\u00edquida de 6.1&#8243; polegadas \u00e9 poss\u00edvel ver todo o tipo de conte\u00fados com a melhor qualidade poss\u00edvel.<\/p>\n<p>&nbsp;<\/p>\n<p><strong>Tudo o que quer. Na medida certa.<\/strong><br \/>\nUm novo sistema de c\u00e2mara dupla que alarga os horizontes das suas fotografias. Autonomia para todo o dia para fazer muito mais sem ter de parar para recarregar. O processador mais r\u00e1pido e a melhor qualidade de v\u00eddeo num smart\u00adphone, para que as suas recorda\u00e7\u00f5es se tornem ainda mais inesquec\u00edveis.<\/p>\n<p><strong>Vai ter de se esfor\u00e7ar muito para tirar m\u00e1s fotografias.<\/strong><br \/>\nNovo sistema de c\u00e2mara dupla. Alargue os horizontes das suas fotografias. Literalmente. Na interface redesenhada, a nova c\u00e2mara ultra grande angular permite ver e captar o que est\u00e1 fora do enquadramento. Grave v\u00eddeos e edite\u2011os com a mesma facilidade com que retoca as suas fotos. A c\u00e2mara mais popular do mundo, agora com uma nova perspetiva.<\/p>\n<p><strong>Nova C\u00e2mara Ultra Grande Angular.<\/strong><br \/>\nA nova ultra grande angular capta quatro vezes mais imagem. Fotografe paisagens intermin\u00e1veis, o palco e o p\u00fablico de um festival de ver\u00e3o ou toda a sua fam\u00edlia numa \u00fanica imagem.<\/p>\n<p><strong>Pouca Luz? Brilhante. Modo Noite.<\/strong><br \/>\nFotografar com pouca ilumina\u00e7\u00e3o j\u00e1 n\u00e3o \u00e9 um tiro no escuro. O novo modo Noite \u00e9 ativado automaticamente para tirar fotos fant\u00e1sticas em locais com pouca luz. Sem recorrer ao flash, as cores s\u00e3o mais realistas e as fotos mais iluminadas.<\/p>\n<p><strong>O retrato reinventado.<\/strong><br \/>\nCom mais tipos de retrato e controlo de ilumina\u00e7\u00e3o, as duas c\u00e2maras do iPhone 11 trabalham em conjunto para criar imagens impressionantes. E agora pode usar o modo Retrato para fotografar o que quiser, como os seus melhores amigos, de duas pernas ou de quatro patas.<\/p>\n<p><strong>Fotografia ou v\u00eddeo? A\u00e7\u00e3o.<\/strong><br \/>\nCom o QuickTake, come\u00e7a a filmar num instante. No modo Fotografia, mantenha premido o bot\u00e3o do obturador para gravar um v\u00eddeo. Depois, se quiser continuar a filmar, deslize o dedo para a direita e j\u00e1 est\u00e1. Ao gravar ao ar livre, a aprendizagem autom\u00e1tica do A13 Bionic pode acompanhar um objeto em movimento.<\/p>\n<p><strong>Selfies, agora em c\u00e2mara lenta.<\/strong><br \/>\nTudo parece mais cool a 120 imagens por segundo, seja um acenar de m\u00e3o ou os cabelos a esvoa\u00e7ar ao vento. Agora, pode acrescentar mais pormenores \u00e0s suas selfies com a nova c\u00e2mara TrueDepth de 12 MP. Basta rodar o iPhone para o modo horizontal e a c\u00e2mara reduz automaticamente o zoom.<\/p>\n<p><strong>Um processador muito Pro.<\/strong><br \/>\nTanto o iPhone 11 como o iPhone 11 Pro utilizam o processador mais r\u00e1pido de sempre num smartphone. O processador A13 Bionic torna tudo mais r\u00e1pido e fluido, sendo mais eficiente a n\u00edvel energ\u00e9tico para que a bateria dure ainda mais tempo. O A13 Bionic \u00e9 t\u00e3o avan\u00e7ado que est\u00e1 anos\u2011luz \u00e0 frente da concorr\u00eancia.<\/p>\n<\/div>\n<\/div>\n","protected":false},"featured_media":1817,"comment_status":"open","ping_status":"closed","template":"","meta":[],"product_brand":[],"product_cat":[15],"product_tag":[],"class_list":{"0":"post-1816","1":"product","2":"type-product","3":"status-publish","4":"has-post-thumbnail","6":"product_cat-usados","8":"first","9":"outofstock","10":"taxable","11":"shipping-taxable","12":"purchasable","13":"product-type-simple"},"yoast_head":"<!-- This site is optimized with the Yoast SEO plugin v27.0 - https:\/\/yoast.com\/product\/yoast-seo-wordpress\/ -->\n<title>iPhone 11 Recondicionado (Grade A) 6.1&quot; 64GB White | SpaceTech<\/title>\n<meta name=\"description\" content=\"Todos os equipamentos usados s\u00e3o rigorosamente testados por profissionais treinados num ambiente t\u00e9cnico controlado e com ferramentas de \u00faltima gera\u00e7\u00e3o.\" \/>\n<meta name=\"robots\" content=\"index, follow, max-snippet:-1, max-image-preview:large, max-video-preview:-1\" \/>\n<link rel=\"canonical\" href=\"https:\/\/spacetech.pt\/site\/product\/iphone-11-recondicionado-grade-a-6-1-64gb-white\/\" \/>\n<meta property=\"og:locale\" content=\"pt_BR\" \/>\n<meta property=\"og:type\" content=\"article\" \/>\n<meta property=\"og:title\" content=\"iPhone 11 Recondicionado (Grade A) 6.1&quot; 64GB White | SpaceTech\" \/>\n<meta property=\"og:description\" content=\"Todos os equipamentos usados s\u00e3o rigorosamente testados por profissionais treinados num ambiente t\u00e9cnico controlado e com ferramentas de \u00faltima gera\u00e7\u00e3o.\" \/>\n<meta property=\"og:url\" content=\"https:\/\/spacetech.pt\/site\/product\/iphone-11-recondicionado-grade-a-6-1-64gb-white\/\" \/>\n<meta property=\"og:site_name\" content=\"SpaceTech\" \/>\n<meta property=\"article:publisher\" content=\"https:\/\/www.facebook.com\/SpaceTech-104699978252826\" \/>\n<meta property=\"article:modified_time\" content=\"2023-04-13T13:46:12+00:00\" \/>\n<meta property=\"og:image\" content=\"https:\/\/spacetech.pt\/site\/wp-content\/uploads\/2023\/04\/iPhone-11-Recondicionado-Grade-A-6.1-64GB-White.jpg\" \/>\n\t<meta property=\"og:image:width\" content=\"600\" \/>\n\t<meta property=\"og:image:height\" content=\"600\" \/>\n\t<meta property=\"og:image:type\" content=\"image\/jpeg\" \/>\n<meta name=\"twitter:card\" content=\"summary_large_image\" \/>\n<meta name=\"twitter:label1\" content=\"Est. tempo de leitura\" \/>\n\t<meta name=\"twitter:data1\" content=\"1 minuto\" \/>\n<script type=\"application\/ld+json\" class=\"yoast-schema-graph\">{\"@context\":\"https:\/\/schema.org\",\"@graph\":[{\"@type\":\"WebPage\",\"@id\":\"https:\/\/spacetech.pt\/site\/product\/iphone-11-recondicionado-grade-a-6-1-64gb-white\/\",\"url\":\"https:\/\/spacetech.pt\/site\/product\/iphone-11-recondicionado-grade-a-6-1-64gb-white\/\",\"name\":\"iPhone 11 Recondicionado (Grade A) 6.1\\\" 64GB White | SpaceTech\",\"isPartOf\":{\"@id\":\"https:\/\/spacetech.pt\/site\/#website\"},\"primaryImageOfPage\":{\"@id\":\"https:\/\/spacetech.pt\/site\/product\/iphone-11-recondicionado-grade-a-6-1-64gb-white\/#primaryimage\"},\"image\":{\"@id\":\"https:\/\/spacetech.pt\/site\/product\/iphone-11-recondicionado-grade-a-6-1-64gb-white\/#primaryimage\"},\"thumbnailUrl\":\"https:\/\/spacetech.pt\/site\/wp-content\/uploads\/2023\/04\/iPhone-11-Recondicionado-Grade-A-6.1-64GB-White.jpg\",\"datePublished\":\"2023-04-01T22:52:04+00:00\",\"dateModified\":\"2023-04-13T13:46:12+00:00\",\"description\":\"Todos os equipamentos usados s\u00e3o rigorosamente testados por profissionais treinados num ambiente t\u00e9cnico controlado e com ferramentas de \u00faltima gera\u00e7\u00e3o.\",\"breadcrumb\":{\"@id\":\"https:\/\/spacetech.pt\/site\/product\/iphone-11-recondicionado-grade-a-6-1-64gb-white\/#breadcrumb\"},\"inLanguage\":\"pt-BR\",\"potentialAction\":[{\"@type\":\"ReadAction\",\"target\":[\"https:\/\/spacetech.pt\/site\/product\/iphone-11-recondicionado-grade-a-6-1-64gb-white\/\"]}]},{\"@type\":\"ImageObject\",\"inLanguage\":\"pt-BR\",\"@id\":\"https:\/\/spacetech.pt\/site\/product\/iphone-11-recondicionado-grade-a-6-1-64gb-white\/#primaryimage\",\"url\":\"https:\/\/spacetech.pt\/site\/wp-content\/uploads\/2023\/04\/iPhone-11-Recondicionado-Grade-A-6.1-64GB-White.jpg\",\"contentUrl\":\"https:\/\/spacetech.pt\/site\/wp-content\/uploads\/2023\/04\/iPhone-11-Recondicionado-Grade-A-6.1-64GB-White.jpg\",\"width\":600,\"height\":600,\"caption\":\"iPhone 11 Recondicionado (Grade A) 6.1\\\" 64GB White\"},{\"@type\":\"BreadcrumbList\",\"@id\":\"https:\/\/spacetech.pt\/site\/product\/iphone-11-recondicionado-grade-a-6-1-64gb-white\/#breadcrumb\",\"itemListElement\":[{\"@type\":\"ListItem\",\"position\":1,\"name\":\"In\u00edcio\",\"item\":\"https:\/\/spacetech.pt\/site\/\"},{\"@type\":\"ListItem\",\"position\":2,\"name\":\"Loja de Telem\u00f3veis\",\"item\":\"https:\/\/spacetech.pt\/site\/\"},{\"@type\":\"ListItem\",\"position\":3,\"name\":\"iPhone 11 Recondicionado (Grade A) 6.1&#8243; 64GB White\"}]},{\"@type\":\"WebSite\",\"@id\":\"https:\/\/spacetech.pt\/site\/#website\",\"url\":\"https:\/\/spacetech.pt\/site\/\",\"name\":\"SpaceTech\",\"description\":\"Gadgets de Qualidade\",\"publisher\":{\"@id\":\"https:\/\/spacetech.pt\/site\/#organization\"},\"potentialAction\":[{\"@type\":\"SearchAction\",\"target\":{\"@type\":\"EntryPoint\",\"urlTemplate\":\"https:\/\/spacetech.pt\/site\/?s={search_term_string}\"},\"query-input\":{\"@type\":\"PropertyValueSpecification\",\"valueRequired\":true,\"valueName\":\"search_term_string\"}}],\"inLanguage\":\"pt-BR\"},{\"@type\":\"Organization\",\"@id\":\"https:\/\/spacetech.pt\/site\/#organization\",\"name\":\"SpaceTech\",\"url\":\"https:\/\/spacetech.pt\/site\/\",\"logo\":{\"@type\":\"ImageObject\",\"inLanguage\":\"pt-BR\",\"@id\":\"https:\/\/spacetech.pt\/site\/#\/schema\/logo\/image\/\",\"url\":\"https:\/\/spacetech.pt\/site\/wp-content\/uploads\/2021\/01\/cropped-logo-spacetech-quadrado.jpg\",\"contentUrl\":\"https:\/\/spacetech.pt\/site\/wp-content\/uploads\/2021\/01\/cropped-logo-spacetech-quadrado.jpg\",\"width\":512,\"height\":512,\"caption\":\"SpaceTech\"},\"image\":{\"@id\":\"https:\/\/spacetech.pt\/site\/#\/schema\/logo\/image\/\"},\"sameAs\":[\"https:\/\/www.facebook.com\/SpaceTech-104699978252826\",\"https:\/\/www.instagram.com\/spacetech.pt\/\"]}]}<\/script>\n<!-- \/ Yoast SEO plugin. -->","yoast_head_json":{"title":"iPhone 11 Recondicionado (Grade A) 6.1\" 64GB White | SpaceTech","description":"Todos os equipamentos usados s\u00e3o rigorosamente testados por profissionais treinados num ambiente t\u00e9cnico controlado e com ferramentas de \u00faltima gera\u00e7\u00e3o.","robots":{"index":"index","follow":"follow","max-snippet":"max-snippet:-1","max-image-preview":"max-image-preview:large","max-video-preview":"max-video-preview:-1"},"canonical":"https:\/\/spacetech.pt\/site\/product\/iphone-11-recondicionado-grade-a-6-1-64gb-white\/","og_locale":"pt_BR","og_type":"article","og_title":"iPhone 11 Recondicionado (Grade A) 6.1\" 64GB White | SpaceTech","og_description":"Todos os equipamentos usados s\u00e3o rigorosamente testados por profissionais treinados num ambiente t\u00e9cnico controlado e com ferramentas de \u00faltima gera\u00e7\u00e3o.","og_url":"https:\/\/spacetech.pt\/site\/product\/iphone-11-recondicionado-grade-a-6-1-64gb-white\/","og_site_name":"SpaceTech","article_publisher":"https:\/\/www.facebook.com\/SpaceTech-104699978252826","article_modified_time":"2023-04-13T13:46:12+00:00","og_image":[{"width":600,"height":600,"url":"https:\/\/spacetech.pt\/site\/wp-content\/uploads\/2023\/04\/iPhone-11-Recondicionado-Grade-A-6.1-64GB-White.jpg","type":"image\/jpeg"}],"twitter_card":"summary_large_image","twitter_misc":{"Est. tempo de leitura":"1 minuto"},"schema":{"@context":"https:\/\/schema.org","@graph":[{"@type":"WebPage","@id":"https:\/\/spacetech.pt\/site\/product\/iphone-11-recondicionado-grade-a-6-1-64gb-white\/","url":"https:\/\/spacetech.pt\/site\/product\/iphone-11-recondicionado-grade-a-6-1-64gb-white\/","name":"iPhone 11 Recondicionado (Grade A) 6.1\" 64GB White | SpaceTech","isPartOf":{"@id":"https:\/\/spacetech.pt\/site\/#website"},"primaryImageOfPage":{"@id":"https:\/\/spacetech.pt\/site\/product\/iphone-11-recondicionado-grade-a-6-1-64gb-white\/#primaryimage"},"image":{"@id":"https:\/\/spacetech.pt\/site\/product\/iphone-11-recondicionado-grade-a-6-1-64gb-white\/#primaryimage"},"thumbnailUrl":"https:\/\/spacetech.pt\/site\/wp-content\/uploads\/2023\/04\/iPhone-11-Recondicionado-Grade-A-6.1-64GB-White.jpg","datePublished":"2023-04-01T22:52:04+00:00","dateModified":"2023-04-13T13:46:12+00:00","description":"Todos os equipamentos usados s\u00e3o rigorosamente testados por profissionais treinados num ambiente t\u00e9cnico controlado e com ferramentas de \u00faltima gera\u00e7\u00e3o.","breadcrumb":{"@id":"https:\/\/spacetech.pt\/site\/product\/iphone-11-recondicionado-grade-a-6-1-64gb-white\/#breadcrumb"},"inLanguage":"pt-BR","potentialAction":[{"@type":"ReadAction","target":["https:\/\/spacetech.pt\/site\/product\/iphone-11-recondicionado-grade-a-6-1-64gb-white\/"]}]},{"@type":"ImageObject","inLanguage":"pt-BR","@id":"https:\/\/spacetech.pt\/site\/product\/iphone-11-recondicionado-grade-a-6-1-64gb-white\/#primaryimage","url":"https:\/\/spacetech.pt\/site\/wp-content\/uploads\/2023\/04\/iPhone-11-Recondicionado-Grade-A-6.1-64GB-White.jpg","contentUrl":"https:\/\/spacetech.pt\/site\/wp-content\/uploads\/2023\/04\/iPhone-11-Recondicionado-Grade-A-6.1-64GB-White.jpg","width":600,"height":600,"caption":"iPhone 11 Recondicionado (Grade A) 6.1\" 64GB White"},{"@type":"BreadcrumbList","@id":"https:\/\/spacetech.pt\/site\/product\/iphone-11-recondicionado-grade-a-6-1-64gb-white\/#breadcrumb","itemListElement":[{"@type":"ListItem","position":1,"name":"In\u00edcio","item":"https:\/\/spacetech.pt\/site\/"},{"@type":"ListItem","position":2,"name":"Loja de Telem\u00f3veis","item":"https:\/\/spacetech.pt\/site\/"},{"@type":"ListItem","position":3,"name":"iPhone 11 Recondicionado (Grade A) 6.1&#8243; 64GB White"}]},{"@type":"WebSite","@id":"https:\/\/spacetech.pt\/site\/#website","url":"https:\/\/spacetech.pt\/site\/","name":"SpaceTech","description":"Gadgets de Qualidade","publisher":{"@id":"https:\/\/spacetech.pt\/site\/#organization"},"potentialAction":[{"@type":"SearchAction","target":{"@type":"EntryPoint","urlTemplate":"https:\/\/spacetech.pt\/site\/?s={search_term_string}"},"query-input":{"@type":"PropertyValueSpecification","valueRequired":true,"valueName":"search_term_string"}}],"inLanguage":"pt-BR"},{"@type":"Organization","@id":"https:\/\/spacetech.pt\/site\/#organization","name":"SpaceTech","url":"https:\/\/spacetech.pt\/site\/","logo":{"@type":"ImageObject","inLanguage":"pt-BR","@id":"https:\/\/spacetech.pt\/site\/#\/schema\/logo\/image\/","url":"https:\/\/spacetech.pt\/site\/wp-content\/uploads\/2021\/01\/cropped-logo-spacetech-quadrado.jpg","contentUrl":"https:\/\/spacetech.pt\/site\/wp-content\/uploads\/2021\/01\/cropped-logo-spacetech-quadrado.jpg","width":512,"height":512,"caption":"SpaceTech"},"image":{"@id":"https:\/\/spacetech.pt\/site\/#\/schema\/logo\/image\/"},"sameAs":["https:\/\/www.facebook.com\/SpaceTech-104699978252826","https:\/\/www.instagram.com\/spacetech.pt\/"]}]}},"jetpack_sharing_enabled":true,"_links":{"self":[{"href":"https:\/\/spacetech.pt\/site\/wp-json\/wp\/v2\/product\/1816","targetHints":{"allow":["GET"]}}],"collection":[{"href":"https:\/\/spacetech.pt\/site\/wp-json\/wp\/v2\/product"}],"about":[{"href":"https:\/\/spacetech.pt\/site\/wp-json\/wp\/v2\/types\/product"}],"replies":[{"embeddable":true,"href":"https:\/\/spacetech.pt\/site\/wp-json\/wp\/v2\/comments?post=1816"}],"wp:featuredmedia":[{"embeddable":true,"href":"https:\/\/spacetech.pt\/site\/wp-json\/wp\/v2\/media\/1817"}],"wp:attachment":[{"href":"https:\/\/spacetech.pt\/site\/wp-json\/wp\/v2\/media?parent=1816"}],"wp:term":[{"taxonomy":"product_brand","embeddable":true,"href":"https:\/\/spacetech.pt\/site\/wp-json\/wp\/v2\/product_brand?post=1816"},{"taxonomy":"product_cat","embeddable":true,"href":"https:\/\/spacetech.pt\/site\/wp-json\/wp\/v2\/product_cat?post=1816"},{"taxonomy":"product_tag","embeddable":true,"href":"https:\/\/spacetech.pt\/site\/wp-json\/wp\/v2\/product_tag?post=1816"}],"curies":[{"name":"wp","href":"https:\/\/api.w.org\/{rel}","templated":true}]}}