{"id":1804,"date":"2023-04-01T22:30:35","date_gmt":"2023-04-01T22:30:35","guid":{"rendered":"https:\/\/spacetech.pt\/site\/?post_type=product&#038;p=1804"},"modified":"2023-04-13T13:47:48","modified_gmt":"2023-04-13T13:47:48","slug":"iphone-12-pro-recondicionado-grade-a-6-1-128gb-silver","status":"publish","type":"product","link":"https:\/\/spacetech.pt\/site\/product\/iphone-12-pro-recondicionado-grade-a-6-1-128gb-silver\/","title":{"rendered":"iPhone 12 Pro Recondicionado (Grade A) 6.1&#8243; 128GB Silver"},"content":{"rendered":"<div class=\"c-fxyIaD\">\n<div class=\"c-gbBGZW\">\n<h1 class=\"c-gEIijh\">iPhone 12 Pro Recondicionado (Grade A) 6.1&#8243; 128GB Silver<\/h1>\n<\/div>\n<\/div>\n<div class=\"c-hmAmmA\">\n<div>\n<div class=\"c-cjuRbG\" aria-label=\"share\">\n<div class=\"c-gtWDsx c-gtWDsx-iPJLV-css\">\n<div class=\"c-gtWDsx c-gtWDsx-iPJLV-css\">\n<h2 class=\"c-kzxGrr\">Caracter\u00edsticas<\/h2>\n<div class=\"c-dJQpeH\">\n<div class=\"c-hZcBnW\">\n<div class=\"c-bPAdAq\">\n<h3 class=\"c-cjxfUp\">Design e Caracter\u00edsticas F\u00edsicas<\/h3>\n<ul class=\"c-gRdNIr\">\n<li class=\"c-eHqchX\"><span class=\"c-khNXFk\">Cor<\/span><span class=\"c-gNXYgk\">Silver<\/span><\/li>\n<\/ul>\n<\/div>\n<div class=\"c-bPAdAq\">\n<h3 class=\"c-cjxfUp\">Grade<\/h3>\n<ul class=\"c-gRdNIr\">\n<li class=\"c-eHqchX\"><span class=\"c-khNXFk\">Grade<\/span><span class=\"c-gNXYgk\">A<\/span><\/li>\n<\/ul>\n<\/div>\n<div class=\"c-bPAdAq\">\n<h3 class=\"c-cjxfUp\">Ecr\u00e3<\/h3>\n<ul class=\"c-gRdNIr\">\n<li class=\"c-eHqchX\"><span class=\"c-khNXFk\">Tamanho de Ecr\u00e3<\/span><span class=\"c-gNXYgk\">6&#8243; a 6.4&#8243;<\/span><\/li>\n<\/ul>\n<\/div>\n<\/div>\n<div class=\"c-hZcBnW\">\n<div class=\"c-bPAdAq\">\n<h3 class=\"c-cjxfUp\">Caracter\u00edsticas<\/h3>\n<ul class=\"c-gRdNIr\">\n<li class=\"c-eHqchX\"><span class=\"c-khNXFk\">Sistema Operativo<\/span><span class=\"c-gNXYgk\">IOS<\/span><\/li>\n<li class=\"c-eHqchX\"><span class=\"c-khNXFk\">Operadora<\/span><span class=\"c-gNXYgk\">Desbloqueados<\/span><\/li>\n<li class=\"c-eHqchX\"><span class=\"c-khNXFk\">Rede<\/span><span class=\"c-gNXYgk\">5G<\/span><\/li>\n<li class=\"c-eHqchX\"><span class=\"c-khNXFk\">Dual SIM<\/span>\n<div class=\"c-gtWDsx c-gtWDsx-idHCNva-css\"><\/div>\n<\/li>\n<\/ul>\n<\/div>\n<div class=\"c-bPAdAq\">\n<h3 class=\"c-cjxfUp\">M\u00eddia de armazenamento<\/h3>\n<ul class=\"c-gRdNIr\">\n<li class=\"c-eHqchX\"><span class=\"c-khNXFk\">Mem\u00f3ria RAM<\/span><span class=\"c-gNXYgk\">6 GB<\/span><\/li>\n<li class=\"c-eHqchX\"><span class=\"c-khNXFk\">Mem\u00f3ria Interna<\/span><span class=\"c-gNXYgk\">128 GB<\/span><\/li>\n<\/ul>\n<\/div>\n<\/div>\n<\/div>\n<\/div>\n<\/div>\n<\/div>\n<\/div>\n<\/div>\n","protected":false},"excerpt":{"rendered":"<h2 class=\"c-kzxGrr\">Detalhes do Produto<\/h2>\n<div class=\"c-fkoqBN\">\n<div>\n<p><strong>Equipamento Grade A Usado.<\/strong><\/p>\n<p>Todos os equipamentos usados s\u00e3o rigorosamente testados por profissionais treinados num ambiente t\u00e9cnico controlado e com ferramentas de \u00faltima gera\u00e7\u00e3o.<\/p>\n<p>Os equipamentos s\u00e3o submetidos a testes rigorosos e verifica\u00e7\u00e3o de componentes para garantir a m\u00e1xima qualidade e seguran\u00e7a. Com marcas m\u00ednimas, de utiliza\u00e7\u00e3o residuais.<\/p>\n<p>N\u00e3o inclui acess\u00f3rios, pode n\u00e3o incluir carregador.<\/p>\n<p>&nbsp;<\/p>\n<p>O\u00a0<strong>Apple iPhone 12 Pro<\/strong>\u00a0incorpora o processador mais r\u00e1pido de sempre num smartphone, o A14 Bionic. Grava v\u00eddeos em qualidade 4K com Dolby Vision, permite captar fotografias fant\u00e1sticas em condi\u00e7\u00f5es de pouca luz com o Modo Noite, possui uma tela Ceramic Shield que torna o aparelho quatro vezes mais resistente a quedas e possui, tamb\u00e9m, um Ecr\u00e3 Super Retina XDR com tecnologia OLED de 6.1&#8243; polegadas onde \u00e9 poss\u00edvel visualizar todo o tipo de conte\u00fados com a melhor qualidade poss\u00edvel.<\/p>\n<p>&nbsp;<\/p>\n<p><strong>11 bili\u00f5es de opera\u00e7\u00f5es por segundo.<\/strong><br \/>\nO A14 Bionic \u00e9 o processador mais r\u00e1pido num smartphone. E \u00e9 capaz de coisas verdadeiramente incr\u00edveis, como processar bili\u00f5es de opera\u00e7\u00f5es no Neural Engine ou filmar em Dolby Vision, algo que nem as c\u00e2maras de v\u00eddeo profissionais conseguem fazer. Al\u00e9m disso, tem uma incr\u00edvel efici\u00eancia energ\u00e9tica. \u00c9 t\u00e3o revolucio\u00adn\u00e1rio que est\u00e1 preparado para praticamente tudo o que o futuro reserva.<\/p>\n<p><strong>Ecr\u00e3 Super Retina XDR com tecnologia OLED.<\/strong><br \/>\nMuito mais contraste, incr\u00edvel precis\u00e3o de cor. Um grande avan\u00e7o na densidade de p\u00edxeis. Nem d\u00e1 para acreditar. A tecnologia OLED oferece brancos mais brilhantes, negros mais intensos e uma resolu\u00e7\u00e3o superior em tudo o que v\u00ea. \u00c9 o melhor ecr\u00e3 de iPhone que existe, resultado da inova\u00e7\u00e3o levada ao limite.<\/p>\n<p><strong>Sensor LiDAR. Realidade aumentada, \u00e0 velocidade da luz.<\/strong><br \/>\nO sensor LiDAR do iPhone 12 Pro mede o tempo que a luz demora a ser refletida num objeto para criar um mapa de profundidade do espa\u00e7o em que se encontra. \u00c9 t\u00e3o r\u00e1pido e preciso que as apps de realidade aumentada podem transformar um quarto numa floresta tropical ou mostrar como v\u00e3o ficar aqueles sapatos que quer comprar.<\/p>\n<p><strong>Sistema de c\u00e2maras Pro. Um novo dia para o Modo Noite.<\/strong><br \/>\nO Modo Noite est\u00e1 agora dispon\u00edvel nas c\u00e2maras Grande Angular e Ultra Grande angular para captar imagens incr\u00edveis em pouca luminosidade. A tecnologia LiDAR permite fotografar retratos no modo Noite e a c\u00e2mara Grande Angular deixa entrar 27% mais luz, para detalhes mais pormenorizados e melhor focagem, de dia ou de noite.<\/p>\n<p><strong>C\u00e2mara TrueDepth &#8211; Nunca \u00e9 tarde para uma selfie no Modo Noite.<\/strong><br \/>\nO modo Noite estreia-se na c\u00e2mara frontal. Alta resolu\u00e7\u00e3o em luz reduzida e cores naturais, tudo dedicado a si. Tamb\u00e9m inclui agora Deep Fusion, HDR inteligente 3 e grava\u00e7\u00e3o em Dolby Vision. Mostre a sua imagem, sempre \u00e0 melhor luz.<\/p>\n<p><strong>Apple ProRAW.<\/strong><br \/>\nO formato ProRAW cont\u00e9m todas as informa\u00e7\u00f5es RAW habituais, al\u00e9m dos dados do sistema de imagem da Apple. Os ajustes de redu\u00e7\u00e3o de ru\u00eddo e exposi\u00e7\u00e3o j\u00e1 est\u00e3o aplicados, dando-lhe mais tempo para otimizar as cores e o equil\u00edbrio de brancos.<\/p>\n<p><strong>A primeira c\u00e2mara de sempre a gravar em Dolby Vision.<\/strong><br \/>\nO iPhone 12 Pro grava v\u00eddeo em HDR a 10 bits, deixando para tr\u00e1s os 8 bits. S\u00e3o 700 milh\u00f5es de cores em v\u00eddeos muito mais realistas. E n\u00e3o se fica por a\u00ed, j\u00e1 que grava em Dolby Vision, o formato utilizado pelos est\u00fadios de cinema. At\u00e9 pode editar v\u00eddeo Dolby Vision e usar o AirPlay para ver tudo com a magia do grande ecr\u00e3.<\/p>\n<p><strong>Use dois n\u00fameros.<\/strong><br \/>\nCom o Dual SIM + eSIM pode ter um n\u00famero pessoal e outro profissional no mesmo iPhone. Basta que a sua operadora suporte a tecnologia eSIM.<\/p>\n<\/div>\n<\/div>\n","protected":false},"featured_media":1805,"comment_status":"open","ping_status":"closed","template":"","meta":[],"product_brand":[],"product_cat":[15],"product_tag":[],"class_list":{"0":"post-1804","1":"product","2":"type-product","3":"status-publish","4":"has-post-thumbnail","6":"product_cat-usados","8":"first","9":"outofstock","10":"taxable","11":"shipping-taxable","12":"purchasable","13":"product-type-simple"},"yoast_head":"<!-- This site is optimized with the Yoast SEO plugin v27.0 - https:\/\/yoast.com\/product\/yoast-seo-wordpress\/ -->\n<title>iPhone 12 Pro Recondicionado (Grade A) 6.1&quot; 128GB Silver | SpaceTech<\/title>\n<meta name=\"description\" content=\"Todos os equipamentos usados s\u00e3o rigorosamente testados por profissionais treinados num ambiente t\u00e9cnico controlado e com ferramentas de \u00faltima gera\u00e7\u00e3o.\" \/>\n<meta name=\"robots\" content=\"index, follow, max-snippet:-1, max-image-preview:large, max-video-preview:-1\" \/>\n<link rel=\"canonical\" href=\"https:\/\/spacetech.pt\/site\/product\/iphone-12-pro-recondicionado-grade-a-6-1-128gb-silver\/\" \/>\n<meta property=\"og:locale\" content=\"pt_BR\" \/>\n<meta property=\"og:type\" content=\"article\" \/>\n<meta property=\"og:title\" content=\"iPhone 12 Pro Recondicionado (Grade A) 6.1&quot; 128GB Silver | SpaceTech\" \/>\n<meta property=\"og:description\" content=\"Todos os equipamentos usados s\u00e3o rigorosamente testados por profissionais treinados num ambiente t\u00e9cnico controlado e com ferramentas de \u00faltima gera\u00e7\u00e3o.\" \/>\n<meta property=\"og:url\" content=\"https:\/\/spacetech.pt\/site\/product\/iphone-12-pro-recondicionado-grade-a-6-1-128gb-silver\/\" \/>\n<meta property=\"og:site_name\" content=\"SpaceTech\" \/>\n<meta property=\"article:publisher\" content=\"https:\/\/www.facebook.com\/SpaceTech-104699978252826\" \/>\n<meta property=\"article:modified_time\" content=\"2023-04-13T13:47:48+00:00\" \/>\n<meta property=\"og:image\" content=\"https:\/\/spacetech.pt\/site\/wp-content\/uploads\/2023\/04\/815621_3_iphone-12-pro-recondicionado-grade-a-6-1-128gb-silver.jpg\" \/>\n\t<meta property=\"og:image:width\" content=\"600\" \/>\n\t<meta property=\"og:image:height\" content=\"600\" \/>\n\t<meta property=\"og:image:type\" content=\"image\/jpeg\" \/>\n<meta name=\"twitter:card\" content=\"summary_large_image\" \/>\n<meta name=\"twitter:label1\" content=\"Est. tempo de leitura\" \/>\n\t<meta name=\"twitter:data1\" content=\"1 minuto\" \/>\n<script type=\"application\/ld+json\" class=\"yoast-schema-graph\">{\"@context\":\"https:\/\/schema.org\",\"@graph\":[{\"@type\":\"WebPage\",\"@id\":\"https:\/\/spacetech.pt\/site\/product\/iphone-12-pro-recondicionado-grade-a-6-1-128gb-silver\/\",\"url\":\"https:\/\/spacetech.pt\/site\/product\/iphone-12-pro-recondicionado-grade-a-6-1-128gb-silver\/\",\"name\":\"iPhone 12 Pro Recondicionado (Grade A) 6.1\\\" 128GB Silver | SpaceTech\",\"isPartOf\":{\"@id\":\"https:\/\/spacetech.pt\/site\/#website\"},\"primaryImageOfPage\":{\"@id\":\"https:\/\/spacetech.pt\/site\/product\/iphone-12-pro-recondicionado-grade-a-6-1-128gb-silver\/#primaryimage\"},\"image\":{\"@id\":\"https:\/\/spacetech.pt\/site\/product\/iphone-12-pro-recondicionado-grade-a-6-1-128gb-silver\/#primaryimage\"},\"thumbnailUrl\":\"https:\/\/spacetech.pt\/site\/wp-content\/uploads\/2023\/04\/815621_3_iphone-12-pro-recondicionado-grade-a-6-1-128gb-silver.jpg\",\"datePublished\":\"2023-04-01T22:30:35+00:00\",\"dateModified\":\"2023-04-13T13:47:48+00:00\",\"description\":\"Todos os equipamentos usados s\u00e3o rigorosamente testados por profissionais treinados num ambiente t\u00e9cnico controlado e com ferramentas de \u00faltima gera\u00e7\u00e3o.\",\"breadcrumb\":{\"@id\":\"https:\/\/spacetech.pt\/site\/product\/iphone-12-pro-recondicionado-grade-a-6-1-128gb-silver\/#breadcrumb\"},\"inLanguage\":\"pt-BR\",\"potentialAction\":[{\"@type\":\"ReadAction\",\"target\":[\"https:\/\/spacetech.pt\/site\/product\/iphone-12-pro-recondicionado-grade-a-6-1-128gb-silver\/\"]}]},{\"@type\":\"ImageObject\",\"inLanguage\":\"pt-BR\",\"@id\":\"https:\/\/spacetech.pt\/site\/product\/iphone-12-pro-recondicionado-grade-a-6-1-128gb-silver\/#primaryimage\",\"url\":\"https:\/\/spacetech.pt\/site\/wp-content\/uploads\/2023\/04\/815621_3_iphone-12-pro-recondicionado-grade-a-6-1-128gb-silver.jpg\",\"contentUrl\":\"https:\/\/spacetech.pt\/site\/wp-content\/uploads\/2023\/04\/815621_3_iphone-12-pro-recondicionado-grade-a-6-1-128gb-silver.jpg\",\"width\":600,\"height\":600,\"caption\":\"iPhone 12 Pro Recondicionado (Grade A) 6.1\\\" 128GB Silver\"},{\"@type\":\"BreadcrumbList\",\"@id\":\"https:\/\/spacetech.pt\/site\/product\/iphone-12-pro-recondicionado-grade-a-6-1-128gb-silver\/#breadcrumb\",\"itemListElement\":[{\"@type\":\"ListItem\",\"position\":1,\"name\":\"In\u00edcio\",\"item\":\"https:\/\/spacetech.pt\/site\/\"},{\"@type\":\"ListItem\",\"position\":2,\"name\":\"Loja de Telem\u00f3veis\",\"item\":\"https:\/\/spacetech.pt\/site\/\"},{\"@type\":\"ListItem\",\"position\":3,\"name\":\"iPhone 12 Pro Recondicionado (Grade A) 6.1&#8243; 128GB Silver\"}]},{\"@type\":\"WebSite\",\"@id\":\"https:\/\/spacetech.pt\/site\/#website\",\"url\":\"https:\/\/spacetech.pt\/site\/\",\"name\":\"SpaceTech\",\"description\":\"Gadgets de Qualidade\",\"publisher\":{\"@id\":\"https:\/\/spacetech.pt\/site\/#organization\"},\"potentialAction\":[{\"@type\":\"SearchAction\",\"target\":{\"@type\":\"EntryPoint\",\"urlTemplate\":\"https:\/\/spacetech.pt\/site\/?s={search_term_string}\"},\"query-input\":{\"@type\":\"PropertyValueSpecification\",\"valueRequired\":true,\"valueName\":\"search_term_string\"}}],\"inLanguage\":\"pt-BR\"},{\"@type\":\"Organization\",\"@id\":\"https:\/\/spacetech.pt\/site\/#organization\",\"name\":\"SpaceTech\",\"url\":\"https:\/\/spacetech.pt\/site\/\",\"logo\":{\"@type\":\"ImageObject\",\"inLanguage\":\"pt-BR\",\"@id\":\"https:\/\/spacetech.pt\/site\/#\/schema\/logo\/image\/\",\"url\":\"https:\/\/spacetech.pt\/site\/wp-content\/uploads\/2021\/01\/cropped-logo-spacetech-quadrado.jpg\",\"contentUrl\":\"https:\/\/spacetech.pt\/site\/wp-content\/uploads\/2021\/01\/cropped-logo-spacetech-quadrado.jpg\",\"width\":512,\"height\":512,\"caption\":\"SpaceTech\"},\"image\":{\"@id\":\"https:\/\/spacetech.pt\/site\/#\/schema\/logo\/image\/\"},\"sameAs\":[\"https:\/\/www.facebook.com\/SpaceTech-104699978252826\",\"https:\/\/www.instagram.com\/spacetech.pt\/\"]}]}<\/script>\n<!-- \/ Yoast SEO plugin. -->","yoast_head_json":{"title":"iPhone 12 Pro Recondicionado (Grade A) 6.1\" 128GB Silver | SpaceTech","description":"Todos os equipamentos usados s\u00e3o rigorosamente testados por profissionais treinados num ambiente t\u00e9cnico controlado e com ferramentas de \u00faltima gera\u00e7\u00e3o.","robots":{"index":"index","follow":"follow","max-snippet":"max-snippet:-1","max-image-preview":"max-image-preview:large","max-video-preview":"max-video-preview:-1"},"canonical":"https:\/\/spacetech.pt\/site\/product\/iphone-12-pro-recondicionado-grade-a-6-1-128gb-silver\/","og_locale":"pt_BR","og_type":"article","og_title":"iPhone 12 Pro Recondicionado (Grade A) 6.1\" 128GB Silver | SpaceTech","og_description":"Todos os equipamentos usados s\u00e3o rigorosamente testados por profissionais treinados num ambiente t\u00e9cnico controlado e com ferramentas de \u00faltima gera\u00e7\u00e3o.","og_url":"https:\/\/spacetech.pt\/site\/product\/iphone-12-pro-recondicionado-grade-a-6-1-128gb-silver\/","og_site_name":"SpaceTech","article_publisher":"https:\/\/www.facebook.com\/SpaceTech-104699978252826","article_modified_time":"2023-04-13T13:47:48+00:00","og_image":[{"width":600,"height":600,"url":"https:\/\/spacetech.pt\/site\/wp-content\/uploads\/2023\/04\/815621_3_iphone-12-pro-recondicionado-grade-a-6-1-128gb-silver.jpg","type":"image\/jpeg"}],"twitter_card":"summary_large_image","twitter_misc":{"Est. tempo de leitura":"1 minuto"},"schema":{"@context":"https:\/\/schema.org","@graph":[{"@type":"WebPage","@id":"https:\/\/spacetech.pt\/site\/product\/iphone-12-pro-recondicionado-grade-a-6-1-128gb-silver\/","url":"https:\/\/spacetech.pt\/site\/product\/iphone-12-pro-recondicionado-grade-a-6-1-128gb-silver\/","name":"iPhone 12 Pro Recondicionado (Grade A) 6.1\" 128GB Silver | SpaceTech","isPartOf":{"@id":"https:\/\/spacetech.pt\/site\/#website"},"primaryImageOfPage":{"@id":"https:\/\/spacetech.pt\/site\/product\/iphone-12-pro-recondicionado-grade-a-6-1-128gb-silver\/#primaryimage"},"image":{"@id":"https:\/\/spacetech.pt\/site\/product\/iphone-12-pro-recondicionado-grade-a-6-1-128gb-silver\/#primaryimage"},"thumbnailUrl":"https:\/\/spacetech.pt\/site\/wp-content\/uploads\/2023\/04\/815621_3_iphone-12-pro-recondicionado-grade-a-6-1-128gb-silver.jpg","datePublished":"2023-04-01T22:30:35+00:00","dateModified":"2023-04-13T13:47:48+00:00","description":"Todos os equipamentos usados s\u00e3o rigorosamente testados por profissionais treinados num ambiente t\u00e9cnico controlado e com ferramentas de \u00faltima gera\u00e7\u00e3o.","breadcrumb":{"@id":"https:\/\/spacetech.pt\/site\/product\/iphone-12-pro-recondicionado-grade-a-6-1-128gb-silver\/#breadcrumb"},"inLanguage":"pt-BR","potentialAction":[{"@type":"ReadAction","target":["https:\/\/spacetech.pt\/site\/product\/iphone-12-pro-recondicionado-grade-a-6-1-128gb-silver\/"]}]},{"@type":"ImageObject","inLanguage":"pt-BR","@id":"https:\/\/spacetech.pt\/site\/product\/iphone-12-pro-recondicionado-grade-a-6-1-128gb-silver\/#primaryimage","url":"https:\/\/spacetech.pt\/site\/wp-content\/uploads\/2023\/04\/815621_3_iphone-12-pro-recondicionado-grade-a-6-1-128gb-silver.jpg","contentUrl":"https:\/\/spacetech.pt\/site\/wp-content\/uploads\/2023\/04\/815621_3_iphone-12-pro-recondicionado-grade-a-6-1-128gb-silver.jpg","width":600,"height":600,"caption":"iPhone 12 Pro Recondicionado (Grade A) 6.1\" 128GB Silver"},{"@type":"BreadcrumbList","@id":"https:\/\/spacetech.pt\/site\/product\/iphone-12-pro-recondicionado-grade-a-6-1-128gb-silver\/#breadcrumb","itemListElement":[{"@type":"ListItem","position":1,"name":"In\u00edcio","item":"https:\/\/spacetech.pt\/site\/"},{"@type":"ListItem","position":2,"name":"Loja de Telem\u00f3veis","item":"https:\/\/spacetech.pt\/site\/"},{"@type":"ListItem","position":3,"name":"iPhone 12 Pro Recondicionado (Grade A) 6.1&#8243; 128GB Silver"}]},{"@type":"WebSite","@id":"https:\/\/spacetech.pt\/site\/#website","url":"https:\/\/spacetech.pt\/site\/","name":"SpaceTech","description":"Gadgets de Qualidade","publisher":{"@id":"https:\/\/spacetech.pt\/site\/#organization"},"potentialAction":[{"@type":"SearchAction","target":{"@type":"EntryPoint","urlTemplate":"https:\/\/spacetech.pt\/site\/?s={search_term_string}"},"query-input":{"@type":"PropertyValueSpecification","valueRequired":true,"valueName":"search_term_string"}}],"inLanguage":"pt-BR"},{"@type":"Organization","@id":"https:\/\/spacetech.pt\/site\/#organization","name":"SpaceTech","url":"https:\/\/spacetech.pt\/site\/","logo":{"@type":"ImageObject","inLanguage":"pt-BR","@id":"https:\/\/spacetech.pt\/site\/#\/schema\/logo\/image\/","url":"https:\/\/spacetech.pt\/site\/wp-content\/uploads\/2021\/01\/cropped-logo-spacetech-quadrado.jpg","contentUrl":"https:\/\/spacetech.pt\/site\/wp-content\/uploads\/2021\/01\/cropped-logo-spacetech-quadrado.jpg","width":512,"height":512,"caption":"SpaceTech"},"image":{"@id":"https:\/\/spacetech.pt\/site\/#\/schema\/logo\/image\/"},"sameAs":["https:\/\/www.facebook.com\/SpaceTech-104699978252826","https:\/\/www.instagram.com\/spacetech.pt\/"]}]}},"jetpack_sharing_enabled":true,"_links":{"self":[{"href":"https:\/\/spacetech.pt\/site\/wp-json\/wp\/v2\/product\/1804","targetHints":{"allow":["GET"]}}],"collection":[{"href":"https:\/\/spacetech.pt\/site\/wp-json\/wp\/v2\/product"}],"about":[{"href":"https:\/\/spacetech.pt\/site\/wp-json\/wp\/v2\/types\/product"}],"replies":[{"embeddable":true,"href":"https:\/\/spacetech.pt\/site\/wp-json\/wp\/v2\/comments?post=1804"}],"wp:featuredmedia":[{"embeddable":true,"href":"https:\/\/spacetech.pt\/site\/wp-json\/wp\/v2\/media\/1805"}],"wp:attachment":[{"href":"https:\/\/spacetech.pt\/site\/wp-json\/wp\/v2\/media?parent=1804"}],"wp:term":[{"taxonomy":"product_brand","embeddable":true,"href":"https:\/\/spacetech.pt\/site\/wp-json\/wp\/v2\/product_brand?post=1804"},{"taxonomy":"product_cat","embeddable":true,"href":"https:\/\/spacetech.pt\/site\/wp-json\/wp\/v2\/product_cat?post=1804"},{"taxonomy":"product_tag","embeddable":true,"href":"https:\/\/spacetech.pt\/site\/wp-json\/wp\/v2\/product_tag?post=1804"}],"curies":[{"name":"wp","href":"https:\/\/api.w.org\/{rel}","templated":true}]}}