{"id":1781,"date":"2023-03-29T21:59:04","date_gmt":"2023-03-29T21:59:04","guid":{"rendered":"https:\/\/spacetech.pt\/site\/?post_type=product&#038;p=1781"},"modified":"2024-12-17T17:19:08","modified_gmt":"2024-12-17T17:19:08","slug":"samsung-galaxy-a54-5g-6-4-dual-sim-8gb-128gb-preto","status":"publish","type":"product","link":"https:\/\/spacetech.pt\/site\/product\/samsung-galaxy-a54-5g-6-4-dual-sim-8gb-128gb-preto\/","title":{"rendered":"Samsung Galaxy A54 5G 6.4&#8243; Dual SIM 8GB\/128GB Preto"},"content":{"rendered":"<div class=\"c-drAvwG\">\n<h1 class=\"c-gEIijh c-caSSG\" data-test-id=\"topbox-sticky-product-name\">Samsung Galaxy A54 5G 6.4&#8243; Dual SIM 8GB\/128GB Preto<\/h1>\n<\/div>\n<div class=\"c-JFfKA\">\n<div class=\"c-bgEFIf\">\n<section class=\"c-gYBZre c-PJLV\">\n<h2 class=\"c-kzxGrr\">Caracter\u00edsticas<\/h2>\n<div class=\"c-dJQpeH\">\n<div class=\"c-hZcBnW\">\n<div class=\"c-bPAdAq\">\n<h3 class=\"c-cjxfUp\">Rede<\/h3>\n<ul class=\"c-gRdNIr\">\n<li class=\"c-eHqchX\"><span class=\"c-khNXFk\">NFC (Near Field Communication)<\/span>\n<div class=\"c-gtWDsx c-gtWDsx-iPJLV-css\"><\/div>\n<\/li>\n<li class=\"c-eHqchX\"><span class=\"c-khNXFk\">Vers\u00e3o Bluetooth<\/span><span class=\"c-gNXYgk\">5.3<\/span><\/li>\n<li class=\"c-eHqchX\"><span class=\"c-khNXFk\">Modula\u00e7\u00e3o<\/span><span class=\"c-gNXYgk\">1024-QAM<\/span><\/li>\n<li class=\"c-eHqchX\"><span class=\"c-khNXFk\">Padr\u00e3o 4G<\/span><span class=\"c-gNXYgk\">LTE-TDD &amp; LTE-FDD<\/span><\/li>\n<li class=\"c-eHqchX\"><span class=\"c-khNXFk\">Padr\u00f5es 3G<\/span><span class=\"c-gNXYgk\">UMTS, WCDMA<\/span><\/li>\n<li class=\"c-eHqchX\"><span class=\"c-khNXFk\">Conectividade com App<\/span>\n<div class=\"c-gtWDsx c-gtWDsx-iPJLV-css\"><\/div>\n<\/li>\n<li class=\"c-eHqchX\"><span class=\"c-khNXFk\">Com Wi-Fi<\/span>\n<div class=\"c-gtWDsx c-gtWDsx-iPJLV-css\"><\/div>\n<\/li>\n<li class=\"c-eHqchX\"><span class=\"c-khNXFk\">Rede<\/span><span class=\"c-gNXYgk\">5G<\/span><\/li>\n<li class=\"c-eHqchX\"><span class=\"c-khNXFk\">Norma 5G<\/span><span class=\"c-gNXYgk\">Sub6 FDD, Sub6 TDD<\/span><\/li>\n<li class=\"c-eHqchX\"><span class=\"c-khNXFk\">Wi-Fi Direct<\/span>\n<div class=\"c-gtWDsx c-gtWDsx-iPJLV-css\"><\/div>\n<\/li>\n<li class=\"c-eHqchX\"><span class=\"c-khNXFk\">Operadora<\/span><span class=\"c-gNXYgk\">Desbloqueados<\/span><\/li>\n<\/ul>\n<\/div>\n<div class=\"c-bPAdAq\">\n<h3 class=\"c-cjxfUp\">Monitores<\/h3>\n<ul class=\"c-gRdNIr\">\n<li class=\"c-eHqchX\"><span class=\"c-khNXFk\">Densidade de p\u00edxeis<\/span><span class=\"c-gNXYgk\">401 ppi<\/span><\/li>\n<li class=\"c-eHqchX\"><span class=\"c-khNXFk\">Luminosidade<\/span><span class=\"c-gNXYgk\">500 cd\/m\u00b2<\/span><\/li>\n<li class=\"c-eHqchX\"><span class=\"c-khNXFk\">Resolu\u00e7\u00e3o de Ecr\u00e3<\/span><span class=\"c-gNXYgk\">1080 x 2340 pixels<\/span><\/li>\n<li class=\"c-eHqchX\"><span class=\"c-khNXFk\">Formato<\/span><span class=\"c-gNXYgk\">Plano<\/span><\/li>\n<li class=\"c-eHqchX\"><span class=\"c-khNXFk\">Com Ecr\u00e3<\/span><span class=\"c-gNXYgk\">16 milh\u00f5es de cores<\/span><\/li>\n<li class=\"c-eHqchX\"><span class=\"c-khNXFk\">Tecnologias espec\u00edficas da marca<\/span><span class=\"c-gNXYgk\">Ecr\u00e3 sempre ligado<\/span><\/li>\n<li class=\"c-eHqchX\"><span class=\"c-khNXFk\">Tipo de vidro do ecr\u00e3<\/span><span class=\"c-gNXYgk\">Gorilla Glass<\/span><\/li>\n<li class=\"c-eHqchX\"><span class=\"c-khNXFk\">Vers\u00e3o Gorilla Glass<\/span><span class=\"c-gNXYgk\">Gorilla Glass 5<\/span><\/li>\n<li class=\"c-eHqchX\"><span class=\"c-khNXFk\">Brilho de visualiza\u00e7\u00e3o m\u00e1ximo (Exterior)<\/span><span class=\"c-gNXYgk\">1000 cd\/m\u00b2<\/span><\/li>\n<li class=\"c-eHqchX\"><span class=\"c-khNXFk\">Taxa de Atualiza\u00e7\u00e3o<\/span><span class=\"c-gNXYgk\">120 Hz<\/span><\/li>\n<li class=\"c-eHqchX\"><span class=\"c-khNXFk\">Tecnologia do Ecr\u00e3<\/span><span class=\"c-gNXYgk\">SAMOLED<\/span><\/li>\n<\/ul>\n<\/div>\n<div class=\"c-bPAdAq\">\n<h3 class=\"c-cjxfUp\">Navega\u00e7\u00e3o<\/h3>\n<ul class=\"c-gRdNIr\">\n<li class=\"c-eHqchX\"><span class=\"c-khNXFk\">GLONASS<\/span>\n<div class=\"c-gtWDsx c-gtWDsx-iPJLV-css\"><\/div>\n<\/li>\n<li class=\"c-eHqchX\"><span class=\"c-khNXFk\">Localiza\u00e7\u00e3o<\/span>\n<div class=\"c-gtWDsx c-gtWDsx-iPJLV-css\"><\/div>\n<\/li>\n<li class=\"c-eHqchX\"><span class=\"c-khNXFk\">BeiDou<\/span>\n<div class=\"c-gtWDsx c-gtWDsx-iPJLV-css\"><\/div>\n<\/li>\n<li class=\"c-eHqchX\"><span class=\"c-khNXFk\">GPS Inclu\u00eddo<\/span>\n<div class=\"c-gtWDsx c-gtWDsx-iPJLV-css\"><\/div>\n<\/li>\n<li class=\"c-eHqchX\"><span class=\"c-khNXFk\">Galileo<\/span>\n<div class=\"c-gtWDsx c-gtWDsx-iPJLV-css\"><\/div>\n<\/li>\n<li class=\"c-eHqchX\"><span class=\"c-khNXFk\">Sistema de sat\u00e9lite Quasi-Zenith (QZSS)<\/span>\n<div class=\"c-gtWDsx c-gtWDsx-iPJLV-css\"><\/div>\n<\/li>\n<\/ul>\n<\/div>\n<div class=\"c-bPAdAq\">\n<h3 class=\"c-cjxfUp\">Conectividade<\/h3>\n<ul class=\"c-gRdNIr\">\n<li class=\"c-eHqchX\"><span class=\"c-khNXFk\">Tipo de conetor USB<\/span><span class=\"c-gNXYgk\">USB Type-C<\/span><\/li>\n<\/ul>\n<\/div>\n<div class=\"c-bPAdAq\">\n<h3 class=\"c-cjxfUp\">Processador<\/h3>\n<ul class=\"c-gRdNIr\">\n<li class=\"c-eHqchX\"><span class=\"c-khNXFk\">Processador<\/span><span class=\"c-gNXYgk\">Samsung Exynos<\/span><\/li>\n<\/ul>\n<\/div>\n<div class=\"c-bPAdAq\">\n<h3 class=\"c-cjxfUp\">M\u00eddia de armazenamento<\/h3>\n<ul class=\"c-gRdNIr\">\n<li class=\"c-eHqchX\"><span class=\"c-khNXFk\">Tipos de cart\u00e3o de mem\u00f3ria compat\u00edveis<\/span><span class=\"c-gNXYgk\">MicroSD (TransFlash)<\/span><\/li>\n<li class=\"c-eHqchX\"><span class=\"c-khNXFk\">Mem\u00f3ria RAM<\/span><span class=\"c-gNXYgk\">8 GB<\/span><\/li>\n<li class=\"c-eHqchX\"><span class=\"c-khNXFk\">Mem\u00f3ria Interna<\/span><span class=\"c-gNXYgk\">128 GB<\/span><\/li>\n<\/ul>\n<\/div>\n<div class=\"c-bPAdAq\">\n<h3 class=\"c-cjxfUp\">M\u00eddia de armazenamento<\/h3>\n<ul class=\"c-gRdNIr\">\n<li class=\"c-eHqchX\"><span class=\"c-khNXFk\">Capacidade<\/span><span class=\"c-gNXYgk\">128 a 256 GB<\/span><\/li>\n<\/ul>\n<\/div>\n<\/div>\n<div class=\"c-hZcBnW\">\n<div class=\"c-bPAdAq\">\n<h3 class=\"c-cjxfUp\">C\u00e2mera<\/h3>\n<ul class=\"c-gRdNIr\">\n<li class=\"c-eHqchX\"><span class=\"c-khNXFk\">Resolu\u00e7\u00e3o da c\u00e2mara traseira (num\u00e9rico)<\/span><span class=\"c-gNXYgk\">50 MP<\/span><\/li>\n<li class=\"c-eHqchX\"><span class=\"c-khNXFk\">Resolu\u00e7\u00e3o de v\u00eddeo<\/span><span class=\"c-gNXYgk\">2160 x 3840 pixels<\/span><\/li>\n<li class=\"c-eHqchX\"><span class=\"c-khNXFk\">Modo de retrato<\/span>\n<div class=\"c-gtWDsx c-gtWDsx-iPJLV-css\"><\/div>\n<\/li>\n<li class=\"c-eHqchX\"><span class=\"c-khNXFk\">Modo nocturno<\/span>\n<div class=\"c-gtWDsx c-gtWDsx-iPJLV-css\"><\/div>\n<\/li>\n<li class=\"c-eHqchX\"><span class=\"c-khNXFk\">Tipo de c\u00e2mara traseira<\/span><span class=\"c-gNXYgk\">C\u00e2mara tripla<\/span><\/li>\n<li class=\"c-eHqchX\"><span class=\"c-khNXFk\">Resolu\u00e7\u00e3o da segunda c\u00e2mara traseira (num\u00e9rica)<\/span><span class=\"c-gNXYgk\">12 MP<\/span><\/li>\n<li class=\"c-eHqchX\"><span class=\"c-khNXFk\">N\u00famero da abertura da c\u00e2mara traseira<\/span><span class=\"c-gNXYgk\">1,8<\/span><\/li>\n<li class=\"c-eHqchX\"><span class=\"c-khNXFk\">Resolu\u00e7\u00e3o da terceira c\u00e2mara traseira (num\u00e9rico)<\/span><span class=\"c-gNXYgk\">5 MP<\/span><\/li>\n<li class=\"c-eHqchX\"><span class=\"c-khNXFk\">Flash da c\u00e2mara traseira<\/span>\n<div class=\"c-gtWDsx c-gtWDsx-iPJLV-css\"><\/div>\n<\/li>\n<li class=\"c-eHqchX\"><span class=\"c-khNXFk\">Panorama<\/span>\n<div class=\"c-gtWDsx c-gtWDsx-iPJLV-css\"><\/div>\n<\/li>\n<li class=\"c-eHqchX\"><span class=\"c-khNXFk\">Macrofotografia<\/span>\n<div class=\"c-gtWDsx c-gtWDsx-iPJLV-css\"><\/div>\n<\/li>\n<li class=\"c-eHqchX\"><span class=\"c-khNXFk\">Zoom digital<\/span><span class=\"c-gNXYgk\">10 x<\/span><\/li>\n<li class=\"c-eHqchX\"><span class=\"c-khNXFk\">Tipo de flash<\/span><span class=\"c-gNXYgk\">LED<\/span><\/li>\n<\/ul>\n<\/div>\n<div class=\"c-bPAdAq\">\n<h3 class=\"c-cjxfUp\">Pesos e Dimens\u00f5es<\/h3>\n<ul class=\"c-gRdNIr\">\n<li class=\"c-eHqchX\"><span class=\"c-khNXFk\">Altura<\/span><span class=\"c-gNXYgk\">158,2 mm<\/span><\/li>\n<li class=\"c-eHqchX\"><span class=\"c-khNXFk\">Largura<\/span><span class=\"c-gNXYgk\">76,7 mm<\/span><\/li>\n<li class=\"c-eHqchX\"><span class=\"c-khNXFk\">Profundidade<\/span><span class=\"c-gNXYgk\">8,2 mm<\/span><\/li>\n<li class=\"c-eHqchX\"><span class=\"c-khNXFk\">Peso<\/span><span class=\"c-gNXYgk\">202 g<\/span><\/li>\n<\/ul>\n<\/div>\n<div class=\"c-bPAdAq\">\n<h3 class=\"c-cjxfUp\">Ecr\u00e3<\/h3>\n<ul class=\"c-gRdNIr\">\n<li class=\"c-eHqchX\"><span class=\"c-khNXFk\">Resolu\u00e7\u00e3o de Ecr\u00e3<\/span><span class=\"c-gNXYgk\">1080 x 2340 pixels<\/span><\/li>\n<li class=\"c-eHqchX\"><span class=\"c-khNXFk\">Tecnologias espec\u00edficas da marca<\/span><span class=\"c-gNXYgk\">Ecr\u00e3 sempre ligado<\/span><\/li>\n<li class=\"c-eHqchX\"><span class=\"c-khNXFk\">Brilho de visualiza\u00e7\u00e3o m\u00e1ximo (Exterior)<\/span><span class=\"c-gNXYgk\">1000 cd\/m\u00b2<\/span><\/li>\n<li class=\"c-eHqchX\"><span class=\"c-khNXFk\">Tecnologia do Ecr\u00e3<\/span><span class=\"c-gNXYgk\">SAMOLED<\/span><\/li>\n<li class=\"c-eHqchX\"><span class=\"c-khNXFk\">Tamanho de Ecr\u00e3<\/span><span class=\"c-gNXYgk\">6.4 &#8220;<\/span><\/li>\n<\/ul>\n<\/div>\n<div class=\"c-bPAdAq\">\n<h3 class=\"c-cjxfUp\">Design e Caracter\u00edsticas F\u00edsicas<\/h3>\n<ul class=\"c-gRdNIr\">\n<li class=\"c-eHqchX\"><span class=\"c-khNXFk\">Cor<\/span><span class=\"c-gNXYgk\">Graphite<\/span><\/li>\n<li class=\"c-eHqchX\"><span class=\"c-khNXFk\">Formato<\/span><span class=\"c-gNXYgk\">Barra<\/span><\/li>\n<\/ul>\n<\/div>\n<div class=\"c-bPAdAq\">\n<h3 class=\"c-cjxfUp\">Sensores<\/h3>\n<ul class=\"c-gRdNIr\">\n<li class=\"c-eHqchX\"><span class=\"c-khNXFk\">Sensor geomagn\u00e9tico<\/span>\n<div class=\"c-gtWDsx c-gtWDsx-iPJLV-css\"><\/div>\n<\/li>\n<li class=\"c-eHqchX\"><span class=\"c-khNXFk\">Sensor de corredor<\/span>\n<div class=\"c-gtWDsx c-gtWDsx-iPJLV-css\"><\/div>\n<\/li>\n<li class=\"c-eHqchX\"><span class=\"c-khNXFk\">Sensor de proximidade<\/span>\n<div class=\"c-gtWDsx c-gtWDsx-iPJLV-css\"><\/div>\n<\/li>\n<li class=\"c-eHqchX\"><span class=\"c-khNXFk\">Sensor de luz ambiente<\/span>\n<div class=\"c-gtWDsx c-gtWDsx-iPJLV-css\"><\/div>\n<\/li>\n<li class=\"c-eHqchX\"><span class=\"c-khNXFk\">Aceler\u00f3metro<\/span>\n<div class=\"c-gtWDsx c-gtWDsx-iPJLV-css\"><\/div>\n<\/li>\n<li class=\"c-eHqchX\"><span class=\"c-khNXFk\">Girosc\u00f3pio<\/span>\n<div class=\"c-gtWDsx c-gtWDsx-iPJLV-css\"><\/div>\n<\/li>\n<\/ul>\n<\/div>\n<div class=\"c-bPAdAq\">\n<h3 class=\"c-cjxfUp\">Bateria<\/h3>\n<ul class=\"c-gRdNIr\">\n<li class=\"c-eHqchX\"><span class=\"c-khNXFk\">Capacidade<\/span><span class=\"c-gNXYgk\">5000 mAh<\/span><\/li>\n<\/ul>\n<\/div>\n<div class=\"c-bPAdAq\">\n<h3 class=\"c-cjxfUp\">Capacidade do Cart\u00e3o SIM<\/h3>\n<ul class=\"c-gRdNIr\">\n<li class=\"c-eHqchX\"><span class=\"c-khNXFk\">Dual SIM<\/span>\n<div class=\"c-gtWDsx c-gtWDsx-iPJLV-css\"><\/div>\n<\/li>\n<\/ul>\n<\/div>\n<\/div>\n<\/div>\n<\/section>\n<div class=\"c-gOYXKZ\"><span class=\"c-cUnbMK\">C\u00f3digo de barras:<\/span><span class=\"c-ijYvwD\">8806094885699<\/span><\/div>\n<div class=\"c-gOYXKZ\"><span class=\"c-cUnbMK\">Refer\u00eancia:<\/span><span class=\"c-ijYvwD\">SM-A546BZKCEUB<\/span><\/div>\n<\/div>\n<\/div>\n","protected":false},"excerpt":{"rendered":"<p>O Samsung Galaxy A54 5G \u00e9 um smartphone com tela Super AMOLED de 6,4 polegadas (16,25 cm) e resolu\u00e7\u00e3o de 1080 x 2400 pixels. A tecnologia Super AMOLED garante imagens vibrantes e cores n\u00edtidas. A tela tamb\u00e9m tem um pequeno furo para a c\u00e2mera frontal, o que oferece uma melhor experi\u00eancia visual.<\/p>\n<p>O Galaxy A54 5G vem com 8GB de RAM e 128GB de armazenamento interno, permitindo que os usu\u00e1rios tenham um bom desempenho em multitarefas e armazenem muitos aplicativos, fotos, v\u00eddeos e outros arquivos.<\/p>\n<p>A c\u00e2mera traseira \u00e9 uma c\u00e2mera tripla com uma c\u00e2mera principal de 48 megapixels, uma c\u00e2mera ultra-wide de 5 megapixels e uma c\u00e2mera de profundidade de 5 megapixels. Isso significa que o usu\u00e1rio pode tirar fotos em diferentes perspectivas e com efeitos variados. J\u00e1 a c\u00e2mera frontal tem 32 megapixels, que \u00e9 bastante alta para selfies e chamadas de v\u00eddeo.<\/p>\n<p>A cor do produto \u00e9 preto, que \u00e9 uma cor cl\u00e1ssica e elegante para smartphones. Al\u00e9m disso, o Galaxy A54 5G possui conectividade 5G, que oferece alta velocidade de internet para os usu\u00e1rios em \u00e1reas com cobertura 5G.<\/p>\n","protected":false},"featured_media":1782,"comment_status":"open","ping_status":"closed","template":"","meta":[],"product_brand":[],"product_cat":[84],"product_tag":[],"class_list":{"0":"post-1781","1":"product","2":"type-product","3":"status-publish","4":"has-post-thumbnail","6":"product_cat-samsung","8":"first","9":"outofstock","10":"taxable","11":"shipping-taxable","12":"purchasable","13":"product-type-simple"},"yoast_head":"<!-- This site is optimized with the Yoast SEO plugin v27.6 - https:\/\/yoast.com\/product\/yoast-seo-wordpress\/ -->\n<title>Samsung Galaxy A54 5G 6.4&quot; Dual SIM 8GB\/128GB Preto | SpaceTech<\/title>\n<meta name=\"description\" content=\"Samsung Galaxy A54 5G. Tamanho do ecr\u00e3 na diagonal: 16,25 cm (6.4&quot;), Resolu\u00e7\u00e3o: 1080 x 2400 pixels, Tipo de ecr\u00e3: Super AMOLED. Capacidade RAM: 8 GB, Capa..\" \/>\n<meta name=\"robots\" content=\"index, follow, max-snippet:-1, max-image-preview:large, max-video-preview:-1\" \/>\n<link rel=\"canonical\" href=\"https:\/\/spacetech.pt\/site\/product\/samsung-galaxy-a54-5g-6-4-dual-sim-8gb-128gb-preto\/\" \/>\n<meta property=\"og:locale\" content=\"pt_BR\" \/>\n<meta property=\"og:type\" content=\"article\" \/>\n<meta property=\"og:title\" content=\"Samsung Galaxy A54 5G 6.4&quot; Dual SIM 8GB\/128GB Preto | SpaceTech\" \/>\n<meta property=\"og:description\" content=\"Samsung Galaxy A54 5G. Tamanho do ecr\u00e3 na diagonal: 16,25 cm (6.4&quot;), Resolu\u00e7\u00e3o: 1080 x 2400 pixels, Tipo de ecr\u00e3: Super AMOLED. Capacidade RAM: 8 GB, Capa..\" \/>\n<meta property=\"og:url\" content=\"https:\/\/spacetech.pt\/site\/product\/samsung-galaxy-a54-5g-6-4-dual-sim-8gb-128gb-preto\/\" \/>\n<meta property=\"og:site_name\" content=\"SpaceTech\" \/>\n<meta property=\"article:publisher\" content=\"https:\/\/www.facebook.com\/SpaceTech-104699978252826\" \/>\n<meta property=\"article:modified_time\" content=\"2024-12-17T17:19:08+00:00\" \/>\n<meta property=\"og:image\" content=\"https:\/\/spacetech.pt\/site\/wp-content\/uploads\/2023\/03\/Samsung-Galaxy-A54-5G-64-Dual-SIM-8GB128GB-Preto.jpg\" \/>\n\t<meta property=\"og:image:width\" content=\"600\" \/>\n\t<meta property=\"og:image:height\" content=\"600\" \/>\n\t<meta property=\"og:image:type\" content=\"image\/jpeg\" \/>\n<meta name=\"twitter:card\" content=\"summary_large_image\" \/>\n<meta name=\"twitter:label1\" content=\"Est. tempo de leitura\" \/>\n\t<meta name=\"twitter:data1\" content=\"2 minutos\" \/>\n<script type=\"application\/ld+json\" class=\"yoast-schema-graph\">{\"@context\":\"https:\\\/\\\/schema.org\",\"@graph\":[{\"@type\":\"WebPage\",\"@id\":\"https:\\\/\\\/spacetech.pt\\\/site\\\/product\\\/samsung-galaxy-a54-5g-6-4-dual-sim-8gb-128gb-preto\\\/\",\"url\":\"https:\\\/\\\/spacetech.pt\\\/site\\\/product\\\/samsung-galaxy-a54-5g-6-4-dual-sim-8gb-128gb-preto\\\/\",\"name\":\"Samsung Galaxy A54 5G 6.4\\\" Dual SIM 8GB\\\/128GB Preto | SpaceTech\",\"isPartOf\":{\"@id\":\"https:\\\/\\\/spacetech.pt\\\/site\\\/#website\"},\"primaryImageOfPage\":{\"@id\":\"https:\\\/\\\/spacetech.pt\\\/site\\\/product\\\/samsung-galaxy-a54-5g-6-4-dual-sim-8gb-128gb-preto\\\/#primaryimage\"},\"image\":{\"@id\":\"https:\\\/\\\/spacetech.pt\\\/site\\\/product\\\/samsung-galaxy-a54-5g-6-4-dual-sim-8gb-128gb-preto\\\/#primaryimage\"},\"thumbnailUrl\":\"https:\\\/\\\/spacetech.pt\\\/site\\\/wp-content\\\/uploads\\\/2023\\\/03\\\/Samsung-Galaxy-A54-5G-64-Dual-SIM-8GB128GB-Preto.jpg\",\"datePublished\":\"2023-03-29T21:59:04+00:00\",\"dateModified\":\"2024-12-17T17:19:08+00:00\",\"description\":\"Samsung Galaxy A54 5G. Tamanho do ecr\u00e3 na diagonal: 16,25 cm (6.4\\\"), Resolu\u00e7\u00e3o: 1080 x 2400 pixels, Tipo de ecr\u00e3: Super AMOLED. Capacidade RAM: 8 GB, Capa..\",\"breadcrumb\":{\"@id\":\"https:\\\/\\\/spacetech.pt\\\/site\\\/product\\\/samsung-galaxy-a54-5g-6-4-dual-sim-8gb-128gb-preto\\\/#breadcrumb\"},\"inLanguage\":\"pt-BR\",\"potentialAction\":[{\"@type\":\"ReadAction\",\"target\":[\"https:\\\/\\\/spacetech.pt\\\/site\\\/product\\\/samsung-galaxy-a54-5g-6-4-dual-sim-8gb-128gb-preto\\\/\"]}]},{\"@type\":\"ImageObject\",\"inLanguage\":\"pt-BR\",\"@id\":\"https:\\\/\\\/spacetech.pt\\\/site\\\/product\\\/samsung-galaxy-a54-5g-6-4-dual-sim-8gb-128gb-preto\\\/#primaryimage\",\"url\":\"https:\\\/\\\/spacetech.pt\\\/site\\\/wp-content\\\/uploads\\\/2023\\\/03\\\/Samsung-Galaxy-A54-5G-64-Dual-SIM-8GB128GB-Preto.jpg\",\"contentUrl\":\"https:\\\/\\\/spacetech.pt\\\/site\\\/wp-content\\\/uploads\\\/2023\\\/03\\\/Samsung-Galaxy-A54-5G-64-Dual-SIM-8GB128GB-Preto.jpg\",\"width\":600,\"height\":600,\"caption\":\"Samsung Galaxy A54 5G 6.4\\\" Dual SIM 8GB\\\/128GB Preto\"},{\"@type\":\"BreadcrumbList\",\"@id\":\"https:\\\/\\\/spacetech.pt\\\/site\\\/product\\\/samsung-galaxy-a54-5g-6-4-dual-sim-8gb-128gb-preto\\\/#breadcrumb\",\"itemListElement\":[{\"@type\":\"ListItem\",\"position\":1,\"name\":\"In\u00edcio\",\"item\":\"https:\\\/\\\/spacetech.pt\\\/site\\\/\"},{\"@type\":\"ListItem\",\"position\":2,\"name\":\"Loja de Telem\u00f3veis\",\"item\":\"https:\\\/\\\/spacetech.pt\\\/site\\\/\"},{\"@type\":\"ListItem\",\"position\":3,\"name\":\"Samsung Galaxy A54 5G 6.4&#8243; Dual SIM 8GB\\\/128GB Preto\"}]},{\"@type\":\"WebSite\",\"@id\":\"https:\\\/\\\/spacetech.pt\\\/site\\\/#website\",\"url\":\"https:\\\/\\\/spacetech.pt\\\/site\\\/\",\"name\":\"SpaceTech\",\"description\":\"Gadgets de Qualidade\",\"publisher\":{\"@id\":\"https:\\\/\\\/spacetech.pt\\\/site\\\/#organization\"},\"potentialAction\":[{\"@type\":\"SearchAction\",\"target\":{\"@type\":\"EntryPoint\",\"urlTemplate\":\"https:\\\/\\\/spacetech.pt\\\/site\\\/?s={search_term_string}\"},\"query-input\":{\"@type\":\"PropertyValueSpecification\",\"valueRequired\":true,\"valueName\":\"search_term_string\"}}],\"inLanguage\":\"pt-BR\"},{\"@type\":\"Organization\",\"@id\":\"https:\\\/\\\/spacetech.pt\\\/site\\\/#organization\",\"name\":\"SpaceTech\",\"url\":\"https:\\\/\\\/spacetech.pt\\\/site\\\/\",\"logo\":{\"@type\":\"ImageObject\",\"inLanguage\":\"pt-BR\",\"@id\":\"https:\\\/\\\/spacetech.pt\\\/site\\\/#\\\/schema\\\/logo\\\/image\\\/\",\"url\":\"https:\\\/\\\/spacetech.pt\\\/site\\\/wp-content\\\/uploads\\\/2021\\\/01\\\/cropped-logo-spacetech-quadrado.jpg\",\"contentUrl\":\"https:\\\/\\\/spacetech.pt\\\/site\\\/wp-content\\\/uploads\\\/2021\\\/01\\\/cropped-logo-spacetech-quadrado.jpg\",\"width\":512,\"height\":512,\"caption\":\"SpaceTech\"},\"image\":{\"@id\":\"https:\\\/\\\/spacetech.pt\\\/site\\\/#\\\/schema\\\/logo\\\/image\\\/\"},\"sameAs\":[\"https:\\\/\\\/www.facebook.com\\\/SpaceTech-104699978252826\",\"https:\\\/\\\/www.instagram.com\\\/spacetech.pt\\\/\"]}]}<\/script>\n<!-- \/ Yoast SEO plugin. -->","yoast_head_json":{"title":"Samsung Galaxy A54 5G 6.4\" Dual SIM 8GB\/128GB Preto | SpaceTech","description":"Samsung Galaxy A54 5G. Tamanho do ecr\u00e3 na diagonal: 16,25 cm (6.4\"), Resolu\u00e7\u00e3o: 1080 x 2400 pixels, Tipo de ecr\u00e3: Super AMOLED. Capacidade RAM: 8 GB, Capa..","robots":{"index":"index","follow":"follow","max-snippet":"max-snippet:-1","max-image-preview":"max-image-preview:large","max-video-preview":"max-video-preview:-1"},"canonical":"https:\/\/spacetech.pt\/site\/product\/samsung-galaxy-a54-5g-6-4-dual-sim-8gb-128gb-preto\/","og_locale":"pt_BR","og_type":"article","og_title":"Samsung Galaxy A54 5G 6.4\" Dual SIM 8GB\/128GB Preto | SpaceTech","og_description":"Samsung Galaxy A54 5G. Tamanho do ecr\u00e3 na diagonal: 16,25 cm (6.4\"), Resolu\u00e7\u00e3o: 1080 x 2400 pixels, Tipo de ecr\u00e3: Super AMOLED. Capacidade RAM: 8 GB, Capa..","og_url":"https:\/\/spacetech.pt\/site\/product\/samsung-galaxy-a54-5g-6-4-dual-sim-8gb-128gb-preto\/","og_site_name":"SpaceTech","article_publisher":"https:\/\/www.facebook.com\/SpaceTech-104699978252826","article_modified_time":"2024-12-17T17:19:08+00:00","og_image":[{"width":600,"height":600,"url":"https:\/\/spacetech.pt\/site\/wp-content\/uploads\/2023\/03\/Samsung-Galaxy-A54-5G-64-Dual-SIM-8GB128GB-Preto.jpg","type":"image\/jpeg"}],"twitter_card":"summary_large_image","twitter_misc":{"Est. tempo de leitura":"2 minutos"},"schema":{"@context":"https:\/\/schema.org","@graph":[{"@type":"WebPage","@id":"https:\/\/spacetech.pt\/site\/product\/samsung-galaxy-a54-5g-6-4-dual-sim-8gb-128gb-preto\/","url":"https:\/\/spacetech.pt\/site\/product\/samsung-galaxy-a54-5g-6-4-dual-sim-8gb-128gb-preto\/","name":"Samsung Galaxy A54 5G 6.4\" Dual SIM 8GB\/128GB Preto | SpaceTech","isPartOf":{"@id":"https:\/\/spacetech.pt\/site\/#website"},"primaryImageOfPage":{"@id":"https:\/\/spacetech.pt\/site\/product\/samsung-galaxy-a54-5g-6-4-dual-sim-8gb-128gb-preto\/#primaryimage"},"image":{"@id":"https:\/\/spacetech.pt\/site\/product\/samsung-galaxy-a54-5g-6-4-dual-sim-8gb-128gb-preto\/#primaryimage"},"thumbnailUrl":"https:\/\/spacetech.pt\/site\/wp-content\/uploads\/2023\/03\/Samsung-Galaxy-A54-5G-64-Dual-SIM-8GB128GB-Preto.jpg","datePublished":"2023-03-29T21:59:04+00:00","dateModified":"2024-12-17T17:19:08+00:00","description":"Samsung Galaxy A54 5G. Tamanho do ecr\u00e3 na diagonal: 16,25 cm (6.4\"), Resolu\u00e7\u00e3o: 1080 x 2400 pixels, Tipo de ecr\u00e3: Super AMOLED. Capacidade RAM: 8 GB, Capa..","breadcrumb":{"@id":"https:\/\/spacetech.pt\/site\/product\/samsung-galaxy-a54-5g-6-4-dual-sim-8gb-128gb-preto\/#breadcrumb"},"inLanguage":"pt-BR","potentialAction":[{"@type":"ReadAction","target":["https:\/\/spacetech.pt\/site\/product\/samsung-galaxy-a54-5g-6-4-dual-sim-8gb-128gb-preto\/"]}]},{"@type":"ImageObject","inLanguage":"pt-BR","@id":"https:\/\/spacetech.pt\/site\/product\/samsung-galaxy-a54-5g-6-4-dual-sim-8gb-128gb-preto\/#primaryimage","url":"https:\/\/spacetech.pt\/site\/wp-content\/uploads\/2023\/03\/Samsung-Galaxy-A54-5G-64-Dual-SIM-8GB128GB-Preto.jpg","contentUrl":"https:\/\/spacetech.pt\/site\/wp-content\/uploads\/2023\/03\/Samsung-Galaxy-A54-5G-64-Dual-SIM-8GB128GB-Preto.jpg","width":600,"height":600,"caption":"Samsung Galaxy A54 5G 6.4\" Dual SIM 8GB\/128GB Preto"},{"@type":"BreadcrumbList","@id":"https:\/\/spacetech.pt\/site\/product\/samsung-galaxy-a54-5g-6-4-dual-sim-8gb-128gb-preto\/#breadcrumb","itemListElement":[{"@type":"ListItem","position":1,"name":"In\u00edcio","item":"https:\/\/spacetech.pt\/site\/"},{"@type":"ListItem","position":2,"name":"Loja de Telem\u00f3veis","item":"https:\/\/spacetech.pt\/site\/"},{"@type":"ListItem","position":3,"name":"Samsung Galaxy A54 5G 6.4&#8243; Dual SIM 8GB\/128GB Preto"}]},{"@type":"WebSite","@id":"https:\/\/spacetech.pt\/site\/#website","url":"https:\/\/spacetech.pt\/site\/","name":"SpaceTech","description":"Gadgets de Qualidade","publisher":{"@id":"https:\/\/spacetech.pt\/site\/#organization"},"potentialAction":[{"@type":"SearchAction","target":{"@type":"EntryPoint","urlTemplate":"https:\/\/spacetech.pt\/site\/?s={search_term_string}"},"query-input":{"@type":"PropertyValueSpecification","valueRequired":true,"valueName":"search_term_string"}}],"inLanguage":"pt-BR"},{"@type":"Organization","@id":"https:\/\/spacetech.pt\/site\/#organization","name":"SpaceTech","url":"https:\/\/spacetech.pt\/site\/","logo":{"@type":"ImageObject","inLanguage":"pt-BR","@id":"https:\/\/spacetech.pt\/site\/#\/schema\/logo\/image\/","url":"https:\/\/spacetech.pt\/site\/wp-content\/uploads\/2021\/01\/cropped-logo-spacetech-quadrado.jpg","contentUrl":"https:\/\/spacetech.pt\/site\/wp-content\/uploads\/2021\/01\/cropped-logo-spacetech-quadrado.jpg","width":512,"height":512,"caption":"SpaceTech"},"image":{"@id":"https:\/\/spacetech.pt\/site\/#\/schema\/logo\/image\/"},"sameAs":["https:\/\/www.facebook.com\/SpaceTech-104699978252826","https:\/\/www.instagram.com\/spacetech.pt\/"]}]}},"jetpack_sharing_enabled":true,"_links":{"self":[{"href":"https:\/\/spacetech.pt\/site\/wp-json\/wp\/v2\/product\/1781","targetHints":{"allow":["GET"]}}],"collection":[{"href":"https:\/\/spacetech.pt\/site\/wp-json\/wp\/v2\/product"}],"about":[{"href":"https:\/\/spacetech.pt\/site\/wp-json\/wp\/v2\/types\/product"}],"replies":[{"embeddable":true,"href":"https:\/\/spacetech.pt\/site\/wp-json\/wp\/v2\/comments?post=1781"}],"wp:featuredmedia":[{"embeddable":true,"href":"https:\/\/spacetech.pt\/site\/wp-json\/wp\/v2\/media\/1782"}],"wp:attachment":[{"href":"https:\/\/spacetech.pt\/site\/wp-json\/wp\/v2\/media?parent=1781"}],"wp:term":[{"taxonomy":"product_brand","embeddable":true,"href":"https:\/\/spacetech.pt\/site\/wp-json\/wp\/v2\/product_brand?post=1781"},{"taxonomy":"product_cat","embeddable":true,"href":"https:\/\/spacetech.pt\/site\/wp-json\/wp\/v2\/product_cat?post=1781"},{"taxonomy":"product_tag","embeddable":true,"href":"https:\/\/spacetech.pt\/site\/wp-json\/wp\/v2\/product_tag?post=1781"}],"curies":[{"name":"wp","href":"https:\/\/api.w.org\/{rel}","templated":true}]}}