{"id":1764,"date":"2023-03-28T10:50:11","date_gmt":"2023-03-28T10:50:11","guid":{"rendered":"https:\/\/spacetech.pt\/site\/?post_type=product&#038;p=1764"},"modified":"2023-06-28T08:16:08","modified_gmt":"2023-06-28T08:16:08","slug":"xiaomi-11-lite-5g-ne-6-55-dual-sim-8gb-128gb-truffle-black","status":"publish","type":"product","link":"https:\/\/spacetech.pt\/site\/product\/xiaomi-11-lite-5g-ne-6-55-dual-sim-8gb-128gb-truffle-black\/","title":{"rendered":"Xiaomi 11 Lite 5G NE 6.55&#8243; Dual SIM 8GB\/128GB Truffle Black"},"content":{"rendered":"<div class=\"c-fxyIaD\">\n<div class=\"c-gbBGZW\">\n<h1 class=\"c-gEIijh\">Xiaomi 11 Lite 5G NE 6.55&#8243; Dual SIM 8GB\/128GB Truffle Black<\/h1>\n<\/div>\n<\/div>\n<div class=\"c-hmAmmA\">\n<div class=\"c-cjuRbG\" aria-label=\"share\">\n<div class=\"c-gtWDsx c-gtWDsx-iPJLV-css\">\n<div class=\"c-gtWDsx c-gtWDsx-iPJLV-css\">\n<section class=\"c-gYBZre c-gXQJeI\">\n<h2 class=\"c-kzxGrr\">Detalhes do Produto<\/h2>\n<div class=\"c-fkoqBN\">\n<div class=\"c-jKOUQW\">\n<div id=\"sas_37914\" class=\"c-gJyRpC\"><\/div>\n<\/div>\n<\/div>\n<\/section>\n<section class=\"c-gYBZre c-PJLV\">\n<h2 class=\"c-kzxGrr\">Caracter\u00edsticas<\/h2>\n<div class=\"c-dJQpeH\">\n<div class=\"c-hZcBnW\">\n<div class=\"c-bPAdAq\">\n<h3 class=\"c-cjxfUp\">Rede<\/h3>\n<ul class=\"c-gRdNIr\">\n<li class=\"c-eHqchX\"><span class=\"c-khNXFk\">NFC (Near Field Communication)<\/span>\n<div class=\"c-gtWDsx c-gtWDsx-iPJLV-css\"><\/div>\n<\/li>\n<li class=\"c-eHqchX\"><span class=\"c-khNXFk\">Vers\u00e3o Bluetooth<\/span><span class=\"c-gNXYgk\">5.2<\/span><\/li>\n<li class=\"c-eHqchX\"><span class=\"c-khNXFk\">Padr\u00e3o 4G<\/span><span class=\"c-gNXYgk\">LTE-TDD &amp; LTE-FDD<\/span><\/li>\n<li class=\"c-eHqchX\"><span class=\"c-khNXFk\">Padr\u00f5es 3G<\/span><span class=\"c-gNXYgk\">WCDMA<\/span><\/li>\n<li class=\"c-eHqchX\"><span class=\"c-khNXFk\">Conectividade com App<\/span>\n<div class=\"c-gtWDsx c-gtWDsx-iPJLV-css\"><\/div>\n<\/li>\n<li class=\"c-eHqchX\"><span class=\"c-khNXFk\">Com Wi-Fi<\/span>\n<div class=\"c-gtWDsx c-gtWDsx-iPJLV-css\"><\/div>\n<\/li>\n<li class=\"c-eHqchX\"><span class=\"c-khNXFk\">Rede 5G<\/span>\n<div class=\"c-gtWDsx c-gtWDsx-iPJLV-css\"><\/div>\n<\/li>\n<li class=\"c-eHqchX\"><span class=\"c-khNXFk\">Rede<\/span><span class=\"c-gNXYgk\">5G<\/span><\/li>\n<li class=\"c-eHqchX\"><span class=\"c-khNXFk\">Wi-Fi Direct<\/span>\n<div class=\"c-gtWDsx c-gtWDsx-iPJLV-css\"><\/div>\n<\/li>\n<li class=\"c-eHqchX\"><span class=\"c-khNXFk\">Operadora<\/span><span class=\"c-gNXYgk\">Desbloqueados<\/span><\/li>\n<\/ul>\n<\/div>\n<div class=\"c-bPAdAq\">\n<h3 class=\"c-cjxfUp\">Monitores<\/h3>\n<ul class=\"c-gRdNIr\">\n<li class=\"c-eHqchX\"><span class=\"c-khNXFk\">Propor\u00e7\u00e3o de imagem nativa<\/span><span class=\"c-gNXYgk\">20:9<\/span><\/li>\n<li class=\"c-eHqchX\"><span class=\"c-khNXFk\">Densidade de p\u00edxeis<\/span><span class=\"c-gNXYgk\">402 ppi<\/span><\/li>\n<li class=\"c-eHqchX\"><span class=\"c-khNXFk\">Luminosidade<\/span><span class=\"c-gNXYgk\">500 cd\/m\u00b2<\/span><\/li>\n<li class=\"c-eHqchX\"><span class=\"c-khNXFk\">Resolu\u00e7\u00e3o de Ecr\u00e3<\/span><span class=\"c-gNXYgk\">2400 x 1080 pixels<\/span><\/li>\n<li class=\"c-eHqchX\"><span class=\"c-khNXFk\">Formato<\/span><span class=\"c-gNXYgk\">Curvo<\/span><\/li>\n<li class=\"c-eHqchX\"><span class=\"c-khNXFk\">R\u00e1cio de contraste (t\u00edpico)<\/span><span class=\"c-gNXYgk\">5000000:1<\/span><\/li>\n<li class=\"c-eHqchX\"><span class=\"c-khNXFk\">Tipo de vidro do ecr\u00e3<\/span><span class=\"c-gNXYgk\">Gorilla Glass<\/span><\/li>\n<li class=\"c-eHqchX\"><span class=\"c-khNXFk\">Compat\u00edvel com HDR<\/span>\n<div class=\"c-gtWDsx c-gtWDsx-iPJLV-css\"><\/div>\n<\/li>\n<li class=\"c-eHqchX\"><span class=\"c-khNXFk\">Vers\u00e3o Gorilla Glass<\/span><span class=\"c-gNXYgk\">Gorilla Glass 5<\/span><\/li>\n<li class=\"c-eHqchX\"><span class=\"c-khNXFk\">Tecnologia High Dynamic Range (HDR)<\/span><span class=\"c-gNXYgk\">High Dynamic Range 10+ (HDR10 Plus)<\/span><\/li>\n<li class=\"c-eHqchX\"><span class=\"c-khNXFk\">Taxa de Atualiza\u00e7\u00e3o<\/span><span class=\"c-gNXYgk\">90 Hz<\/span><\/li>\n<li class=\"c-eHqchX\"><span class=\"c-khNXFk\">Tecnologia do Ecr\u00e3<\/span><span class=\"c-gNXYgk\">AMOLED<\/span><\/li>\n<\/ul>\n<\/div>\n<div class=\"c-bPAdAq\">\n<h3 class=\"c-cjxfUp\">C\u00e2mera<\/h3>\n<ul class=\"c-gRdNIr\">\n<li class=\"c-eHqchX\"><span class=\"c-khNXFk\">Resolu\u00e7\u00e3o da c\u00e2mara traseira (num\u00e9rico)<\/span><span class=\"c-gNXYgk\">64 MP<\/span><\/li>\n<li class=\"c-eHqchX\"><span class=\"c-khNXFk\">Resolu\u00e7\u00e3o de v\u00eddeo<\/span><span class=\"c-gNXYgk\">3840 x 2160 pixels<\/span><\/li>\n<li class=\"c-eHqchX\"><span class=\"c-khNXFk\">Tipo de c\u00e2mara traseira<\/span><span class=\"c-gNXYgk\">C\u00e2mara tripla<\/span><\/li>\n<li class=\"c-eHqchX\"><span class=\"c-khNXFk\">Resolu\u00e7\u00e3o da segunda c\u00e2mara traseira (num\u00e9rica)<\/span><span class=\"c-gNXYgk\">8 MP<\/span><\/li>\n<li class=\"c-eHqchX\"><span class=\"c-khNXFk\">N\u00famero da abertura da c\u00e2mara traseira<\/span><span class=\"c-gNXYgk\">1,79<\/span><\/li>\n<li class=\"c-eHqchX\"><span class=\"c-khNXFk\">Resolu\u00e7\u00e3o a velocidade de captura<\/span><span class=\"c-gNXYgk\">1280&#215;720@120fps, 1280&#215;720@30fps, 1920&#215;1080@120fps, 1920&#215;1080@30fps, 1920&#215;1080@60fps, 3840&#215;2160@30fps<\/span><\/li>\n<li class=\"c-eHqchX\"><span class=\"c-khNXFk\">Flash da c\u00e2mara traseira<\/span>\n<div class=\"c-gtWDsx c-gtWDsx-iPJLV-css\"><\/div>\n<\/li>\n<li class=\"c-eHqchX\"><span class=\"c-khNXFk\">Resolu\u00e7\u00e3o da c\u00e2mara macro (num\u00e9rico)<\/span><span class=\"c-gNXYgk\">5 MP<\/span><\/li>\n<\/ul>\n<\/div>\n<div class=\"c-bPAdAq\">\n<h3 class=\"c-cjxfUp\">Navega\u00e7\u00e3o<\/h3>\n<ul class=\"c-gRdNIr\">\n<li class=\"c-eHqchX\"><span class=\"c-khNXFk\">GLONASS<\/span>\n<div class=\"c-gtWDsx c-gtWDsx-iPJLV-css\"><\/div>\n<\/li>\n<li class=\"c-eHqchX\"><span class=\"c-khNXFk\">B\u00fassola eletr\u00f3nica<\/span>\n<div class=\"c-gtWDsx c-gtWDsx-iPJLV-css\"><\/div>\n<\/li>\n<li class=\"c-eHqchX\"><span class=\"c-khNXFk\">Localiza\u00e7\u00e3o<\/span>\n<div class=\"c-gtWDsx c-gtWDsx-iPJLV-css\"><\/div>\n<\/li>\n<li class=\"c-eHqchX\"><span class=\"c-khNXFk\">BeiDou<\/span>\n<div class=\"c-gtWDsx c-gtWDsx-iPJLV-css\"><\/div>\n<\/li>\n<li class=\"c-eHqchX\"><span class=\"c-khNXFk\">GPS Inclu\u00eddo<\/span>\n<div class=\"c-gtWDsx c-gtWDsx-iPJLV-css\"><\/div>\n<\/li>\n<li class=\"c-eHqchX\"><span class=\"c-khNXFk\">Galileo<\/span>\n<div class=\"c-gtWDsx c-gtWDsx-iPJLV-css\"><\/div>\n<\/li>\n<li class=\"c-eHqchX\"><span class=\"c-khNXFk\">Sistema de sat\u00e9lite Quasi-Zenith (QZSS)<\/span>\n<div class=\"c-gtWDsx c-gtWDsx-iPJLV-css\"><\/div>\n<\/li>\n<li class=\"c-eHqchX\"><span class=\"c-khNXFk\">NavIC<\/span>\n<div class=\"c-gtWDsx c-gtWDsx-iPJLV-css\"><\/div>\n<\/li>\n<\/ul>\n<\/div>\n<div class=\"c-bPAdAq\">\n<h3 class=\"c-cjxfUp\">Conectividade<\/h3>\n<ul class=\"c-gRdNIr\">\n<li class=\"c-eHqchX\"><span class=\"c-khNXFk\">Tipo de conetor USB<\/span><span class=\"c-gNXYgk\">USB Type-C<\/span><\/li>\n<li class=\"c-eHqchX\"><span class=\"c-khNXFk\">Entradas de Auscultadores<\/span><span class=\"c-gNXYgk\">USB Type-C<\/span><\/li>\n<\/ul>\n<\/div>\n<div class=\"c-bPAdAq\">\n<h3 class=\"c-cjxfUp\">Sensores<\/h3>\n<ul class=\"c-gRdNIr\">\n<li class=\"c-eHqchX\"><span class=\"c-khNXFk\">Sensor de infravermelhos<\/span>\n<div class=\"c-gtWDsx c-gtWDsx-iPJLV-css\"><\/div>\n<\/li>\n<li class=\"c-eHqchX\"><span class=\"c-khNXFk\">Sensor de proximidade<\/span>\n<div class=\"c-gtWDsx c-gtWDsx-iPJLV-css\"><\/div>\n<\/li>\n<li class=\"c-eHqchX\"><span class=\"c-khNXFk\">Sensor de luz ambiente<\/span>\n<div class=\"c-gtWDsx c-gtWDsx-iPJLV-css\"><\/div>\n<\/li>\n<li class=\"c-eHqchX\"><span class=\"c-khNXFk\">Aceler\u00f3metro<\/span>\n<div class=\"c-gtWDsx c-gtWDsx-iPJLV-css\"><\/div>\n<\/li>\n<li class=\"c-eHqchX\"><span class=\"c-khNXFk\">Girosc\u00f3pio<\/span>\n<div class=\"c-gtWDsx c-gtWDsx-iPJLV-css\"><\/div>\n<\/li>\n<\/ul>\n<\/div>\n<div class=\"c-bPAdAq\">\n<h3 class=\"c-cjxfUp\">Outras caracter\u00edsticas<\/h3>\n<ul class=\"c-gRdNIr\">\n<li class=\"c-eHqchX\"><span class=\"c-khNXFk\">Touch Screen<\/span>\n<div class=\"c-gtWDsx c-gtWDsx-iPJLV-css\"><\/div>\n<\/li>\n<\/ul>\n<\/div>\n<div class=\"c-bPAdAq\">\n<h3 class=\"c-cjxfUp\">Bateria<\/h3>\n<ul class=\"c-gRdNIr\">\n<li class=\"c-eHqchX\"><span class=\"c-khNXFk\">Capacidade<\/span><span class=\"c-gNXYgk\">4250 mAh<\/span><\/li>\n<\/ul>\n<\/div>\n<div class=\"c-bPAdAq\">\n<h3 class=\"c-cjxfUp\">Capacidade do Cart\u00e3o SIM<\/h3>\n<ul class=\"c-gRdNIr\">\n<li class=\"c-eHqchX\"><span class=\"c-khNXFk\">Dual SIM<\/span>\n<div class=\"c-gtWDsx c-gtWDsx-iPJLV-css\"><\/div>\n<\/li>\n<\/ul>\n<\/div>\n<\/div>\n<div class=\"c-hZcBnW\">\n<div class=\"c-bPAdAq\">\n<h3 class=\"c-cjxfUp\">Processador<\/h3>\n<ul class=\"c-gRdNIr\">\n<li class=\"c-eHqchX\"><span class=\"c-khNXFk\">Frequ\u00eancia do processador<\/span><span class=\"c-gNXYgk\">2,4 GHz<\/span><\/li>\n<li class=\"c-eHqchX\"><span class=\"c-khNXFk\">Processador<\/span><span class=\"c-gNXYgk\">Qualcomm Snapdragon<\/span><\/li>\n<li class=\"c-eHqchX\"><span class=\"c-khNXFk\">Modelo de processador<\/span><span class=\"c-gNXYgk\">778G<\/span><\/li>\n<\/ul>\n<\/div>\n<div class=\"c-bPAdAq\">\n<h3 class=\"c-cjxfUp\">Conte\u00fado da embalagem<\/h3>\n<ul class=\"c-gRdNIr\">\n<li class=\"c-eHqchX\"><span class=\"c-khNXFk\">Carregador:<\/span>\n<div class=\"c-gtWDsx c-gtWDsx-iPJLV-css\"><\/div>\n<\/li>\n<\/ul>\n<\/div>\n<div class=\"c-bPAdAq\">\n<h3 class=\"c-cjxfUp\">Pesos e Dimens\u00f5es<\/h3>\n<ul class=\"c-gRdNIr\">\n<li class=\"c-eHqchX\"><span class=\"c-khNXFk\">Altura<\/span><span class=\"c-gNXYgk\">160,5 mm<\/span><\/li>\n<li class=\"c-eHqchX\"><span class=\"c-khNXFk\">Largura<\/span><span class=\"c-gNXYgk\">75,7 mm<\/span><\/li>\n<li class=\"c-eHqchX\"><span class=\"c-khNXFk\">Profundidade<\/span><span class=\"c-gNXYgk\">6,81 mm<\/span><\/li>\n<li class=\"c-eHqchX\"><span class=\"c-khNXFk\">Peso<\/span><span class=\"c-gNXYgk\">158 g<\/span><\/li>\n<\/ul>\n<\/div>\n<div class=\"c-bPAdAq\">\n<h3 class=\"c-cjxfUp\">Ecr\u00e3<\/h3>\n<ul class=\"c-gRdNIr\">\n<li class=\"c-eHqchX\"><span class=\"c-khNXFk\">Resolu\u00e7\u00e3o de Ecr\u00e3<\/span><span class=\"c-gNXYgk\">2400 x 1080 pixels<\/span><\/li>\n<li class=\"c-eHqchX\"><span class=\"c-khNXFk\">Tecnologia do Ecr\u00e3<\/span><span class=\"c-gNXYgk\">AMOLED<\/span><\/li>\n<li class=\"c-eHqchX\"><span class=\"c-khNXFk\">Tamanho de Ecr\u00e3<\/span><span class=\"c-gNXYgk\">6.55 &#8220;<\/span><\/li>\n<\/ul>\n<\/div>\n<div class=\"c-bPAdAq\">\n<h3 class=\"c-cjxfUp\">Design e Caracter\u00edsticas F\u00edsicas<\/h3>\n<ul class=\"c-gRdNIr\">\n<li class=\"c-eHqchX\"><span class=\"c-khNXFk\">Cor<\/span><span class=\"c-gNXYgk\">Black<\/span><\/li>\n<li class=\"c-eHqchX\"><span class=\"c-khNXFk\">Formato<\/span><span class=\"c-gNXYgk\">Barra<\/span><\/li>\n<\/ul>\n<\/div>\n<div class=\"c-bPAdAq\">\n<h3 class=\"c-cjxfUp\">Software<\/h3>\n<ul class=\"c-gRdNIr\">\n<li class=\"c-eHqchX\"><span class=\"c-khNXFk\">Sistema operativo fork<\/span><span class=\"c-gNXYgk\">MIUI 12.5<\/span><\/li>\n<\/ul>\n<\/div>\n<div class=\"c-bPAdAq\">\n<h3 class=\"c-cjxfUp\">M\u00eddia de armazenamento<\/h3>\n<ul class=\"c-gRdNIr\">\n<li class=\"c-eHqchX\"><span class=\"c-khNXFk\">Tipos de cart\u00e3o de mem\u00f3ria compat\u00edveis<\/span><span class=\"c-gNXYgk\">MicroSD (TransFlash)<\/span><\/li>\n<li class=\"c-eHqchX\"><span class=\"c-khNXFk\">Mem\u00f3ria RAM<\/span><span class=\"c-gNXYgk\">8 GB<\/span><\/li>\n<li class=\"c-eHqchX\"><span class=\"c-khNXFk\">Mem\u00f3ria Interna<\/span><span class=\"c-gNXYgk\">128 GB<\/span><\/li>\n<\/ul>\n<\/div>\n<div class=\"c-bPAdAq\">\n<h3 class=\"c-cjxfUp\">M\u00eddia de armazenamento<\/h3>\n<ul class=\"c-gRdNIr\">\n<li class=\"c-eHqchX\"><span class=\"c-khNXFk\">Capacidade<\/span><span class=\"c-gNXYgk\">128 a 256 GB<\/span><\/li>\n<\/ul>\n<\/div>\n<\/div>\n<\/div>\n<\/section>\n<div class=\"c-gOYXKZ\"><span class=\"c-cUnbMK\">C\u00f3digo de barras:<\/span><span class=\"c-ijYvwD\">6934177754647 | 6934177754364<\/span><\/div>\n<div class=\"c-gOYXKZ\"><span class=\"c-cUnbMK\">Refer\u00eancia:<\/span><span class=\"c-ijYvwD\">6934177754364 | XIA11LITE128NOIR | S0433329<\/span><\/div>\n<\/div>\n<\/div>\n<\/div>\n<\/div>\n","protected":false},"excerpt":{"rendered":"<p>O Xiaomi 11 Lite 5G NE \u00e9 um smartphone de gama m\u00e9dia lan\u00e7ado pela Xiaomi em 2021. Aqui est\u00e3o algumas das principais caracter\u00edsticas do Xiaomi 11 Lite 5G NE 6.55 &#8220;Dual SIM 8GB \/ 128GB Trufa Preto:<\/p>\n<ol>\n<li>Display: O telefone possui uma tela AMOLED de 6,55 polegadas com uma resolu\u00e7\u00e3o de 1080 x 2400 pixels e uma taxa de atualiza\u00e7\u00e3o de 90Hz.<\/li>\n<li>Processador: O telefone \u00e9 alimentado por um processador Qualcomm Snapdragon 778G 5G, que oferece forte desempenho e conectividade 5G.<\/li>\n<li>Mem\u00f3ria e armazenamento: O telefone vem com 8GB de RAM e 128GB de armazenamento interno, o que deve ser suficiente para a maioria dos usu\u00e1rios.<\/li>\n<li>C\u00e2meras: O telefone possui uma configura\u00e7\u00e3o de c\u00e2mera tripla na parte de tr\u00e1s, incluindo uma c\u00e2mera prim\u00e1ria de 64MP, uma c\u00e2mera ultrawide de 8MP e uma c\u00e2mera telemacro de 5MP. Ele tamb\u00e9m possui uma c\u00e2mera frontal de 20MP para selfies.<\/li>\n<li>Bateria: O telefone tem uma bateria de 4.250mAh que suporta carregamento r\u00e1pido de at\u00e9 33W.<\/li>\n<li>Design: O telefone tem um design elegante e moderno, com um perfil fino e uma cor preta trufa.<\/li>\n<li>Outros recursos: O telefone inclui recursos como suporte a dual-SIM, Bluetooth 5.2, Wi-Fi 6 e um sensor de impress\u00e3o digital sob a tela.<\/li>\n<\/ol>\n<p>No geral, o Xiaomi 11 Lite 5G NE 6.55 &#8220;Dual SIM 8GB \/ 128GB Truffle Black \u00e9 um smartphone s\u00f3lido de gama m\u00e9dia com forte desempenho, conectividade 5G e uma \u00f3tima configura\u00e7\u00e3o de c\u00e2mera, tornando-se uma boa escolha para usu\u00e1rios que querem um telefone poderoso e vers\u00e1til.<\/p>\n","protected":false},"featured_media":1765,"comment_status":"open","ping_status":"closed","template":"","meta":[],"product_brand":[],"product_cat":[86],"product_tag":[],"class_list":{"0":"post-1764","1":"product","2":"type-product","3":"status-publish","4":"has-post-thumbnail","6":"product_cat-xiaomi","8":"first","9":"onbackorder","10":"taxable","11":"shipping-taxable","12":"purchasable","13":"product-type-simple"},"yoast_head":"<!-- This site is optimized with the Yoast SEO plugin v27.0 - https:\/\/yoast.com\/product\/yoast-seo-wordpress\/ -->\n<title>Xiaomi 11 Lite 5G NE 6.55&quot; Dual SIM 8GB\/128GB Truffle Black | SpaceTech<\/title>\n<meta name=\"description\" content=\"O Xiaomi 11 Lite 5G NE \u00e9 um smartphone de gama m\u00e9dia lan\u00e7ado pela Xiaomi em 2021. Aqui est\u00e3o algumas das principais caracter\u00edsticas do Xiaomi 11 Lite 5G NE\" \/>\n<meta name=\"robots\" content=\"index, follow, max-snippet:-1, max-image-preview:large, max-video-preview:-1\" \/>\n<link rel=\"canonical\" href=\"https:\/\/spacetech.pt\/site\/product\/xiaomi-11-lite-5g-ne-6-55-dual-sim-8gb-128gb-truffle-black\/\" \/>\n<meta property=\"og:locale\" content=\"pt_BR\" \/>\n<meta property=\"og:type\" content=\"article\" \/>\n<meta property=\"og:title\" content=\"Xiaomi 11 Lite 5G NE 6.55&quot; Dual SIM 8GB\/128GB Truffle Black | SpaceTech\" \/>\n<meta property=\"og:description\" content=\"O Xiaomi 11 Lite 5G NE \u00e9 um smartphone de gama m\u00e9dia lan\u00e7ado pela Xiaomi em 2021. Aqui est\u00e3o algumas das principais caracter\u00edsticas do Xiaomi 11 Lite 5G NE\" \/>\n<meta property=\"og:url\" content=\"https:\/\/spacetech.pt\/site\/product\/xiaomi-11-lite-5g-ne-6-55-dual-sim-8gb-128gb-truffle-black\/\" \/>\n<meta property=\"og:site_name\" content=\"SpaceTech\" \/>\n<meta property=\"article:publisher\" content=\"https:\/\/www.facebook.com\/SpaceTech-104699978252826\" \/>\n<meta property=\"article:modified_time\" content=\"2023-06-28T08:16:08+00:00\" \/>\n<meta property=\"og:image\" content=\"https:\/\/spacetech.pt\/site\/wp-content\/uploads\/2023\/03\/Xiaomi-11-Lite-5G-NE-655-Dual-SIM-8GB128GB-Truffle-Black.jpg\" \/>\n\t<meta property=\"og:image:width\" content=\"600\" \/>\n\t<meta property=\"og:image:height\" content=\"600\" \/>\n\t<meta property=\"og:image:type\" content=\"image\/jpeg\" \/>\n<meta name=\"twitter:card\" content=\"summary_large_image\" \/>\n<meta name=\"twitter:label1\" content=\"Est. tempo de leitura\" \/>\n\t<meta name=\"twitter:data1\" content=\"2 minutos\" \/>\n<script type=\"application\/ld+json\" class=\"yoast-schema-graph\">{\"@context\":\"https:\/\/schema.org\",\"@graph\":[{\"@type\":\"WebPage\",\"@id\":\"https:\/\/spacetech.pt\/site\/product\/xiaomi-11-lite-5g-ne-6-55-dual-sim-8gb-128gb-truffle-black\/\",\"url\":\"https:\/\/spacetech.pt\/site\/product\/xiaomi-11-lite-5g-ne-6-55-dual-sim-8gb-128gb-truffle-black\/\",\"name\":\"Xiaomi 11 Lite 5G NE 6.55\\\" Dual SIM 8GB\/128GB Truffle Black | SpaceTech\",\"isPartOf\":{\"@id\":\"https:\/\/spacetech.pt\/site\/#website\"},\"primaryImageOfPage\":{\"@id\":\"https:\/\/spacetech.pt\/site\/product\/xiaomi-11-lite-5g-ne-6-55-dual-sim-8gb-128gb-truffle-black\/#primaryimage\"},\"image\":{\"@id\":\"https:\/\/spacetech.pt\/site\/product\/xiaomi-11-lite-5g-ne-6-55-dual-sim-8gb-128gb-truffle-black\/#primaryimage\"},\"thumbnailUrl\":\"https:\/\/spacetech.pt\/site\/wp-content\/uploads\/2023\/03\/Xiaomi-11-Lite-5G-NE-655-Dual-SIM-8GB128GB-Truffle-Black.jpg\",\"datePublished\":\"2023-03-28T10:50:11+00:00\",\"dateModified\":\"2023-06-28T08:16:08+00:00\",\"description\":\"O Xiaomi 11 Lite 5G NE \u00e9 um smartphone de gama m\u00e9dia lan\u00e7ado pela Xiaomi em 2021. Aqui est\u00e3o algumas das principais caracter\u00edsticas do Xiaomi 11 Lite 5G NE\",\"breadcrumb\":{\"@id\":\"https:\/\/spacetech.pt\/site\/product\/xiaomi-11-lite-5g-ne-6-55-dual-sim-8gb-128gb-truffle-black\/#breadcrumb\"},\"inLanguage\":\"pt-BR\",\"potentialAction\":[{\"@type\":\"ReadAction\",\"target\":[\"https:\/\/spacetech.pt\/site\/product\/xiaomi-11-lite-5g-ne-6-55-dual-sim-8gb-128gb-truffle-black\/\"]}]},{\"@type\":\"ImageObject\",\"inLanguage\":\"pt-BR\",\"@id\":\"https:\/\/spacetech.pt\/site\/product\/xiaomi-11-lite-5g-ne-6-55-dual-sim-8gb-128gb-truffle-black\/#primaryimage\",\"url\":\"https:\/\/spacetech.pt\/site\/wp-content\/uploads\/2023\/03\/Xiaomi-11-Lite-5G-NE-655-Dual-SIM-8GB128GB-Truffle-Black.jpg\",\"contentUrl\":\"https:\/\/spacetech.pt\/site\/wp-content\/uploads\/2023\/03\/Xiaomi-11-Lite-5G-NE-655-Dual-SIM-8GB128GB-Truffle-Black.jpg\",\"width\":600,\"height\":600,\"caption\":\"Xiaomi 11 Lite 5G NE 6.55\\\" Dual SIM 8GB\/128GB Truffle Black\"},{\"@type\":\"BreadcrumbList\",\"@id\":\"https:\/\/spacetech.pt\/site\/product\/xiaomi-11-lite-5g-ne-6-55-dual-sim-8gb-128gb-truffle-black\/#breadcrumb\",\"itemListElement\":[{\"@type\":\"ListItem\",\"position\":1,\"name\":\"In\u00edcio\",\"item\":\"https:\/\/spacetech.pt\/site\/\"},{\"@type\":\"ListItem\",\"position\":2,\"name\":\"Loja de Telem\u00f3veis\",\"item\":\"https:\/\/spacetech.pt\/site\/\"},{\"@type\":\"ListItem\",\"position\":3,\"name\":\"Xiaomi 11 Lite 5G NE 6.55&#8243; Dual SIM 8GB\/128GB Truffle Black\"}]},{\"@type\":\"WebSite\",\"@id\":\"https:\/\/spacetech.pt\/site\/#website\",\"url\":\"https:\/\/spacetech.pt\/site\/\",\"name\":\"SpaceTech\",\"description\":\"Gadgets de Qualidade\",\"publisher\":{\"@id\":\"https:\/\/spacetech.pt\/site\/#organization\"},\"potentialAction\":[{\"@type\":\"SearchAction\",\"target\":{\"@type\":\"EntryPoint\",\"urlTemplate\":\"https:\/\/spacetech.pt\/site\/?s={search_term_string}\"},\"query-input\":{\"@type\":\"PropertyValueSpecification\",\"valueRequired\":true,\"valueName\":\"search_term_string\"}}],\"inLanguage\":\"pt-BR\"},{\"@type\":\"Organization\",\"@id\":\"https:\/\/spacetech.pt\/site\/#organization\",\"name\":\"SpaceTech\",\"url\":\"https:\/\/spacetech.pt\/site\/\",\"logo\":{\"@type\":\"ImageObject\",\"inLanguage\":\"pt-BR\",\"@id\":\"https:\/\/spacetech.pt\/site\/#\/schema\/logo\/image\/\",\"url\":\"https:\/\/spacetech.pt\/site\/wp-content\/uploads\/2021\/01\/cropped-logo-spacetech-quadrado.jpg\",\"contentUrl\":\"https:\/\/spacetech.pt\/site\/wp-content\/uploads\/2021\/01\/cropped-logo-spacetech-quadrado.jpg\",\"width\":512,\"height\":512,\"caption\":\"SpaceTech\"},\"image\":{\"@id\":\"https:\/\/spacetech.pt\/site\/#\/schema\/logo\/image\/\"},\"sameAs\":[\"https:\/\/www.facebook.com\/SpaceTech-104699978252826\",\"https:\/\/www.instagram.com\/spacetech.pt\/\"]}]}<\/script>\n<!-- \/ Yoast SEO plugin. -->","yoast_head_json":{"title":"Xiaomi 11 Lite 5G NE 6.55\" Dual SIM 8GB\/128GB Truffle Black | SpaceTech","description":"O Xiaomi 11 Lite 5G NE \u00e9 um smartphone de gama m\u00e9dia lan\u00e7ado pela Xiaomi em 2021. Aqui est\u00e3o algumas das principais caracter\u00edsticas do Xiaomi 11 Lite 5G NE","robots":{"index":"index","follow":"follow","max-snippet":"max-snippet:-1","max-image-preview":"max-image-preview:large","max-video-preview":"max-video-preview:-1"},"canonical":"https:\/\/spacetech.pt\/site\/product\/xiaomi-11-lite-5g-ne-6-55-dual-sim-8gb-128gb-truffle-black\/","og_locale":"pt_BR","og_type":"article","og_title":"Xiaomi 11 Lite 5G NE 6.55\" Dual SIM 8GB\/128GB Truffle Black | SpaceTech","og_description":"O Xiaomi 11 Lite 5G NE \u00e9 um smartphone de gama m\u00e9dia lan\u00e7ado pela Xiaomi em 2021. Aqui est\u00e3o algumas das principais caracter\u00edsticas do Xiaomi 11 Lite 5G NE","og_url":"https:\/\/spacetech.pt\/site\/product\/xiaomi-11-lite-5g-ne-6-55-dual-sim-8gb-128gb-truffle-black\/","og_site_name":"SpaceTech","article_publisher":"https:\/\/www.facebook.com\/SpaceTech-104699978252826","article_modified_time":"2023-06-28T08:16:08+00:00","og_image":[{"width":600,"height":600,"url":"https:\/\/spacetech.pt\/site\/wp-content\/uploads\/2023\/03\/Xiaomi-11-Lite-5G-NE-655-Dual-SIM-8GB128GB-Truffle-Black.jpg","type":"image\/jpeg"}],"twitter_card":"summary_large_image","twitter_misc":{"Est. tempo de leitura":"2 minutos"},"schema":{"@context":"https:\/\/schema.org","@graph":[{"@type":"WebPage","@id":"https:\/\/spacetech.pt\/site\/product\/xiaomi-11-lite-5g-ne-6-55-dual-sim-8gb-128gb-truffle-black\/","url":"https:\/\/spacetech.pt\/site\/product\/xiaomi-11-lite-5g-ne-6-55-dual-sim-8gb-128gb-truffle-black\/","name":"Xiaomi 11 Lite 5G NE 6.55\" Dual SIM 8GB\/128GB Truffle Black | SpaceTech","isPartOf":{"@id":"https:\/\/spacetech.pt\/site\/#website"},"primaryImageOfPage":{"@id":"https:\/\/spacetech.pt\/site\/product\/xiaomi-11-lite-5g-ne-6-55-dual-sim-8gb-128gb-truffle-black\/#primaryimage"},"image":{"@id":"https:\/\/spacetech.pt\/site\/product\/xiaomi-11-lite-5g-ne-6-55-dual-sim-8gb-128gb-truffle-black\/#primaryimage"},"thumbnailUrl":"https:\/\/spacetech.pt\/site\/wp-content\/uploads\/2023\/03\/Xiaomi-11-Lite-5G-NE-655-Dual-SIM-8GB128GB-Truffle-Black.jpg","datePublished":"2023-03-28T10:50:11+00:00","dateModified":"2023-06-28T08:16:08+00:00","description":"O Xiaomi 11 Lite 5G NE \u00e9 um smartphone de gama m\u00e9dia lan\u00e7ado pela Xiaomi em 2021. Aqui est\u00e3o algumas das principais caracter\u00edsticas do Xiaomi 11 Lite 5G NE","breadcrumb":{"@id":"https:\/\/spacetech.pt\/site\/product\/xiaomi-11-lite-5g-ne-6-55-dual-sim-8gb-128gb-truffle-black\/#breadcrumb"},"inLanguage":"pt-BR","potentialAction":[{"@type":"ReadAction","target":["https:\/\/spacetech.pt\/site\/product\/xiaomi-11-lite-5g-ne-6-55-dual-sim-8gb-128gb-truffle-black\/"]}]},{"@type":"ImageObject","inLanguage":"pt-BR","@id":"https:\/\/spacetech.pt\/site\/product\/xiaomi-11-lite-5g-ne-6-55-dual-sim-8gb-128gb-truffle-black\/#primaryimage","url":"https:\/\/spacetech.pt\/site\/wp-content\/uploads\/2023\/03\/Xiaomi-11-Lite-5G-NE-655-Dual-SIM-8GB128GB-Truffle-Black.jpg","contentUrl":"https:\/\/spacetech.pt\/site\/wp-content\/uploads\/2023\/03\/Xiaomi-11-Lite-5G-NE-655-Dual-SIM-8GB128GB-Truffle-Black.jpg","width":600,"height":600,"caption":"Xiaomi 11 Lite 5G NE 6.55\" Dual SIM 8GB\/128GB Truffle Black"},{"@type":"BreadcrumbList","@id":"https:\/\/spacetech.pt\/site\/product\/xiaomi-11-lite-5g-ne-6-55-dual-sim-8gb-128gb-truffle-black\/#breadcrumb","itemListElement":[{"@type":"ListItem","position":1,"name":"In\u00edcio","item":"https:\/\/spacetech.pt\/site\/"},{"@type":"ListItem","position":2,"name":"Loja de Telem\u00f3veis","item":"https:\/\/spacetech.pt\/site\/"},{"@type":"ListItem","position":3,"name":"Xiaomi 11 Lite 5G NE 6.55&#8243; Dual SIM 8GB\/128GB Truffle Black"}]},{"@type":"WebSite","@id":"https:\/\/spacetech.pt\/site\/#website","url":"https:\/\/spacetech.pt\/site\/","name":"SpaceTech","description":"Gadgets de Qualidade","publisher":{"@id":"https:\/\/spacetech.pt\/site\/#organization"},"potentialAction":[{"@type":"SearchAction","target":{"@type":"EntryPoint","urlTemplate":"https:\/\/spacetech.pt\/site\/?s={search_term_string}"},"query-input":{"@type":"PropertyValueSpecification","valueRequired":true,"valueName":"search_term_string"}}],"inLanguage":"pt-BR"},{"@type":"Organization","@id":"https:\/\/spacetech.pt\/site\/#organization","name":"SpaceTech","url":"https:\/\/spacetech.pt\/site\/","logo":{"@type":"ImageObject","inLanguage":"pt-BR","@id":"https:\/\/spacetech.pt\/site\/#\/schema\/logo\/image\/","url":"https:\/\/spacetech.pt\/site\/wp-content\/uploads\/2021\/01\/cropped-logo-spacetech-quadrado.jpg","contentUrl":"https:\/\/spacetech.pt\/site\/wp-content\/uploads\/2021\/01\/cropped-logo-spacetech-quadrado.jpg","width":512,"height":512,"caption":"SpaceTech"},"image":{"@id":"https:\/\/spacetech.pt\/site\/#\/schema\/logo\/image\/"},"sameAs":["https:\/\/www.facebook.com\/SpaceTech-104699978252826","https:\/\/www.instagram.com\/spacetech.pt\/"]}]}},"jetpack_sharing_enabled":true,"_links":{"self":[{"href":"https:\/\/spacetech.pt\/site\/wp-json\/wp\/v2\/product\/1764","targetHints":{"allow":["GET"]}}],"collection":[{"href":"https:\/\/spacetech.pt\/site\/wp-json\/wp\/v2\/product"}],"about":[{"href":"https:\/\/spacetech.pt\/site\/wp-json\/wp\/v2\/types\/product"}],"replies":[{"embeddable":true,"href":"https:\/\/spacetech.pt\/site\/wp-json\/wp\/v2\/comments?post=1764"}],"wp:featuredmedia":[{"embeddable":true,"href":"https:\/\/spacetech.pt\/site\/wp-json\/wp\/v2\/media\/1765"}],"wp:attachment":[{"href":"https:\/\/spacetech.pt\/site\/wp-json\/wp\/v2\/media?parent=1764"}],"wp:term":[{"taxonomy":"product_brand","embeddable":true,"href":"https:\/\/spacetech.pt\/site\/wp-json\/wp\/v2\/product_brand?post=1764"},{"taxonomy":"product_cat","embeddable":true,"href":"https:\/\/spacetech.pt\/site\/wp-json\/wp\/v2\/product_cat?post=1764"},{"taxonomy":"product_tag","embeddable":true,"href":"https:\/\/spacetech.pt\/site\/wp-json\/wp\/v2\/product_tag?post=1764"}],"curies":[{"name":"wp","href":"https:\/\/api.w.org\/{rel}","templated":true}]}}