{"id":1756,"date":"2023-03-27T09:17:33","date_gmt":"2023-03-27T09:17:33","guid":{"rendered":"https:\/\/spacetech.pt\/site\/?post_type=product&#038;p=1756"},"modified":"2023-05-29T11:54:29","modified_gmt":"2023-05-29T11:54:29","slug":"sony-comando-para-conteudo-multimedia-ps5-branco","status":"publish","type":"product","link":"https:\/\/spacetech.pt\/site\/product\/sony-comando-para-conteudo-multimedia-ps5-branco\/","title":{"rendered":"Sony Comando para conte\u00fado multim\u00e9dia PS5 Branco"},"content":{"rendered":"<div class=\"c-fxyIaD\">\n<div class=\"c-gbBGZW\">\n<h1 class=\"c-gEIijh\">Sony Comando para conte\u00fado multim\u00e9dia PS5 Branco<\/h1>\n<h2 class=\"c-kzxGrr\">Detalhes do Produto<\/h2>\n<div class=\"c-fkoqBN\">\n<div>\n<div id=\"description_kk_product\" data-created-id=\"9005\">\n<p>Controle sem esfor\u00e7o uma ampla gama de entretenimento mais vendido, na sua consola Sony PS5 . Caracter\u00edsticas Entretenimento a um bot\u00e3o de distancia. Navegue convenientemente pelo seu entretenimento na consola PlayStation 5 com TV intuitiva e controles multim\u00eddia. Controles de reprodu\u00e7\u00e3o de multim\u00eddia. Navegue rapidamente pela m\u00eddia com os botes integrados de reprodu\u00e7\u00e3o \/ pausa e avan\u00e7o \/ retrocesso r\u00e1pido. Compatibilidade total com a consola. Ligue o PS5 e navegue pelos menus diretamente com o controlador para aproveit\u00e1-lo ao m\u00e1ximo. Configura\u00e7\u00f5es da TV. Controle o volume e as configura\u00e7\u00f5es de energia de TVs compat\u00edveis com o transmissor IR integrado. especifica\u00e7\u00f5es Cor : Branco Compatibilidade : PS5<\/p>\n<\/div>\n<\/div>\n<\/div>\n<\/div>\n<\/div>\n<div class=\"c-hmAmmA\">\n<div>\n<div class=\"c-cjuRbG\" aria-label=\"share\">\n<div class=\"c-gtWDsx c-gtWDsx-iPJLV-css\">\n<div class=\"c-gtWDsx c-gtWDsx-iPJLV-css\"><\/div>\n<\/div>\n<\/div>\n<\/div>\n<\/div>\n","protected":false},"excerpt":{"rendered":"<p>O Sony Comando para conte\u00fado multim\u00e9dia PS5 Branco \u00e9 um acess\u00f3rio para o console de videogame PlayStation 5 da Sony. Ele foi projetado para facilitar o controle de reprodu\u00e7\u00e3o de m\u00eddia e outras fun\u00e7\u00f5es de entretenimento em sua TV conectada ao PS5.<\/p>\n<p>O controle remoto possui bot\u00f5es dedicados para controle de reprodu\u00e7\u00e3o de m\u00eddia, como reprodu\u00e7\u00e3o, pausa, avan\u00e7o e retrocesso, bem como um bot\u00e3o de ativa\u00e7\u00e3o de voz para acionar a assistente virtual da Sony, a Alexa, caso voc\u00ea tenha um dispositivo compat\u00edvel em sua casa.<\/p>\n<p>Al\u00e9m disso, o controle remoto tamb\u00e9m possui bot\u00f5es dedicados para controlar o volume da TV, ligar e desligar o console PS5 e alternar entre aplicativos de entretenimento, como Netflix, Disney+ e outros servi\u00e7os de streaming.<\/p>\n<p>O Sony Comando para conte\u00fado multim\u00e9dia PS5 Branco \u00e9 uma op\u00e7\u00e3o conveniente e acess\u00edvel para quem deseja controlar facilmente a reprodu\u00e7\u00e3o de conte\u00fado de m\u00eddia no seu PlayStation 5 e na sua TV.<\/p>\n","protected":false},"featured_media":1758,"comment_status":"open","ping_status":"closed","template":"","meta":[],"product_brand":[],"product_cat":[103],"product_tag":[],"class_list":{"0":"post-1756","1":"product","2":"type-product","3":"status-publish","4":"has-post-thumbnail","6":"product_cat-sony","8":"first","9":"outofstock","10":"taxable","11":"shipping-taxable","12":"purchasable","13":"product-type-simple"},"yoast_head":"<!-- This site is optimized with the Yoast SEO plugin v27.0 - https:\/\/yoast.com\/product\/yoast-seo-wordpress\/ -->\n<title>Sony Comando para conte\u00fado multim\u00e9dia PS5 Branco | SpaceTech<\/title>\n<meta name=\"description\" content=\"O Sony Comando para conte\u00fado multim\u00e9dia PS5 Branco \u00e9 um acess\u00f3rio para o console de videogame PlayStation 5 da Sony. Ele foi projetado para facilitar\" \/>\n<meta name=\"robots\" content=\"index, follow, max-snippet:-1, max-image-preview:large, max-video-preview:-1\" \/>\n<link rel=\"canonical\" href=\"https:\/\/spacetech.pt\/site\/product\/sony-comando-para-conteudo-multimedia-ps5-branco\/\" \/>\n<meta property=\"og:locale\" content=\"pt_BR\" \/>\n<meta property=\"og:type\" content=\"article\" \/>\n<meta property=\"og:title\" content=\"Sony Comando para conte\u00fado multim\u00e9dia PS5 Branco | SpaceTech\" \/>\n<meta property=\"og:description\" content=\"O Sony Comando para conte\u00fado multim\u00e9dia PS5 Branco \u00e9 um acess\u00f3rio para o console de videogame PlayStation 5 da Sony. Ele foi projetado para facilitar\" \/>\n<meta property=\"og:url\" content=\"https:\/\/spacetech.pt\/site\/product\/sony-comando-para-conteudo-multimedia-ps5-branco\/\" \/>\n<meta property=\"og:site_name\" content=\"SpaceTech\" \/>\n<meta property=\"article:publisher\" content=\"https:\/\/www.facebook.com\/SpaceTech-104699978252826\" \/>\n<meta property=\"article:modified_time\" content=\"2023-05-29T11:54:29+00:00\" \/>\n<meta property=\"og:image\" content=\"https:\/\/spacetech.pt\/site\/wp-content\/uploads\/2023\/03\/Sony-Comando-para-conteudo-multimedia-PS5-Branco.webp\" \/>\n\t<meta property=\"og:image:width\" content=\"1140\" \/>\n\t<meta property=\"og:image:height\" content=\"855\" \/>\n\t<meta property=\"og:image:type\" content=\"image\/webp\" \/>\n<meta name=\"twitter:card\" content=\"summary_large_image\" \/>\n<meta name=\"twitter:label1\" content=\"Est. tempo de leitura\" \/>\n\t<meta name=\"twitter:data1\" content=\"1 minuto\" \/>\n<script type=\"application\/ld+json\" class=\"yoast-schema-graph\">{\"@context\":\"https:\/\/schema.org\",\"@graph\":[{\"@type\":\"WebPage\",\"@id\":\"https:\/\/spacetech.pt\/site\/product\/sony-comando-para-conteudo-multimedia-ps5-branco\/\",\"url\":\"https:\/\/spacetech.pt\/site\/product\/sony-comando-para-conteudo-multimedia-ps5-branco\/\",\"name\":\"Sony Comando para conte\u00fado multim\u00e9dia PS5 Branco | SpaceTech\",\"isPartOf\":{\"@id\":\"https:\/\/spacetech.pt\/site\/#website\"},\"primaryImageOfPage\":{\"@id\":\"https:\/\/spacetech.pt\/site\/product\/sony-comando-para-conteudo-multimedia-ps5-branco\/#primaryimage\"},\"image\":{\"@id\":\"https:\/\/spacetech.pt\/site\/product\/sony-comando-para-conteudo-multimedia-ps5-branco\/#primaryimage\"},\"thumbnailUrl\":\"https:\/\/spacetech.pt\/site\/wp-content\/uploads\/2023\/03\/Sony-Comando-para-conteudo-multimedia-PS5-Branco.webp\",\"datePublished\":\"2023-03-27T09:17:33+00:00\",\"dateModified\":\"2023-05-29T11:54:29+00:00\",\"description\":\"O Sony Comando para conte\u00fado multim\u00e9dia PS5 Branco \u00e9 um acess\u00f3rio para o console de videogame PlayStation 5 da Sony. Ele foi projetado para facilitar\",\"breadcrumb\":{\"@id\":\"https:\/\/spacetech.pt\/site\/product\/sony-comando-para-conteudo-multimedia-ps5-branco\/#breadcrumb\"},\"inLanguage\":\"pt-BR\",\"potentialAction\":[{\"@type\":\"ReadAction\",\"target\":[\"https:\/\/spacetech.pt\/site\/product\/sony-comando-para-conteudo-multimedia-ps5-branco\/\"]}]},{\"@type\":\"ImageObject\",\"inLanguage\":\"pt-BR\",\"@id\":\"https:\/\/spacetech.pt\/site\/product\/sony-comando-para-conteudo-multimedia-ps5-branco\/#primaryimage\",\"url\":\"https:\/\/spacetech.pt\/site\/wp-content\/uploads\/2023\/03\/Sony-Comando-para-conteudo-multimedia-PS5-Branco.webp\",\"contentUrl\":\"https:\/\/spacetech.pt\/site\/wp-content\/uploads\/2023\/03\/Sony-Comando-para-conteudo-multimedia-PS5-Branco.webp\",\"width\":1140,\"height\":855,\"caption\":\"Sony Comando para conte\u00fado multim\u00e9dia PS5 Branco\"},{\"@type\":\"BreadcrumbList\",\"@id\":\"https:\/\/spacetech.pt\/site\/product\/sony-comando-para-conteudo-multimedia-ps5-branco\/#breadcrumb\",\"itemListElement\":[{\"@type\":\"ListItem\",\"position\":1,\"name\":\"In\u00edcio\",\"item\":\"https:\/\/spacetech.pt\/site\/\"},{\"@type\":\"ListItem\",\"position\":2,\"name\":\"Loja de Telem\u00f3veis\",\"item\":\"https:\/\/spacetech.pt\/site\/\"},{\"@type\":\"ListItem\",\"position\":3,\"name\":\"Sony Comando para conte\u00fado multim\u00e9dia PS5 Branco\"}]},{\"@type\":\"WebSite\",\"@id\":\"https:\/\/spacetech.pt\/site\/#website\",\"url\":\"https:\/\/spacetech.pt\/site\/\",\"name\":\"SpaceTech\",\"description\":\"Gadgets de Qualidade\",\"publisher\":{\"@id\":\"https:\/\/spacetech.pt\/site\/#organization\"},\"potentialAction\":[{\"@type\":\"SearchAction\",\"target\":{\"@type\":\"EntryPoint\",\"urlTemplate\":\"https:\/\/spacetech.pt\/site\/?s={search_term_string}\"},\"query-input\":{\"@type\":\"PropertyValueSpecification\",\"valueRequired\":true,\"valueName\":\"search_term_string\"}}],\"inLanguage\":\"pt-BR\"},{\"@type\":\"Organization\",\"@id\":\"https:\/\/spacetech.pt\/site\/#organization\",\"name\":\"SpaceTech\",\"url\":\"https:\/\/spacetech.pt\/site\/\",\"logo\":{\"@type\":\"ImageObject\",\"inLanguage\":\"pt-BR\",\"@id\":\"https:\/\/spacetech.pt\/site\/#\/schema\/logo\/image\/\",\"url\":\"https:\/\/spacetech.pt\/site\/wp-content\/uploads\/2021\/01\/cropped-logo-spacetech-quadrado.jpg\",\"contentUrl\":\"https:\/\/spacetech.pt\/site\/wp-content\/uploads\/2021\/01\/cropped-logo-spacetech-quadrado.jpg\",\"width\":512,\"height\":512,\"caption\":\"SpaceTech\"},\"image\":{\"@id\":\"https:\/\/spacetech.pt\/site\/#\/schema\/logo\/image\/\"},\"sameAs\":[\"https:\/\/www.facebook.com\/SpaceTech-104699978252826\",\"https:\/\/www.instagram.com\/spacetech.pt\/\"]}]}<\/script>\n<!-- \/ Yoast SEO plugin. -->","yoast_head_json":{"title":"Sony Comando para conte\u00fado multim\u00e9dia PS5 Branco | SpaceTech","description":"O Sony Comando para conte\u00fado multim\u00e9dia PS5 Branco \u00e9 um acess\u00f3rio para o console de videogame PlayStation 5 da Sony. Ele foi projetado para facilitar","robots":{"index":"index","follow":"follow","max-snippet":"max-snippet:-1","max-image-preview":"max-image-preview:large","max-video-preview":"max-video-preview:-1"},"canonical":"https:\/\/spacetech.pt\/site\/product\/sony-comando-para-conteudo-multimedia-ps5-branco\/","og_locale":"pt_BR","og_type":"article","og_title":"Sony Comando para conte\u00fado multim\u00e9dia PS5 Branco | SpaceTech","og_description":"O Sony Comando para conte\u00fado multim\u00e9dia PS5 Branco \u00e9 um acess\u00f3rio para o console de videogame PlayStation 5 da Sony. Ele foi projetado para facilitar","og_url":"https:\/\/spacetech.pt\/site\/product\/sony-comando-para-conteudo-multimedia-ps5-branco\/","og_site_name":"SpaceTech","article_publisher":"https:\/\/www.facebook.com\/SpaceTech-104699978252826","article_modified_time":"2023-05-29T11:54:29+00:00","og_image":[{"width":1140,"height":855,"url":"https:\/\/spacetech.pt\/site\/wp-content\/uploads\/2023\/03\/Sony-Comando-para-conteudo-multimedia-PS5-Branco.webp","type":"image\/webp"}],"twitter_card":"summary_large_image","twitter_misc":{"Est. tempo de leitura":"1 minuto"},"schema":{"@context":"https:\/\/schema.org","@graph":[{"@type":"WebPage","@id":"https:\/\/spacetech.pt\/site\/product\/sony-comando-para-conteudo-multimedia-ps5-branco\/","url":"https:\/\/spacetech.pt\/site\/product\/sony-comando-para-conteudo-multimedia-ps5-branco\/","name":"Sony Comando para conte\u00fado multim\u00e9dia PS5 Branco | SpaceTech","isPartOf":{"@id":"https:\/\/spacetech.pt\/site\/#website"},"primaryImageOfPage":{"@id":"https:\/\/spacetech.pt\/site\/product\/sony-comando-para-conteudo-multimedia-ps5-branco\/#primaryimage"},"image":{"@id":"https:\/\/spacetech.pt\/site\/product\/sony-comando-para-conteudo-multimedia-ps5-branco\/#primaryimage"},"thumbnailUrl":"https:\/\/spacetech.pt\/site\/wp-content\/uploads\/2023\/03\/Sony-Comando-para-conteudo-multimedia-PS5-Branco.webp","datePublished":"2023-03-27T09:17:33+00:00","dateModified":"2023-05-29T11:54:29+00:00","description":"O Sony Comando para conte\u00fado multim\u00e9dia PS5 Branco \u00e9 um acess\u00f3rio para o console de videogame PlayStation 5 da Sony. Ele foi projetado para facilitar","breadcrumb":{"@id":"https:\/\/spacetech.pt\/site\/product\/sony-comando-para-conteudo-multimedia-ps5-branco\/#breadcrumb"},"inLanguage":"pt-BR","potentialAction":[{"@type":"ReadAction","target":["https:\/\/spacetech.pt\/site\/product\/sony-comando-para-conteudo-multimedia-ps5-branco\/"]}]},{"@type":"ImageObject","inLanguage":"pt-BR","@id":"https:\/\/spacetech.pt\/site\/product\/sony-comando-para-conteudo-multimedia-ps5-branco\/#primaryimage","url":"https:\/\/spacetech.pt\/site\/wp-content\/uploads\/2023\/03\/Sony-Comando-para-conteudo-multimedia-PS5-Branco.webp","contentUrl":"https:\/\/spacetech.pt\/site\/wp-content\/uploads\/2023\/03\/Sony-Comando-para-conteudo-multimedia-PS5-Branco.webp","width":1140,"height":855,"caption":"Sony Comando para conte\u00fado multim\u00e9dia PS5 Branco"},{"@type":"BreadcrumbList","@id":"https:\/\/spacetech.pt\/site\/product\/sony-comando-para-conteudo-multimedia-ps5-branco\/#breadcrumb","itemListElement":[{"@type":"ListItem","position":1,"name":"In\u00edcio","item":"https:\/\/spacetech.pt\/site\/"},{"@type":"ListItem","position":2,"name":"Loja de Telem\u00f3veis","item":"https:\/\/spacetech.pt\/site\/"},{"@type":"ListItem","position":3,"name":"Sony Comando para conte\u00fado multim\u00e9dia PS5 Branco"}]},{"@type":"WebSite","@id":"https:\/\/spacetech.pt\/site\/#website","url":"https:\/\/spacetech.pt\/site\/","name":"SpaceTech","description":"Gadgets de Qualidade","publisher":{"@id":"https:\/\/spacetech.pt\/site\/#organization"},"potentialAction":[{"@type":"SearchAction","target":{"@type":"EntryPoint","urlTemplate":"https:\/\/spacetech.pt\/site\/?s={search_term_string}"},"query-input":{"@type":"PropertyValueSpecification","valueRequired":true,"valueName":"search_term_string"}}],"inLanguage":"pt-BR"},{"@type":"Organization","@id":"https:\/\/spacetech.pt\/site\/#organization","name":"SpaceTech","url":"https:\/\/spacetech.pt\/site\/","logo":{"@type":"ImageObject","inLanguage":"pt-BR","@id":"https:\/\/spacetech.pt\/site\/#\/schema\/logo\/image\/","url":"https:\/\/spacetech.pt\/site\/wp-content\/uploads\/2021\/01\/cropped-logo-spacetech-quadrado.jpg","contentUrl":"https:\/\/spacetech.pt\/site\/wp-content\/uploads\/2021\/01\/cropped-logo-spacetech-quadrado.jpg","width":512,"height":512,"caption":"SpaceTech"},"image":{"@id":"https:\/\/spacetech.pt\/site\/#\/schema\/logo\/image\/"},"sameAs":["https:\/\/www.facebook.com\/SpaceTech-104699978252826","https:\/\/www.instagram.com\/spacetech.pt\/"]}]}},"jetpack_sharing_enabled":true,"_links":{"self":[{"href":"https:\/\/spacetech.pt\/site\/wp-json\/wp\/v2\/product\/1756","targetHints":{"allow":["GET"]}}],"collection":[{"href":"https:\/\/spacetech.pt\/site\/wp-json\/wp\/v2\/product"}],"about":[{"href":"https:\/\/spacetech.pt\/site\/wp-json\/wp\/v2\/types\/product"}],"replies":[{"embeddable":true,"href":"https:\/\/spacetech.pt\/site\/wp-json\/wp\/v2\/comments?post=1756"}],"wp:featuredmedia":[{"embeddable":true,"href":"https:\/\/spacetech.pt\/site\/wp-json\/wp\/v2\/media\/1758"}],"wp:attachment":[{"href":"https:\/\/spacetech.pt\/site\/wp-json\/wp\/v2\/media?parent=1756"}],"wp:term":[{"taxonomy":"product_brand","embeddable":true,"href":"https:\/\/spacetech.pt\/site\/wp-json\/wp\/v2\/product_brand?post=1756"},{"taxonomy":"product_cat","embeddable":true,"href":"https:\/\/spacetech.pt\/site\/wp-json\/wp\/v2\/product_cat?post=1756"},{"taxonomy":"product_tag","embeddable":true,"href":"https:\/\/spacetech.pt\/site\/wp-json\/wp\/v2\/product_tag?post=1756"}],"curies":[{"name":"wp","href":"https:\/\/api.w.org\/{rel}","templated":true}]}}