{"id":1734,"date":"2023-03-23T11:06:02","date_gmt":"2023-03-23T11:06:02","guid":{"rendered":"https:\/\/spacetech.pt\/site\/?post_type=product&#038;p=1734"},"modified":"2024-12-30T17:46:24","modified_gmt":"2024-12-30T17:46:24","slug":"google-chromecast-tv-hd-white","status":"publish","type":"product","link":"https:\/\/spacetech.pt\/site\/product\/google-chromecast-tv-hd-white\/","title":{"rendered":"Google Chromecast TV HD White"},"content":{"rendered":"<h1 class=\"c-gEIijh\">Google Chromecast TV HD White<\/h1>\n","protected":false},"excerpt":{"rendered":"<p>O Google Chromecast TV HD White \u00e9 um dispositivo que permite transmitir conte\u00fado do seu telefone, tablet ou computador para a sua TV. Basta ligar o Chromecast \u00e0 porta HDMI do televisor e lig\u00e1-lo \u00e0 rede Wi-Fi. Em seguida, voc\u00ea pode usar seu telefone, tablet ou computador para transmitir seus programas de TV, filmes, m\u00fasicas e muito mais favoritos para sua TV.<\/p>\n<p>O Chromecast TV HD suporta resolu\u00e7\u00f5es de at\u00e9 1080p e inclui um controle remoto que permite navegar e controlar seu conte\u00fado no conforto do seu sof\u00e1. Al\u00e9m disso, o Chromecast TV HD \u00e9 compat\u00edvel com servi\u00e7os de streaming populares, como Netflix, Hulu, Disney + e YouTube.<\/p>\n<p>No geral, o Google Chromecast TV HD White \u00e9 uma \u00f3tima maneira de desfrutar do seu conte\u00fado favorito na tela grande sem a necessidade de cabos ou equipamentos extras.<\/p>\n","protected":false},"featured_media":1735,"comment_status":"open","ping_status":"closed","template":"","meta":[],"product_brand":[],"product_cat":[196],"product_tag":[],"class_list":{"0":"post-1734","1":"product","2":"type-product","3":"status-publish","4":"has-post-thumbnail","6":"product_cat-google","8":"first","9":"outofstock","10":"taxable","11":"shipping-taxable","12":"purchasable","13":"product-type-simple"},"yoast_head":"<!-- This site is optimized with the Yoast SEO plugin v27.0 - https:\/\/yoast.com\/product\/yoast-seo-wordpress\/ -->\n<title>Google Chromecast TV HD White | SpaceTech<\/title>\n<meta name=\"description\" content=\"O Google Chromecast TV HD White \u00e9 um dispositivo que permite transmitir conte\u00fado do seu telefone, tablet ou computador para a sua TV.\" \/>\n<meta name=\"robots\" content=\"index, follow, max-snippet:-1, max-image-preview:large, max-video-preview:-1\" \/>\n<link rel=\"canonical\" href=\"https:\/\/spacetech.pt\/site\/product\/google-chromecast-tv-hd-white\/\" \/>\n<meta property=\"og:locale\" content=\"pt_BR\" \/>\n<meta property=\"og:type\" content=\"article\" \/>\n<meta property=\"og:title\" content=\"Google Chromecast TV HD White | SpaceTech\" \/>\n<meta property=\"og:description\" content=\"O Google Chromecast TV HD White \u00e9 um dispositivo que permite transmitir conte\u00fado do seu telefone, tablet ou computador para a sua TV.\" \/>\n<meta property=\"og:url\" content=\"https:\/\/spacetech.pt\/site\/product\/google-chromecast-tv-hd-white\/\" \/>\n<meta property=\"og:site_name\" content=\"SpaceTech\" \/>\n<meta property=\"article:publisher\" content=\"https:\/\/www.facebook.com\/SpaceTech-104699978252826\" \/>\n<meta property=\"article:modified_time\" content=\"2024-12-30T17:46:24+00:00\" \/>\n<meta property=\"og:image\" content=\"https:\/\/spacetech.pt\/site\/wp-content\/uploads\/2023\/03\/Google-Chromecast-TV-HD-White.jpg\" \/>\n\t<meta property=\"og:image:width\" content=\"600\" \/>\n\t<meta property=\"og:image:height\" content=\"600\" \/>\n\t<meta property=\"og:image:type\" content=\"image\/jpeg\" \/>\n<meta name=\"twitter:card\" content=\"summary_large_image\" \/>\n<meta name=\"twitter:label1\" content=\"Est. tempo de leitura\" \/>\n\t<meta name=\"twitter:data1\" content=\"1 minuto\" \/>\n<script type=\"application\/ld+json\" class=\"yoast-schema-graph\">{\"@context\":\"https:\/\/schema.org\",\"@graph\":[{\"@type\":\"WebPage\",\"@id\":\"https:\/\/spacetech.pt\/site\/product\/google-chromecast-tv-hd-white\/\",\"url\":\"https:\/\/spacetech.pt\/site\/product\/google-chromecast-tv-hd-white\/\",\"name\":\"Google Chromecast TV HD White | SpaceTech\",\"isPartOf\":{\"@id\":\"https:\/\/spacetech.pt\/site\/#website\"},\"primaryImageOfPage\":{\"@id\":\"https:\/\/spacetech.pt\/site\/product\/google-chromecast-tv-hd-white\/#primaryimage\"},\"image\":{\"@id\":\"https:\/\/spacetech.pt\/site\/product\/google-chromecast-tv-hd-white\/#primaryimage\"},\"thumbnailUrl\":\"https:\/\/spacetech.pt\/site\/wp-content\/uploads\/2023\/03\/Google-Chromecast-TV-HD-White.jpg\",\"datePublished\":\"2023-03-23T11:06:02+00:00\",\"dateModified\":\"2024-12-30T17:46:24+00:00\",\"description\":\"O Google Chromecast TV HD White \u00e9 um dispositivo que permite transmitir conte\u00fado do seu telefone, tablet ou computador para a sua TV.\",\"breadcrumb\":{\"@id\":\"https:\/\/spacetech.pt\/site\/product\/google-chromecast-tv-hd-white\/#breadcrumb\"},\"inLanguage\":\"pt-BR\",\"potentialAction\":[{\"@type\":\"ReadAction\",\"target\":[\"https:\/\/spacetech.pt\/site\/product\/google-chromecast-tv-hd-white\/\"]}]},{\"@type\":\"ImageObject\",\"inLanguage\":\"pt-BR\",\"@id\":\"https:\/\/spacetech.pt\/site\/product\/google-chromecast-tv-hd-white\/#primaryimage\",\"url\":\"https:\/\/spacetech.pt\/site\/wp-content\/uploads\/2023\/03\/Google-Chromecast-TV-HD-White.jpg\",\"contentUrl\":\"https:\/\/spacetech.pt\/site\/wp-content\/uploads\/2023\/03\/Google-Chromecast-TV-HD-White.jpg\",\"width\":600,\"height\":600,\"caption\":\"Google Chromecast TV HD White\"},{\"@type\":\"BreadcrumbList\",\"@id\":\"https:\/\/spacetech.pt\/site\/product\/google-chromecast-tv-hd-white\/#breadcrumb\",\"itemListElement\":[{\"@type\":\"ListItem\",\"position\":1,\"name\":\"In\u00edcio\",\"item\":\"https:\/\/spacetech.pt\/site\/\"},{\"@type\":\"ListItem\",\"position\":2,\"name\":\"Loja de Telem\u00f3veis\",\"item\":\"https:\/\/spacetech.pt\/site\/\"},{\"@type\":\"ListItem\",\"position\":3,\"name\":\"Google Chromecast TV HD White\"}]},{\"@type\":\"WebSite\",\"@id\":\"https:\/\/spacetech.pt\/site\/#website\",\"url\":\"https:\/\/spacetech.pt\/site\/\",\"name\":\"SpaceTech\",\"description\":\"Gadgets de Qualidade\",\"publisher\":{\"@id\":\"https:\/\/spacetech.pt\/site\/#organization\"},\"potentialAction\":[{\"@type\":\"SearchAction\",\"target\":{\"@type\":\"EntryPoint\",\"urlTemplate\":\"https:\/\/spacetech.pt\/site\/?s={search_term_string}\"},\"query-input\":{\"@type\":\"PropertyValueSpecification\",\"valueRequired\":true,\"valueName\":\"search_term_string\"}}],\"inLanguage\":\"pt-BR\"},{\"@type\":\"Organization\",\"@id\":\"https:\/\/spacetech.pt\/site\/#organization\",\"name\":\"SpaceTech\",\"url\":\"https:\/\/spacetech.pt\/site\/\",\"logo\":{\"@type\":\"ImageObject\",\"inLanguage\":\"pt-BR\",\"@id\":\"https:\/\/spacetech.pt\/site\/#\/schema\/logo\/image\/\",\"url\":\"https:\/\/spacetech.pt\/site\/wp-content\/uploads\/2021\/01\/cropped-logo-spacetech-quadrado.jpg\",\"contentUrl\":\"https:\/\/spacetech.pt\/site\/wp-content\/uploads\/2021\/01\/cropped-logo-spacetech-quadrado.jpg\",\"width\":512,\"height\":512,\"caption\":\"SpaceTech\"},\"image\":{\"@id\":\"https:\/\/spacetech.pt\/site\/#\/schema\/logo\/image\/\"},\"sameAs\":[\"https:\/\/www.facebook.com\/SpaceTech-104699978252826\",\"https:\/\/www.instagram.com\/spacetech.pt\/\"]}]}<\/script>\n<!-- \/ Yoast SEO plugin. -->","yoast_head_json":{"title":"Google Chromecast TV HD White | SpaceTech","description":"O Google Chromecast TV HD White \u00e9 um dispositivo que permite transmitir conte\u00fado do seu telefone, tablet ou computador para a sua TV.","robots":{"index":"index","follow":"follow","max-snippet":"max-snippet:-1","max-image-preview":"max-image-preview:large","max-video-preview":"max-video-preview:-1"},"canonical":"https:\/\/spacetech.pt\/site\/product\/google-chromecast-tv-hd-white\/","og_locale":"pt_BR","og_type":"article","og_title":"Google Chromecast TV HD White | SpaceTech","og_description":"O Google Chromecast TV HD White \u00e9 um dispositivo que permite transmitir conte\u00fado do seu telefone, tablet ou computador para a sua TV.","og_url":"https:\/\/spacetech.pt\/site\/product\/google-chromecast-tv-hd-white\/","og_site_name":"SpaceTech","article_publisher":"https:\/\/www.facebook.com\/SpaceTech-104699978252826","article_modified_time":"2024-12-30T17:46:24+00:00","og_image":[{"width":600,"height":600,"url":"https:\/\/spacetech.pt\/site\/wp-content\/uploads\/2023\/03\/Google-Chromecast-TV-HD-White.jpg","type":"image\/jpeg"}],"twitter_card":"summary_large_image","twitter_misc":{"Est. tempo de leitura":"1 minuto"},"schema":{"@context":"https:\/\/schema.org","@graph":[{"@type":"WebPage","@id":"https:\/\/spacetech.pt\/site\/product\/google-chromecast-tv-hd-white\/","url":"https:\/\/spacetech.pt\/site\/product\/google-chromecast-tv-hd-white\/","name":"Google Chromecast TV HD White | SpaceTech","isPartOf":{"@id":"https:\/\/spacetech.pt\/site\/#website"},"primaryImageOfPage":{"@id":"https:\/\/spacetech.pt\/site\/product\/google-chromecast-tv-hd-white\/#primaryimage"},"image":{"@id":"https:\/\/spacetech.pt\/site\/product\/google-chromecast-tv-hd-white\/#primaryimage"},"thumbnailUrl":"https:\/\/spacetech.pt\/site\/wp-content\/uploads\/2023\/03\/Google-Chromecast-TV-HD-White.jpg","datePublished":"2023-03-23T11:06:02+00:00","dateModified":"2024-12-30T17:46:24+00:00","description":"O Google Chromecast TV HD White \u00e9 um dispositivo que permite transmitir conte\u00fado do seu telefone, tablet ou computador para a sua TV.","breadcrumb":{"@id":"https:\/\/spacetech.pt\/site\/product\/google-chromecast-tv-hd-white\/#breadcrumb"},"inLanguage":"pt-BR","potentialAction":[{"@type":"ReadAction","target":["https:\/\/spacetech.pt\/site\/product\/google-chromecast-tv-hd-white\/"]}]},{"@type":"ImageObject","inLanguage":"pt-BR","@id":"https:\/\/spacetech.pt\/site\/product\/google-chromecast-tv-hd-white\/#primaryimage","url":"https:\/\/spacetech.pt\/site\/wp-content\/uploads\/2023\/03\/Google-Chromecast-TV-HD-White.jpg","contentUrl":"https:\/\/spacetech.pt\/site\/wp-content\/uploads\/2023\/03\/Google-Chromecast-TV-HD-White.jpg","width":600,"height":600,"caption":"Google Chromecast TV HD White"},{"@type":"BreadcrumbList","@id":"https:\/\/spacetech.pt\/site\/product\/google-chromecast-tv-hd-white\/#breadcrumb","itemListElement":[{"@type":"ListItem","position":1,"name":"In\u00edcio","item":"https:\/\/spacetech.pt\/site\/"},{"@type":"ListItem","position":2,"name":"Loja de Telem\u00f3veis","item":"https:\/\/spacetech.pt\/site\/"},{"@type":"ListItem","position":3,"name":"Google Chromecast TV HD White"}]},{"@type":"WebSite","@id":"https:\/\/spacetech.pt\/site\/#website","url":"https:\/\/spacetech.pt\/site\/","name":"SpaceTech","description":"Gadgets de Qualidade","publisher":{"@id":"https:\/\/spacetech.pt\/site\/#organization"},"potentialAction":[{"@type":"SearchAction","target":{"@type":"EntryPoint","urlTemplate":"https:\/\/spacetech.pt\/site\/?s={search_term_string}"},"query-input":{"@type":"PropertyValueSpecification","valueRequired":true,"valueName":"search_term_string"}}],"inLanguage":"pt-BR"},{"@type":"Organization","@id":"https:\/\/spacetech.pt\/site\/#organization","name":"SpaceTech","url":"https:\/\/spacetech.pt\/site\/","logo":{"@type":"ImageObject","inLanguage":"pt-BR","@id":"https:\/\/spacetech.pt\/site\/#\/schema\/logo\/image\/","url":"https:\/\/spacetech.pt\/site\/wp-content\/uploads\/2021\/01\/cropped-logo-spacetech-quadrado.jpg","contentUrl":"https:\/\/spacetech.pt\/site\/wp-content\/uploads\/2021\/01\/cropped-logo-spacetech-quadrado.jpg","width":512,"height":512,"caption":"SpaceTech"},"image":{"@id":"https:\/\/spacetech.pt\/site\/#\/schema\/logo\/image\/"},"sameAs":["https:\/\/www.facebook.com\/SpaceTech-104699978252826","https:\/\/www.instagram.com\/spacetech.pt\/"]}]}},"jetpack_sharing_enabled":true,"_links":{"self":[{"href":"https:\/\/spacetech.pt\/site\/wp-json\/wp\/v2\/product\/1734","targetHints":{"allow":["GET"]}}],"collection":[{"href":"https:\/\/spacetech.pt\/site\/wp-json\/wp\/v2\/product"}],"about":[{"href":"https:\/\/spacetech.pt\/site\/wp-json\/wp\/v2\/types\/product"}],"replies":[{"embeddable":true,"href":"https:\/\/spacetech.pt\/site\/wp-json\/wp\/v2\/comments?post=1734"}],"wp:featuredmedia":[{"embeddable":true,"href":"https:\/\/spacetech.pt\/site\/wp-json\/wp\/v2\/media\/1735"}],"wp:attachment":[{"href":"https:\/\/spacetech.pt\/site\/wp-json\/wp\/v2\/media?parent=1734"}],"wp:term":[{"taxonomy":"product_brand","embeddable":true,"href":"https:\/\/spacetech.pt\/site\/wp-json\/wp\/v2\/product_brand?post=1734"},{"taxonomy":"product_cat","embeddable":true,"href":"https:\/\/spacetech.pt\/site\/wp-json\/wp\/v2\/product_cat?post=1734"},{"taxonomy":"product_tag","embeddable":true,"href":"https:\/\/spacetech.pt\/site\/wp-json\/wp\/v2\/product_tag?post=1734"}],"curies":[{"name":"wp","href":"https:\/\/api.w.org\/{rel}","templated":true}]}}