{"id":1723,"date":"2023-03-21T12:46:09","date_gmt":"2023-03-21T12:46:09","guid":{"rendered":"https:\/\/spacetech.pt\/site\/?post_type=product&#038;p=1723"},"modified":"2023-06-28T08:31:36","modified_gmt":"2023-06-28T08:31:36","slug":"xiaomi-redmi-a1-6-52-dual-sim-2gb-32gb-light-blue","status":"publish","type":"product","link":"https:\/\/spacetech.pt\/site\/product\/xiaomi-redmi-a1-6-52-dual-sim-2gb-32gb-light-blue\/","title":{"rendered":"Xiaomi Redmi A1+ 6.52&#8243; Dual Sim 2GB\/32GB Light Blue"},"content":{"rendered":"<div class=\"c-fxyIaD\">\n<div class=\"c-gbBGZW\">\n<h1 class=\"c-gEIijh\">Xiaomi Redmi A1+ 6.52&#8243; Dual Sim 2GB\/32GB Light Blue<\/h1>\n<\/div>\n<\/div>\n<div class=\"c-hmAmmA\">\n<div>\n<div class=\"c-cjuRbG\" aria-label=\"share\">\n<div class=\"c-gtWDsx c-gtWDsx-iPJLV-css\">\n<div class=\"c-gtWDsx c-gtWDsx-iPJLV-css\"><\/div>\n<\/div>\n<\/div>\n<\/div>\n<\/div>\n","protected":false},"excerpt":{"rendered":"<p>O Xiaomi Redmi A1 + \u00e9 um smartphone com uma tela de 6,52 polegadas e uma cor azul clara. Ele vem com capacidade dual-SIM, permitindo que voc\u00ea use dois n\u00fameros de telefone diferentes simultaneamente. O dispositivo tem 2GB de RAM e 32GB de armazenamento interno, que podem ser expandidos at\u00e9 512GB com um cart\u00e3o microSD.<\/p>\n<p>O Redmi A1+ \u00e9 alimentado por um processador octa-core MediaTek Helio G35, projetado para fornecer uma experi\u00eancia de usu\u00e1rio suave e responsiva. Ele \u00e9 executado no Android 11 com a interface MIUI 12 da Xiaomi, que oferece uma variedade de recursos e op\u00e7\u00f5es de personaliza\u00e7\u00e3o.<\/p>\n<p>O dispositivo possui uma configura\u00e7\u00e3o de c\u00e2mera traseira dupla, com um sensor prim\u00e1rio de 13 megapixels e um sensor de profundidade de 2 megapixels para fotos de retrato. Ele tamb\u00e9m possui uma c\u00e2mera frontal de 5 megapixels para selfies e chamadas de v\u00eddeo.<\/p>\n<p>Outras caracter\u00edsticas do Xiaomi Redmi A1 + incluem uma bateria de 5000mAh com suporte para carregamento r\u00e1pido de 10W, Bluetooth 5.0, Wi-Fi 802.11 b \/ g \/ n, GPS e um sensor de impress\u00e3o digital montado na parte traseira para maior seguran\u00e7a.<\/p>\n","protected":false},"featured_media":1724,"comment_status":"open","ping_status":"closed","template":"","meta":[],"product_brand":[],"product_cat":[86],"product_tag":[],"class_list":{"0":"post-1723","1":"product","2":"type-product","3":"status-publish","4":"has-post-thumbnail","6":"product_cat-xiaomi","8":"first","9":"onbackorder","10":"taxable","11":"shipping-taxable","12":"purchasable","13":"product-type-simple"},"yoast_head":"<!-- This site is optimized with the Yoast SEO plugin v27.0 - https:\/\/yoast.com\/product\/yoast-seo-wordpress\/ -->\n<title>Xiaomi Redmi A1+ 6.52&quot; Dual Sim 2GB\/32GB Light Blue | SpaceTech<\/title>\n<meta name=\"description\" content=\"O Xiaomi Redmi A1 + \u00e9 um smartphone com uma tela de 6,52 polegadas e uma cor azul clara. Ele vem com capacidade dual-SIM ,\" \/>\n<meta name=\"robots\" content=\"index, follow, max-snippet:-1, max-image-preview:large, max-video-preview:-1\" \/>\n<link rel=\"canonical\" href=\"https:\/\/spacetech.pt\/site\/product\/xiaomi-redmi-a1-6-52-dual-sim-2gb-32gb-light-blue\/\" \/>\n<meta property=\"og:locale\" content=\"pt_BR\" \/>\n<meta property=\"og:type\" content=\"article\" \/>\n<meta property=\"og:title\" content=\"Xiaomi Redmi A1+ 6.52&quot; Dual Sim 2GB\/32GB Light Blue | SpaceTech\" \/>\n<meta property=\"og:description\" content=\"O Xiaomi Redmi A1 + \u00e9 um smartphone com uma tela de 6,52 polegadas e uma cor azul clara. Ele vem com capacidade dual-SIM ,\" \/>\n<meta property=\"og:url\" content=\"https:\/\/spacetech.pt\/site\/product\/xiaomi-redmi-a1-6-52-dual-sim-2gb-32gb-light-blue\/\" \/>\n<meta property=\"og:site_name\" content=\"SpaceTech\" \/>\n<meta property=\"article:publisher\" content=\"https:\/\/www.facebook.com\/SpaceTech-104699978252826\" \/>\n<meta property=\"article:modified_time\" content=\"2023-06-28T08:31:36+00:00\" \/>\n<meta property=\"og:image\" content=\"https:\/\/spacetech.pt\/site\/wp-content\/uploads\/2023\/03\/Xiaomi-Redmi-A1-Plus-6.52-Dual-Sim-2GB32GB-Light-Blue.jpg\" \/>\n\t<meta property=\"og:image:width\" content=\"600\" \/>\n\t<meta property=\"og:image:height\" content=\"600\" \/>\n\t<meta property=\"og:image:type\" content=\"image\/jpeg\" \/>\n<meta name=\"twitter:card\" content=\"summary_large_image\" \/>\n<meta name=\"twitter:label1\" content=\"Est. tempo de leitura\" \/>\n\t<meta name=\"twitter:data1\" content=\"1 minuto\" \/>\n<script type=\"application\/ld+json\" class=\"yoast-schema-graph\">{\"@context\":\"https:\/\/schema.org\",\"@graph\":[{\"@type\":\"WebPage\",\"@id\":\"https:\/\/spacetech.pt\/site\/product\/xiaomi-redmi-a1-6-52-dual-sim-2gb-32gb-light-blue\/\",\"url\":\"https:\/\/spacetech.pt\/site\/product\/xiaomi-redmi-a1-6-52-dual-sim-2gb-32gb-light-blue\/\",\"name\":\"Xiaomi Redmi A1+ 6.52\\\" Dual Sim 2GB\/32GB Light Blue | SpaceTech\",\"isPartOf\":{\"@id\":\"https:\/\/spacetech.pt\/site\/#website\"},\"primaryImageOfPage\":{\"@id\":\"https:\/\/spacetech.pt\/site\/product\/xiaomi-redmi-a1-6-52-dual-sim-2gb-32gb-light-blue\/#primaryimage\"},\"image\":{\"@id\":\"https:\/\/spacetech.pt\/site\/product\/xiaomi-redmi-a1-6-52-dual-sim-2gb-32gb-light-blue\/#primaryimage\"},\"thumbnailUrl\":\"https:\/\/spacetech.pt\/site\/wp-content\/uploads\/2023\/03\/Xiaomi-Redmi-A1-Plus-6.52-Dual-Sim-2GB32GB-Light-Blue.jpg\",\"datePublished\":\"2023-03-21T12:46:09+00:00\",\"dateModified\":\"2023-06-28T08:31:36+00:00\",\"description\":\"O Xiaomi Redmi A1 + \u00e9 um smartphone com uma tela de 6,52 polegadas e uma cor azul clara. Ele vem com capacidade dual-SIM ,\",\"breadcrumb\":{\"@id\":\"https:\/\/spacetech.pt\/site\/product\/xiaomi-redmi-a1-6-52-dual-sim-2gb-32gb-light-blue\/#breadcrumb\"},\"inLanguage\":\"pt-BR\",\"potentialAction\":[{\"@type\":\"ReadAction\",\"target\":[\"https:\/\/spacetech.pt\/site\/product\/xiaomi-redmi-a1-6-52-dual-sim-2gb-32gb-light-blue\/\"]}]},{\"@type\":\"ImageObject\",\"inLanguage\":\"pt-BR\",\"@id\":\"https:\/\/spacetech.pt\/site\/product\/xiaomi-redmi-a1-6-52-dual-sim-2gb-32gb-light-blue\/#primaryimage\",\"url\":\"https:\/\/spacetech.pt\/site\/wp-content\/uploads\/2023\/03\/Xiaomi-Redmi-A1-Plus-6.52-Dual-Sim-2GB32GB-Light-Blue.jpg\",\"contentUrl\":\"https:\/\/spacetech.pt\/site\/wp-content\/uploads\/2023\/03\/Xiaomi-Redmi-A1-Plus-6.52-Dual-Sim-2GB32GB-Light-Blue.jpg\",\"width\":600,\"height\":600,\"caption\":\"Xiaomi Redmi A1+ 6.52\\\" Dual Sim 2GB\/32GB Light Blue\"},{\"@type\":\"BreadcrumbList\",\"@id\":\"https:\/\/spacetech.pt\/site\/product\/xiaomi-redmi-a1-6-52-dual-sim-2gb-32gb-light-blue\/#breadcrumb\",\"itemListElement\":[{\"@type\":\"ListItem\",\"position\":1,\"name\":\"In\u00edcio\",\"item\":\"https:\/\/spacetech.pt\/site\/\"},{\"@type\":\"ListItem\",\"position\":2,\"name\":\"Loja de Telem\u00f3veis\",\"item\":\"https:\/\/spacetech.pt\/site\/\"},{\"@type\":\"ListItem\",\"position\":3,\"name\":\"Xiaomi Redmi A1+ 6.52&#8243; Dual Sim 2GB\/32GB Light Blue\"}]},{\"@type\":\"WebSite\",\"@id\":\"https:\/\/spacetech.pt\/site\/#website\",\"url\":\"https:\/\/spacetech.pt\/site\/\",\"name\":\"SpaceTech\",\"description\":\"Gadgets de Qualidade\",\"publisher\":{\"@id\":\"https:\/\/spacetech.pt\/site\/#organization\"},\"potentialAction\":[{\"@type\":\"SearchAction\",\"target\":{\"@type\":\"EntryPoint\",\"urlTemplate\":\"https:\/\/spacetech.pt\/site\/?s={search_term_string}\"},\"query-input\":{\"@type\":\"PropertyValueSpecification\",\"valueRequired\":true,\"valueName\":\"search_term_string\"}}],\"inLanguage\":\"pt-BR\"},{\"@type\":\"Organization\",\"@id\":\"https:\/\/spacetech.pt\/site\/#organization\",\"name\":\"SpaceTech\",\"url\":\"https:\/\/spacetech.pt\/site\/\",\"logo\":{\"@type\":\"ImageObject\",\"inLanguage\":\"pt-BR\",\"@id\":\"https:\/\/spacetech.pt\/site\/#\/schema\/logo\/image\/\",\"url\":\"https:\/\/spacetech.pt\/site\/wp-content\/uploads\/2021\/01\/cropped-logo-spacetech-quadrado.jpg\",\"contentUrl\":\"https:\/\/spacetech.pt\/site\/wp-content\/uploads\/2021\/01\/cropped-logo-spacetech-quadrado.jpg\",\"width\":512,\"height\":512,\"caption\":\"SpaceTech\"},\"image\":{\"@id\":\"https:\/\/spacetech.pt\/site\/#\/schema\/logo\/image\/\"},\"sameAs\":[\"https:\/\/www.facebook.com\/SpaceTech-104699978252826\",\"https:\/\/www.instagram.com\/spacetech.pt\/\"]}]}<\/script>\n<!-- \/ Yoast SEO plugin. -->","yoast_head_json":{"title":"Xiaomi Redmi A1+ 6.52\" Dual Sim 2GB\/32GB Light Blue | SpaceTech","description":"O Xiaomi Redmi A1 + \u00e9 um smartphone com uma tela de 6,52 polegadas e uma cor azul clara. Ele vem com capacidade dual-SIM ,","robots":{"index":"index","follow":"follow","max-snippet":"max-snippet:-1","max-image-preview":"max-image-preview:large","max-video-preview":"max-video-preview:-1"},"canonical":"https:\/\/spacetech.pt\/site\/product\/xiaomi-redmi-a1-6-52-dual-sim-2gb-32gb-light-blue\/","og_locale":"pt_BR","og_type":"article","og_title":"Xiaomi Redmi A1+ 6.52\" Dual Sim 2GB\/32GB Light Blue | SpaceTech","og_description":"O Xiaomi Redmi A1 + \u00e9 um smartphone com uma tela de 6,52 polegadas e uma cor azul clara. Ele vem com capacidade dual-SIM ,","og_url":"https:\/\/spacetech.pt\/site\/product\/xiaomi-redmi-a1-6-52-dual-sim-2gb-32gb-light-blue\/","og_site_name":"SpaceTech","article_publisher":"https:\/\/www.facebook.com\/SpaceTech-104699978252826","article_modified_time":"2023-06-28T08:31:36+00:00","og_image":[{"width":600,"height":600,"url":"https:\/\/spacetech.pt\/site\/wp-content\/uploads\/2023\/03\/Xiaomi-Redmi-A1-Plus-6.52-Dual-Sim-2GB32GB-Light-Blue.jpg","type":"image\/jpeg"}],"twitter_card":"summary_large_image","twitter_misc":{"Est. tempo de leitura":"1 minuto"},"schema":{"@context":"https:\/\/schema.org","@graph":[{"@type":"WebPage","@id":"https:\/\/spacetech.pt\/site\/product\/xiaomi-redmi-a1-6-52-dual-sim-2gb-32gb-light-blue\/","url":"https:\/\/spacetech.pt\/site\/product\/xiaomi-redmi-a1-6-52-dual-sim-2gb-32gb-light-blue\/","name":"Xiaomi Redmi A1+ 6.52\" Dual Sim 2GB\/32GB Light Blue | SpaceTech","isPartOf":{"@id":"https:\/\/spacetech.pt\/site\/#website"},"primaryImageOfPage":{"@id":"https:\/\/spacetech.pt\/site\/product\/xiaomi-redmi-a1-6-52-dual-sim-2gb-32gb-light-blue\/#primaryimage"},"image":{"@id":"https:\/\/spacetech.pt\/site\/product\/xiaomi-redmi-a1-6-52-dual-sim-2gb-32gb-light-blue\/#primaryimage"},"thumbnailUrl":"https:\/\/spacetech.pt\/site\/wp-content\/uploads\/2023\/03\/Xiaomi-Redmi-A1-Plus-6.52-Dual-Sim-2GB32GB-Light-Blue.jpg","datePublished":"2023-03-21T12:46:09+00:00","dateModified":"2023-06-28T08:31:36+00:00","description":"O Xiaomi Redmi A1 + \u00e9 um smartphone com uma tela de 6,52 polegadas e uma cor azul clara. Ele vem com capacidade dual-SIM ,","breadcrumb":{"@id":"https:\/\/spacetech.pt\/site\/product\/xiaomi-redmi-a1-6-52-dual-sim-2gb-32gb-light-blue\/#breadcrumb"},"inLanguage":"pt-BR","potentialAction":[{"@type":"ReadAction","target":["https:\/\/spacetech.pt\/site\/product\/xiaomi-redmi-a1-6-52-dual-sim-2gb-32gb-light-blue\/"]}]},{"@type":"ImageObject","inLanguage":"pt-BR","@id":"https:\/\/spacetech.pt\/site\/product\/xiaomi-redmi-a1-6-52-dual-sim-2gb-32gb-light-blue\/#primaryimage","url":"https:\/\/spacetech.pt\/site\/wp-content\/uploads\/2023\/03\/Xiaomi-Redmi-A1-Plus-6.52-Dual-Sim-2GB32GB-Light-Blue.jpg","contentUrl":"https:\/\/spacetech.pt\/site\/wp-content\/uploads\/2023\/03\/Xiaomi-Redmi-A1-Plus-6.52-Dual-Sim-2GB32GB-Light-Blue.jpg","width":600,"height":600,"caption":"Xiaomi Redmi A1+ 6.52\" Dual Sim 2GB\/32GB Light Blue"},{"@type":"BreadcrumbList","@id":"https:\/\/spacetech.pt\/site\/product\/xiaomi-redmi-a1-6-52-dual-sim-2gb-32gb-light-blue\/#breadcrumb","itemListElement":[{"@type":"ListItem","position":1,"name":"In\u00edcio","item":"https:\/\/spacetech.pt\/site\/"},{"@type":"ListItem","position":2,"name":"Loja de Telem\u00f3veis","item":"https:\/\/spacetech.pt\/site\/"},{"@type":"ListItem","position":3,"name":"Xiaomi Redmi A1+ 6.52&#8243; Dual Sim 2GB\/32GB Light Blue"}]},{"@type":"WebSite","@id":"https:\/\/spacetech.pt\/site\/#website","url":"https:\/\/spacetech.pt\/site\/","name":"SpaceTech","description":"Gadgets de Qualidade","publisher":{"@id":"https:\/\/spacetech.pt\/site\/#organization"},"potentialAction":[{"@type":"SearchAction","target":{"@type":"EntryPoint","urlTemplate":"https:\/\/spacetech.pt\/site\/?s={search_term_string}"},"query-input":{"@type":"PropertyValueSpecification","valueRequired":true,"valueName":"search_term_string"}}],"inLanguage":"pt-BR"},{"@type":"Organization","@id":"https:\/\/spacetech.pt\/site\/#organization","name":"SpaceTech","url":"https:\/\/spacetech.pt\/site\/","logo":{"@type":"ImageObject","inLanguage":"pt-BR","@id":"https:\/\/spacetech.pt\/site\/#\/schema\/logo\/image\/","url":"https:\/\/spacetech.pt\/site\/wp-content\/uploads\/2021\/01\/cropped-logo-spacetech-quadrado.jpg","contentUrl":"https:\/\/spacetech.pt\/site\/wp-content\/uploads\/2021\/01\/cropped-logo-spacetech-quadrado.jpg","width":512,"height":512,"caption":"SpaceTech"},"image":{"@id":"https:\/\/spacetech.pt\/site\/#\/schema\/logo\/image\/"},"sameAs":["https:\/\/www.facebook.com\/SpaceTech-104699978252826","https:\/\/www.instagram.com\/spacetech.pt\/"]}]}},"jetpack_sharing_enabled":true,"_links":{"self":[{"href":"https:\/\/spacetech.pt\/site\/wp-json\/wp\/v2\/product\/1723","targetHints":{"allow":["GET"]}}],"collection":[{"href":"https:\/\/spacetech.pt\/site\/wp-json\/wp\/v2\/product"}],"about":[{"href":"https:\/\/spacetech.pt\/site\/wp-json\/wp\/v2\/types\/product"}],"replies":[{"embeddable":true,"href":"https:\/\/spacetech.pt\/site\/wp-json\/wp\/v2\/comments?post=1723"}],"wp:featuredmedia":[{"embeddable":true,"href":"https:\/\/spacetech.pt\/site\/wp-json\/wp\/v2\/media\/1724"}],"wp:attachment":[{"href":"https:\/\/spacetech.pt\/site\/wp-json\/wp\/v2\/media?parent=1723"}],"wp:term":[{"taxonomy":"product_brand","embeddable":true,"href":"https:\/\/spacetech.pt\/site\/wp-json\/wp\/v2\/product_brand?post=1723"},{"taxonomy":"product_cat","embeddable":true,"href":"https:\/\/spacetech.pt\/site\/wp-json\/wp\/v2\/product_cat?post=1723"},{"taxonomy":"product_tag","embeddable":true,"href":"https:\/\/spacetech.pt\/site\/wp-json\/wp\/v2\/product_tag?post=1723"}],"curies":[{"name":"wp","href":"https:\/\/api.w.org\/{rel}","templated":true}]}}