{"id":1674,"date":"2023-02-28T19:21:22","date_gmt":"2023-02-28T19:21:22","guid":{"rendered":"https:\/\/spacetech.pt\/site\/?post_type=product&#038;p=1674"},"modified":"2023-04-06T10:28:01","modified_gmt":"2023-04-06T10:28:01","slug":"gran-turismo-7-ps5","status":"publish","type":"product","link":"https:\/\/spacetech.pt\/site\/product\/gran-turismo-7-ps5\/","title":{"rendered":"Gran Turismo 7 PS5"},"content":{"rendered":"<div class=\"c-drAvwG\">\n<h1 class=\"c-gEIijh c-caSSG\" data-test-id=\"topbox-sticky-product-name\">Gran Turismo 7 PS5<\/h1>\n<\/div>\n<div class=\"c-JFfKA\">\n<div class=\"c-bgEFIf\"><\/div>\n<\/div>\n","protected":false},"excerpt":{"rendered":"<h2 class=\"c-kzxGrr\">Detalhes do Produto<\/h2>\n<div class=\"c-fkoqBN\">\n<div>\n<p><strong>Gran Turismo 7 junta as melhores funcionalidades de sempre do Verdadeiro Simulador de Condu\u00e7\u00e3o.<\/strong><\/p>\n<p>Quer sejas um piloto competitivo, colecionador, construtor, designer, fot\u00f3grafo ou f\u00e3 de arcade \u2013 acende a tua paix\u00e3o pessoal por carros com recursos inspirados no passado, presente e futuro do Gran Turismo.<\/p>\n<p>De ve\u00edculos e pistas cl\u00e1ssicas \u00e0 reintrodu\u00e7\u00e3o do lend\u00e1rio Modo de Simula\u00e7\u00e3o GT &#8211; aproveita os melhores recursos das edi\u00e7\u00f5es anteriores da s\u00e9rie.<\/p>\n<p>&nbsp;<\/p>\n<p><strong>Visuais deslumbrantes<\/strong><br \/>\nDescobre os pilotos advers\u00e1rios no teu espelho retrovisor, v\u00ea o sol a brilhar nas curvas da carro\u00e7aria do teu carro, com suporte para 4K e HDR a uma taxa de fotogramas orientada para 60 FPS* Tamb\u00e9m podes captar fotos com um realismo extraordin\u00e1rio gra\u00e7as ao poder do Ray Tracing na PS5.<\/p>\n<p><strong>Carregamentos r\u00e1pidos<\/strong><br \/>\nO SSD ultraveloz da consola PS5 permite-te iniciar rapidamente as corridas, entrar nos lobbies, explorar a tua garagem e navegar de forma veloz pelos v\u00e1rios modos e menus do GT7.<\/p>\n<p><strong>Gatilhos adaptativos<\/strong><br \/>\nSente a vibra\u00e7\u00e3o do sistema de travagem antibloqueio e das rodas a girar e a varia\u00e7\u00e3o na resist\u00eancia da travagem de cada carro gra\u00e7as aos gatilhos adaptativos do teu comando sem fios DualSense.<\/p>\n<p><strong>Feedback h\u00e1ptico<\/strong><br \/>\nDesde as ligeiras irregularidades no asfalto at\u00e9 \u00e0s sali\u00eancias das bermas, sente a tua posi\u00e7\u00e3o na estrada atrav\u00e9s do feedback h\u00e1ptico imersivo.<\/p>\n<p><strong>Tempest 3D AudioTech<\/strong><br \/>\nSente a posi\u00e7\u00e3o dos outros carros e pilotos na estrada com uma claridade sem paralelo gra\u00e7as ao \u00e1udio em 3D da consola PS5.**<\/p>\n<\/div>\n<\/div>\n","protected":false},"featured_media":1675,"comment_status":"open","ping_status":"closed","template":"","meta":[],"product_brand":[],"product_cat":[103],"product_tag":[],"class_list":{"0":"post-1674","1":"product","2":"type-product","3":"status-publish","4":"has-post-thumbnail","6":"product_cat-sony","8":"first","9":"outofstock","10":"taxable","11":"shipping-taxable","12":"purchasable","13":"product-type-simple"},"yoast_head":"<!-- This site is optimized with the Yoast SEO plugin v27.0 - https:\/\/yoast.com\/product\/yoast-seo-wordpress\/ -->\n<title>Gran Turismo 7 PS5 | SpaceTech<\/title>\n<meta name=\"description\" content=\"Quer sejas um piloto competitivo, colecionador, construtor, designer, fot\u00f3grafo ou f\u00e3 de arcade \u2013 acende a tua paix\u00e3o pessoal por carros com recursos\" \/>\n<meta name=\"robots\" content=\"index, follow, max-snippet:-1, max-image-preview:large, max-video-preview:-1\" \/>\n<link rel=\"canonical\" href=\"https:\/\/spacetech.pt\/site\/product\/gran-turismo-7-ps5\/\" \/>\n<meta property=\"og:locale\" content=\"pt_BR\" \/>\n<meta property=\"og:type\" content=\"article\" \/>\n<meta property=\"og:title\" content=\"Gran Turismo 7 PS5 | SpaceTech\" \/>\n<meta property=\"og:description\" content=\"Quer sejas um piloto competitivo, colecionador, construtor, designer, fot\u00f3grafo ou f\u00e3 de arcade \u2013 acende a tua paix\u00e3o pessoal por carros com recursos\" \/>\n<meta property=\"og:url\" content=\"https:\/\/spacetech.pt\/site\/product\/gran-turismo-7-ps5\/\" \/>\n<meta property=\"og:site_name\" content=\"SpaceTech\" \/>\n<meta property=\"article:publisher\" content=\"https:\/\/www.facebook.com\/SpaceTech-104699978252826\" \/>\n<meta property=\"article:modified_time\" content=\"2023-04-06T10:28:01+00:00\" \/>\n<meta property=\"og:image\" content=\"https:\/\/spacetech.pt\/site\/wp-content\/uploads\/2023\/02\/Gran-Turismo-7-PS5.jpg\" \/>\n\t<meta property=\"og:image:width\" content=\"600\" \/>\n\t<meta property=\"og:image:height\" content=\"600\" \/>\n\t<meta property=\"og:image:type\" content=\"image\/jpeg\" \/>\n<meta name=\"twitter:card\" content=\"summary_large_image\" \/>\n<meta name=\"twitter:label1\" content=\"Est. tempo de leitura\" \/>\n\t<meta name=\"twitter:data1\" content=\"1 minuto\" \/>\n<script type=\"application\/ld+json\" class=\"yoast-schema-graph\">{\"@context\":\"https:\/\/schema.org\",\"@graph\":[{\"@type\":\"WebPage\",\"@id\":\"https:\/\/spacetech.pt\/site\/product\/gran-turismo-7-ps5\/\",\"url\":\"https:\/\/spacetech.pt\/site\/product\/gran-turismo-7-ps5\/\",\"name\":\"Gran Turismo 7 PS5 | SpaceTech\",\"isPartOf\":{\"@id\":\"https:\/\/spacetech.pt\/site\/#website\"},\"primaryImageOfPage\":{\"@id\":\"https:\/\/spacetech.pt\/site\/product\/gran-turismo-7-ps5\/#primaryimage\"},\"image\":{\"@id\":\"https:\/\/spacetech.pt\/site\/product\/gran-turismo-7-ps5\/#primaryimage\"},\"thumbnailUrl\":\"https:\/\/spacetech.pt\/site\/wp-content\/uploads\/2023\/02\/Gran-Turismo-7-PS5.jpg\",\"datePublished\":\"2023-02-28T19:21:22+00:00\",\"dateModified\":\"2023-04-06T10:28:01+00:00\",\"description\":\"Quer sejas um piloto competitivo, colecionador, construtor, designer, fot\u00f3grafo ou f\u00e3 de arcade \u2013 acende a tua paix\u00e3o pessoal por carros com recursos\",\"breadcrumb\":{\"@id\":\"https:\/\/spacetech.pt\/site\/product\/gran-turismo-7-ps5\/#breadcrumb\"},\"inLanguage\":\"pt-BR\",\"potentialAction\":[{\"@type\":\"ReadAction\",\"target\":[\"https:\/\/spacetech.pt\/site\/product\/gran-turismo-7-ps5\/\"]}]},{\"@type\":\"ImageObject\",\"inLanguage\":\"pt-BR\",\"@id\":\"https:\/\/spacetech.pt\/site\/product\/gran-turismo-7-ps5\/#primaryimage\",\"url\":\"https:\/\/spacetech.pt\/site\/wp-content\/uploads\/2023\/02\/Gran-Turismo-7-PS5.jpg\",\"contentUrl\":\"https:\/\/spacetech.pt\/site\/wp-content\/uploads\/2023\/02\/Gran-Turismo-7-PS5.jpg\",\"width\":600,\"height\":600,\"caption\":\"Gran Turismo 7 PS5\"},{\"@type\":\"BreadcrumbList\",\"@id\":\"https:\/\/spacetech.pt\/site\/product\/gran-turismo-7-ps5\/#breadcrumb\",\"itemListElement\":[{\"@type\":\"ListItem\",\"position\":1,\"name\":\"In\u00edcio\",\"item\":\"https:\/\/spacetech.pt\/site\/\"},{\"@type\":\"ListItem\",\"position\":2,\"name\":\"Loja de Telem\u00f3veis\",\"item\":\"https:\/\/spacetech.pt\/site\/\"},{\"@type\":\"ListItem\",\"position\":3,\"name\":\"Gran Turismo 7 PS5\"}]},{\"@type\":\"WebSite\",\"@id\":\"https:\/\/spacetech.pt\/site\/#website\",\"url\":\"https:\/\/spacetech.pt\/site\/\",\"name\":\"SpaceTech\",\"description\":\"Gadgets de Qualidade\",\"publisher\":{\"@id\":\"https:\/\/spacetech.pt\/site\/#organization\"},\"potentialAction\":[{\"@type\":\"SearchAction\",\"target\":{\"@type\":\"EntryPoint\",\"urlTemplate\":\"https:\/\/spacetech.pt\/site\/?s={search_term_string}\"},\"query-input\":{\"@type\":\"PropertyValueSpecification\",\"valueRequired\":true,\"valueName\":\"search_term_string\"}}],\"inLanguage\":\"pt-BR\"},{\"@type\":\"Organization\",\"@id\":\"https:\/\/spacetech.pt\/site\/#organization\",\"name\":\"SpaceTech\",\"url\":\"https:\/\/spacetech.pt\/site\/\",\"logo\":{\"@type\":\"ImageObject\",\"inLanguage\":\"pt-BR\",\"@id\":\"https:\/\/spacetech.pt\/site\/#\/schema\/logo\/image\/\",\"url\":\"https:\/\/spacetech.pt\/site\/wp-content\/uploads\/2021\/01\/cropped-logo-spacetech-quadrado.jpg\",\"contentUrl\":\"https:\/\/spacetech.pt\/site\/wp-content\/uploads\/2021\/01\/cropped-logo-spacetech-quadrado.jpg\",\"width\":512,\"height\":512,\"caption\":\"SpaceTech\"},\"image\":{\"@id\":\"https:\/\/spacetech.pt\/site\/#\/schema\/logo\/image\/\"},\"sameAs\":[\"https:\/\/www.facebook.com\/SpaceTech-104699978252826\",\"https:\/\/www.instagram.com\/spacetech.pt\/\"]}]}<\/script>\n<!-- \/ Yoast SEO plugin. -->","yoast_head_json":{"title":"Gran Turismo 7 PS5 | SpaceTech","description":"Quer sejas um piloto competitivo, colecionador, construtor, designer, fot\u00f3grafo ou f\u00e3 de arcade \u2013 acende a tua paix\u00e3o pessoal por carros com recursos","robots":{"index":"index","follow":"follow","max-snippet":"max-snippet:-1","max-image-preview":"max-image-preview:large","max-video-preview":"max-video-preview:-1"},"canonical":"https:\/\/spacetech.pt\/site\/product\/gran-turismo-7-ps5\/","og_locale":"pt_BR","og_type":"article","og_title":"Gran Turismo 7 PS5 | SpaceTech","og_description":"Quer sejas um piloto competitivo, colecionador, construtor, designer, fot\u00f3grafo ou f\u00e3 de arcade \u2013 acende a tua paix\u00e3o pessoal por carros com recursos","og_url":"https:\/\/spacetech.pt\/site\/product\/gran-turismo-7-ps5\/","og_site_name":"SpaceTech","article_publisher":"https:\/\/www.facebook.com\/SpaceTech-104699978252826","article_modified_time":"2023-04-06T10:28:01+00:00","og_image":[{"width":600,"height":600,"url":"https:\/\/spacetech.pt\/site\/wp-content\/uploads\/2023\/02\/Gran-Turismo-7-PS5.jpg","type":"image\/jpeg"}],"twitter_card":"summary_large_image","twitter_misc":{"Est. tempo de leitura":"1 minuto"},"schema":{"@context":"https:\/\/schema.org","@graph":[{"@type":"WebPage","@id":"https:\/\/spacetech.pt\/site\/product\/gran-turismo-7-ps5\/","url":"https:\/\/spacetech.pt\/site\/product\/gran-turismo-7-ps5\/","name":"Gran Turismo 7 PS5 | SpaceTech","isPartOf":{"@id":"https:\/\/spacetech.pt\/site\/#website"},"primaryImageOfPage":{"@id":"https:\/\/spacetech.pt\/site\/product\/gran-turismo-7-ps5\/#primaryimage"},"image":{"@id":"https:\/\/spacetech.pt\/site\/product\/gran-turismo-7-ps5\/#primaryimage"},"thumbnailUrl":"https:\/\/spacetech.pt\/site\/wp-content\/uploads\/2023\/02\/Gran-Turismo-7-PS5.jpg","datePublished":"2023-02-28T19:21:22+00:00","dateModified":"2023-04-06T10:28:01+00:00","description":"Quer sejas um piloto competitivo, colecionador, construtor, designer, fot\u00f3grafo ou f\u00e3 de arcade \u2013 acende a tua paix\u00e3o pessoal por carros com recursos","breadcrumb":{"@id":"https:\/\/spacetech.pt\/site\/product\/gran-turismo-7-ps5\/#breadcrumb"},"inLanguage":"pt-BR","potentialAction":[{"@type":"ReadAction","target":["https:\/\/spacetech.pt\/site\/product\/gran-turismo-7-ps5\/"]}]},{"@type":"ImageObject","inLanguage":"pt-BR","@id":"https:\/\/spacetech.pt\/site\/product\/gran-turismo-7-ps5\/#primaryimage","url":"https:\/\/spacetech.pt\/site\/wp-content\/uploads\/2023\/02\/Gran-Turismo-7-PS5.jpg","contentUrl":"https:\/\/spacetech.pt\/site\/wp-content\/uploads\/2023\/02\/Gran-Turismo-7-PS5.jpg","width":600,"height":600,"caption":"Gran Turismo 7 PS5"},{"@type":"BreadcrumbList","@id":"https:\/\/spacetech.pt\/site\/product\/gran-turismo-7-ps5\/#breadcrumb","itemListElement":[{"@type":"ListItem","position":1,"name":"In\u00edcio","item":"https:\/\/spacetech.pt\/site\/"},{"@type":"ListItem","position":2,"name":"Loja de Telem\u00f3veis","item":"https:\/\/spacetech.pt\/site\/"},{"@type":"ListItem","position":3,"name":"Gran Turismo 7 PS5"}]},{"@type":"WebSite","@id":"https:\/\/spacetech.pt\/site\/#website","url":"https:\/\/spacetech.pt\/site\/","name":"SpaceTech","description":"Gadgets de Qualidade","publisher":{"@id":"https:\/\/spacetech.pt\/site\/#organization"},"potentialAction":[{"@type":"SearchAction","target":{"@type":"EntryPoint","urlTemplate":"https:\/\/spacetech.pt\/site\/?s={search_term_string}"},"query-input":{"@type":"PropertyValueSpecification","valueRequired":true,"valueName":"search_term_string"}}],"inLanguage":"pt-BR"},{"@type":"Organization","@id":"https:\/\/spacetech.pt\/site\/#organization","name":"SpaceTech","url":"https:\/\/spacetech.pt\/site\/","logo":{"@type":"ImageObject","inLanguage":"pt-BR","@id":"https:\/\/spacetech.pt\/site\/#\/schema\/logo\/image\/","url":"https:\/\/spacetech.pt\/site\/wp-content\/uploads\/2021\/01\/cropped-logo-spacetech-quadrado.jpg","contentUrl":"https:\/\/spacetech.pt\/site\/wp-content\/uploads\/2021\/01\/cropped-logo-spacetech-quadrado.jpg","width":512,"height":512,"caption":"SpaceTech"},"image":{"@id":"https:\/\/spacetech.pt\/site\/#\/schema\/logo\/image\/"},"sameAs":["https:\/\/www.facebook.com\/SpaceTech-104699978252826","https:\/\/www.instagram.com\/spacetech.pt\/"]}]}},"jetpack_sharing_enabled":true,"_links":{"self":[{"href":"https:\/\/spacetech.pt\/site\/wp-json\/wp\/v2\/product\/1674","targetHints":{"allow":["GET"]}}],"collection":[{"href":"https:\/\/spacetech.pt\/site\/wp-json\/wp\/v2\/product"}],"about":[{"href":"https:\/\/spacetech.pt\/site\/wp-json\/wp\/v2\/types\/product"}],"replies":[{"embeddable":true,"href":"https:\/\/spacetech.pt\/site\/wp-json\/wp\/v2\/comments?post=1674"}],"wp:featuredmedia":[{"embeddable":true,"href":"https:\/\/spacetech.pt\/site\/wp-json\/wp\/v2\/media\/1675"}],"wp:attachment":[{"href":"https:\/\/spacetech.pt\/site\/wp-json\/wp\/v2\/media?parent=1674"}],"wp:term":[{"taxonomy":"product_brand","embeddable":true,"href":"https:\/\/spacetech.pt\/site\/wp-json\/wp\/v2\/product_brand?post=1674"},{"taxonomy":"product_cat","embeddable":true,"href":"https:\/\/spacetech.pt\/site\/wp-json\/wp\/v2\/product_cat?post=1674"},{"taxonomy":"product_tag","embeddable":true,"href":"https:\/\/spacetech.pt\/site\/wp-json\/wp\/v2\/product_tag?post=1674"}],"curies":[{"name":"wp","href":"https:\/\/api.w.org\/{rel}","templated":true}]}}