{"id":1627,"date":"2022-12-15T22:35:40","date_gmt":"2022-12-15T22:35:40","guid":{"rendered":"https:\/\/spacetech.pt\/site\/?post_type=product&#038;p=1627"},"modified":"2024-05-02T15:05:23","modified_gmt":"2024-05-02T15:05:23","slug":"realme-c31-dual-sim-3gb-32gb-dark-green","status":"publish","type":"product","link":"https:\/\/spacetech.pt\/site\/product\/realme-c31-dual-sim-3gb-32gb-dark-green\/","title":{"rendered":"Realme C31 Dual SIM 3GB\/32GB Dark Green"},"content":{"rendered":"<div class=\"c-fxyIaD\">\n<div class=\"c-gbBGZW\">\n<h1 class=\"c-gEIijh\">Realme C31 Dual SIM 3GB\/32GB Dark Green<\/h1>\n<\/div>\n<\/div>\n<div class=\"c-hmAmmA\">\n<div>\n<div class=\"c-fnGGQw\" aria-label=\"share\"><\/div>\n<\/div>\n<\/div>\n","protected":false},"excerpt":{"rendered":"<section class=\"c-gYBZre c-gXQJeI\">\n<h2 class=\"c-kzxGrr\">Detalhes do Produto<\/h2>\n<div class=\"c-fkoqBN\">\n<div>\n<div id=\"description_kk_product\" data-created-id=\"10548\">\n<p>Se \u00e9 um apaixonado pela IT e a eletr\u00f3nica, gosta de estar em dia com as \u00faltimas tend\u00eancias em termos de tecnologia e n\u00e3o deixa escapar detalhes, compre Smartphone Realme C31 Verde 32 GB Octa Core 3 GB RAM 6,5\\&#8221; por grosso.Cor: VerdeConetividade: BluetoothWi-FiBluetooth 5.0Capacidade: 32 GBEcr\u00e3: 6,5\\&#8221;Conex\u00f5es: Dual SIMBateria de l\u00edtio recarreg\u00e1vel: 5000 mAhProcessador: Octa CoreC\u00e2mara: 13 MPMem\u00f3ria RAM: 3 GB RAMCart\u00f5es de Mem\u00f3ria Compat\u00edveis: MicroSD (TransFlash)Sistema Operativo: Android 11<\/p>\n<\/div>\n<\/div>\n<div class=\"c-jKOUQW\">\n<div id=\"sas_37914\" class=\"c-gJyRpC\"><\/div>\n<\/div>\n<\/div>\n<\/section>\n<div class=\"c-gOYXKZ\"><span class=\"c-cUnbMK\">C\u00f3digo de barras:<\/span><span class=\"c-ijYvwD\">6941399076860 | 8033779065484<\/span><\/div>\n<div class=\"c-gOYXKZ\"><span class=\"c-cUnbMK\">Refer\u00eancia:<\/span><span class=\"c-ijYvwD\">REALC3132GREEN<\/span><\/div>\n","protected":false},"featured_media":1628,"comment_status":"open","ping_status":"closed","template":"","meta":[],"product_brand":[],"product_cat":[88],"product_tag":[184,185,183],"class_list":{"0":"post-1627","1":"product","2":"type-product","3":"status-publish","4":"has-post-thumbnail","6":"product_cat-realme","7":"product_tag-c31","8":"product_tag-dark-green","9":"product_tag-realme","11":"first","12":"outofstock","13":"sale","14":"taxable","15":"shipping-taxable","16":"purchasable","17":"product-type-simple"},"yoast_head":"<!-- This site is optimized with the Yoast SEO plugin v27.0 - https:\/\/yoast.com\/product\/yoast-seo-wordpress\/ -->\n<title>Realme C31 Dual SIM 3GB\/32GB Dark Green | SpaceTech<\/title>\n<meta name=\"description\" content=\"Gosta de estar em dia com as \u00faltimas tend\u00eancias em termos de tecnologia e n\u00e3o deixa escapar detalhes, Octa Core 3GB RAM ,\" \/>\n<meta name=\"robots\" content=\"index, follow, max-snippet:-1, max-image-preview:large, max-video-preview:-1\" \/>\n<link rel=\"canonical\" href=\"https:\/\/spacetech.pt\/site\/product\/realme-c31-dual-sim-3gb-32gb-dark-green\/\" \/>\n<meta property=\"og:locale\" content=\"pt_BR\" \/>\n<meta property=\"og:type\" content=\"article\" \/>\n<meta property=\"og:title\" content=\"Realme C31 Dual SIM 3GB\/32GB Dark Green | SpaceTech\" \/>\n<meta property=\"og:description\" content=\"Gosta de estar em dia com as \u00faltimas tend\u00eancias em termos de tecnologia e n\u00e3o deixa escapar detalhes, Octa Core 3GB RAM ,\" \/>\n<meta property=\"og:url\" content=\"https:\/\/spacetech.pt\/site\/product\/realme-c31-dual-sim-3gb-32gb-dark-green\/\" \/>\n<meta property=\"og:site_name\" content=\"SpaceTech\" \/>\n<meta property=\"article:publisher\" content=\"https:\/\/www.facebook.com\/SpaceTech-104699978252826\" \/>\n<meta property=\"article:modified_time\" content=\"2024-05-02T15:05:23+00:00\" \/>\n<meta property=\"og:image\" content=\"https:\/\/spacetech.pt\/site\/wp-content\/uploads\/2022\/12\/Realme-C31-Dual-SIM-3GB32GB-Dark-Green.jpg\" \/>\n\t<meta property=\"og:image:width\" content=\"600\" \/>\n\t<meta property=\"og:image:height\" content=\"600\" \/>\n\t<meta property=\"og:image:type\" content=\"image\/jpeg\" \/>\n<meta name=\"twitter:card\" content=\"summary_large_image\" \/>\n<meta name=\"twitter:label1\" content=\"Est. tempo de leitura\" \/>\n\t<meta name=\"twitter:data1\" content=\"1 minuto\" \/>\n<script type=\"application\/ld+json\" class=\"yoast-schema-graph\">{\"@context\":\"https:\/\/schema.org\",\"@graph\":[{\"@type\":\"WebPage\",\"@id\":\"https:\/\/spacetech.pt\/site\/product\/realme-c31-dual-sim-3gb-32gb-dark-green\/\",\"url\":\"https:\/\/spacetech.pt\/site\/product\/realme-c31-dual-sim-3gb-32gb-dark-green\/\",\"name\":\"Realme C31 Dual SIM 3GB\/32GB Dark Green | SpaceTech\",\"isPartOf\":{\"@id\":\"https:\/\/spacetech.pt\/site\/#website\"},\"primaryImageOfPage\":{\"@id\":\"https:\/\/spacetech.pt\/site\/product\/realme-c31-dual-sim-3gb-32gb-dark-green\/#primaryimage\"},\"image\":{\"@id\":\"https:\/\/spacetech.pt\/site\/product\/realme-c31-dual-sim-3gb-32gb-dark-green\/#primaryimage\"},\"thumbnailUrl\":\"https:\/\/spacetech.pt\/site\/wp-content\/uploads\/2022\/12\/Realme-C31-Dual-SIM-3GB32GB-Dark-Green.jpg\",\"datePublished\":\"2022-12-15T22:35:40+00:00\",\"dateModified\":\"2024-05-02T15:05:23+00:00\",\"description\":\"Gosta de estar em dia com as \u00faltimas tend\u00eancias em termos de tecnologia e n\u00e3o deixa escapar detalhes, Octa Core 3GB RAM ,\",\"breadcrumb\":{\"@id\":\"https:\/\/spacetech.pt\/site\/product\/realme-c31-dual-sim-3gb-32gb-dark-green\/#breadcrumb\"},\"inLanguage\":\"pt-BR\",\"potentialAction\":[{\"@type\":\"ReadAction\",\"target\":[\"https:\/\/spacetech.pt\/site\/product\/realme-c31-dual-sim-3gb-32gb-dark-green\/\"]}]},{\"@type\":\"ImageObject\",\"inLanguage\":\"pt-BR\",\"@id\":\"https:\/\/spacetech.pt\/site\/product\/realme-c31-dual-sim-3gb-32gb-dark-green\/#primaryimage\",\"url\":\"https:\/\/spacetech.pt\/site\/wp-content\/uploads\/2022\/12\/Realme-C31-Dual-SIM-3GB32GB-Dark-Green.jpg\",\"contentUrl\":\"https:\/\/spacetech.pt\/site\/wp-content\/uploads\/2022\/12\/Realme-C31-Dual-SIM-3GB32GB-Dark-Green.jpg\",\"width\":600,\"height\":600,\"caption\":\"Realme C31 Dual SIM 3GB\/32GB Dark Green\"},{\"@type\":\"BreadcrumbList\",\"@id\":\"https:\/\/spacetech.pt\/site\/product\/realme-c31-dual-sim-3gb-32gb-dark-green\/#breadcrumb\",\"itemListElement\":[{\"@type\":\"ListItem\",\"position\":1,\"name\":\"In\u00edcio\",\"item\":\"https:\/\/spacetech.pt\/site\/\"},{\"@type\":\"ListItem\",\"position\":2,\"name\":\"Loja de Telem\u00f3veis\",\"item\":\"https:\/\/spacetech.pt\/site\/\"},{\"@type\":\"ListItem\",\"position\":3,\"name\":\"Realme C31 Dual SIM 3GB\/32GB Dark Green\"}]},{\"@type\":\"WebSite\",\"@id\":\"https:\/\/spacetech.pt\/site\/#website\",\"url\":\"https:\/\/spacetech.pt\/site\/\",\"name\":\"SpaceTech\",\"description\":\"Gadgets de Qualidade\",\"publisher\":{\"@id\":\"https:\/\/spacetech.pt\/site\/#organization\"},\"potentialAction\":[{\"@type\":\"SearchAction\",\"target\":{\"@type\":\"EntryPoint\",\"urlTemplate\":\"https:\/\/spacetech.pt\/site\/?s={search_term_string}\"},\"query-input\":{\"@type\":\"PropertyValueSpecification\",\"valueRequired\":true,\"valueName\":\"search_term_string\"}}],\"inLanguage\":\"pt-BR\"},{\"@type\":\"Organization\",\"@id\":\"https:\/\/spacetech.pt\/site\/#organization\",\"name\":\"SpaceTech\",\"url\":\"https:\/\/spacetech.pt\/site\/\",\"logo\":{\"@type\":\"ImageObject\",\"inLanguage\":\"pt-BR\",\"@id\":\"https:\/\/spacetech.pt\/site\/#\/schema\/logo\/image\/\",\"url\":\"https:\/\/spacetech.pt\/site\/wp-content\/uploads\/2021\/01\/cropped-logo-spacetech-quadrado.jpg\",\"contentUrl\":\"https:\/\/spacetech.pt\/site\/wp-content\/uploads\/2021\/01\/cropped-logo-spacetech-quadrado.jpg\",\"width\":512,\"height\":512,\"caption\":\"SpaceTech\"},\"image\":{\"@id\":\"https:\/\/spacetech.pt\/site\/#\/schema\/logo\/image\/\"},\"sameAs\":[\"https:\/\/www.facebook.com\/SpaceTech-104699978252826\",\"https:\/\/www.instagram.com\/spacetech.pt\/\"]}]}<\/script>\n<!-- \/ Yoast SEO plugin. -->","yoast_head_json":{"title":"Realme C31 Dual SIM 3GB\/32GB Dark Green | SpaceTech","description":"Gosta de estar em dia com as \u00faltimas tend\u00eancias em termos de tecnologia e n\u00e3o deixa escapar detalhes, Octa Core 3GB RAM ,","robots":{"index":"index","follow":"follow","max-snippet":"max-snippet:-1","max-image-preview":"max-image-preview:large","max-video-preview":"max-video-preview:-1"},"canonical":"https:\/\/spacetech.pt\/site\/product\/realme-c31-dual-sim-3gb-32gb-dark-green\/","og_locale":"pt_BR","og_type":"article","og_title":"Realme C31 Dual SIM 3GB\/32GB Dark Green | SpaceTech","og_description":"Gosta de estar em dia com as \u00faltimas tend\u00eancias em termos de tecnologia e n\u00e3o deixa escapar detalhes, Octa Core 3GB RAM ,","og_url":"https:\/\/spacetech.pt\/site\/product\/realme-c31-dual-sim-3gb-32gb-dark-green\/","og_site_name":"SpaceTech","article_publisher":"https:\/\/www.facebook.com\/SpaceTech-104699978252826","article_modified_time":"2024-05-02T15:05:23+00:00","og_image":[{"width":600,"height":600,"url":"https:\/\/spacetech.pt\/site\/wp-content\/uploads\/2022\/12\/Realme-C31-Dual-SIM-3GB32GB-Dark-Green.jpg","type":"image\/jpeg"}],"twitter_card":"summary_large_image","twitter_misc":{"Est. tempo de leitura":"1 minuto"},"schema":{"@context":"https:\/\/schema.org","@graph":[{"@type":"WebPage","@id":"https:\/\/spacetech.pt\/site\/product\/realme-c31-dual-sim-3gb-32gb-dark-green\/","url":"https:\/\/spacetech.pt\/site\/product\/realme-c31-dual-sim-3gb-32gb-dark-green\/","name":"Realme C31 Dual SIM 3GB\/32GB Dark Green | SpaceTech","isPartOf":{"@id":"https:\/\/spacetech.pt\/site\/#website"},"primaryImageOfPage":{"@id":"https:\/\/spacetech.pt\/site\/product\/realme-c31-dual-sim-3gb-32gb-dark-green\/#primaryimage"},"image":{"@id":"https:\/\/spacetech.pt\/site\/product\/realme-c31-dual-sim-3gb-32gb-dark-green\/#primaryimage"},"thumbnailUrl":"https:\/\/spacetech.pt\/site\/wp-content\/uploads\/2022\/12\/Realme-C31-Dual-SIM-3GB32GB-Dark-Green.jpg","datePublished":"2022-12-15T22:35:40+00:00","dateModified":"2024-05-02T15:05:23+00:00","description":"Gosta de estar em dia com as \u00faltimas tend\u00eancias em termos de tecnologia e n\u00e3o deixa escapar detalhes, Octa Core 3GB RAM ,","breadcrumb":{"@id":"https:\/\/spacetech.pt\/site\/product\/realme-c31-dual-sim-3gb-32gb-dark-green\/#breadcrumb"},"inLanguage":"pt-BR","potentialAction":[{"@type":"ReadAction","target":["https:\/\/spacetech.pt\/site\/product\/realme-c31-dual-sim-3gb-32gb-dark-green\/"]}]},{"@type":"ImageObject","inLanguage":"pt-BR","@id":"https:\/\/spacetech.pt\/site\/product\/realme-c31-dual-sim-3gb-32gb-dark-green\/#primaryimage","url":"https:\/\/spacetech.pt\/site\/wp-content\/uploads\/2022\/12\/Realme-C31-Dual-SIM-3GB32GB-Dark-Green.jpg","contentUrl":"https:\/\/spacetech.pt\/site\/wp-content\/uploads\/2022\/12\/Realme-C31-Dual-SIM-3GB32GB-Dark-Green.jpg","width":600,"height":600,"caption":"Realme C31 Dual SIM 3GB\/32GB Dark Green"},{"@type":"BreadcrumbList","@id":"https:\/\/spacetech.pt\/site\/product\/realme-c31-dual-sim-3gb-32gb-dark-green\/#breadcrumb","itemListElement":[{"@type":"ListItem","position":1,"name":"In\u00edcio","item":"https:\/\/spacetech.pt\/site\/"},{"@type":"ListItem","position":2,"name":"Loja de Telem\u00f3veis","item":"https:\/\/spacetech.pt\/site\/"},{"@type":"ListItem","position":3,"name":"Realme C31 Dual SIM 3GB\/32GB Dark Green"}]},{"@type":"WebSite","@id":"https:\/\/spacetech.pt\/site\/#website","url":"https:\/\/spacetech.pt\/site\/","name":"SpaceTech","description":"Gadgets de Qualidade","publisher":{"@id":"https:\/\/spacetech.pt\/site\/#organization"},"potentialAction":[{"@type":"SearchAction","target":{"@type":"EntryPoint","urlTemplate":"https:\/\/spacetech.pt\/site\/?s={search_term_string}"},"query-input":{"@type":"PropertyValueSpecification","valueRequired":true,"valueName":"search_term_string"}}],"inLanguage":"pt-BR"},{"@type":"Organization","@id":"https:\/\/spacetech.pt\/site\/#organization","name":"SpaceTech","url":"https:\/\/spacetech.pt\/site\/","logo":{"@type":"ImageObject","inLanguage":"pt-BR","@id":"https:\/\/spacetech.pt\/site\/#\/schema\/logo\/image\/","url":"https:\/\/spacetech.pt\/site\/wp-content\/uploads\/2021\/01\/cropped-logo-spacetech-quadrado.jpg","contentUrl":"https:\/\/spacetech.pt\/site\/wp-content\/uploads\/2021\/01\/cropped-logo-spacetech-quadrado.jpg","width":512,"height":512,"caption":"SpaceTech"},"image":{"@id":"https:\/\/spacetech.pt\/site\/#\/schema\/logo\/image\/"},"sameAs":["https:\/\/www.facebook.com\/SpaceTech-104699978252826","https:\/\/www.instagram.com\/spacetech.pt\/"]}]}},"jetpack_sharing_enabled":true,"_links":{"self":[{"href":"https:\/\/spacetech.pt\/site\/wp-json\/wp\/v2\/product\/1627","targetHints":{"allow":["GET"]}}],"collection":[{"href":"https:\/\/spacetech.pt\/site\/wp-json\/wp\/v2\/product"}],"about":[{"href":"https:\/\/spacetech.pt\/site\/wp-json\/wp\/v2\/types\/product"}],"replies":[{"embeddable":true,"href":"https:\/\/spacetech.pt\/site\/wp-json\/wp\/v2\/comments?post=1627"}],"wp:featuredmedia":[{"embeddable":true,"href":"https:\/\/spacetech.pt\/site\/wp-json\/wp\/v2\/media\/1628"}],"wp:attachment":[{"href":"https:\/\/spacetech.pt\/site\/wp-json\/wp\/v2\/media?parent=1627"}],"wp:term":[{"taxonomy":"product_brand","embeddable":true,"href":"https:\/\/spacetech.pt\/site\/wp-json\/wp\/v2\/product_brand?post=1627"},{"taxonomy":"product_cat","embeddable":true,"href":"https:\/\/spacetech.pt\/site\/wp-json\/wp\/v2\/product_cat?post=1627"},{"taxonomy":"product_tag","embeddable":true,"href":"https:\/\/spacetech.pt\/site\/wp-json\/wp\/v2\/product_tag?post=1627"}],"curies":[{"name":"wp","href":"https:\/\/api.w.org\/{rel}","templated":true}]}}