{"id":1609,"date":"2022-11-17T19:27:17","date_gmt":"2022-11-17T19:27:17","guid":{"rendered":"https:\/\/spacetech.pt\/site\/?post_type=product&#038;p=1609"},"modified":"2023-05-29T11:56:37","modified_gmt":"2023-05-29T11:56:37","slug":"samsung-auriculares-bluetooth-tws-galaxy-buds-live-r180-noise-cancelling-whitesamsung-auriculares-bluetooth-tws-galaxy-buds-live-r180-noise-cancelling-white","status":"publish","type":"product","link":"https:\/\/spacetech.pt\/site\/product\/samsung-auriculares-bluetooth-tws-galaxy-buds-live-r180-noise-cancelling-whitesamsung-auriculares-bluetooth-tws-galaxy-buds-live-r180-noise-cancelling-white\/","title":{"rendered":"Samsung Auriculares Bluetooth TWS Galaxy Buds Live R180 Noise-Cancelling White"},"content":{"rendered":"<div class=\"c-fxyIaD\">\n<div class=\"c-gbBGZW\">\n<h1 class=\"c-gEIijh\">Samsung Auriculares Bluetooth TWS Galaxy Buds Live R180 Noise-Cancelling White<\/h1>\n<\/div>\n<\/div>\n<div class=\"c-hmAmmA\">\n<div class=\"c-fnGGQw\" aria-label=\"share\"><\/div>\n<\/div>\n","protected":false},"excerpt":{"rendered":"<h2 class=\"c-kzxGrr\">Detalhes do Produto<\/h2>\n<div class=\"c-fkoqBN\">\n<div>\n<p>Apresentamos os\u00a0<strong>Galaxy Buds Live<\/strong>, os auriculares concebidos para o manter sempre ligado. Com uma forma ic\u00f3nica e um design ergon\u00f3mico que lhe permite ouvir o som ambiente natural, e um altifalante que \u00e9 otimizado para uma melhor experi\u00eancia.<br \/>\nSom criado para os seus ouvidos!<\/p>\n<p><strong>Caracter\u00edsticas:<\/strong><\/p>\n<ul>\n<li><strong>O design mais inovador de um auricular sem fios.<\/strong>\u00a0O design impressionante de Galaxy Buds Live destaca-se mesmo quando \u00e9 colocado na sua orelha. O seu acabamento liso e brilhante assemelha-se \u00e0s curvas da orelha e do rosto, oferecendo um aspeto natural. Quando n\u00e3o as usar, pode guard\u00e1-las na sua caixa inspirada na caixa de joias para caber perfeitamente na sua m\u00e3o.<\/li>\n<li><strong>Melhore o seu estilo com um acabamento brilhante.<\/strong>\u00a0Dispon\u00edvel em tr\u00eas cores que vai adorar. Escolha entre Mystic Bronze, Mystic White ou Mystic Black para dar um toque brilhante ao seu look.<\/li>\n<li><strong>Criado para os seus ouvidos<\/strong>. Galaxy Buds Live cabem confortavelmente dentro do seu ouvido, adaptando-se confortavelmente para usar durante todo o dia sem se cansar. O desenho ergon\u00f3mico adapta-se bem e confortavelmente, com dois tamanhos de pontas de substitui\u00e7\u00e3o para um melhor ajuste. Agora pode apanhar o comboio para o escrit\u00f3rio, para casa dos seus amigos ou para qualquer outro lugar sem que os auscultadores caiam dos seus ouvidos.<\/li>\n<li><strong>O que ouve \u00e9 apenas consigo<\/strong>. Os primeiros Galaxy Buds com cancelamento ativo de ru\u00eddo (ANC) em modo aberto, o que reduz o ru\u00eddo ambiente, mas permite que se mantenha em cima do seu ambiente. Reduz o ru\u00eddo de fundo sem perder as coisas importantes, como vozes ou avisos, para que se ou\u00e7a apenas o que se quer ouvir. Tudo com uma simples prensa longa para o ativar.<br \/>\n* O Cancelamento Ativo do Ru\u00eddo em Galaxy Buds Live foi verificado pela UL para a sua remo\u00e7\u00e3o do ru\u00eddo de fundo em at\u00e9 97% nas bandas de baixa frequ\u00eancia.<\/li>\n<li><strong>Ou\u00e7a como cada som ganha vida<\/strong>. Sinta-se como se estivesse na primeira fila ou como parte de algo enorme. Os altifalantes de 12 metros da AKG com som, juntamente com o design ergon\u00f3mico do Galaxy Buds Live, conseguem um som amplo, enquanto que o seu grande transdutor e a sua conduta de graves ajudam a fornecer graves de fluxo de ar com os quais o som flui harmoniosamente.<\/li>\n<li><strong>Um assistente de voz inteligente \u00e0 sua disposi\u00e7\u00e3o.\u00a0<\/strong>A ativa\u00e7\u00e3o por voz de Bixby est\u00e1 pronta sempre que lhe ligar. \u00c9 ativado pela sua voz e permite-lhe controlar o seu telefone sem levantar um dedo. Gerir as suas chamadas, ajustar o volume ou verificar o tempo durante a viagem. Voc\u00ea fala, Bixby ouve.<\/li>\n<li><strong>Pressione e segure para come\u00e7ar a Spotify<\/strong>. A integra\u00e7\u00e3o de Galaxy Buds Live with Spotify permite-lhe atribuir um acesso r\u00e1pido no seu telefone. Prima e segure durante um segundo para se ligar instantaneamente a todas as suas listas de pe\u00e7as favoritas. Meio milh\u00e3o de podcasts e 50 milh\u00f5es de can\u00e7\u00f5es est\u00e3o na ponta dos seus dedos<br \/>\n* Requer configura\u00e7\u00e3o de defini\u00e7\u00f5es de touchpad na aplica\u00e7\u00e3o Galaxy Wearables.<\/li>\n<li><strong>Palavras que passam de forma cristalina.\u00a0<\/strong>Com tr\u00eas microfones incorporados e a unidade de capta\u00e7\u00e3o de voz, obt\u00e9m-se a melhor qualidade de chamada. A unidade de capta\u00e7\u00e3o de voz deteta quando o seu maxilar se move e, quando vibra, converte estes dados em sinais de voz para melhorar a qualidade do som, mesmo no meio do ru\u00eddo.<\/li>\n<li><strong>Horas e horas de m\u00fasica<\/strong>. Obtenha energia suficiente enquanto trabalha, brinca e muito mais com a bateria de longa dura\u00e7\u00e3o do Galaxy Buds Live.<\/li>\n<li><strong>Energia para mais horas de divers\u00e3o<\/strong>. Cobran\u00e7as em apenas alguns minutos para que possa voltar ao caminho certo. Com cinco minutos, tem tempo suficiente para uma hora, quer seja da sua lista de reprodu\u00e7\u00e3o favorita ou do mais recente podcast. Se precisar de um pouco mais, pode at\u00e9 usar a fonte de alimenta\u00e7\u00e3o do seu smartphone para carregar Galaxy Buds Live enquanto est\u00e1 em movimento.<\/li>\n<li><strong>Partilhar e ouvir com um amigo<\/strong>. Partilhe a sua m\u00fasica sem partilhar os seus auscultadores. Com Buds Together, basta ligar os seus Galaxy Buds Live e os dos seus amigos ao seu telefone e ouvir os seus \u00eaxitos preferidos em conjunto. A m\u00fasica n\u00e3o tem fim para nenhum os dois.<\/li>\n<li><strong>Ligue-se \u00e0 sua Gal\u00e1xia<\/strong>. Ligue facilmente o seu Galaxy Buds Live a outros dispositivos Samsung atrav\u00e9s da sua conta Samsung. A primeira vez que ligar, uma mensagem do seu telefone permitir\u00e1 um emparelhamento r\u00e1pido, e uma vez emparelhado, o seu headset aparecer\u00e1 nas listas de emparelhamento dos seus dispositivos ligados. Depois, com Bluetooth Info Sync, pode facilmente alternar entre as duas liga\u00e7\u00f5es.<\/li>\n<li><strong>Compat\u00edvel com iOS e Android<\/strong>. Descarregue a aplica\u00e7\u00e3o Galaxy Wearable no Android ou Samsung Galaxy Buds no iOS e emparelhe os seus dispositivos inteligentes via Bluetooth.<\/li>\n<li><strong>Emparelhe-os facilmente com o seu PC<\/strong>. Coloque os seus Galaxy Buds Live em modo de emparelhamento perto de um computador e ou\u00e7a m\u00fasica enquanto trabalha. Use o Swift Pair no seu computador Windows 10 para os ligar de forma mais simples e f\u00e1cil.<\/li>\n<\/ul>\n<div class=\"c-gOYXKZ\"><span class=\"c-cUnbMK\">C\u00f3digo de barras:<\/span><span class=\"c-ijYvwD\">8806090486036 | 8806090486838 | 8806090485978<\/span><\/div>\n<div class=\"c-gOYXKZ\"><span class=\"c-cUnbMK\">Refer\u00eancia:<\/span><span class=\"c-ijYvwD\">SM-R180NZWAEUB | SM-R180NZNAEUB | SM-R180NZWAEUA<\/span><\/div>\n<\/div>\n<\/div>\n","protected":false},"featured_media":1610,"comment_status":"open","ping_status":"closed","template":"","meta":[],"product_brand":[],"product_cat":[84],"product_tag":[176],"class_list":{"0":"post-1609","1":"product","2":"type-product","3":"status-publish","4":"has-post-thumbnail","6":"product_cat-samsung","7":"product_tag-samsung-auriculares-bluetooth-tws-galaxy-buds-live-r180-noise-cancelling-white","9":"first","10":"outofstock","11":"taxable","12":"shipping-taxable","13":"purchasable","14":"product-type-simple"},"yoast_head":"<!-- This site is optimized with the Yoast SEO plugin v27.6 - https:\/\/yoast.com\/product\/yoast-seo-wordpress\/ -->\n<title>Samsung Auriculares Bluetooth TWS Galaxy Buds Live R180 Noise-Cancelling White | SpaceTech<\/title>\n<meta name=\"description\" content=\"Samsung Auriculares Bluetooth TWS Galaxy Buds Live R180 Noise-Cancelling White\" \/>\n<meta name=\"robots\" content=\"index, follow, max-snippet:-1, max-image-preview:large, max-video-preview:-1\" \/>\n<link rel=\"canonical\" href=\"https:\/\/spacetech.pt\/site\/product\/samsung-auriculares-bluetooth-tws-galaxy-buds-live-r180-noise-cancelling-whitesamsung-auriculares-bluetooth-tws-galaxy-buds-live-r180-noise-cancelling-white\/\" \/>\n<meta property=\"og:locale\" content=\"pt_BR\" \/>\n<meta property=\"og:type\" content=\"article\" \/>\n<meta property=\"og:title\" content=\"Samsung Auriculares Bluetooth TWS Galaxy Buds Live R180 Noise-Cancelling White | SpaceTech\" \/>\n<meta property=\"og:description\" content=\"Samsung Auriculares Bluetooth TWS Galaxy Buds Live R180 Noise-Cancelling White\" \/>\n<meta property=\"og:url\" content=\"https:\/\/spacetech.pt\/site\/product\/samsung-auriculares-bluetooth-tws-galaxy-buds-live-r180-noise-cancelling-whitesamsung-auriculares-bluetooth-tws-galaxy-buds-live-r180-noise-cancelling-white\/\" \/>\n<meta property=\"og:site_name\" content=\"SpaceTech\" \/>\n<meta property=\"article:publisher\" content=\"https:\/\/www.facebook.com\/SpaceTech-104699978252826\" \/>\n<meta property=\"article:modified_time\" content=\"2023-05-29T11:56:37+00:00\" \/>\n<meta property=\"og:image\" content=\"https:\/\/spacetech.pt\/site\/wp-content\/uploads\/2022\/11\/Samsung-Auriculares-Bluetooth-TWS-Galaxy-Buds-Live-R180-Noise-Cancelling-White.jpg\" \/>\n\t<meta property=\"og:image:width\" content=\"600\" \/>\n\t<meta property=\"og:image:height\" content=\"600\" \/>\n\t<meta property=\"og:image:type\" content=\"image\/jpeg\" \/>\n<meta name=\"twitter:card\" content=\"summary_large_image\" \/>\n<meta name=\"twitter:label1\" content=\"Est. tempo de leitura\" \/>\n\t<meta name=\"twitter:data1\" content=\"1 minuto\" \/>\n<script type=\"application\/ld+json\" class=\"yoast-schema-graph\">{\"@context\":\"https:\\\/\\\/schema.org\",\"@graph\":[{\"@type\":\"WebPage\",\"@id\":\"https:\\\/\\\/spacetech.pt\\\/site\\\/product\\\/samsung-auriculares-bluetooth-tws-galaxy-buds-live-r180-noise-cancelling-whitesamsung-auriculares-bluetooth-tws-galaxy-buds-live-r180-noise-cancelling-white\\\/\",\"url\":\"https:\\\/\\\/spacetech.pt\\\/site\\\/product\\\/samsung-auriculares-bluetooth-tws-galaxy-buds-live-r180-noise-cancelling-whitesamsung-auriculares-bluetooth-tws-galaxy-buds-live-r180-noise-cancelling-white\\\/\",\"name\":\"Samsung Auriculares Bluetooth TWS Galaxy Buds Live R180 Noise-Cancelling White | SpaceTech\",\"isPartOf\":{\"@id\":\"https:\\\/\\\/spacetech.pt\\\/site\\\/#website\"},\"primaryImageOfPage\":{\"@id\":\"https:\\\/\\\/spacetech.pt\\\/site\\\/product\\\/samsung-auriculares-bluetooth-tws-galaxy-buds-live-r180-noise-cancelling-whitesamsung-auriculares-bluetooth-tws-galaxy-buds-live-r180-noise-cancelling-white\\\/#primaryimage\"},\"image\":{\"@id\":\"https:\\\/\\\/spacetech.pt\\\/site\\\/product\\\/samsung-auriculares-bluetooth-tws-galaxy-buds-live-r180-noise-cancelling-whitesamsung-auriculares-bluetooth-tws-galaxy-buds-live-r180-noise-cancelling-white\\\/#primaryimage\"},\"thumbnailUrl\":\"https:\\\/\\\/spacetech.pt\\\/site\\\/wp-content\\\/uploads\\\/2022\\\/11\\\/Samsung-Auriculares-Bluetooth-TWS-Galaxy-Buds-Live-R180-Noise-Cancelling-White.jpg\",\"datePublished\":\"2022-11-17T19:27:17+00:00\",\"dateModified\":\"2023-05-29T11:56:37+00:00\",\"description\":\"Samsung Auriculares Bluetooth TWS Galaxy Buds Live R180 Noise-Cancelling White\",\"breadcrumb\":{\"@id\":\"https:\\\/\\\/spacetech.pt\\\/site\\\/product\\\/samsung-auriculares-bluetooth-tws-galaxy-buds-live-r180-noise-cancelling-whitesamsung-auriculares-bluetooth-tws-galaxy-buds-live-r180-noise-cancelling-white\\\/#breadcrumb\"},\"inLanguage\":\"pt-BR\",\"potentialAction\":[{\"@type\":\"ReadAction\",\"target\":[\"https:\\\/\\\/spacetech.pt\\\/site\\\/product\\\/samsung-auriculares-bluetooth-tws-galaxy-buds-live-r180-noise-cancelling-whitesamsung-auriculares-bluetooth-tws-galaxy-buds-live-r180-noise-cancelling-white\\\/\"]}]},{\"@type\":\"ImageObject\",\"inLanguage\":\"pt-BR\",\"@id\":\"https:\\\/\\\/spacetech.pt\\\/site\\\/product\\\/samsung-auriculares-bluetooth-tws-galaxy-buds-live-r180-noise-cancelling-whitesamsung-auriculares-bluetooth-tws-galaxy-buds-live-r180-noise-cancelling-white\\\/#primaryimage\",\"url\":\"https:\\\/\\\/spacetech.pt\\\/site\\\/wp-content\\\/uploads\\\/2022\\\/11\\\/Samsung-Auriculares-Bluetooth-TWS-Galaxy-Buds-Live-R180-Noise-Cancelling-White.jpg\",\"contentUrl\":\"https:\\\/\\\/spacetech.pt\\\/site\\\/wp-content\\\/uploads\\\/2022\\\/11\\\/Samsung-Auriculares-Bluetooth-TWS-Galaxy-Buds-Live-R180-Noise-Cancelling-White.jpg\",\"width\":600,\"height\":600,\"caption\":\"Samsung Auriculares Bluetooth TWS Galaxy Buds Live R180 Noise-Cancelling White\"},{\"@type\":\"BreadcrumbList\",\"@id\":\"https:\\\/\\\/spacetech.pt\\\/site\\\/product\\\/samsung-auriculares-bluetooth-tws-galaxy-buds-live-r180-noise-cancelling-whitesamsung-auriculares-bluetooth-tws-galaxy-buds-live-r180-noise-cancelling-white\\\/#breadcrumb\",\"itemListElement\":[{\"@type\":\"ListItem\",\"position\":1,\"name\":\"In\u00edcio\",\"item\":\"https:\\\/\\\/spacetech.pt\\\/site\\\/\"},{\"@type\":\"ListItem\",\"position\":2,\"name\":\"Loja de Telem\u00f3veis\",\"item\":\"https:\\\/\\\/spacetech.pt\\\/site\\\/\"},{\"@type\":\"ListItem\",\"position\":3,\"name\":\"Samsung Auriculares Bluetooth TWS Galaxy Buds Live R180 Noise-Cancelling White\"}]},{\"@type\":\"WebSite\",\"@id\":\"https:\\\/\\\/spacetech.pt\\\/site\\\/#website\",\"url\":\"https:\\\/\\\/spacetech.pt\\\/site\\\/\",\"name\":\"SpaceTech\",\"description\":\"Gadgets de Qualidade\",\"publisher\":{\"@id\":\"https:\\\/\\\/spacetech.pt\\\/site\\\/#organization\"},\"potentialAction\":[{\"@type\":\"SearchAction\",\"target\":{\"@type\":\"EntryPoint\",\"urlTemplate\":\"https:\\\/\\\/spacetech.pt\\\/site\\\/?s={search_term_string}\"},\"query-input\":{\"@type\":\"PropertyValueSpecification\",\"valueRequired\":true,\"valueName\":\"search_term_string\"}}],\"inLanguage\":\"pt-BR\"},{\"@type\":\"Organization\",\"@id\":\"https:\\\/\\\/spacetech.pt\\\/site\\\/#organization\",\"name\":\"SpaceTech\",\"url\":\"https:\\\/\\\/spacetech.pt\\\/site\\\/\",\"logo\":{\"@type\":\"ImageObject\",\"inLanguage\":\"pt-BR\",\"@id\":\"https:\\\/\\\/spacetech.pt\\\/site\\\/#\\\/schema\\\/logo\\\/image\\\/\",\"url\":\"https:\\\/\\\/spacetech.pt\\\/site\\\/wp-content\\\/uploads\\\/2021\\\/01\\\/cropped-logo-spacetech-quadrado.jpg\",\"contentUrl\":\"https:\\\/\\\/spacetech.pt\\\/site\\\/wp-content\\\/uploads\\\/2021\\\/01\\\/cropped-logo-spacetech-quadrado.jpg\",\"width\":512,\"height\":512,\"caption\":\"SpaceTech\"},\"image\":{\"@id\":\"https:\\\/\\\/spacetech.pt\\\/site\\\/#\\\/schema\\\/logo\\\/image\\\/\"},\"sameAs\":[\"https:\\\/\\\/www.facebook.com\\\/SpaceTech-104699978252826\",\"https:\\\/\\\/www.instagram.com\\\/spacetech.pt\\\/\"]}]}<\/script>\n<!-- \/ Yoast SEO plugin. -->","yoast_head_json":{"title":"Samsung Auriculares Bluetooth TWS Galaxy Buds Live R180 Noise-Cancelling White | SpaceTech","description":"Samsung Auriculares Bluetooth TWS Galaxy Buds Live R180 Noise-Cancelling White","robots":{"index":"index","follow":"follow","max-snippet":"max-snippet:-1","max-image-preview":"max-image-preview:large","max-video-preview":"max-video-preview:-1"},"canonical":"https:\/\/spacetech.pt\/site\/product\/samsung-auriculares-bluetooth-tws-galaxy-buds-live-r180-noise-cancelling-whitesamsung-auriculares-bluetooth-tws-galaxy-buds-live-r180-noise-cancelling-white\/","og_locale":"pt_BR","og_type":"article","og_title":"Samsung Auriculares Bluetooth TWS Galaxy Buds Live R180 Noise-Cancelling White | SpaceTech","og_description":"Samsung Auriculares Bluetooth TWS Galaxy Buds Live R180 Noise-Cancelling White","og_url":"https:\/\/spacetech.pt\/site\/product\/samsung-auriculares-bluetooth-tws-galaxy-buds-live-r180-noise-cancelling-whitesamsung-auriculares-bluetooth-tws-galaxy-buds-live-r180-noise-cancelling-white\/","og_site_name":"SpaceTech","article_publisher":"https:\/\/www.facebook.com\/SpaceTech-104699978252826","article_modified_time":"2023-05-29T11:56:37+00:00","og_image":[{"width":600,"height":600,"url":"https:\/\/spacetech.pt\/site\/wp-content\/uploads\/2022\/11\/Samsung-Auriculares-Bluetooth-TWS-Galaxy-Buds-Live-R180-Noise-Cancelling-White.jpg","type":"image\/jpeg"}],"twitter_card":"summary_large_image","twitter_misc":{"Est. tempo de leitura":"1 minuto"},"schema":{"@context":"https:\/\/schema.org","@graph":[{"@type":"WebPage","@id":"https:\/\/spacetech.pt\/site\/product\/samsung-auriculares-bluetooth-tws-galaxy-buds-live-r180-noise-cancelling-whitesamsung-auriculares-bluetooth-tws-galaxy-buds-live-r180-noise-cancelling-white\/","url":"https:\/\/spacetech.pt\/site\/product\/samsung-auriculares-bluetooth-tws-galaxy-buds-live-r180-noise-cancelling-whitesamsung-auriculares-bluetooth-tws-galaxy-buds-live-r180-noise-cancelling-white\/","name":"Samsung Auriculares Bluetooth TWS Galaxy Buds Live R180 Noise-Cancelling White | SpaceTech","isPartOf":{"@id":"https:\/\/spacetech.pt\/site\/#website"},"primaryImageOfPage":{"@id":"https:\/\/spacetech.pt\/site\/product\/samsung-auriculares-bluetooth-tws-galaxy-buds-live-r180-noise-cancelling-whitesamsung-auriculares-bluetooth-tws-galaxy-buds-live-r180-noise-cancelling-white\/#primaryimage"},"image":{"@id":"https:\/\/spacetech.pt\/site\/product\/samsung-auriculares-bluetooth-tws-galaxy-buds-live-r180-noise-cancelling-whitesamsung-auriculares-bluetooth-tws-galaxy-buds-live-r180-noise-cancelling-white\/#primaryimage"},"thumbnailUrl":"https:\/\/spacetech.pt\/site\/wp-content\/uploads\/2022\/11\/Samsung-Auriculares-Bluetooth-TWS-Galaxy-Buds-Live-R180-Noise-Cancelling-White.jpg","datePublished":"2022-11-17T19:27:17+00:00","dateModified":"2023-05-29T11:56:37+00:00","description":"Samsung Auriculares Bluetooth TWS Galaxy Buds Live R180 Noise-Cancelling White","breadcrumb":{"@id":"https:\/\/spacetech.pt\/site\/product\/samsung-auriculares-bluetooth-tws-galaxy-buds-live-r180-noise-cancelling-whitesamsung-auriculares-bluetooth-tws-galaxy-buds-live-r180-noise-cancelling-white\/#breadcrumb"},"inLanguage":"pt-BR","potentialAction":[{"@type":"ReadAction","target":["https:\/\/spacetech.pt\/site\/product\/samsung-auriculares-bluetooth-tws-galaxy-buds-live-r180-noise-cancelling-whitesamsung-auriculares-bluetooth-tws-galaxy-buds-live-r180-noise-cancelling-white\/"]}]},{"@type":"ImageObject","inLanguage":"pt-BR","@id":"https:\/\/spacetech.pt\/site\/product\/samsung-auriculares-bluetooth-tws-galaxy-buds-live-r180-noise-cancelling-whitesamsung-auriculares-bluetooth-tws-galaxy-buds-live-r180-noise-cancelling-white\/#primaryimage","url":"https:\/\/spacetech.pt\/site\/wp-content\/uploads\/2022\/11\/Samsung-Auriculares-Bluetooth-TWS-Galaxy-Buds-Live-R180-Noise-Cancelling-White.jpg","contentUrl":"https:\/\/spacetech.pt\/site\/wp-content\/uploads\/2022\/11\/Samsung-Auriculares-Bluetooth-TWS-Galaxy-Buds-Live-R180-Noise-Cancelling-White.jpg","width":600,"height":600,"caption":"Samsung Auriculares Bluetooth TWS Galaxy Buds Live R180 Noise-Cancelling White"},{"@type":"BreadcrumbList","@id":"https:\/\/spacetech.pt\/site\/product\/samsung-auriculares-bluetooth-tws-galaxy-buds-live-r180-noise-cancelling-whitesamsung-auriculares-bluetooth-tws-galaxy-buds-live-r180-noise-cancelling-white\/#breadcrumb","itemListElement":[{"@type":"ListItem","position":1,"name":"In\u00edcio","item":"https:\/\/spacetech.pt\/site\/"},{"@type":"ListItem","position":2,"name":"Loja de Telem\u00f3veis","item":"https:\/\/spacetech.pt\/site\/"},{"@type":"ListItem","position":3,"name":"Samsung Auriculares Bluetooth TWS Galaxy Buds Live R180 Noise-Cancelling White"}]},{"@type":"WebSite","@id":"https:\/\/spacetech.pt\/site\/#website","url":"https:\/\/spacetech.pt\/site\/","name":"SpaceTech","description":"Gadgets de Qualidade","publisher":{"@id":"https:\/\/spacetech.pt\/site\/#organization"},"potentialAction":[{"@type":"SearchAction","target":{"@type":"EntryPoint","urlTemplate":"https:\/\/spacetech.pt\/site\/?s={search_term_string}"},"query-input":{"@type":"PropertyValueSpecification","valueRequired":true,"valueName":"search_term_string"}}],"inLanguage":"pt-BR"},{"@type":"Organization","@id":"https:\/\/spacetech.pt\/site\/#organization","name":"SpaceTech","url":"https:\/\/spacetech.pt\/site\/","logo":{"@type":"ImageObject","inLanguage":"pt-BR","@id":"https:\/\/spacetech.pt\/site\/#\/schema\/logo\/image\/","url":"https:\/\/spacetech.pt\/site\/wp-content\/uploads\/2021\/01\/cropped-logo-spacetech-quadrado.jpg","contentUrl":"https:\/\/spacetech.pt\/site\/wp-content\/uploads\/2021\/01\/cropped-logo-spacetech-quadrado.jpg","width":512,"height":512,"caption":"SpaceTech"},"image":{"@id":"https:\/\/spacetech.pt\/site\/#\/schema\/logo\/image\/"},"sameAs":["https:\/\/www.facebook.com\/SpaceTech-104699978252826","https:\/\/www.instagram.com\/spacetech.pt\/"]}]}},"jetpack_sharing_enabled":true,"_links":{"self":[{"href":"https:\/\/spacetech.pt\/site\/wp-json\/wp\/v2\/product\/1609","targetHints":{"allow":["GET"]}}],"collection":[{"href":"https:\/\/spacetech.pt\/site\/wp-json\/wp\/v2\/product"}],"about":[{"href":"https:\/\/spacetech.pt\/site\/wp-json\/wp\/v2\/types\/product"}],"replies":[{"embeddable":true,"href":"https:\/\/spacetech.pt\/site\/wp-json\/wp\/v2\/comments?post=1609"}],"wp:featuredmedia":[{"embeddable":true,"href":"https:\/\/spacetech.pt\/site\/wp-json\/wp\/v2\/media\/1610"}],"wp:attachment":[{"href":"https:\/\/spacetech.pt\/site\/wp-json\/wp\/v2\/media?parent=1609"}],"wp:term":[{"taxonomy":"product_brand","embeddable":true,"href":"https:\/\/spacetech.pt\/site\/wp-json\/wp\/v2\/product_brand?post=1609"},{"taxonomy":"product_cat","embeddable":true,"href":"https:\/\/spacetech.pt\/site\/wp-json\/wp\/v2\/product_cat?post=1609"},{"taxonomy":"product_tag","embeddable":true,"href":"https:\/\/spacetech.pt\/site\/wp-json\/wp\/v2\/product_tag?post=1609"}],"curies":[{"name":"wp","href":"https:\/\/api.w.org\/{rel}","templated":true}]}}