{"id":1535,"date":"2022-07-21T15:45:14","date_gmt":"2022-07-21T15:45:14","guid":{"rendered":"https:\/\/spacetech.pt\/site\/?post_type=product&#038;p=1535"},"modified":"2023-11-02T20:57:45","modified_gmt":"2023-11-02T20:57:45","slug":"www-spacetech-pt","status":"publish","type":"product","link":"https:\/\/spacetech.pt\/site\/product\/www-spacetech-pt\/","title":{"rendered":"Samsung Galaxy S22 Ultra 5G 6.8&#8221; Dual SIM 12GB\/256GB Black"},"content":{"rendered":"<h1 class=\"c-gEIijh\">Samsung Galaxy S22 Ultra 5G 6.8&#8221; Dual SIM 12GB\/256GB Black<\/h1>\n","protected":false},"excerpt":{"rendered":"<section class=\"c-gYBZre c-gXQJeI\">\n<h2 class=\"c-kzxGrr\">Detalhes do Produto<\/h2>\n<div>\n<p>Quebra as regras.<\/p>\n<p>O\u00a0<strong>Galaxy S22 Ultra<\/strong>\u00a0herda o legado da fam\u00edlia Note, integrando a S Pen e mantendo a ess\u00eancia da s\u00e9rie Ultra.<\/p>\n<p>Elegante e com um estilo marcante, a sua estrutura d\u00e1-lhe uma simetria refinada. J\u00e1 a c\u00e2mara, ao ser real\u00e7ada por um conjunto de lentes espelhadas, n\u00e3o deixa ningu\u00e9m indiferente. E, sendo projetado para o durar, foi constru\u00eddo com os melhores materiais para oferecer a m\u00e1xima resist\u00eancia.<\/p>\n<p>&nbsp;<\/p>\n<p><strong>O primeiro Galaxy S com S Pen integrada.<\/strong><br \/>\nA S Pen encaixa-se bem no S \u00e0 primeira. Retire-a da parte inferior do telefone para escrever, fazer esbo\u00e7os ou controlar o seu telem\u00f3vel. A lat\u00eancia melhorada do Samsung Notes faz com que cada tra\u00e7o da caneta pare\u00e7a t\u00e3o natural, como se estivesse a escrever num papel com uma caneta \u2014 podendo transformar facilmente as notas que escreveu \u00e0 pressa em caracteres.<\/p>\n<p><strong>O chip mais r\u00e1pido de sempre num Galaxy.<\/strong><br \/>\nO chip de 4 nm de alto n\u00edvel atua ao n\u00edvel do desempenho de praticamente todos os aspetos do telem\u00f3vel &#8211; desde fotos \u00e9picas tiradas \u00e0 noite, imagens incr\u00edvelmente n\u00edtidas feitas a qualquer hora do dia e uma experi\u00eancia de jogo otimizada para que possa conquistar todos os advers\u00e1rios.<\/p>\n<p><strong>Um ecr\u00e3 que brilha mais do que o sol.<\/strong><br \/>\nO ecr\u00e3 Dynamic AMOLED 2X com Vision Booster \u00e9 o maior pesadelo do reflexo, atingindo 1750 nits no seu pico. E a taxa de atualiza\u00e7\u00e3o adaptativa de 120 Hz mant\u00e9m um scroll suave, ajustando-se ao que est\u00e1 no ecr\u00e3 para uma visualiza\u00e7\u00e3o otimizada.<\/p>\n<p><strong>Tenha a imagem completa.<\/strong><br \/>\nCom os imensos sensores de p\u00edxel e os p\u00edxeis que mudam de forma, este telem\u00f3vel tem a C\u00e2mara Profissional mais avan\u00e7ada at\u00e9 \u00e0 data, reunindo a capacidade de um kit de profissional num \u00fanico dispositivo port\u00e1til. Tire fotos \u00e0 noite sem perder qualidade.<\/p>\n<p><strong>Imagine isto: o maior sensor de p\u00edxeis da Samsung at\u00e9 agora.<\/strong><br \/>\nO sensor de 108 MP permite captar com nitidez do dia para a noite. Antes de tocar no bot\u00e3o, o Adaptative Pixel alterna entre o modo de alta resolu\u00e7\u00e3o de 108 MP e o modo de alta sensibilidade de 12 MP proporcionando-lhe fotos mais claras e n\u00edtidas. Al\u00e9m disso, a sua liga\u00e7\u00e3o com o Detail Enhancer inteligente permite ajustar sombras e destaques com maior profundidade.<\/p>\n<p><strong>C\u00e2mara Nightography &#8211; Uma c\u00e2mara concebida para o escuro.<\/strong><br \/>\nFa\u00e7a mais coisas durante a noite com o Big Pixel Sensor que capta uma maior quantidade de luz, reduzindo o ru\u00eddo e proporcionando-lhe uma ilumina\u00e7\u00e3o digna da s\u00e9tima arte. Enquanto o Super Clear Glass &amp; Lens reduzem o reflexo da luz, para que consiga frames mais claros e n\u00edtidos.<\/p>\n<p><strong>Energia para todo o dia e ainda para a noite.<\/strong><br \/>\nA Intelig\u00eancia Artificial aperfei\u00e7oada leva 5000mAh (t\u00edpica) de energia de um dia para o seguinte, adaptando-se de forma inteligente \u00e0 maneira como usa o seu telem\u00f3vel. Resumindo: economiza energia para quando mais precisa, proporcionando-lhe uma vida \u00fatil de bateria que dura mais horas do que aquelas que existem num dia.<\/p>\n<\/div>\n<\/section>\n<div class=\"c-gOYXKZ\"><span class=\"c-cUnbMK\">C\u00f3digo de barras:<\/span><span class=\"c-ijYvwD\">8806092879027 | 8806092879102 | 8806092879003<\/span><\/div>\n<div class=\"c-gOYXKZ\"><span class=\"c-cUnbMK\">Refer\u00eancia:<\/span><span class=\"c-ijYvwD\">SM-S908BZKGEUB | 8806092879027<\/span><\/div>\n","protected":false},"featured_media":1536,"comment_status":"open","ping_status":"closed","template":"","meta":[],"product_brand":[],"product_cat":[84],"product_tag":[108,109],"class_list":{"0":"post-1535","1":"product","2":"type-product","3":"status-publish","4":"has-post-thumbnail","6":"product_cat-samsung","7":"product_tag-s22-ultra","8":"product_tag-samsung","10":"first","11":"onbackorder","12":"sold-individually","13":"taxable","14":"shipping-taxable","15":"purchasable","16":"product-type-simple"},"yoast_head":"<!-- This site is optimized with the Yoast SEO plugin v27.0 - https:\/\/yoast.com\/product\/yoast-seo-wordpress\/ -->\n<title>Samsung Galaxy S22 Ultra 5G 6.8&#039;&#039; Dual SIM 12GB\/256GB Black | SpaceTech<\/title>\n<meta name=\"description\" content=\"https:\/\/spacetech.pt\/site\/product-category\/todas-as-marcas\/samsung\/ - melhor pre\u00e7o do mercado - melhor c\u00e2mara - smartphones Samsung\" \/>\n<meta name=\"robots\" content=\"index, follow, max-snippet:-1, max-image-preview:large, max-video-preview:-1\" \/>\n<link rel=\"canonical\" href=\"https:\/\/spacetech.pt\/site\/product\/www-spacetech-pt\/\" \/>\n<meta property=\"og:locale\" content=\"pt_BR\" \/>\n<meta property=\"og:type\" content=\"article\" \/>\n<meta property=\"og:title\" content=\"Samsung Galaxy S22 Ultra 5G 6.8&#039;&#039; Dual SIM 12GB\/256GB Black | SpaceTech\" \/>\n<meta property=\"og:description\" content=\"https:\/\/spacetech.pt\/site\/product-category\/todas-as-marcas\/samsung\/ - melhor pre\u00e7o do mercado - melhor c\u00e2mara - smartphones Samsung\" \/>\n<meta property=\"og:url\" content=\"https:\/\/spacetech.pt\/site\/product\/www-spacetech-pt\/\" \/>\n<meta property=\"og:site_name\" content=\"SpaceTech\" \/>\n<meta property=\"article:publisher\" content=\"https:\/\/www.facebook.com\/SpaceTech-104699978252826\" \/>\n<meta property=\"article:modified_time\" content=\"2023-11-02T20:57:45+00:00\" \/>\n<meta property=\"og:image\" content=\"https:\/\/spacetech.pt\/site\/wp-content\/uploads\/2022\/07\/pt-galaxy-s22-ultra-s908-411284-sm-s908bzageub-530887638.webp\" \/>\n\t<meta property=\"og:image:width\" content=\"650\" \/>\n\t<meta property=\"og:image:height\" content=\"519\" \/>\n\t<meta property=\"og:image:type\" content=\"image\/webp\" \/>\n<meta name=\"twitter:card\" content=\"summary_large_image\" \/>\n<meta name=\"twitter:label1\" content=\"Est. tempo de leitura\" \/>\n\t<meta name=\"twitter:data1\" content=\"1 minuto\" \/>\n<script type=\"application\/ld+json\" class=\"yoast-schema-graph\">{\"@context\":\"https:\/\/schema.org\",\"@graph\":[{\"@type\":\"WebPage\",\"@id\":\"https:\/\/spacetech.pt\/site\/product\/www-spacetech-pt\/\",\"url\":\"https:\/\/spacetech.pt\/site\/product\/www-spacetech-pt\/\",\"name\":\"Samsung Galaxy S22 Ultra 5G 6.8'' Dual SIM 12GB\/256GB Black | SpaceTech\",\"isPartOf\":{\"@id\":\"https:\/\/spacetech.pt\/site\/#website\"},\"primaryImageOfPage\":{\"@id\":\"https:\/\/spacetech.pt\/site\/product\/www-spacetech-pt\/#primaryimage\"},\"image\":{\"@id\":\"https:\/\/spacetech.pt\/site\/product\/www-spacetech-pt\/#primaryimage\"},\"thumbnailUrl\":\"https:\/\/spacetech.pt\/site\/wp-content\/uploads\/2022\/07\/pt-galaxy-s22-ultra-s908-411284-sm-s908bzageub-530887638.webp\",\"datePublished\":\"2022-07-21T15:45:14+00:00\",\"dateModified\":\"2023-11-02T20:57:45+00:00\",\"description\":\"https:\/\/spacetech.pt\/site\/product-category\/todas-as-marcas\/samsung\/ - melhor pre\u00e7o do mercado - melhor c\u00e2mara - smartphones Samsung\",\"breadcrumb\":{\"@id\":\"https:\/\/spacetech.pt\/site\/product\/www-spacetech-pt\/#breadcrumb\"},\"inLanguage\":\"pt-BR\",\"potentialAction\":[{\"@type\":\"ReadAction\",\"target\":[\"https:\/\/spacetech.pt\/site\/product\/www-spacetech-pt\/\"]}]},{\"@type\":\"ImageObject\",\"inLanguage\":\"pt-BR\",\"@id\":\"https:\/\/spacetech.pt\/site\/product\/www-spacetech-pt\/#primaryimage\",\"url\":\"https:\/\/spacetech.pt\/site\/wp-content\/uploads\/2022\/07\/pt-galaxy-s22-ultra-s908-411284-sm-s908bzageub-530887638.webp\",\"contentUrl\":\"https:\/\/spacetech.pt\/site\/wp-content\/uploads\/2022\/07\/pt-galaxy-s22-ultra-s908-411284-sm-s908bzageub-530887638.webp\",\"width\":650,\"height\":519,\"caption\":\"S22 ultra 256GB\"},{\"@type\":\"BreadcrumbList\",\"@id\":\"https:\/\/spacetech.pt\/site\/product\/www-spacetech-pt\/#breadcrumb\",\"itemListElement\":[{\"@type\":\"ListItem\",\"position\":1,\"name\":\"In\u00edcio\",\"item\":\"https:\/\/spacetech.pt\/site\/\"},{\"@type\":\"ListItem\",\"position\":2,\"name\":\"Loja de Telem\u00f3veis\",\"item\":\"https:\/\/spacetech.pt\/site\/\"},{\"@type\":\"ListItem\",\"position\":3,\"name\":\"Samsung Galaxy S22 Ultra 5G 6.8&#8221; Dual SIM 12GB\/256GB Black\"}]},{\"@type\":\"WebSite\",\"@id\":\"https:\/\/spacetech.pt\/site\/#website\",\"url\":\"https:\/\/spacetech.pt\/site\/\",\"name\":\"SpaceTech\",\"description\":\"Gadgets de Qualidade\",\"publisher\":{\"@id\":\"https:\/\/spacetech.pt\/site\/#organization\"},\"potentialAction\":[{\"@type\":\"SearchAction\",\"target\":{\"@type\":\"EntryPoint\",\"urlTemplate\":\"https:\/\/spacetech.pt\/site\/?s={search_term_string}\"},\"query-input\":{\"@type\":\"PropertyValueSpecification\",\"valueRequired\":true,\"valueName\":\"search_term_string\"}}],\"inLanguage\":\"pt-BR\"},{\"@type\":\"Organization\",\"@id\":\"https:\/\/spacetech.pt\/site\/#organization\",\"name\":\"SpaceTech\",\"url\":\"https:\/\/spacetech.pt\/site\/\",\"logo\":{\"@type\":\"ImageObject\",\"inLanguage\":\"pt-BR\",\"@id\":\"https:\/\/spacetech.pt\/site\/#\/schema\/logo\/image\/\",\"url\":\"https:\/\/spacetech.pt\/site\/wp-content\/uploads\/2021\/01\/cropped-logo-spacetech-quadrado.jpg\",\"contentUrl\":\"https:\/\/spacetech.pt\/site\/wp-content\/uploads\/2021\/01\/cropped-logo-spacetech-quadrado.jpg\",\"width\":512,\"height\":512,\"caption\":\"SpaceTech\"},\"image\":{\"@id\":\"https:\/\/spacetech.pt\/site\/#\/schema\/logo\/image\/\"},\"sameAs\":[\"https:\/\/www.facebook.com\/SpaceTech-104699978252826\",\"https:\/\/www.instagram.com\/spacetech.pt\/\"]}]}<\/script>\n<!-- \/ Yoast SEO plugin. -->","yoast_head_json":{"title":"Samsung Galaxy S22 Ultra 5G 6.8'' Dual SIM 12GB\/256GB Black | SpaceTech","description":"https:\/\/spacetech.pt\/site\/product-category\/todas-as-marcas\/samsung\/ - melhor pre\u00e7o do mercado - melhor c\u00e2mara - smartphones Samsung","robots":{"index":"index","follow":"follow","max-snippet":"max-snippet:-1","max-image-preview":"max-image-preview:large","max-video-preview":"max-video-preview:-1"},"canonical":"https:\/\/spacetech.pt\/site\/product\/www-spacetech-pt\/","og_locale":"pt_BR","og_type":"article","og_title":"Samsung Galaxy S22 Ultra 5G 6.8'' Dual SIM 12GB\/256GB Black | SpaceTech","og_description":"https:\/\/spacetech.pt\/site\/product-category\/todas-as-marcas\/samsung\/ - melhor pre\u00e7o do mercado - melhor c\u00e2mara - smartphones Samsung","og_url":"https:\/\/spacetech.pt\/site\/product\/www-spacetech-pt\/","og_site_name":"SpaceTech","article_publisher":"https:\/\/www.facebook.com\/SpaceTech-104699978252826","article_modified_time":"2023-11-02T20:57:45+00:00","og_image":[{"width":650,"height":519,"url":"https:\/\/spacetech.pt\/site\/wp-content\/uploads\/2022\/07\/pt-galaxy-s22-ultra-s908-411284-sm-s908bzageub-530887638.webp","type":"image\/webp"}],"twitter_card":"summary_large_image","twitter_misc":{"Est. tempo de leitura":"1 minuto"},"schema":{"@context":"https:\/\/schema.org","@graph":[{"@type":"WebPage","@id":"https:\/\/spacetech.pt\/site\/product\/www-spacetech-pt\/","url":"https:\/\/spacetech.pt\/site\/product\/www-spacetech-pt\/","name":"Samsung Galaxy S22 Ultra 5G 6.8'' Dual SIM 12GB\/256GB Black | SpaceTech","isPartOf":{"@id":"https:\/\/spacetech.pt\/site\/#website"},"primaryImageOfPage":{"@id":"https:\/\/spacetech.pt\/site\/product\/www-spacetech-pt\/#primaryimage"},"image":{"@id":"https:\/\/spacetech.pt\/site\/product\/www-spacetech-pt\/#primaryimage"},"thumbnailUrl":"https:\/\/spacetech.pt\/site\/wp-content\/uploads\/2022\/07\/pt-galaxy-s22-ultra-s908-411284-sm-s908bzageub-530887638.webp","datePublished":"2022-07-21T15:45:14+00:00","dateModified":"2023-11-02T20:57:45+00:00","description":"https:\/\/spacetech.pt\/site\/product-category\/todas-as-marcas\/samsung\/ - melhor pre\u00e7o do mercado - melhor c\u00e2mara - smartphones Samsung","breadcrumb":{"@id":"https:\/\/spacetech.pt\/site\/product\/www-spacetech-pt\/#breadcrumb"},"inLanguage":"pt-BR","potentialAction":[{"@type":"ReadAction","target":["https:\/\/spacetech.pt\/site\/product\/www-spacetech-pt\/"]}]},{"@type":"ImageObject","inLanguage":"pt-BR","@id":"https:\/\/spacetech.pt\/site\/product\/www-spacetech-pt\/#primaryimage","url":"https:\/\/spacetech.pt\/site\/wp-content\/uploads\/2022\/07\/pt-galaxy-s22-ultra-s908-411284-sm-s908bzageub-530887638.webp","contentUrl":"https:\/\/spacetech.pt\/site\/wp-content\/uploads\/2022\/07\/pt-galaxy-s22-ultra-s908-411284-sm-s908bzageub-530887638.webp","width":650,"height":519,"caption":"S22 ultra 256GB"},{"@type":"BreadcrumbList","@id":"https:\/\/spacetech.pt\/site\/product\/www-spacetech-pt\/#breadcrumb","itemListElement":[{"@type":"ListItem","position":1,"name":"In\u00edcio","item":"https:\/\/spacetech.pt\/site\/"},{"@type":"ListItem","position":2,"name":"Loja de Telem\u00f3veis","item":"https:\/\/spacetech.pt\/site\/"},{"@type":"ListItem","position":3,"name":"Samsung Galaxy S22 Ultra 5G 6.8&#8221; Dual SIM 12GB\/256GB Black"}]},{"@type":"WebSite","@id":"https:\/\/spacetech.pt\/site\/#website","url":"https:\/\/spacetech.pt\/site\/","name":"SpaceTech","description":"Gadgets de Qualidade","publisher":{"@id":"https:\/\/spacetech.pt\/site\/#organization"},"potentialAction":[{"@type":"SearchAction","target":{"@type":"EntryPoint","urlTemplate":"https:\/\/spacetech.pt\/site\/?s={search_term_string}"},"query-input":{"@type":"PropertyValueSpecification","valueRequired":true,"valueName":"search_term_string"}}],"inLanguage":"pt-BR"},{"@type":"Organization","@id":"https:\/\/spacetech.pt\/site\/#organization","name":"SpaceTech","url":"https:\/\/spacetech.pt\/site\/","logo":{"@type":"ImageObject","inLanguage":"pt-BR","@id":"https:\/\/spacetech.pt\/site\/#\/schema\/logo\/image\/","url":"https:\/\/spacetech.pt\/site\/wp-content\/uploads\/2021\/01\/cropped-logo-spacetech-quadrado.jpg","contentUrl":"https:\/\/spacetech.pt\/site\/wp-content\/uploads\/2021\/01\/cropped-logo-spacetech-quadrado.jpg","width":512,"height":512,"caption":"SpaceTech"},"image":{"@id":"https:\/\/spacetech.pt\/site\/#\/schema\/logo\/image\/"},"sameAs":["https:\/\/www.facebook.com\/SpaceTech-104699978252826","https:\/\/www.instagram.com\/spacetech.pt\/"]}]}},"jetpack_sharing_enabled":true,"_links":{"self":[{"href":"https:\/\/spacetech.pt\/site\/wp-json\/wp\/v2\/product\/1535","targetHints":{"allow":["GET"]}}],"collection":[{"href":"https:\/\/spacetech.pt\/site\/wp-json\/wp\/v2\/product"}],"about":[{"href":"https:\/\/spacetech.pt\/site\/wp-json\/wp\/v2\/types\/product"}],"replies":[{"embeddable":true,"href":"https:\/\/spacetech.pt\/site\/wp-json\/wp\/v2\/comments?post=1535"}],"wp:featuredmedia":[{"embeddable":true,"href":"https:\/\/spacetech.pt\/site\/wp-json\/wp\/v2\/media\/1536"}],"wp:attachment":[{"href":"https:\/\/spacetech.pt\/site\/wp-json\/wp\/v2\/media?parent=1535"}],"wp:term":[{"taxonomy":"product_brand","embeddable":true,"href":"https:\/\/spacetech.pt\/site\/wp-json\/wp\/v2\/product_brand?post=1535"},{"taxonomy":"product_cat","embeddable":true,"href":"https:\/\/spacetech.pt\/site\/wp-json\/wp\/v2\/product_cat?post=1535"},{"taxonomy":"product_tag","embeddable":true,"href":"https:\/\/spacetech.pt\/site\/wp-json\/wp\/v2\/product_tag?post=1535"}],"curies":[{"name":"wp","href":"https:\/\/api.w.org\/{rel}","templated":true}]}}