{"id":1130,"date":"2021-01-15T08:01:50","date_gmt":"2021-01-15T08:01:50","guid":{"rendered":"https:\/\/spacetech.pt\/site\/product\/import-placeholder-for-1091\/"},"modified":"2022-08-16T15:32:36","modified_gmt":"2022-08-16T15:32:36","slug":"www-spacetech-pt-19","status":"publish","type":"product","link":"https:\/\/spacetech.pt\/site\/product\/www-spacetech-pt-19\/","title":{"rendered":"Xiaomi Poco M4 Pro Dual SIM 6GB\/128GB Power Black"},"content":{"rendered":"<h1 class=\"c-gEIijh\">Xiaomi Poco M4 Pro Dual SIM 6GB\/128GB Power Black<\/h1>\n","protected":false},"excerpt":{"rendered":"<section class=\"c-gYBZre c-gXQJeI\">\n<h2 class=\"c-kzxGrr\">Detalhes do Produto<\/h2>\n<div>\n<div id=\"description_kk_product\" data-created-id=\"10712\">\n<p><strong>POCO M4 Pro, Preto, 128 GB, 6 GB RAM, 6.43\u201d AMOLED 90 Hz, Helio G96, 5000 mAh<\/strong><\/p>\n<p><strong>Ecr\u00e3 AMOLED \u2013 6.43 polegadas \u2013 Resolu\u00e7\u00e3o FHD+ 1080\u00d72400p \u2013 Processador MediaTek Helio G96 \u2013 Octa-core \u2013 6GB RAM \u2013 128GB ROM \u2013 Tripla c\u00e2mara traseira de 64 MP &#8211; C\u00e2mara frontal de 16 MP \u2013 Bateria de 5000 mAh \u2013 MIUI 13 para POCO<\/strong><\/p>\n<p><strong>Poco M4 Pro, muita divers\u00e3o! Com ecr\u00e3 AMOLED 90 Hz FHD+ DotDisplay, alto desempenho Meditek Helio G96, tripla c\u00e2mara de alta resolu\u00e7\u00e3o com 64 MP, bateria de 5000 mAh com carregamento r\u00e1pido Pro de 33 W.<\/strong><\/p>\n<p><strong>Ecr\u00e3 DotDisplay AMOLED 90 Hz FHD+<\/strong><\/p>\n<p><strong>Sim, leu bem! Agora, a\u00a0serie M da POCO\u00a0tem um\u00a0ecr\u00e3 AMOLED\u00a0e \u00e9 compat\u00edvel com\u00a0DCI-P3. A ampla gama de cores cinematogr\u00e1fica combinada com contraste super alto vai-lhe fazer mergulhar em cada fotograma.<\/strong><\/p>\n<p><strong>Al\u00e9m disso, o modelo POCO M4 Pro est\u00e1 equipado com um\u00a0sensor de luz excepcional\u00a0que pode detectar pequenas mudan\u00e7as na ilumina\u00e7\u00e3o e\u00a0ajustar continuamente o brilho\u00a0do ecr\u00e3 para oferecer um maior conforto. N\u00e3o force os olhos \u00e0 noite e desfrute de uma nitidez at\u00e9 mesmo sob a luz solar intensa. O ecr\u00e3 com\u00a0certificado de cuidado com os olhos\u00a0reduz os danos aos olhos causados \u200b\u200bpela luz azul.<\/strong><\/p>\n<p><strong>MediaTek Helio G96, CPU de 8 n\u00facleos de alto desempenho<\/strong><\/p>\n<p><strong>A combina\u00e7\u00e3o dos\u00a0n\u00facleos Cortex-A76\u00a0e\u00a0Cortex-A55\u00a0da\u00a0ARM\u00a0num\u00a0CPU de alta velocidade, permite desfrutar de uma experi\u00eancia mais est\u00e1vel e suave.<\/strong><\/p>\n<p><strong>Al\u00e9m disso, a tecnologia de\u00a0expans\u00e3o de RAM\u00a0aumenta a\u00a0RAM de 6GB\u00a0para que possa abrir aplica\u00e7\u00f5es sem problemas, e a mem\u00f3ria\u00a0UFS 2.2 de 128GB\u00a0\u00e9 139% mais r\u00e1pida que o UFS 2.1.<\/strong><\/p>\n<p><strong>Tecnologia LiquidCool 1.0 Plus. \u00d3timo desempenho as 24 horas por dia<\/strong><\/p>\n<p><strong>O modelo POCO M4 Pro usa um\u00a0grande tubo de calor D5\u00a0com v\u00e1rias camadas de material de dissipa\u00e7\u00e3o de calor para obter uma \u00e1rea total de dissipa\u00e7\u00e3o de calor de\u00a010.005 mm\u00b2. Desta forma, o corpo esfria durante o carregamento r\u00e1pido, para que o carregamento seja mais eficiente e suficiente para mant\u00ea-lo a funcionar em alta velocidade.<\/strong><\/p>\n<p><strong>Bateria de 5000 mAh e carregamento r\u00e1pido Pro de 33 W<\/strong><\/p>\n<p><strong>A\u00a0tecnologia MMT\u00a0avan\u00e7ada permite que o POCO M4 Pro alcance uma\u00a0efici\u00eancia de carregamento muito alta, para que possa desfrutar de 2 horas de reprodu\u00e7\u00e3o de v\u00eddeo com apenas 10 minutos de carregamento.<\/strong><\/p>\n<p><strong>Al\u00e9m disso, a sua\u00a0bateria de 5000 mAh\u00a0100% carregada \u00e9 capaz de durar at\u00e9 31 horas de chamadas, 140 horas de m\u00fasica, 22 horas de reprodu\u00e7\u00e3o de v\u00eddeo ou at\u00e9 15 horas de navega\u00e7\u00e3o.<\/strong><\/p>\n<p><strong>*Os dados relacionados com a bateria e com o carregamento foram obtidos em laborat\u00f3rios internos. Os resultados reais podem variar devido a diferen\u00e7as na vers\u00e3o do software, ambiente e condi\u00e7\u00f5es de uso e podem n\u00e3o refletir o produto real.<\/strong><\/p>\n<p><strong>Tripla c\u00e2mara de 64 MP: desempenho atrativo<\/strong><\/p>\n<p><strong>Pela primeira vez, a s\u00e9rie M da POCO inclui uma c\u00e2mara principal de alta resolu\u00e7\u00e3o de\u00a064 MP. A posi\u00e7\u00e3o da\u00a0tripla c\u00e2mara\u00a0que \u00e9 combinada para satisfazer as suas necessidades criativas em todos os sentidos. Desfrute de um\u00a0desempenho excepcional\u00a0em qualquer situa\u00e7\u00e3o, desde paisagens majestosas at\u00e9 detalhes finos e retratos complexos.<\/strong><\/p>\n<p><strong>Design \u00fanico de margem fina em Preto<\/strong><\/p>\n<p><strong>O design moderno e inovador da margem fina, juntamente com o inconfund\u00edvel conceito da POCO, permitir\u00e1 sempre destacar da multid\u00e3o. O seu\u00a0peso de 179,5 g\u00a0e a sua\u00a0grossura m\u00e1xima de 8,09\u00a0mm fazem do Poco M4 Pro o smartphone mais leve e fino da s\u00e9rie M da POCO. Aqui apresentamos o atrativo acabamento em\u00a0Preto!<\/strong><\/p>\n<p><strong>Toque duas vezes no bot\u00e3o ligar\/desligar para ativar ainda mais fun\u00e7\u00f5es<\/strong><\/p>\n<p><strong>A integra\u00e7\u00e3o do\u00a0sensor de impress\u00e3o digital\u00a0e do\u00a0bot\u00e3o ligar\/desligar\u00a0permite desbloquear de maneira muito mais f\u00e1cil e r\u00e1pida o seu Poco M4 Pro. Al\u00e9m disso, pode adicionar v\u00e1rias\u00a0fun\u00e7\u00f5es de atalho\u00a0(c\u00e2mara, print de ecr\u00e3, lanterna, calculadora, assistente de voz e modo silencioso) atrav\u00e9s das configura\u00e7\u00f5es, com apenas pressionar duas vezes para uma maior facilidade.<\/strong><\/p>\n<p><strong>Mais experi\u00eancias exclusivas<\/strong><\/p>\n<p><strong>Achou que isto era tudo? Tamb\u00e9m n\u00e3o falta muito. Mas n\u00e3o quer\u00edamos terminar sem lhe dizer que com o novo POCO M4 Pro poder\u00e1 fazer pagamentos r\u00e1pidos e f\u00e1ceis gra\u00e7as ao\u00a0NFC, al\u00e9m de controlar facilmente os seus eletrodom\u00e9sticos com o seu\u00a0emissor infravermelho\u00a0ou conectar uns auriculares atrav\u00e9s da\u00a0entrada 3,5 mm.<\/strong><\/p>\n<p><strong>Altifalantes duplos e motor linear de eixo Z<\/strong><\/p>\n<p><strong>Por \u00faltimo, o POCO M4 Pro possui uns\u00a0altifalantes duplos\u00a0para conseguir efeitos est\u00e9reo n\u00edtidos e poderosos que proporcionam uma experi\u00eancia imersa. Al\u00e9m disso, o\u00a0motor linear do eixo Z\u00a0e o ajuste de vibra\u00e7\u00e3o no n\u00edvel do sistema oferecem aos usu\u00e1rios uma experi\u00eancia t\u00e1til mais diversificada e realista.<\/strong><\/p>\n<\/div>\n<\/div>\n<\/section>\n<div class=\"c-gOYXKZ\"><span class=\"c-cUnbMK\">C\u00f3digo de barras:<\/span><span class=\"c-ijYvwD\">6934177773419 | 6934177773457<\/span><\/div>\n","protected":false},"featured_media":1557,"comment_status":"open","ping_status":"closed","template":"","meta":[],"product_brand":[],"product_cat":[86],"product_tag":[140,91,135,141,90,127],"class_list":{"0":"post-1130","1":"product","2":"type-product","3":"status-publish","4":"has-post-thumbnail","6":"product_cat-xiaomi","7":"product_tag-m4","8":"product_tag-novos","9":"product_tag-poco","10":"product_tag-pro","11":"product_tag-smartphone","12":"product_tag-xiaomi","14":"first","15":"onbackorder","16":"taxable","17":"shipping-taxable","18":"purchasable","19":"product-type-simple"},"yoast_head":"<!-- This site is optimized with the Yoast SEO plugin v27.0 - https:\/\/yoast.com\/product\/yoast-seo-wordpress\/ -->\n<title>Xiaomi Poco M4 Pro Dual SIM 6GB\/128GB Power Black | SpaceTech<\/title>\n<meta name=\"description\" content=\"Xiaomi Poco M4 Pro Dual SIM 6GB\/128GB Power Black , incr\u00edvel o novo modelo da Xiaomi , que junta o poder de um bom processador com a qualidade de c\u00e2maras\" \/>\n<meta name=\"robots\" content=\"index, follow, max-snippet:-1, max-image-preview:large, max-video-preview:-1\" \/>\n<link rel=\"canonical\" href=\"https:\/\/spacetech.pt\/site\/product\/www-spacetech-pt-19\/\" \/>\n<meta property=\"og:locale\" content=\"pt_BR\" \/>\n<meta property=\"og:type\" content=\"article\" \/>\n<meta property=\"og:title\" content=\"Xiaomi Poco M4 Pro Dual SIM 6GB\/128GB Power Black | SpaceTech\" \/>\n<meta property=\"og:description\" content=\"Xiaomi Poco M4 Pro Dual SIM 6GB\/128GB Power Black , incr\u00edvel o novo modelo da Xiaomi , que junta o poder de um bom processador com a qualidade de c\u00e2maras\" \/>\n<meta property=\"og:url\" content=\"https:\/\/spacetech.pt\/site\/product\/www-spacetech-pt-19\/\" \/>\n<meta property=\"og:site_name\" content=\"SpaceTech\" \/>\n<meta property=\"article:publisher\" content=\"https:\/\/www.facebook.com\/SpaceTech-104699978252826\" \/>\n<meta property=\"article:modified_time\" content=\"2022-08-16T15:32:36+00:00\" \/>\n<meta property=\"og:image\" content=\"https:\/\/spacetech.pt\/site\/wp-content\/uploads\/2021\/01\/5-4.jpg\" \/>\n\t<meta property=\"og:image:width\" content=\"680\" \/>\n\t<meta property=\"og:image:height\" content=\"680\" \/>\n\t<meta property=\"og:image:type\" content=\"image\/jpeg\" \/>\n<meta name=\"twitter:card\" content=\"summary_large_image\" \/>\n<meta name=\"twitter:label1\" content=\"Est. tempo de leitura\" \/>\n\t<meta name=\"twitter:data1\" content=\"1 minuto\" \/>\n<script type=\"application\/ld+json\" class=\"yoast-schema-graph\">{\"@context\":\"https:\/\/schema.org\",\"@graph\":[{\"@type\":\"WebPage\",\"@id\":\"https:\/\/spacetech.pt\/site\/product\/www-spacetech-pt-19\/\",\"url\":\"https:\/\/spacetech.pt\/site\/product\/www-spacetech-pt-19\/\",\"name\":\"Xiaomi Poco M4 Pro Dual SIM 6GB\/128GB Power Black | SpaceTech\",\"isPartOf\":{\"@id\":\"https:\/\/spacetech.pt\/site\/#website\"},\"primaryImageOfPage\":{\"@id\":\"https:\/\/spacetech.pt\/site\/product\/www-spacetech-pt-19\/#primaryimage\"},\"image\":{\"@id\":\"https:\/\/spacetech.pt\/site\/product\/www-spacetech-pt-19\/#primaryimage\"},\"thumbnailUrl\":\"https:\/\/spacetech.pt\/site\/wp-content\/uploads\/2021\/01\/5-4.jpg\",\"datePublished\":\"2021-01-15T08:01:50+00:00\",\"dateModified\":\"2022-08-16T15:32:36+00:00\",\"description\":\"Xiaomi Poco M4 Pro Dual SIM 6GB\/128GB Power Black , incr\u00edvel o novo modelo da Xiaomi , que junta o poder de um bom processador com a qualidade de c\u00e2maras\",\"breadcrumb\":{\"@id\":\"https:\/\/spacetech.pt\/site\/product\/www-spacetech-pt-19\/#breadcrumb\"},\"inLanguage\":\"pt-BR\",\"potentialAction\":[{\"@type\":\"ReadAction\",\"target\":[\"https:\/\/spacetech.pt\/site\/product\/www-spacetech-pt-19\/\"]}]},{\"@type\":\"ImageObject\",\"inLanguage\":\"pt-BR\",\"@id\":\"https:\/\/spacetech.pt\/site\/product\/www-spacetech-pt-19\/#primaryimage\",\"url\":\"https:\/\/spacetech.pt\/site\/wp-content\/uploads\/2021\/01\/5-4.jpg\",\"contentUrl\":\"https:\/\/spacetech.pt\/site\/wp-content\/uploads\/2021\/01\/5-4.jpg\",\"width\":680,\"height\":680,\"caption\":\"Xiaomi Poco M4 Pro Dual SIM 6GB\/128GB Power Black\"},{\"@type\":\"BreadcrumbList\",\"@id\":\"https:\/\/spacetech.pt\/site\/product\/www-spacetech-pt-19\/#breadcrumb\",\"itemListElement\":[{\"@type\":\"ListItem\",\"position\":1,\"name\":\"In\u00edcio\",\"item\":\"https:\/\/spacetech.pt\/site\/\"},{\"@type\":\"ListItem\",\"position\":2,\"name\":\"Loja de Telem\u00f3veis\",\"item\":\"https:\/\/spacetech.pt\/site\/\"},{\"@type\":\"ListItem\",\"position\":3,\"name\":\"Xiaomi Poco M4 Pro Dual SIM 6GB\/128GB Power Black\"}]},{\"@type\":\"WebSite\",\"@id\":\"https:\/\/spacetech.pt\/site\/#website\",\"url\":\"https:\/\/spacetech.pt\/site\/\",\"name\":\"SpaceTech\",\"description\":\"Gadgets de Qualidade\",\"publisher\":{\"@id\":\"https:\/\/spacetech.pt\/site\/#organization\"},\"potentialAction\":[{\"@type\":\"SearchAction\",\"target\":{\"@type\":\"EntryPoint\",\"urlTemplate\":\"https:\/\/spacetech.pt\/site\/?s={search_term_string}\"},\"query-input\":{\"@type\":\"PropertyValueSpecification\",\"valueRequired\":true,\"valueName\":\"search_term_string\"}}],\"inLanguage\":\"pt-BR\"},{\"@type\":\"Organization\",\"@id\":\"https:\/\/spacetech.pt\/site\/#organization\",\"name\":\"SpaceTech\",\"url\":\"https:\/\/spacetech.pt\/site\/\",\"logo\":{\"@type\":\"ImageObject\",\"inLanguage\":\"pt-BR\",\"@id\":\"https:\/\/spacetech.pt\/site\/#\/schema\/logo\/image\/\",\"url\":\"https:\/\/spacetech.pt\/site\/wp-content\/uploads\/2021\/01\/cropped-logo-spacetech-quadrado.jpg\",\"contentUrl\":\"https:\/\/spacetech.pt\/site\/wp-content\/uploads\/2021\/01\/cropped-logo-spacetech-quadrado.jpg\",\"width\":512,\"height\":512,\"caption\":\"SpaceTech\"},\"image\":{\"@id\":\"https:\/\/spacetech.pt\/site\/#\/schema\/logo\/image\/\"},\"sameAs\":[\"https:\/\/www.facebook.com\/SpaceTech-104699978252826\",\"https:\/\/www.instagram.com\/spacetech.pt\/\"]}]}<\/script>\n<!-- \/ Yoast SEO plugin. -->","yoast_head_json":{"title":"Xiaomi Poco M4 Pro Dual SIM 6GB\/128GB Power Black | SpaceTech","description":"Xiaomi Poco M4 Pro Dual SIM 6GB\/128GB Power Black , incr\u00edvel o novo modelo da Xiaomi , que junta o poder de um bom processador com a qualidade de c\u00e2maras","robots":{"index":"index","follow":"follow","max-snippet":"max-snippet:-1","max-image-preview":"max-image-preview:large","max-video-preview":"max-video-preview:-1"},"canonical":"https:\/\/spacetech.pt\/site\/product\/www-spacetech-pt-19\/","og_locale":"pt_BR","og_type":"article","og_title":"Xiaomi Poco M4 Pro Dual SIM 6GB\/128GB Power Black | SpaceTech","og_description":"Xiaomi Poco M4 Pro Dual SIM 6GB\/128GB Power Black , incr\u00edvel o novo modelo da Xiaomi , que junta o poder de um bom processador com a qualidade de c\u00e2maras","og_url":"https:\/\/spacetech.pt\/site\/product\/www-spacetech-pt-19\/","og_site_name":"SpaceTech","article_publisher":"https:\/\/www.facebook.com\/SpaceTech-104699978252826","article_modified_time":"2022-08-16T15:32:36+00:00","og_image":[{"width":680,"height":680,"url":"https:\/\/spacetech.pt\/site\/wp-content\/uploads\/2021\/01\/5-4.jpg","type":"image\/jpeg"}],"twitter_card":"summary_large_image","twitter_misc":{"Est. tempo de leitura":"1 minuto"},"schema":{"@context":"https:\/\/schema.org","@graph":[{"@type":"WebPage","@id":"https:\/\/spacetech.pt\/site\/product\/www-spacetech-pt-19\/","url":"https:\/\/spacetech.pt\/site\/product\/www-spacetech-pt-19\/","name":"Xiaomi Poco M4 Pro Dual SIM 6GB\/128GB Power Black | SpaceTech","isPartOf":{"@id":"https:\/\/spacetech.pt\/site\/#website"},"primaryImageOfPage":{"@id":"https:\/\/spacetech.pt\/site\/product\/www-spacetech-pt-19\/#primaryimage"},"image":{"@id":"https:\/\/spacetech.pt\/site\/product\/www-spacetech-pt-19\/#primaryimage"},"thumbnailUrl":"https:\/\/spacetech.pt\/site\/wp-content\/uploads\/2021\/01\/5-4.jpg","datePublished":"2021-01-15T08:01:50+00:00","dateModified":"2022-08-16T15:32:36+00:00","description":"Xiaomi Poco M4 Pro Dual SIM 6GB\/128GB Power Black , incr\u00edvel o novo modelo da Xiaomi , que junta o poder de um bom processador com a qualidade de c\u00e2maras","breadcrumb":{"@id":"https:\/\/spacetech.pt\/site\/product\/www-spacetech-pt-19\/#breadcrumb"},"inLanguage":"pt-BR","potentialAction":[{"@type":"ReadAction","target":["https:\/\/spacetech.pt\/site\/product\/www-spacetech-pt-19\/"]}]},{"@type":"ImageObject","inLanguage":"pt-BR","@id":"https:\/\/spacetech.pt\/site\/product\/www-spacetech-pt-19\/#primaryimage","url":"https:\/\/spacetech.pt\/site\/wp-content\/uploads\/2021\/01\/5-4.jpg","contentUrl":"https:\/\/spacetech.pt\/site\/wp-content\/uploads\/2021\/01\/5-4.jpg","width":680,"height":680,"caption":"Xiaomi Poco M4 Pro Dual SIM 6GB\/128GB Power Black"},{"@type":"BreadcrumbList","@id":"https:\/\/spacetech.pt\/site\/product\/www-spacetech-pt-19\/#breadcrumb","itemListElement":[{"@type":"ListItem","position":1,"name":"In\u00edcio","item":"https:\/\/spacetech.pt\/site\/"},{"@type":"ListItem","position":2,"name":"Loja de Telem\u00f3veis","item":"https:\/\/spacetech.pt\/site\/"},{"@type":"ListItem","position":3,"name":"Xiaomi Poco M4 Pro Dual SIM 6GB\/128GB Power Black"}]},{"@type":"WebSite","@id":"https:\/\/spacetech.pt\/site\/#website","url":"https:\/\/spacetech.pt\/site\/","name":"SpaceTech","description":"Gadgets de Qualidade","publisher":{"@id":"https:\/\/spacetech.pt\/site\/#organization"},"potentialAction":[{"@type":"SearchAction","target":{"@type":"EntryPoint","urlTemplate":"https:\/\/spacetech.pt\/site\/?s={search_term_string}"},"query-input":{"@type":"PropertyValueSpecification","valueRequired":true,"valueName":"search_term_string"}}],"inLanguage":"pt-BR"},{"@type":"Organization","@id":"https:\/\/spacetech.pt\/site\/#organization","name":"SpaceTech","url":"https:\/\/spacetech.pt\/site\/","logo":{"@type":"ImageObject","inLanguage":"pt-BR","@id":"https:\/\/spacetech.pt\/site\/#\/schema\/logo\/image\/","url":"https:\/\/spacetech.pt\/site\/wp-content\/uploads\/2021\/01\/cropped-logo-spacetech-quadrado.jpg","contentUrl":"https:\/\/spacetech.pt\/site\/wp-content\/uploads\/2021\/01\/cropped-logo-spacetech-quadrado.jpg","width":512,"height":512,"caption":"SpaceTech"},"image":{"@id":"https:\/\/spacetech.pt\/site\/#\/schema\/logo\/image\/"},"sameAs":["https:\/\/www.facebook.com\/SpaceTech-104699978252826","https:\/\/www.instagram.com\/spacetech.pt\/"]}]}},"jetpack_sharing_enabled":true,"_links":{"self":[{"href":"https:\/\/spacetech.pt\/site\/wp-json\/wp\/v2\/product\/1130","targetHints":{"allow":["GET"]}}],"collection":[{"href":"https:\/\/spacetech.pt\/site\/wp-json\/wp\/v2\/product"}],"about":[{"href":"https:\/\/spacetech.pt\/site\/wp-json\/wp\/v2\/types\/product"}],"replies":[{"embeddable":true,"href":"https:\/\/spacetech.pt\/site\/wp-json\/wp\/v2\/comments?post=1130"}],"wp:featuredmedia":[{"embeddable":true,"href":"https:\/\/spacetech.pt\/site\/wp-json\/wp\/v2\/media\/1557"}],"wp:attachment":[{"href":"https:\/\/spacetech.pt\/site\/wp-json\/wp\/v2\/media?parent=1130"}],"wp:term":[{"taxonomy":"product_brand","embeddable":true,"href":"https:\/\/spacetech.pt\/site\/wp-json\/wp\/v2\/product_brand?post=1130"},{"taxonomy":"product_cat","embeddable":true,"href":"https:\/\/spacetech.pt\/site\/wp-json\/wp\/v2\/product_cat?post=1130"},{"taxonomy":"product_tag","embeddable":true,"href":"https:\/\/spacetech.pt\/site\/wp-json\/wp\/v2\/product_tag?post=1130"}],"curies":[{"name":"wp","href":"https:\/\/api.w.org\/{rel}","templated":true}]}}